{"id":48337,"date":"2025-02-16T04:41:24","date_gmt":"2025-02-16T04:41:24","guid":{"rendered":"https:\/\/hookelab.com\/product\/kwarts-luchtdichte-cuvet-met-macro-schroefdop-voor-anaerobe-experimenten-01-mm-ocb\/"},"modified":"2025-02-16T04:41:24","modified_gmt":"2025-02-16T04:41:24","slug":"kwarts-luchtdichte-cuvet-met-macro-schroefdop-voor-anaerobe-experimenten-01-mm-ocb","status":"publish","type":"product","link":"https:\/\/hookelab.com\/nl\/product\/kwarts-luchtdichte-cuvet-met-macro-schroefdop-voor-anaerobe-experimenten-01-mm-ocb\/","title":{"rendered":"Kwarts luchtdichte cuvet met Macro schroefdop, voor anaerobe experimenten, 0,1 mm, OCB"},"content":{"rendered":"\t\t\t<link rel=\"stylesheet\" id=\"elementor-post-49586-css\" href=\"https:\/\/hookelab.com\/wp-content\/uploads\/elementor\/css\/post-49586.css?ver=1776397970\" type=\"text\/css\" media=\"all\">\r\n\t\t\t\t\t<div data-elementor-type=\"wp-post\" data-elementor-id=\"49586\" class=\"elementor elementor-49586 elementor-28741\">\n\t\t\t\t<div class=\"wd-negative-gap elementor-element elementor-element-212cd0f e-grid e-con-boxed e-con e-parent\" data-id=\"212cd0f\" data-element_type=\"container\" data-e-type=\"container\">\n\t\t\t\t\t<div class=\"e-con-inner\">\n\t\t\t\t<div class=\"elementor-element elementor-element-14dd597 elementor-widget elementor-widget-wd_text_block\" data-id=\"14dd597\" data-element_type=\"widget\" data-e-type=\"widget\" data-widget_type=\"wd_text_block.default\">\n\t\t\t\t<div class=\"elementor-widget-container\">\n\t\t\t\t\t\t\t<div class=\"wd-text-block reset-last-child text-left\">\r\n\t\t\t\r\n\t\t\t<h2>Details<\/h2><ul><li>Materiaal: JGS-1 UV-kwarts<\/li><li>Volume: 35 ul<\/li><li>Gereinigde vensters: 4 vensters<\/li><li>Lichtpadenlengte: 0,1 padlengte<\/li><li>Wanddikte: 1,25 mm<\/li><li>Buitenafmetingen met Cap (L\u00d7D\u00d7H): 12,5\u00d72,6\u00d758mm<\/li><li>Type dop: PTFE M10 buitenschroefdop<\/li><li>Geassembleerd type: Optische contactverbinding (OCB)<\/li><li>Transmissiebereik: 200-2500 nm<\/li><li>Optische prestatiefout van overbrengingsoppervlak: \u22640,3%<\/li><\/ul><p>OCB Cuvette is bestand tegen hoge temperaturen, zuren en alkali\u00ebn en organische oplosmiddelen.<\/p><p>PTFE Cap heeft een lange corrosiebestendige levensduur en weinig invloed op de gemeten oplosmiddelen.<\/p>\r\n\t\t\t\t\t<\/div>\r\n\t\t\t\t\t\t<\/div>\n\t\t\t\t<\/div>\n\t\t\t\t<div class=\"elementor-element elementor-element-cbad90b elementor-widget elementor-widget-wd_image_or_svg\" data-id=\"cbad90b\" data-element_type=\"widget\" data-e-type=\"widget\" data-widget_type=\"wd_image_or_svg.default\">\n\t\t\t\t<div class=\"elementor-widget-container\">\n\t\t\t\t\t\r\n\t\t<div class=\"wd-image text-left\">\r\n\t\t\t\t\t\t\t\t<img fetchpriority=\"high\" decoding=\"async\" width=\"800\" height=\"914\" src=\"https:\/\/hookelab.com\/wp-content\/uploads\/2025\/02\/Quartz-Air-tight-Cuvette-with-Macro-Screw-CapOCB03.jpg\" class=\"attachment-full size-full\" alt=\"\" srcset=\"https:\/\/hookelab.com\/wp-content\/uploads\/2025\/02\/Quartz-Air-tight-Cuvette-with-Macro-Screw-CapOCB03.jpg 800w, https:\/\/hookelab.com\/wp-content\/uploads\/2025\/02\/Quartz-Air-tight-Cuvette-with-Macro-Screw-CapOCB03-263x300.jpg 263w, https:\/\/hookelab.com\/wp-content\/uploads\/2025\/02\/Quartz-Air-tight-Cuvette-with-Macro-Screw-CapOCB03-700x800.jpg 700w, https:\/\/hookelab.com\/wp-content\/uploads\/2025\/02\/Quartz-Air-tight-Cuvette-with-Macro-Screw-CapOCB03-768x877.jpg 768w, https:\/\/hookelab.com\/wp-content\/uploads\/2025\/02\/Quartz-Air-tight-Cuvette-with-Macro-Screw-CapOCB03-430x491.jpg 430w, https:\/\/hookelab.com\/wp-content\/uploads\/2025\/02\/Quartz-Air-tight-Cuvette-with-Macro-Screw-CapOCB03-150x171.jpg 150w\" sizes=\"(max-width: 800px) 100vw, 800px\" \/>\t\t\t\t\t<\/div>\r\n\r\n\t\t\t\t\t\t<\/div>\n\t\t\t\t<\/div>\n\t\t\t\t<div class=\"elementor-element elementor-element-67cc5cc elementor-widget elementor-widget-wd_image_or_svg\" data-id=\"67cc5cc\" data-element_type=\"widget\" data-e-type=\"widget\" data-widget_type=\"wd_image_or_svg.default\">\n\t\t\t\t<div class=\"elementor-widget-container\">\n\t\t\t\t\t\r\n\t\t<div class=\"wd-image text-left\">\r\n\t\t\t\t\t\t\t\t<img decoding=\"async\" width=\"664\" height=\"759\" src=\"https:\/\/hookelab.com\/wp-content\/uploads\/2025\/02\/Quartz-Air-tight-Cuvette-with-Macro-Screw-CapOCB04.jpg\" class=\"attachment-full size-full\" alt=\"\" srcset=\"https:\/\/hookelab.com\/wp-content\/uploads\/2025\/02\/Quartz-Air-tight-Cuvette-with-Macro-Screw-CapOCB04.jpg 664w, https:\/\/hookelab.com\/wp-content\/uploads\/2025\/02\/Quartz-Air-tight-Cuvette-with-Macro-Screw-CapOCB04-262x300.jpg 262w, https:\/\/hookelab.com\/wp-content\/uploads\/2025\/02\/Quartz-Air-tight-Cuvette-with-Macro-Screw-CapOCB04-430x492.jpg 430w, https:\/\/hookelab.com\/wp-content\/uploads\/2025\/02\/Quartz-Air-tight-Cuvette-with-Macro-Screw-CapOCB04-150x171.jpg 150w\" sizes=\"(max-width: 664px) 100vw, 664px\" \/>\t\t\t\t\t<\/div>\r\n\r\n\t\t\t\t\t\t<\/div>\n\t\t\t\t<\/div>\n\t\t\t\t\t<\/div>\n\t\t\t\t<\/div>\n\t\t\t\t<\/div>\n\t\t\n","protected":false},"excerpt":{"rendered":"","protected":false},"featured_media":28735,"comment_status":"open","ping_status":"closed","template":"","meta":[],"product_brand":[],"product_cat":[1352,1424,1414,1425,1391,1416],"product_tag":[],"class_list":{"0":"post-48337","1":"product","2":"type-product","3":"status-publish","4":"has-post-thumbnail","6":"product_cat-cuvetten-cellen","7":"product_cat-cuvetten-met-schroefdop","8":"product_cat-fluorometercuvetten","9":"product_cat-luchtdichte-cuvetten","10":"product_cat-micro-cuvetten","11":"product_cat-uv-vis-kwarts-cuvetten-200-2500nm-2","13":"first","14":"instock","15":"shipping-taxable","16":"purchasable","17":"product-type-simple"},"_links":{"self":[{"href":"https:\/\/hookelab.com\/nl\/wp-json\/wp\/v2\/product\/48337","targetHints":{"allow":["GET"]}}],"collection":[{"href":"https:\/\/hookelab.com\/nl\/wp-json\/wp\/v2\/product"}],"about":[{"href":"https:\/\/hookelab.com\/nl\/wp-json\/wp\/v2\/types\/product"}],"replies":[{"embeddable":true,"href":"https:\/\/hookelab.com\/nl\/wp-json\/wp\/v2\/comments?post=48337"}],"version-history":[{"count":0,"href":"https:\/\/hookelab.com\/nl\/wp-json\/wp\/v2\/product\/48337\/revisions"}],"wp:featuredmedia":[{"embeddable":true,"href":"https:\/\/hookelab.com\/nl\/wp-json\/wp\/v2\/media\/28735"}],"wp:attachment":[{"href":"https:\/\/hookelab.com\/nl\/wp-json\/wp\/v2\/media?parent=48337"}],"wp:term":[{"taxonomy":"product_brand","embeddable":true,"href":"https:\/\/hookelab.com\/nl\/wp-json\/wp\/v2\/product_brand?post=48337"},{"taxonomy":"product_cat","embeddable":true,"href":"https:\/\/hookelab.com\/nl\/wp-json\/wp\/v2\/product_cat?post=48337"},{"taxonomy":"product_tag","embeddable":true,"href":"https:\/\/hookelab.com\/nl\/wp-json\/wp\/v2\/product_tag?post=48337"}],"curies":[{"name":"wp","href":"https:\/\/api.w.org\/{rel}","templated":true}]}}