{"id":48154,"date":"2025-02-12T09:25:00","date_gmt":"2025-02-12T09:25:00","guid":{"rendered":"https:\/\/hookelab.com\/product\/aangepaste-luchtdichte-cuvet-125-ml-6-heldere-vensters-ocb\/"},"modified":"2025-02-12T09:25:00","modified_gmt":"2025-02-12T09:25:00","slug":"aangepaste-luchtdichte-cuvet-125-ml-6-heldere-vensters-ocb","status":"publish","type":"product","link":"https:\/\/hookelab.com\/nl\/product\/aangepaste-luchtdichte-cuvet-125-ml-6-heldere-vensters-ocb\/","title":{"rendered":"Aangepaste luchtdichte cuvet, 12,5 ml, 6 heldere vensters, OCB"},"content":{"rendered":"\t\t\t<link rel=\"stylesheet\" id=\"elementor-post-49504-css\" href=\"https:\/\/hookelab.com\/wp-content\/uploads\/elementor\/css\/post-49504.css?ver=1776454019\" type=\"text\/css\" media=\"all\">\r\n\t\t\t\t\t<div data-elementor-type=\"wp-post\" data-elementor-id=\"49504\" class=\"elementor elementor-49504 elementor-28552\">\n\t\t\t\t<div class=\"wd-negative-gap elementor-element elementor-element-212cd0f e-grid e-con-boxed e-con e-parent\" data-id=\"212cd0f\" data-element_type=\"container\" data-e-type=\"container\">\n\t\t\t\t\t<div class=\"e-con-inner\">\n\t\t\t\t<div class=\"elementor-element elementor-element-14dd597 elementor-widget elementor-widget-wd_text_block\" data-id=\"14dd597\" data-element_type=\"widget\" data-e-type=\"widget\" data-widget_type=\"wd_text_block.default\">\n\t\t\t\t<div class=\"elementor-widget-container\">\n\t\t\t\t\t\t\t<div class=\"wd-text-block reset-last-child text-left\">\r\n\t\t\t\r\n\t\t\t<h2>Details<\/h2><ul><li>Materiaal: JGS-1 UV-kwarts<\/li><li>Volume: 12,5ml<\/li><li>Gereinigde vensters: 6 vensters<\/li><li>Lichtpadlengte: 30mm\/10mm Dubbele padlengte<\/li><li>Wanddikte: 1,25 mm<\/li><li>Type dop: PTFE M10 buitenschroefdraadkap<\/li><li>Buitenafmetingen met kap (L\u00d7B\u00d7H): 32,5\u00d712,5\u00d760 mm<\/li><li>Geassembleerd type: Optische contactverbinding (OCB)<\/li><li>Transmissiebereik: 200-2500 nm<\/li><li>Optische prestatiefout van overbrengingsoppervlak: \u22640,3%<\/li><\/ul><p>OCB Cuvette is bestand tegen hoge temperaturen, zuren en alkali\u00ebn en organische oplosmiddelen.<\/p><p>PTFE Cap heeft een lange corrosiebestendige levensduur en weinig invloed op de gemeten oplosmiddelen.<\/p>\r\n\t\t\t\t\t<\/div>\r\n\t\t\t\t\t\t<\/div>\n\t\t\t\t<\/div>\n\t\t\t\t<div class=\"elementor-element elementor-element-cbad90b elementor-widget elementor-widget-wd_image_or_svg\" data-id=\"cbad90b\" data-element_type=\"widget\" data-e-type=\"widget\" data-widget_type=\"wd_image_or_svg.default\">\n\t\t\t\t<div class=\"elementor-widget-container\">\n\t\t\t\t\t\r\n\t\t<div class=\"wd-image text-left\">\r\n\t\t\t\t\t\t\t\t<img fetchpriority=\"high\" decoding=\"async\" width=\"700\" height=\"800\" src=\"https:\/\/hookelab.com\/wp-content\/uploads\/2025\/02\/Customized-Air-tight-Cuvette-6-Clear-Windows-OCB02.png\" class=\"attachment-full size-full\" alt=\"\" srcset=\"https:\/\/hookelab.com\/wp-content\/uploads\/2025\/02\/Customized-Air-tight-Cuvette-6-Clear-Windows-OCB02.png 700w, https:\/\/hookelab.com\/wp-content\/uploads\/2025\/02\/Customized-Air-tight-Cuvette-6-Clear-Windows-OCB02-263x300.png 263w, https:\/\/hookelab.com\/wp-content\/uploads\/2025\/02\/Customized-Air-tight-Cuvette-6-Clear-Windows-OCB02-430x491.png 430w, https:\/\/hookelab.com\/wp-content\/uploads\/2025\/02\/Customized-Air-tight-Cuvette-6-Clear-Windows-OCB02-150x171.png 150w\" sizes=\"(max-width: 700px) 100vw, 700px\" \/>\t\t\t\t\t<\/div>\r\n\r\n\t\t\t\t\t\t<\/div>\n\t\t\t\t<\/div>\n\t\t\t\t<div class=\"elementor-element elementor-element-67cc5cc elementor-widget elementor-widget-wd_image_or_svg\" data-id=\"67cc5cc\" data-element_type=\"widget\" data-e-type=\"widget\" data-widget_type=\"wd_image_or_svg.default\">\n\t\t\t\t<div class=\"elementor-widget-container\">\n\t\t\t\t\t\r\n\t\t<div class=\"wd-image text-left\">\r\n\t\t\t\t\t\t\t\t<img decoding=\"async\" width=\"800\" height=\"914\" src=\"https:\/\/hookelab.com\/wp-content\/uploads\/2025\/02\/Customized-Air-tight-Cuvette-6-Clear-Windows-OCB06.png\" class=\"attachment-full size-full\" alt=\"\" srcset=\"https:\/\/hookelab.com\/wp-content\/uploads\/2025\/02\/Customized-Air-tight-Cuvette-6-Clear-Windows-OCB06.png 800w, https:\/\/hookelab.com\/wp-content\/uploads\/2025\/02\/Customized-Air-tight-Cuvette-6-Clear-Windows-OCB06-263x300.png 263w, https:\/\/hookelab.com\/wp-content\/uploads\/2025\/02\/Customized-Air-tight-Cuvette-6-Clear-Windows-OCB06-700x800.png 700w, https:\/\/hookelab.com\/wp-content\/uploads\/2025\/02\/Customized-Air-tight-Cuvette-6-Clear-Windows-OCB06-768x877.png 768w, https:\/\/hookelab.com\/wp-content\/uploads\/2025\/02\/Customized-Air-tight-Cuvette-6-Clear-Windows-OCB06-430x491.png 430w, https:\/\/hookelab.com\/wp-content\/uploads\/2025\/02\/Customized-Air-tight-Cuvette-6-Clear-Windows-OCB06-150x171.png 150w\" sizes=\"(max-width: 800px) 100vw, 800px\" \/>\t\t\t\t\t<\/div>\r\n\r\n\t\t\t\t\t\t<\/div>\n\t\t\t\t<\/div>\n\t\t\t\t\t<\/div>\n\t\t\t\t<\/div>\n\t\t\t\t<\/div>\n\t\t\n","protected":false},"excerpt":{"rendered":"","protected":false},"featured_media":28554,"comment_status":"open","ping_status":"closed","template":"","meta":[],"product_brand":[],"product_cat":[1352,1424,1414,1425,1426,1419,1416],"product_tag":[],"class_list":{"0":"post-48154","1":"product","2":"type-product","3":"status-publish","4":"has-post-thumbnail","6":"product_cat-cuvetten-cellen","7":"product_cat-cuvetten-met-schroefdop","8":"product_cat-fluorometercuvetten","9":"product_cat-luchtdichte-cuvetten","10":"product_cat-macro-kuvetten","11":"product_cat-macro-venster-cuvetten-2","12":"product_cat-uv-vis-kwarts-cuvetten-200-2500nm-2","14":"first","15":"instock","16":"shipping-taxable","17":"purchasable","18":"product-type-simple"},"_links":{"self":[{"href":"https:\/\/hookelab.com\/nl\/wp-json\/wp\/v2\/product\/48154","targetHints":{"allow":["GET"]}}],"collection":[{"href":"https:\/\/hookelab.com\/nl\/wp-json\/wp\/v2\/product"}],"about":[{"href":"https:\/\/hookelab.com\/nl\/wp-json\/wp\/v2\/types\/product"}],"replies":[{"embeddable":true,"href":"https:\/\/hookelab.com\/nl\/wp-json\/wp\/v2\/comments?post=48154"}],"version-history":[{"count":0,"href":"https:\/\/hookelab.com\/nl\/wp-json\/wp\/v2\/product\/48154\/revisions"}],"wp:featuredmedia":[{"embeddable":true,"href":"https:\/\/hookelab.com\/nl\/wp-json\/wp\/v2\/media\/28554"}],"wp:attachment":[{"href":"https:\/\/hookelab.com\/nl\/wp-json\/wp\/v2\/media?parent=48154"}],"wp:term":[{"taxonomy":"product_brand","embeddable":true,"href":"https:\/\/hookelab.com\/nl\/wp-json\/wp\/v2\/product_brand?post=48154"},{"taxonomy":"product_cat","embeddable":true,"href":"https:\/\/hookelab.com\/nl\/wp-json\/wp\/v2\/product_cat?post=48154"},{"taxonomy":"product_tag","embeddable":true,"href":"https:\/\/hookelab.com\/nl\/wp-json\/wp\/v2\/product_tag?post=48154"}],"curies":[{"name":"wp","href":"https:\/\/api.w.org\/{rel}","templated":true}]}}