{"id":48106,"date":"2025-02-12T06:10:47","date_gmt":"2025-02-12T06:10:47","guid":{"rendered":"https:\/\/hookelab.com\/product\/aangepaste-luchtdichte-cuvet-met-m10-schroefdraadkap-ocb\/"},"modified":"2025-02-12T06:10:47","modified_gmt":"2025-02-12T06:10:47","slug":"aangepaste-luchtdichte-cuvet-met-m10-schroefdraadkap-ocb","status":"publish","type":"product","link":"https:\/\/hookelab.com\/nl\/product\/aangepaste-luchtdichte-cuvet-met-m10-schroefdraadkap-ocb\/","title":{"rendered":"Aangepaste luchtdichte cuvet met M10 schroefdraadkap, OCB"},"content":{"rendered":"\t\t\t<link rel=\"stylesheet\" id=\"elementor-post-49488-css\" href=\"https:\/\/hookelab.com\/wp-content\/uploads\/elementor\/css\/post-49488.css?ver=1776263692\" type=\"text\/css\" media=\"all\">\r\n\t\t\t\t\t<div data-elementor-type=\"wp-post\" data-elementor-id=\"49488\" class=\"elementor elementor-49488 elementor-28515\">\n\t\t\t\t<div class=\"wd-negative-gap elementor-element elementor-element-212cd0f e-grid e-con-boxed e-con e-parent\" data-id=\"212cd0f\" data-element_type=\"container\" data-e-type=\"container\">\n\t\t\t\t\t<div class=\"e-con-inner\">\n\t\t\t\t<div class=\"elementor-element elementor-element-14dd597 elementor-widget elementor-widget-wd_text_block\" data-id=\"14dd597\" data-element_type=\"widget\" data-e-type=\"widget\" data-widget_type=\"wd_text_block.default\">\n\t\t\t\t<div class=\"elementor-widget-container\">\n\t\t\t\t\t\t\t<div class=\"wd-text-block reset-last-child text-left\">\r\n\t\t\t\r\n\t\t\t<h2>Details<\/h2><ul><li>Materiaal: JGS-1 UV-kwarts<\/li><li>Volume: 240 ul<\/li><li>Vrijgegeven vensters: 2 vensters<\/li><li>Lichtpadenlengte: 2,5 mm<\/li><li>Type dop: M10 buitenste PTFE schroefdraadkap<\/li><li>Buitenafmetingen met Cap (L\u00d7W\u00d7H): 5\u00d75\u00d759mm<\/li><li>Geassembleerd type: Optische contactverbinding (OCB)<\/li><li>Transmissiebereik: 200-2500 nm<\/li><li>Optische prestatiefout van overbrengingsoppervlak: \u22640,3%<\/li><\/ul><p>OCB Cuvette is bestand tegen hoge temperaturen, zuren en alkali\u00ebn en organische oplosmiddelen.<\/p><p>PTFE Cap heeft een lange corrosiebestendige levensduur en weinig invloed op de gemeten oplosmiddelen.<\/p>\r\n\t\t\t\t\t<\/div>\r\n\t\t\t\t\t\t<\/div>\n\t\t\t\t<\/div>\n\t\t\t\t<div class=\"elementor-element elementor-element-cbad90b elementor-widget elementor-widget-wd_image_or_svg\" data-id=\"cbad90b\" data-element_type=\"widget\" data-e-type=\"widget\" data-widget_type=\"wd_image_or_svg.default\">\n\t\t\t\t<div class=\"elementor-widget-container\">\n\t\t\t\t\t\r\n\t\t<div class=\"wd-image text-left\">\r\n\t\t\t\t\t\t\t\t<img fetchpriority=\"high\" decoding=\"async\" width=\"668\" height=\"763\" src=\"https:\/\/hookelab.com\/wp-content\/uploads\/2025\/02\/Customized-Air-tight-Cuvette-with-M10-Screw-Thread-Cap-OCB05.png\" class=\"attachment-full size-full\" alt=\"\" srcset=\"https:\/\/hookelab.com\/wp-content\/uploads\/2025\/02\/Customized-Air-tight-Cuvette-with-M10-Screw-Thread-Cap-OCB05.png 668w, https:\/\/hookelab.com\/wp-content\/uploads\/2025\/02\/Customized-Air-tight-Cuvette-with-M10-Screw-Thread-Cap-OCB05-263x300.png 263w, https:\/\/hookelab.com\/wp-content\/uploads\/2025\/02\/Customized-Air-tight-Cuvette-with-M10-Screw-Thread-Cap-OCB05-430x491.png 430w, https:\/\/hookelab.com\/wp-content\/uploads\/2025\/02\/Customized-Air-tight-Cuvette-with-M10-Screw-Thread-Cap-OCB05-150x171.png 150w\" sizes=\"(max-width: 668px) 100vw, 668px\" \/>\t\t\t\t\t<\/div>\r\n\r\n\t\t\t\t\t\t<\/div>\n\t\t\t\t<\/div>\n\t\t\t\t<div class=\"elementor-element elementor-element-67cc5cc elementor-widget elementor-widget-wd_image_or_svg\" data-id=\"67cc5cc\" data-element_type=\"widget\" data-e-type=\"widget\" data-widget_type=\"wd_image_or_svg.default\">\n\t\t\t\t<div class=\"elementor-widget-container\">\n\t\t\t\t\t\r\n\t\t<div class=\"wd-image text-left\">\r\n\t\t\t\t\t\t\t\t<img decoding=\"async\" width=\"582\" height=\"664\" src=\"https:\/\/hookelab.com\/wp-content\/uploads\/2025\/02\/Customized-Air-tight-Cuvette-with-M10-Screw-Thread-Cap-OCB07.png\" class=\"attachment-full size-full\" alt=\"\" srcset=\"https:\/\/hookelab.com\/wp-content\/uploads\/2025\/02\/Customized-Air-tight-Cuvette-with-M10-Screw-Thread-Cap-OCB07.png 582w, https:\/\/hookelab.com\/wp-content\/uploads\/2025\/02\/Customized-Air-tight-Cuvette-with-M10-Screw-Thread-Cap-OCB07-263x300.png 263w, https:\/\/hookelab.com\/wp-content\/uploads\/2025\/02\/Customized-Air-tight-Cuvette-with-M10-Screw-Thread-Cap-OCB07-430x491.png 430w, https:\/\/hookelab.com\/wp-content\/uploads\/2025\/02\/Customized-Air-tight-Cuvette-with-M10-Screw-Thread-Cap-OCB07-150x171.png 150w\" sizes=\"(max-width: 582px) 100vw, 582px\" \/>\t\t\t\t\t<\/div>\r\n\r\n\t\t\t\t\t\t<\/div>\n\t\t\t\t<\/div>\n\t\t\t\t\t<\/div>\n\t\t\t\t<\/div>\n\t\t\t\t<\/div>\n\t\t\n","protected":false},"excerpt":{"rendered":"","protected":false},"featured_media":28518,"comment_status":"open","ping_status":"closed","template":"","meta":[],"product_brand":[],"product_cat":[1352,1434,1433,1391,1393,1395],"product_tag":[],"class_list":{"0":"post-48106","1":"product","2":"type-product","3":"status-publish","4":"has-post-thumbnail","6":"product_cat-cuvetten-cellen","7":"product_cat-cuvetten-met-schroefdop-2","8":"product_cat-luchtdichte-cuvetten-2","9":"product_cat-micro-cuvetten","10":"product_cat-spectrofotometercuvetten","11":"product_cat-uv-vis-kwarts-cuvetten-200-2500nm","13":"first","14":"instock","15":"shipping-taxable","16":"purchasable","17":"product-type-simple"},"_links":{"self":[{"href":"https:\/\/hookelab.com\/nl\/wp-json\/wp\/v2\/product\/48106","targetHints":{"allow":["GET"]}}],"collection":[{"href":"https:\/\/hookelab.com\/nl\/wp-json\/wp\/v2\/product"}],"about":[{"href":"https:\/\/hookelab.com\/nl\/wp-json\/wp\/v2\/types\/product"}],"replies":[{"embeddable":true,"href":"https:\/\/hookelab.com\/nl\/wp-json\/wp\/v2\/comments?post=48106"}],"version-history":[{"count":0,"href":"https:\/\/hookelab.com\/nl\/wp-json\/wp\/v2\/product\/48106\/revisions"}],"wp:featuredmedia":[{"embeddable":true,"href":"https:\/\/hookelab.com\/nl\/wp-json\/wp\/v2\/media\/28518"}],"wp:attachment":[{"href":"https:\/\/hookelab.com\/nl\/wp-json\/wp\/v2\/media?parent=48106"}],"wp:term":[{"taxonomy":"product_brand","embeddable":true,"href":"https:\/\/hookelab.com\/nl\/wp-json\/wp\/v2\/product_brand?post=48106"},{"taxonomy":"product_cat","embeddable":true,"href":"https:\/\/hookelab.com\/nl\/wp-json\/wp\/v2\/product_cat?post=48106"},{"taxonomy":"product_tag","embeddable":true,"href":"https:\/\/hookelab.com\/nl\/wp-json\/wp\/v2\/product_tag?post=48106"}],"curies":[{"name":"wp","href":"https:\/\/api.w.org\/{rel}","templated":true}]}}