{"id":46753,"date":"2025-02-26T14:26:35","date_gmt":"2025-02-26T14:26:35","guid":{"rendered":"https:\/\/hookelab.com\/product\/kwarts-microstroomcel-met-ptfe-schroefverbindingen-96ul-30mm-2-vensters-ocb\/"},"modified":"2025-02-26T14:26:35","modified_gmt":"2025-02-26T14:26:35","slug":"kwarts-microstroomcel-met-ptfe-schroefverbindingen-96ul-30mm-2-vensters-ocb","status":"publish","type":"product","link":"https:\/\/hookelab.com\/nl\/product\/kwarts-microstroomcel-met-ptfe-schroefverbindingen-96ul-30mm-2-vensters-ocb\/","title":{"rendered":"Kwarts microstroomcel met PTFE schroefverbindingen, 96ul, 30mm, 2 vensters, OCB"},"content":{"rendered":"\t\t\t<link rel=\"stylesheet\" id=\"elementor-post-48596-css\" href=\"https:\/\/hookelab.com\/wp-content\/uploads\/elementor\/css\/post-48596.css?ver=1776448630\" type=\"text\/css\" media=\"all\">\r\n\t\t\t\t\t<div data-elementor-type=\"wp-post\" data-elementor-id=\"48596\" class=\"elementor elementor-48596 elementor-29673\">\n\t\t\t\t<div class=\"wd-negative-gap elementor-element elementor-element-212cd0f e-grid e-con-boxed e-con e-parent\" data-id=\"212cd0f\" data-element_type=\"container\" data-e-type=\"container\">\n\t\t\t\t\t<div class=\"e-con-inner\">\n\t\t\t\t<div class=\"elementor-element elementor-element-14dd597 elementor-widget elementor-widget-wd_text_block\" data-id=\"14dd597\" data-element_type=\"widget\" data-e-type=\"widget\" data-widget_type=\"wd_text_block.default\">\n\t\t\t\t<div class=\"elementor-widget-container\">\n\t\t\t\t\t\t\t<div class=\"wd-text-block reset-last-child text-left\">\r\n\t\t\t\r\n\t\t\t<h2>Details<\/h2><ul><li>Materiaal: JGS-1 UV-kwarts<\/li><li>Volume: 96 ul<\/li><li>Lichtpadenlengte: 30 mm<\/li><li>Klare ramen: 2 ramen<\/li><li>Z Hoogte: 8,5mm<\/li><li>Diafragma: 2mm<\/li><li>Buitenafmetingen (L\u00d7D\u00d7H): 12,5\u00d732,5\u00d735 mm<\/li><li>Type aansluiting: PTFE M6 binnenschroefd<\/li><li>Geassembleerd type: Optische contactverbinding (OCB)<\/li><li>Transmissiebereik: 200-2500 nm<\/li><li>Optische prestatiefout van overbrengingsoppervlak: \u22640,3%<\/li><li>Inhoud verpakking: 1 pc\/set<\/li><\/ul>\r\n\t\t\t\t\t<\/div>\r\n\t\t\t\t\t\t<\/div>\n\t\t\t\t<\/div>\n\t\t\t\t<div class=\"elementor-element elementor-element-67cc5cc elementor-widget elementor-widget-wd_image_or_svg\" data-id=\"67cc5cc\" data-element_type=\"widget\" data-e-type=\"widget\" data-widget_type=\"wd_image_or_svg.default\">\n\t\t\t\t<div class=\"elementor-widget-container\">\n\t\t\t\t\t\r\n\t\t<div class=\"wd-image text-left\">\r\n\t\t\t\t\t\t\t\t<img fetchpriority=\"high\" decoding=\"async\" width=\"1313\" height=\"1500\" src=\"https:\/\/hookelab.com\/wp-content\/uploads\/2025\/02\/Quartz-Micro-Flow-Cell-with-PTFE-Screw-Connectors-96ul-30mm-2-Windows-OCB03.jpg\" class=\"attachment-full size-full\" alt=\"\" srcset=\"https:\/\/hookelab.com\/wp-content\/uploads\/2025\/02\/Quartz-Micro-Flow-Cell-with-PTFE-Screw-Connectors-96ul-30mm-2-Windows-OCB03.jpg 1313w, https:\/\/hookelab.com\/wp-content\/uploads\/2025\/02\/Quartz-Micro-Flow-Cell-with-PTFE-Screw-Connectors-96ul-30mm-2-Windows-OCB03-263x300.jpg 263w, https:\/\/hookelab.com\/wp-content\/uploads\/2025\/02\/Quartz-Micro-Flow-Cell-with-PTFE-Screw-Connectors-96ul-30mm-2-Windows-OCB03-700x800.jpg 700w, https:\/\/hookelab.com\/wp-content\/uploads\/2025\/02\/Quartz-Micro-Flow-Cell-with-PTFE-Screw-Connectors-96ul-30mm-2-Windows-OCB03-768x877.jpg 768w, https:\/\/hookelab.com\/wp-content\/uploads\/2025\/02\/Quartz-Micro-Flow-Cell-with-PTFE-Screw-Connectors-96ul-30mm-2-Windows-OCB03-430x491.jpg 430w, https:\/\/hookelab.com\/wp-content\/uploads\/2025\/02\/Quartz-Micro-Flow-Cell-with-PTFE-Screw-Connectors-96ul-30mm-2-Windows-OCB03-150x171.jpg 150w\" sizes=\"(max-width: 1313px) 100vw, 1313px\" \/>\t\t\t\t\t<\/div>\r\n\r\n\t\t\t\t\t\t<\/div>\n\t\t\t\t<\/div>\n\t\t\t\t<div class=\"elementor-element elementor-element-cbad90b elementor-widget elementor-widget-wd_image_or_svg\" data-id=\"cbad90b\" data-element_type=\"widget\" data-e-type=\"widget\" data-widget_type=\"wd_image_or_svg.default\">\n\t\t\t\t<div class=\"elementor-widget-container\">\n\t\t\t\t\t\r\n\t\t<div class=\"wd-image text-left\">\r\n\t\t\t\t\t\t\t\t<img decoding=\"async\" width=\"569\" height=\"650\" src=\"https:\/\/hookelab.com\/wp-content\/uploads\/2025\/02\/Quartz-Micro-Flow-Cell-with-PTFE-Screw-Connectors-96ul-30mm-2-Windows-OCB09.jpg\" class=\"attachment-full size-full\" alt=\"\" srcset=\"https:\/\/hookelab.com\/wp-content\/uploads\/2025\/02\/Quartz-Micro-Flow-Cell-with-PTFE-Screw-Connectors-96ul-30mm-2-Windows-OCB09.jpg 569w, https:\/\/hookelab.com\/wp-content\/uploads\/2025\/02\/Quartz-Micro-Flow-Cell-with-PTFE-Screw-Connectors-96ul-30mm-2-Windows-OCB09-263x300.jpg 263w, https:\/\/hookelab.com\/wp-content\/uploads\/2025\/02\/Quartz-Micro-Flow-Cell-with-PTFE-Screw-Connectors-96ul-30mm-2-Windows-OCB09-430x491.jpg 430w, https:\/\/hookelab.com\/wp-content\/uploads\/2025\/02\/Quartz-Micro-Flow-Cell-with-PTFE-Screw-Connectors-96ul-30mm-2-Windows-OCB09-150x171.jpg 150w\" sizes=\"(max-width: 569px) 100vw, 569px\" \/>\t\t\t\t\t<\/div>\r\n\r\n\t\t\t\t\t\t<\/div>\n\t\t\t\t<\/div>\n\t\t\t\t\t<\/div>\n\t\t\t\t<\/div>\n\t\t\t\t<\/div>\n\t\t\n","protected":false},"excerpt":{"rendered":"<ul>\n<li>Deze cuvette is een continue stroomcel om licht te vermijden, heeft een schroefdraadinterface en een goede afdichting, en kan direct worden aangesloten op een slangenpomp, wat een ideaal experimenteel effect is.<\/li>\n<li>OCB Cuvette is bestand tegen hoge temperaturen, zuren en alkali\u00ebn en organische oplosmiddelen.<\/li>\n<li>PTFE Connector heeft een lange corrosiebestendige levensduur en weinig invloed op de gemeten oplosmiddelen.<\/li>\n<\/ul>\n","protected":false},"featured_media":29682,"comment_status":"open","ping_status":"closed","template":"","meta":[],"product_brand":[],"product_cat":[1352,1403,1391,1393,1395],"product_tag":[],"class_list":{"0":"post-46753","1":"product","2":"type-product","3":"status-publish","4":"has-post-thumbnail","6":"product_cat-cuvetten-cellen","7":"product_cat-doorstroomcuvetten","8":"product_cat-micro-cuvetten","9":"product_cat-spectrofotometercuvetten","10":"product_cat-uv-vis-kwarts-cuvetten-200-2500nm","12":"first","13":"instock","14":"shipping-taxable","15":"purchasable","16":"product-type-simple"},"_links":{"self":[{"href":"https:\/\/hookelab.com\/nl\/wp-json\/wp\/v2\/product\/46753","targetHints":{"allow":["GET"]}}],"collection":[{"href":"https:\/\/hookelab.com\/nl\/wp-json\/wp\/v2\/product"}],"about":[{"href":"https:\/\/hookelab.com\/nl\/wp-json\/wp\/v2\/types\/product"}],"replies":[{"embeddable":true,"href":"https:\/\/hookelab.com\/nl\/wp-json\/wp\/v2\/comments?post=46753"}],"version-history":[{"count":0,"href":"https:\/\/hookelab.com\/nl\/wp-json\/wp\/v2\/product\/46753\/revisions"}],"wp:featuredmedia":[{"embeddable":true,"href":"https:\/\/hookelab.com\/nl\/wp-json\/wp\/v2\/media\/29682"}],"wp:attachment":[{"href":"https:\/\/hookelab.com\/nl\/wp-json\/wp\/v2\/media?parent=46753"}],"wp:term":[{"taxonomy":"product_brand","embeddable":true,"href":"https:\/\/hookelab.com\/nl\/wp-json\/wp\/v2\/product_brand?post=46753"},{"taxonomy":"product_cat","embeddable":true,"href":"https:\/\/hookelab.com\/nl\/wp-json\/wp\/v2\/product_cat?post=46753"},{"taxonomy":"product_tag","embeddable":true,"href":"https:\/\/hookelab.com\/nl\/wp-json\/wp\/v2\/product_tag?post=46753"}],"curies":[{"name":"wp","href":"https:\/\/api.w.org\/{rel}","templated":true}]}}