{"id":46071,"date":"2025-02-18T12:28:06","date_gmt":"2025-02-18T12:28:06","guid":{"rendered":"https:\/\/hookelab.com\/product\/luchtdichte-cuvet-met-schroefdop-2-vensters-26mm-80ml-met-poeder-gesinterd\/"},"modified":"2025-02-18T12:28:06","modified_gmt":"2025-02-18T12:28:06","slug":"luchtdichte-cuvet-met-schroefdop-2-vensters-26mm-80ml-met-poeder-gesinterd","status":"publish","type":"product","link":"https:\/\/hookelab.com\/nl\/product\/luchtdichte-cuvet-met-schroefdop-2-vensters-26mm-80ml-met-poeder-gesinterd\/","title":{"rendered":"Luchtdichte cuvet met schroefdop, 2 vensters, 26mm, 80ml, met poeder gesinterd"},"content":{"rendered":"\t\t\t<link rel=\"stylesheet\" id=\"elementor-post-49800-css\" href=\"https:\/\/hookelab.com\/wp-content\/uploads\/elementor\/css\/post-49800.css?ver=1776422493\" type=\"text\/css\" media=\"all\">\r\n\t\t\t\t\t<div data-elementor-type=\"wp-post\" data-elementor-id=\"49800\" class=\"elementor elementor-49800 elementor-29170\">\n\t\t\t\t<div class=\"wd-negative-gap elementor-element elementor-element-212cd0f e-grid e-con-boxed e-con e-parent\" data-id=\"212cd0f\" data-element_type=\"container\" data-e-type=\"container\">\n\t\t\t\t\t<div class=\"e-con-inner\">\n\t\t\t\t<div class=\"elementor-element elementor-element-14dd597 elementor-widget elementor-widget-wd_text_block\" data-id=\"14dd597\" data-element_type=\"widget\" data-e-type=\"widget\" data-widget_type=\"wd_text_block.default\">\n\t\t\t\t<div class=\"elementor-widget-container\">\n\t\t\t\t\t\t\t<div class=\"wd-text-block reset-last-child text-left\">\r\n\t\t\t\r\n\t\t\t<h2>Details<\/h2>\n<ul>\n<li>Materiaal: S1 UV kwarts  <\/li>\n<li>Inhoud: 80 ml<\/li>\n<li>Lichtweglengte: 26 mm<\/li>\n<li>Vrijgegeven vensters: 2 vensters<\/li>\n<li>Wanddikte: 2mm<\/li>\n<li>Buitenafmeting met Cap (L\u00d7D\u00d7H): 60\u00d730\u00d780mm<\/li>\n<li>Type dop: PTFE M14 buitenschroefdop<\/li>\n<li>Geassembleerd type: Poeder Gesinterd<\/li>\n<li>Transmissiebereik: 200-2500 nm<\/li>\n<li>Optische prestatiefout van overbrengingsoppervlak: \u22640,3%<\/li>\n<li>Inhoud verpakking: 1 stuk\/verpakking<\/li>\n<\/ul>\n<p>Poedersintercuvetten zijn bestand tegen temperaturen van 600\u2103, de meeste zuren en alkali\u00ebn en organische oplossingen.<\/p>\n<p>Als je cellen nodig hebt met een gelijmd of OCB productieproces, neem dan contact met ons op voor aangepaste opties.<\/p>\r\n\t\t\t\t\t<\/div>\r\n\t\t\t\t\t\t<\/div>\n\t\t\t\t<\/div>\n\t\t\t\t<div class=\"elementor-element elementor-element-cbad90b elementor-widget elementor-widget-wd_image_or_svg\" data-id=\"cbad90b\" data-element_type=\"widget\" data-e-type=\"widget\" data-widget_type=\"wd_image_or_svg.default\">\n\t\t\t\t<div class=\"elementor-widget-container\">\n\t\t\t\t\t\r\n\t\t<div class=\"wd-image text-left\">\r\n\t\t\t\t\t\t\t\t<img fetchpriority=\"high\" decoding=\"async\" width=\"749\" height=\"856\" src=\"https:\/\/hookelab.com\/wp-content\/uploads\/2025\/02\/Air-tight-Cuvette-with-Screw-Cap-2-Windows-26mm-80ml-Powder-Sintered03.jpg\" class=\"attachment-full size-full\" alt=\"\" srcset=\"https:\/\/hookelab.com\/wp-content\/uploads\/2025\/02\/Air-tight-Cuvette-with-Screw-Cap-2-Windows-26mm-80ml-Powder-Sintered03.jpg 749w, https:\/\/hookelab.com\/wp-content\/uploads\/2025\/02\/Air-tight-Cuvette-with-Screw-Cap-2-Windows-26mm-80ml-Powder-Sintered03-263x300.jpg 263w, https:\/\/hookelab.com\/wp-content\/uploads\/2025\/02\/Air-tight-Cuvette-with-Screw-Cap-2-Windows-26mm-80ml-Powder-Sintered03-700x800.jpg 700w, https:\/\/hookelab.com\/wp-content\/uploads\/2025\/02\/Air-tight-Cuvette-with-Screw-Cap-2-Windows-26mm-80ml-Powder-Sintered03-430x491.jpg 430w, https:\/\/hookelab.com\/wp-content\/uploads\/2025\/02\/Air-tight-Cuvette-with-Screw-Cap-2-Windows-26mm-80ml-Powder-Sintered03-150x171.jpg 150w\" sizes=\"(max-width: 749px) 100vw, 749px\" \/>\t\t\t\t\t<\/div>\r\n\r\n\t\t\t\t\t\t<\/div>\n\t\t\t\t<\/div>\n\t\t\t\t<div class=\"elementor-element elementor-element-67cc5cc elementor-widget elementor-widget-wd_image_or_svg\" data-id=\"67cc5cc\" data-element_type=\"widget\" data-e-type=\"widget\" data-widget_type=\"wd_image_or_svg.default\">\n\t\t\t\t<div class=\"elementor-widget-container\">\n\t\t\t\t\t\r\n\t\t<div class=\"wd-image text-left\">\r\n\t\t\t\t\t\t\t\t<img decoding=\"async\" width=\"575\" height=\"657\" src=\"https:\/\/hookelab.com\/wp-content\/uploads\/2025\/02\/Air-tight-Cuvette-with-Screw-Cap-2-Windows-26mm-80ml-Powder-Sintered07.jpg\" class=\"attachment-full size-full\" alt=\"\" srcset=\"https:\/\/hookelab.com\/wp-content\/uploads\/2025\/02\/Air-tight-Cuvette-with-Screw-Cap-2-Windows-26mm-80ml-Powder-Sintered07.jpg 575w, https:\/\/hookelab.com\/wp-content\/uploads\/2025\/02\/Air-tight-Cuvette-with-Screw-Cap-2-Windows-26mm-80ml-Powder-Sintered07-263x300.jpg 263w, https:\/\/hookelab.com\/wp-content\/uploads\/2025\/02\/Air-tight-Cuvette-with-Screw-Cap-2-Windows-26mm-80ml-Powder-Sintered07-430x491.jpg 430w, https:\/\/hookelab.com\/wp-content\/uploads\/2025\/02\/Air-tight-Cuvette-with-Screw-Cap-2-Windows-26mm-80ml-Powder-Sintered07-150x171.jpg 150w\" sizes=\"(max-width: 575px) 100vw, 575px\" \/>\t\t\t\t\t<\/div>\r\n\r\n\t\t\t\t\t\t<\/div>\n\t\t\t\t<\/div>\n\t\t\t\t\t<\/div>\n\t\t\t\t<\/div>\n\t\t\t\t<\/div>\n\t\t\n","protected":false},"excerpt":{"rendered":"<ul>\n<li>De dichtheid van de Powder-sintered Cuvette is iets slechter dan die van de OCB Cuvettes. Als je deze wilt gebruiken in anaerobe experimenten, raden we je aan de OCB cuvetten te kiezen. <\/li>\n<li>Over het algemeen gebruiken we standaard siliconen pakkingen voor een betere afdichting, en we hebben ook PTFE pakkingen om uit te kiezen. De laatste hebben een sterkere corrosiebestendigheid, maar de afdichting zal iets slechter zijn dan de eerste.<\/li>\n<\/ul>\n","protected":false},"featured_media":29172,"comment_status":"open","ping_status":"closed","template":"","meta":[],"product_brand":[],"product_cat":[1352,1434,1433,1404,1393,1395],"product_tag":[],"class_list":{"0":"post-46071","1":"product","2":"type-product","3":"status-publish","4":"has-post-thumbnail","6":"product_cat-cuvetten-cellen","7":"product_cat-cuvetten-met-schroefdop-2","8":"product_cat-luchtdichte-cuvetten-2","9":"product_cat-macro-venster-cuvetten","10":"product_cat-spectrofotometercuvetten","11":"product_cat-uv-vis-kwarts-cuvetten-200-2500nm","13":"first","14":"instock","15":"shipping-taxable","16":"purchasable","17":"product-type-simple"},"_links":{"self":[{"href":"https:\/\/hookelab.com\/nl\/wp-json\/wp\/v2\/product\/46071","targetHints":{"allow":["GET"]}}],"collection":[{"href":"https:\/\/hookelab.com\/nl\/wp-json\/wp\/v2\/product"}],"about":[{"href":"https:\/\/hookelab.com\/nl\/wp-json\/wp\/v2\/types\/product"}],"replies":[{"embeddable":true,"href":"https:\/\/hookelab.com\/nl\/wp-json\/wp\/v2\/comments?post=46071"}],"version-history":[{"count":0,"href":"https:\/\/hookelab.com\/nl\/wp-json\/wp\/v2\/product\/46071\/revisions"}],"wp:featuredmedia":[{"embeddable":true,"href":"https:\/\/hookelab.com\/nl\/wp-json\/wp\/v2\/media\/29172"}],"wp:attachment":[{"href":"https:\/\/hookelab.com\/nl\/wp-json\/wp\/v2\/media?parent=46071"}],"wp:term":[{"taxonomy":"product_brand","embeddable":true,"href":"https:\/\/hookelab.com\/nl\/wp-json\/wp\/v2\/product_brand?post=46071"},{"taxonomy":"product_cat","embeddable":true,"href":"https:\/\/hookelab.com\/nl\/wp-json\/wp\/v2\/product_cat?post=46071"},{"taxonomy":"product_tag","embeddable":true,"href":"https:\/\/hookelab.com\/nl\/wp-json\/wp\/v2\/product_tag?post=46071"}],"curies":[{"name":"wp","href":"https:\/\/api.w.org\/{rel}","templated":true}]}}