{"id":45603,"date":"2025-02-17T04:51:14","date_gmt":"2025-02-17T04:51:14","guid":{"rendered":"https:\/\/hookelab.com\/product\/demonteerbare-uv-kwarts-cuvet-o-vormig-rond-02-mm-20ul-gelijmd\/"},"modified":"2025-02-17T04:51:14","modified_gmt":"2025-02-17T04:51:14","slug":"demonteerbare-uv-kwarts-cuvet-o-vormig-rond-02-mm-20ul-gelijmd","status":"publish","type":"product","link":"https:\/\/hookelab.com\/nl\/product\/demonteerbare-uv-kwarts-cuvet-o-vormig-rond-02-mm-20ul-gelijmd\/","title":{"rendered":"Demonteerbare UV kwarts cuvet, O-vormig rond, 0,2 mm, 20ul, gelijmd"},"content":{"rendered":"\t\t\t<link rel=\"stylesheet\" id=\"elementor-post-49647-css\" href=\"https:\/\/hookelab.com\/wp-content\/uploads\/elementor\/css\/post-49647.css?ver=1776431590\" type=\"text\/css\" media=\"all\">\r\n\t\t\t\t\t<div data-elementor-type=\"wp-post\" data-elementor-id=\"49647\" class=\"elementor elementor-49647 elementor-28870\">\n\t\t\t\t<div class=\"wd-negative-gap elementor-element elementor-element-212cd0f e-grid e-con-boxed e-con e-parent\" data-id=\"212cd0f\" data-element_type=\"container\" data-e-type=\"container\">\n\t\t\t\t\t<div class=\"e-con-inner\">\n\t\t\t\t<div class=\"elementor-element elementor-element-14dd597 elementor-widget elementor-widget-wd_text_block\" data-id=\"14dd597\" data-element_type=\"widget\" data-e-type=\"widget\" data-widget_type=\"wd_text_block.default\">\n\t\t\t\t<div class=\"elementor-widget-container\">\n\t\t\t\t\t\t\t<div class=\"wd-text-block reset-last-child text-left\">\r\n\t\t\t\r\n\t\t\t<h2>Details<\/h2><ul><li>Materiaal: JGS-1 UV-kwarts<\/li><li>Volume: 20 ul<\/li><li>Lichtpadlengte: 0,2 mm<\/li><li>  Afm. deksel (L\u00d7W\u00d7D): 45\u00d712.5\u00d71.2mm<\/li><li>Type gemonteerd: Gelijmd<\/li><li>Transmissiebereik: 200-2500 nm<\/li><li>Optische prestatiefout van overbrengingsoppervlak: \u22640,3%<\/li><li>Inhoud verpakking: 1 set\/pak<\/li><\/ul><p>Let op: de gelijmde cuvetten zijn alleen voor neutrale oplosmiddelen en opgeloste stoffen en zijn geschikt voor gebruik onder 100 \u00b0C. Als je cellen nodig hebt die bestand zijn tegen zuren en basen, organische oplosmiddelen of gebruik &gt;100\u00b0C, neem dan contact met ons op voor aangepaste opties met Powder Sintered of OCB kuvetten.<\/p>\r\n\t\t\t\t\t<\/div>\r\n\t\t\t\t\t\t<\/div>\n\t\t\t\t<\/div>\n\t\t\t\t<div class=\"elementor-element elementor-element-cbad90b elementor-widget elementor-widget-wd_image_or_svg\" data-id=\"cbad90b\" data-element_type=\"widget\" data-e-type=\"widget\" data-widget_type=\"wd_image_or_svg.default\">\n\t\t\t\t<div class=\"elementor-widget-container\">\n\t\t\t\t\t\r\n\t\t<div class=\"wd-image text-left\">\r\n\t\t\t\t\t\t\t\t<img fetchpriority=\"high\" decoding=\"async\" width=\"700\" height=\"800\" src=\"https:\/\/hookelab.com\/wp-content\/uploads\/2025\/02\/Demountable-UV-Quartz-Cuvette-O-Shaped-Circular-20ul-Glued03-\u526f\u672c.jpg\" class=\"attachment-full size-full\" alt=\"\" srcset=\"https:\/\/hookelab.com\/wp-content\/uploads\/2025\/02\/Demountable-UV-Quartz-Cuvette-O-Shaped-Circular-20ul-Glued03-\u526f\u672c.jpg 700w, https:\/\/hookelab.com\/wp-content\/uploads\/2025\/02\/Demountable-UV-Quartz-Cuvette-O-Shaped-Circular-20ul-Glued03-\u526f\u672c-263x300.jpg 263w, https:\/\/hookelab.com\/wp-content\/uploads\/2025\/02\/Demountable-UV-Quartz-Cuvette-O-Shaped-Circular-20ul-Glued03-\u526f\u672c-430x491.jpg 430w, https:\/\/hookelab.com\/wp-content\/uploads\/2025\/02\/Demountable-UV-Quartz-Cuvette-O-Shaped-Circular-20ul-Glued03-\u526f\u672c-150x171.jpg 150w\" sizes=\"(max-width: 700px) 100vw, 700px\" \/>\t\t\t\t\t<\/div>\r\n\r\n\t\t\t\t\t\t<\/div>\n\t\t\t\t<\/div>\n\t\t\t\t<div class=\"elementor-element elementor-element-67cc5cc elementor-widget elementor-widget-wd_image_or_svg\" data-id=\"67cc5cc\" data-element_type=\"widget\" data-e-type=\"widget\" data-widget_type=\"wd_image_or_svg.default\">\n\t\t\t\t<div class=\"elementor-widget-container\">\n\t\t\t\t\t\r\n\t\t<div class=\"wd-image text-left\">\r\n\t\t\t\t\t\t\t\t<img decoding=\"async\" width=\"800\" height=\"914\" src=\"https:\/\/hookelab.com\/wp-content\/uploads\/2025\/02\/Demountable-UV-Quartz-Cuvette-O-Shaped-Circular-20ul-Glued07.jpg\" class=\"attachment-full size-full\" alt=\"\" srcset=\"https:\/\/hookelab.com\/wp-content\/uploads\/2025\/02\/Demountable-UV-Quartz-Cuvette-O-Shaped-Circular-20ul-Glued07.jpg 800w, https:\/\/hookelab.com\/wp-content\/uploads\/2025\/02\/Demountable-UV-Quartz-Cuvette-O-Shaped-Circular-20ul-Glued07-263x300.jpg 263w, https:\/\/hookelab.com\/wp-content\/uploads\/2025\/02\/Demountable-UV-Quartz-Cuvette-O-Shaped-Circular-20ul-Glued07-700x800.jpg 700w, https:\/\/hookelab.com\/wp-content\/uploads\/2025\/02\/Demountable-UV-Quartz-Cuvette-O-Shaped-Circular-20ul-Glued07-768x877.jpg 768w, https:\/\/hookelab.com\/wp-content\/uploads\/2025\/02\/Demountable-UV-Quartz-Cuvette-O-Shaped-Circular-20ul-Glued07-430x491.jpg 430w, https:\/\/hookelab.com\/wp-content\/uploads\/2025\/02\/Demountable-UV-Quartz-Cuvette-O-Shaped-Circular-20ul-Glued07-150x171.jpg 150w\" sizes=\"(max-width: 800px) 100vw, 800px\" \/>\t\t\t\t\t<\/div>\r\n\r\n\t\t\t\t\t\t<\/div>\n\t\t\t\t<\/div>\n\t\t\t\t\t<\/div>\n\t\t\t\t<\/div>\n\t\t\t\t<\/div>\n\t\t\n","protected":false},"excerpt":{"rendered":"","protected":false},"featured_media":28872,"comment_status":"open","ping_status":"closed","template":"","meta":[],"product_brand":[],"product_cat":[1352,1470,1391,1393,1395],"product_tag":[],"class_list":{"0":"post-45603","1":"product","2":"type-product","3":"status-publish","4":"has-post-thumbnail","6":"product_cat-cuvetten-cellen","7":"product_cat-demonteerbare-kuvetten","8":"product_cat-micro-cuvetten","9":"product_cat-spectrofotometercuvetten","10":"product_cat-uv-vis-kwarts-cuvetten-200-2500nm","12":"first","13":"instock","14":"shipping-taxable","15":"purchasable","16":"product-type-simple"},"_links":{"self":[{"href":"https:\/\/hookelab.com\/nl\/wp-json\/wp\/v2\/product\/45603","targetHints":{"allow":["GET"]}}],"collection":[{"href":"https:\/\/hookelab.com\/nl\/wp-json\/wp\/v2\/product"}],"about":[{"href":"https:\/\/hookelab.com\/nl\/wp-json\/wp\/v2\/types\/product"}],"replies":[{"embeddable":true,"href":"https:\/\/hookelab.com\/nl\/wp-json\/wp\/v2\/comments?post=45603"}],"version-history":[{"count":0,"href":"https:\/\/hookelab.com\/nl\/wp-json\/wp\/v2\/product\/45603\/revisions"}],"wp:featuredmedia":[{"embeddable":true,"href":"https:\/\/hookelab.com\/nl\/wp-json\/wp\/v2\/media\/28872"}],"wp:attachment":[{"href":"https:\/\/hookelab.com\/nl\/wp-json\/wp\/v2\/media?parent=45603"}],"wp:term":[{"taxonomy":"product_brand","embeddable":true,"href":"https:\/\/hookelab.com\/nl\/wp-json\/wp\/v2\/product_brand?post=45603"},{"taxonomy":"product_cat","embeddable":true,"href":"https:\/\/hookelab.com\/nl\/wp-json\/wp\/v2\/product_cat?post=45603"},{"taxonomy":"product_tag","embeddable":true,"href":"https:\/\/hookelab.com\/nl\/wp-json\/wp\/v2\/product_tag?post=45603"}],"curies":[{"name":"wp","href":"https:\/\/api.w.org\/{rel}","templated":true}]}}