{"id":45505,"date":"2025-02-16T13:54:06","date_gmt":"2025-02-16T13:54:06","guid":{"rendered":"https:\/\/hookelab.com\/product\/kwarts-micro-cuvet-met-schroefdop-voor-fluorometers-5-vensters-ocb\/"},"modified":"2025-02-16T13:54:06","modified_gmt":"2025-02-16T13:54:06","slug":"kwarts-micro-cuvet-met-schroefdop-voor-fluorometers-5-vensters-ocb","status":"publish","type":"product","link":"https:\/\/hookelab.com\/nl\/product\/kwarts-micro-cuvet-met-schroefdop-voor-fluorometers-5-vensters-ocb\/","title":{"rendered":"Kwarts micro cuvet met schroefdop, voor fluorometers, 5 vensters, OCB"},"content":{"rendered":"\t\t\t<link rel=\"stylesheet\" id=\"elementor-post-49618-css\" href=\"https:\/\/hookelab.com\/wp-content\/uploads\/elementor\/css\/post-49618.css?ver=1776447037\" type=\"text\/css\" media=\"all\">\r\n\t\t\t\t\t<div data-elementor-type=\"wp-post\" data-elementor-id=\"49618\" class=\"elementor elementor-49618 elementor-28816\">\n\t\t\t\t<div class=\"wd-negative-gap elementor-element elementor-element-212cd0f e-grid e-con-boxed e-con e-parent\" data-id=\"212cd0f\" data-element_type=\"container\" data-e-type=\"container\">\n\t\t\t\t\t<div class=\"e-con-inner\">\n\t\t\t\t<div class=\"elementor-element elementor-element-14dd597 elementor-widget elementor-widget-wd_text_block\" data-id=\"14dd597\" data-element_type=\"widget\" data-e-type=\"widget\" data-widget_type=\"wd_text_block.default\">\n\t\t\t\t<div class=\"elementor-widget-container\">\n\t\t\t\t\t\t\t<div class=\"wd-text-block reset-last-child text-left\">\r\n\t\t\t\r\n\t\t\t<h2>Details<\/h2><ul><li>Materiaal: JGS-1 UV-kwarts<\/li><li>Volume: 300ul\/900ul<\/li><li>Gereinigde vensters: 5 vensters<\/li><li>Licht Padlengte: 10 Padlengte<\/li><li>Binnenbreedte: 1mm\/3mm<\/li><li>Buitenafmetingen met Cap (L\u00d7D\u00d7H): 12,5\u00d712,5\u00d745mm<\/li><li>Type dop: PTFE M10 buitenschroefdop<\/li><li>Geassembleerd type: Optische contactverbinding (OCB)<\/li><li>Transmissiebereik: 200-2500 nm<\/li><li>Optische prestatiefout van overbrengingsoppervlak: \u22640,3%<\/li><\/ul><p>OCB Cuvette is bestand tegen hoge temperaturen, zuren en alkali\u00ebn en organische oplosmiddelen.<\/p><p>PTFE Cap heeft een lange corrosiebestendige levensduur en weinig invloed op de gemeten oplosmiddelen.<\/p>\r\n\t\t\t\t\t<\/div>\r\n\t\t\t\t\t\t<\/div>\n\t\t\t\t<\/div>\n\t\t\t\t<div class=\"elementor-element elementor-element-cbad90b elementor-widget elementor-widget-wd_image_or_svg\" data-id=\"cbad90b\" data-element_type=\"widget\" data-e-type=\"widget\" data-widget_type=\"wd_image_or_svg.default\">\n\t\t\t\t<div class=\"elementor-widget-container\">\n\t\t\t\t\t\r\n\t\t<div class=\"wd-image text-left\">\r\n\t\t\t\t\t\t\t\t<img fetchpriority=\"high\" decoding=\"async\" width=\"700\" height=\"800\" src=\"https:\/\/hookelab.com\/wp-content\/uploads\/2025\/02\/Quartz-Micro-Cuvette-with-Screw-Cap-For-fluorometers-5-Windows-OCB03.jpg\" class=\"attachment-full size-full\" alt=\"\" srcset=\"https:\/\/hookelab.com\/wp-content\/uploads\/2025\/02\/Quartz-Micro-Cuvette-with-Screw-Cap-For-fluorometers-5-Windows-OCB03.jpg 700w, https:\/\/hookelab.com\/wp-content\/uploads\/2025\/02\/Quartz-Micro-Cuvette-with-Screw-Cap-For-fluorometers-5-Windows-OCB03-263x300.jpg 263w, https:\/\/hookelab.com\/wp-content\/uploads\/2025\/02\/Quartz-Micro-Cuvette-with-Screw-Cap-For-fluorometers-5-Windows-OCB03-430x491.jpg 430w, https:\/\/hookelab.com\/wp-content\/uploads\/2025\/02\/Quartz-Micro-Cuvette-with-Screw-Cap-For-fluorometers-5-Windows-OCB03-150x171.jpg 150w\" sizes=\"(max-width: 700px) 100vw, 700px\" \/>\t\t\t\t\t<\/div>\r\n\r\n\t\t\t\t\t\t<\/div>\n\t\t\t\t<\/div>\n\t\t\t\t<div class=\"elementor-element elementor-element-67cc5cc elementor-widget elementor-widget-wd_image_or_svg\" data-id=\"67cc5cc\" data-element_type=\"widget\" data-e-type=\"widget\" data-widget_type=\"wd_image_or_svg.default\">\n\t\t\t\t<div class=\"elementor-widget-container\">\n\t\t\t\t\t\r\n\t\t<div class=\"wd-image text-left\">\r\n\t\t\t\t\t\t\t\t<img decoding=\"async\" width=\"591\" height=\"675\" src=\"https:\/\/hookelab.com\/wp-content\/uploads\/2025\/02\/Quartz-Micro-Cuvette-with-Screw-Cap-For-fluorometers-5-Windows-OCB07.jpg\" class=\"attachment-full size-full\" alt=\"\" srcset=\"https:\/\/hookelab.com\/wp-content\/uploads\/2025\/02\/Quartz-Micro-Cuvette-with-Screw-Cap-For-fluorometers-5-Windows-OCB07.jpg 591w, https:\/\/hookelab.com\/wp-content\/uploads\/2025\/02\/Quartz-Micro-Cuvette-with-Screw-Cap-For-fluorometers-5-Windows-OCB07-263x300.jpg 263w, https:\/\/hookelab.com\/wp-content\/uploads\/2025\/02\/Quartz-Micro-Cuvette-with-Screw-Cap-For-fluorometers-5-Windows-OCB07-430x491.jpg 430w, https:\/\/hookelab.com\/wp-content\/uploads\/2025\/02\/Quartz-Micro-Cuvette-with-Screw-Cap-For-fluorometers-5-Windows-OCB07-150x171.jpg 150w\" sizes=\"(max-width: 591px) 100vw, 591px\" \/>\t\t\t\t\t<\/div>\r\n\r\n\t\t\t\t\t\t<\/div>\n\t\t\t\t<\/div>\n\t\t\t\t\t<\/div>\n\t\t\t\t<\/div>\n\t\t\t\t<\/div>\n\t\t\n","protected":false},"excerpt":{"rendered":"","protected":false},"featured_media":28822,"comment_status":"open","ping_status":"closed","template":"","meta":[],"product_brand":[],"product_cat":[1352,1424,1414,1425,1391,1416],"product_tag":[],"class_list":{"0":"post-45505","1":"product","2":"type-product","3":"status-publish","4":"has-post-thumbnail","6":"product_cat-cuvetten-cellen","7":"product_cat-cuvetten-met-schroefdop","8":"product_cat-fluorometercuvetten","9":"product_cat-luchtdichte-cuvetten","10":"product_cat-micro-cuvetten","11":"product_cat-uv-vis-kwarts-cuvetten-200-2500nm-2","13":"first","14":"instock","15":"shipping-taxable","16":"purchasable","17":"product-type-variable"},"_links":{"self":[{"href":"https:\/\/hookelab.com\/nl\/wp-json\/wp\/v2\/product\/45505","targetHints":{"allow":["GET"]}}],"collection":[{"href":"https:\/\/hookelab.com\/nl\/wp-json\/wp\/v2\/product"}],"about":[{"href":"https:\/\/hookelab.com\/nl\/wp-json\/wp\/v2\/types\/product"}],"replies":[{"embeddable":true,"href":"https:\/\/hookelab.com\/nl\/wp-json\/wp\/v2\/comments?post=45505"}],"version-history":[{"count":0,"href":"https:\/\/hookelab.com\/nl\/wp-json\/wp\/v2\/product\/45505\/revisions"}],"wp:featuredmedia":[{"embeddable":true,"href":"https:\/\/hookelab.com\/nl\/wp-json\/wp\/v2\/media\/28822"}],"wp:attachment":[{"href":"https:\/\/hookelab.com\/nl\/wp-json\/wp\/v2\/media?parent=45505"}],"wp:term":[{"taxonomy":"product_brand","embeddable":true,"href":"https:\/\/hookelab.com\/nl\/wp-json\/wp\/v2\/product_brand?post=45505"},{"taxonomy":"product_cat","embeddable":true,"href":"https:\/\/hookelab.com\/nl\/wp-json\/wp\/v2\/product_cat?post=45505"},{"taxonomy":"product_tag","embeddable":true,"href":"https:\/\/hookelab.com\/nl\/wp-json\/wp\/v2\/product_tag?post=45505"}],"curies":[{"name":"wp","href":"https:\/\/api.w.org\/{rel}","templated":true}]}}