{"id":44717,"date":"2025-04-11T04:56:53","date_gmt":"2025-04-11T04:56:53","guid":{"rendered":"https:\/\/hookelab.com\/product\/zirconia-zro2-setterframe-6-steunpoten-stapelbare-zakker\/"},"modified":"2025-04-11T04:56:53","modified_gmt":"2025-04-11T04:56:53","slug":"zirconia-zro2-setterframe-6-steunpoten-stapelbare-zakker","status":"publish","type":"product","link":"https:\/\/hookelab.com\/nl\/product\/zirconia-zro2-setterframe-6-steunpoten-stapelbare-zakker\/","title":{"rendered":"Zirconia (ZrO2) Setterframe, 6 steunpoten, stapelbare zakker"},"content":{"rendered":"","protected":false},"excerpt":{"rendered":"<ul>\n<li>ZrO2 instelkader met buitenafmetingen (L\u00d7B\u00d7H): 115\u00d760\u00d710 mm, maximale gebruikstemperatuur: 1750\u00b0C (kortstondig), 1600\u00b0C (continu)<\/li>\n<li>Dit Sintering Setter Frame is vervaardigd met behulp van zirkonia door middel van een slipgiet\/persgiet proces. Het is bestand tegen hoge temperaturen en chemicali\u00ebn. <\/li>\n<\/ul>\n","protected":false},"featured_media":34029,"comment_status":"open","ping_status":"closed","template":"","meta":[],"product_brand":[],"product_cat":[1378,1466],"product_tag":[],"class_list":{"0":"post-44717","1":"product","2":"type-product","3":"status-publish","4":"has-post-thumbnail","6":"product_cat-kroezen-boot","7":"product_cat-zirkoniumkroezen","9":"first","10":"instock","11":"shipping-taxable","12":"purchasable","13":"product-type-simple"},"_links":{"self":[{"href":"https:\/\/hookelab.com\/nl\/wp-json\/wp\/v2\/product\/44717","targetHints":{"allow":["GET"]}}],"collection":[{"href":"https:\/\/hookelab.com\/nl\/wp-json\/wp\/v2\/product"}],"about":[{"href":"https:\/\/hookelab.com\/nl\/wp-json\/wp\/v2\/types\/product"}],"replies":[{"embeddable":true,"href":"https:\/\/hookelab.com\/nl\/wp-json\/wp\/v2\/comments?post=44717"}],"version-history":[{"count":0,"href":"https:\/\/hookelab.com\/nl\/wp-json\/wp\/v2\/product\/44717\/revisions"}],"wp:featuredmedia":[{"embeddable":true,"href":"https:\/\/hookelab.com\/nl\/wp-json\/wp\/v2\/media\/34029"}],"wp:attachment":[{"href":"https:\/\/hookelab.com\/nl\/wp-json\/wp\/v2\/media?parent=44717"}],"wp:term":[{"taxonomy":"product_brand","embeddable":true,"href":"https:\/\/hookelab.com\/nl\/wp-json\/wp\/v2\/product_brand?post=44717"},{"taxonomy":"product_cat","embeddable":true,"href":"https:\/\/hookelab.com\/nl\/wp-json\/wp\/v2\/product_cat?post=44717"},{"taxonomy":"product_tag","embeddable":true,"href":"https:\/\/hookelab.com\/nl\/wp-json\/wp\/v2\/product_tag?post=44717"}],"curies":[{"name":"wp","href":"https:\/\/api.w.org\/{rel}","templated":true}]}}