{"id":40957,"date":"2025-03-09T13:28:57","date_gmt":"2025-03-09T13:28:57","guid":{"rendered":"https:\/\/hookelab.com\/product\/kwarts-macro-venster-cuvette-20mm-35ml-2-vensters-poeder-gesinterd\/"},"modified":"2025-03-09T13:28:57","modified_gmt":"2025-03-09T13:28:57","slug":"kwarts-macro-venster-cuvette-20mm-35ml-2-vensters-poeder-gesinterd","status":"publish","type":"product","link":"https:\/\/hookelab.com\/nl\/product\/kwarts-macro-venster-cuvette-20mm-35ml-2-vensters-poeder-gesinterd\/","title":{"rendered":"Kwarts Macro Venster Cuvette, 20mm, 35ml, 2 Vensters, Poeder Gesinterd"},"content":{"rendered":"\t\t\t<link rel=\"stylesheet\" id=\"elementor-post-47660-css\" href=\"https:\/\/hookelab.com\/wp-content\/uploads\/elementor\/css\/post-47660.css?ver=1776540380\" type=\"text\/css\" media=\"all\">\r\n\t\t\t\t\t<div data-elementor-type=\"wp-post\" data-elementor-id=\"47660\" class=\"elementor elementor-47660 elementor-30722\">\n\t\t\t\t<div class=\"wd-negative-gap elementor-element elementor-element-212cd0f e-grid e-con-boxed e-con e-parent\" data-id=\"212cd0f\" data-element_type=\"container\" data-e-type=\"container\">\n\t\t\t\t\t<div class=\"e-con-inner\">\n\t\t\t\t<div class=\"elementor-element elementor-element-14dd597 elementor-widget elementor-widget-wd_text_block\" data-id=\"14dd597\" data-element_type=\"widget\" data-e-type=\"widget\" data-widget_type=\"wd_text_block.default\">\n\t\t\t\t<div class=\"elementor-widget-container\">\n\t\t\t\t\t\t\t<div class=\"wd-text-block reset-last-child text-left\">\r\n\t\t\t\r\n\t\t\t<h2>Details<\/h2><ul><li>Materiaal: JGS-1 UV-kwarts<\/li><li>Inhoud: 35 ml<\/li><li>Vrijgegeven vensters: 2 vensters<\/li><li>Lichtpadenlengte: 20 mm<\/li><li>Wanddikte: 2 mm<\/li><li>Binnenafmeting (L\u00d7D\u00d7H): 43\u00d720\u00d750 mm<\/li><li>Geassembleerd type: Poeder Gesinterd<\/li><li>Transmissiebereik: 200-2500 nm<\/li><li>Optische prestatiefout van overbrengingsoppervlak: \u22640,3%<\/li><li>Inhoud verpakking: 1 stuk\/verpakking<\/li><\/ul><p>Poedersintercuvetten zijn bestand tegen temperaturen van 600\u2103, de meeste zuren, alkali\u00ebn en organische oplossingen.<\/p><p>Neem contact met ons op voor aangepaste opties als je cellen met een gelijmd of OCB productieproces nodig hebt.<\/p>\r\n\t\t\t\t\t<\/div>\r\n\t\t\t\t\t\t<\/div>\n\t\t\t\t<\/div>\n\t\t\t\t<div class=\"elementor-element elementor-element-67cc5cc elementor-widget elementor-widget-wd_image_or_svg\" data-id=\"67cc5cc\" data-element_type=\"widget\" data-e-type=\"widget\" data-widget_type=\"wd_image_or_svg.default\">\n\t\t\t\t<div class=\"elementor-widget-container\">\n\t\t\t\t\t\r\n\t\t<div class=\"wd-image text-left\">\r\n\t\t\t\t\t\t\t\t<img fetchpriority=\"high\" decoding=\"async\" width=\"700\" height=\"800\" src=\"https:\/\/hookelab.com\/wp-content\/uploads\/2025\/03\/Quartz-Macro-Window-Cuvette-20mm-35ml-2-Windows-Powder-Sintered04.jpg\" class=\"attachment-full size-full\" alt=\"Quartz-Macro-Window-Cuvette,-20mm,-35ml,-2-Windows,-Powder-Sintered04\" srcset=\"https:\/\/hookelab.com\/wp-content\/uploads\/2025\/03\/Quartz-Macro-Window-Cuvette-20mm-35ml-2-Windows-Powder-Sintered04.jpg 700w, https:\/\/hookelab.com\/wp-content\/uploads\/2025\/03\/Quartz-Macro-Window-Cuvette-20mm-35ml-2-Windows-Powder-Sintered04-263x300.jpg 263w, https:\/\/hookelab.com\/wp-content\/uploads\/2025\/03\/Quartz-Macro-Window-Cuvette-20mm-35ml-2-Windows-Powder-Sintered04-430x491.jpg 430w, https:\/\/hookelab.com\/wp-content\/uploads\/2025\/03\/Quartz-Macro-Window-Cuvette-20mm-35ml-2-Windows-Powder-Sintered04-150x171.jpg 150w\" sizes=\"(max-width: 700px) 100vw, 700px\" \/>\t\t\t\t\t<\/div>\r\n\r\n\t\t\t\t\t\t<\/div>\n\t\t\t\t<\/div>\n\t\t\t\t<div class=\"elementor-element elementor-element-cbad90b elementor-widget elementor-widget-wd_image_or_svg\" data-id=\"cbad90b\" data-element_type=\"widget\" data-e-type=\"widget\" data-widget_type=\"wd_image_or_svg.default\">\n\t\t\t\t<div class=\"elementor-widget-container\">\n\t\t\t\t\t\r\n\t\t<div class=\"wd-image text-left\">\r\n\t\t\t\t\t\t\t\t<img decoding=\"async\" width=\"551\" height=\"629\" src=\"https:\/\/hookelab.com\/wp-content\/uploads\/2025\/03\/Quartz-Macro-Window-Cuvette-20mm-35ml-2-Windows-Powder-Sintered07.jpg\" class=\"attachment-full size-full\" alt=\"Quartz-Macro-Window-Cuvette,-20mm,-35ml,-2-Windows,-Powder-Sintered07\" srcset=\"https:\/\/hookelab.com\/wp-content\/uploads\/2025\/03\/Quartz-Macro-Window-Cuvette-20mm-35ml-2-Windows-Powder-Sintered07.jpg 551w, https:\/\/hookelab.com\/wp-content\/uploads\/2025\/03\/Quartz-Macro-Window-Cuvette-20mm-35ml-2-Windows-Powder-Sintered07-263x300.jpg 263w, https:\/\/hookelab.com\/wp-content\/uploads\/2025\/03\/Quartz-Macro-Window-Cuvette-20mm-35ml-2-Windows-Powder-Sintered07-430x491.jpg 430w, https:\/\/hookelab.com\/wp-content\/uploads\/2025\/03\/Quartz-Macro-Window-Cuvette-20mm-35ml-2-Windows-Powder-Sintered07-150x171.jpg 150w\" sizes=\"(max-width: 551px) 100vw, 551px\" \/>\t\t\t\t\t<\/div>\r\n\r\n\t\t\t\t\t\t<\/div>\n\t\t\t\t<\/div>\n\t\t\t\t\t<\/div>\n\t\t\t\t<\/div>\n\t\t\t\t<\/div>\n\t\t\n","protected":false},"excerpt":{"rendered":"","protected":false},"featured_media":30726,"comment_status":"open","ping_status":"closed","template":"","meta":[],"product_brand":[],"product_cat":[1352,1426,1404,1393,1395],"product_tag":[],"class_list":{"0":"post-40957","1":"product","2":"type-product","3":"status-publish","4":"has-post-thumbnail","6":"product_cat-cuvetten-cellen","7":"product_cat-macro-kuvetten","8":"product_cat-macro-venster-cuvetten","9":"product_cat-spectrofotometercuvetten","10":"product_cat-uv-vis-kwarts-cuvetten-200-2500nm","12":"first","13":"instock","14":"shipping-taxable","15":"purchasable","16":"product-type-simple"},"_links":{"self":[{"href":"https:\/\/hookelab.com\/nl\/wp-json\/wp\/v2\/product\/40957","targetHints":{"allow":["GET"]}}],"collection":[{"href":"https:\/\/hookelab.com\/nl\/wp-json\/wp\/v2\/product"}],"about":[{"href":"https:\/\/hookelab.com\/nl\/wp-json\/wp\/v2\/types\/product"}],"replies":[{"embeddable":true,"href":"https:\/\/hookelab.com\/nl\/wp-json\/wp\/v2\/comments?post=40957"}],"version-history":[{"count":0,"href":"https:\/\/hookelab.com\/nl\/wp-json\/wp\/v2\/product\/40957\/revisions"}],"wp:featuredmedia":[{"embeddable":true,"href":"https:\/\/hookelab.com\/nl\/wp-json\/wp\/v2\/media\/30726"}],"wp:attachment":[{"href":"https:\/\/hookelab.com\/nl\/wp-json\/wp\/v2\/media?parent=40957"}],"wp:term":[{"taxonomy":"product_brand","embeddable":true,"href":"https:\/\/hookelab.com\/nl\/wp-json\/wp\/v2\/product_brand?post=40957"},{"taxonomy":"product_cat","embeddable":true,"href":"https:\/\/hookelab.com\/nl\/wp-json\/wp\/v2\/product_cat?post=40957"},{"taxonomy":"product_tag","embeddable":true,"href":"https:\/\/hookelab.com\/nl\/wp-json\/wp\/v2\/product_tag?post=40957"}],"curies":[{"name":"wp","href":"https:\/\/api.w.org\/{rel}","templated":true}]}}