{"id":40643,"date":"2025-03-05T13:59:38","date_gmt":"2025-03-05T13:59:38","guid":{"rendered":"https:\/\/hookelab.com\/product\/monstercel-met-kwartsdraad-en-schroefdop-30-mm-20-ml-2-vensters-poeder-gesinterd\/"},"modified":"2025-03-05T13:59:38","modified_gmt":"2025-03-05T13:59:38","slug":"monstercel-met-kwartsdraad-en-schroefdop-30-mm-20-ml-2-vensters-poeder-gesinterd","status":"publish","type":"product","link":"https:\/\/hookelab.com\/nl\/product\/monstercel-met-kwartsdraad-en-schroefdop-30-mm-20-ml-2-vensters-poeder-gesinterd\/","title":{"rendered":"Monstercel met kwartsdraad en schroefdop, 30 mm, 20 ml, 2 vensters, poeder gesinterd"},"content":{"rendered":"\t\t\t<link rel=\"stylesheet\" id=\"elementor-post-49345-css\" href=\"https:\/\/hookelab.com\/wp-content\/uploads\/elementor\/css\/post-49345.css?ver=1776423962\" type=\"text\/css\" media=\"all\">\r\n\t\t\t\t\t<div data-elementor-type=\"wp-post\" data-elementor-id=\"49345\" class=\"elementor elementor-49345 elementor-30414\">\n\t\t\t\t<div class=\"wd-negative-gap elementor-element elementor-element-212cd0f e-grid e-con-boxed e-con e-parent\" data-id=\"212cd0f\" data-element_type=\"container\" data-e-type=\"container\">\n\t\t\t\t\t<div class=\"e-con-inner\">\n\t\t\t\t<div class=\"elementor-element elementor-element-14dd597 elementor-widget elementor-widget-wd_text_block\" data-id=\"14dd597\" data-element_type=\"widget\" data-e-type=\"widget\" data-widget_type=\"wd_text_block.default\">\n\t\t\t\t<div class=\"elementor-widget-container\">\n\t\t\t\t\t\t\t<div class=\"wd-text-block reset-last-child text-left\">\r\n\t\t\t\r\n\t\t\t<h2>Details<\/h2><ul><li>Materiaal: JGS-1 UV-kwarts<\/li><li>Volume: 20 ml<\/li><li>Lichtpadenlengte: 30 mm<\/li><li>Vrijgegeven vensters: 2 vensters<\/li><li>Buitenafmeting met kap (L\u00d7D\u00d7H): 34\u00d732,5\u00d755 mm<\/li><li>Geassembleerd type: Poeder Gesinterd<\/li><li>Transmissiebereik: 200-2500 nm<\/li><li>Optische prestatiefout van overbrengingsoppervlak: \u22640,3%<\/li><li>Inhoud verpakking: 1 stuk\/verpakking<\/li><\/ul><p>Poedersintercuvetten zijn bestand tegen temperaturen van 600\u2103, de meeste zuren, alkali\u00ebn en organische oplossingen.<\/p><p>Neem contact met ons op voor aangepaste opties als u cellen nodig hebt met een gelijmd of OCB productieproces.<\/p>\r\n\t\t\t\t\t<\/div>\r\n\t\t\t\t\t\t<\/div>\n\t\t\t\t<\/div>\n\t\t\t\t<div class=\"elementor-element elementor-element-cbad90b elementor-widget elementor-widget-wd_image_or_svg\" data-id=\"cbad90b\" data-element_type=\"widget\" data-e-type=\"widget\" data-widget_type=\"wd_image_or_svg.default\">\n\t\t\t\t<div class=\"elementor-widget-container\">\n\t\t\t\t\t\r\n\t\t<div class=\"wd-image text-left\">\r\n\t\t\t\t\t\t\t\t<img fetchpriority=\"high\" decoding=\"async\" width=\"800\" height=\"914\" src=\"https:\/\/hookelab.com\/wp-content\/uploads\/2025\/03\/Quartz-Thread-Sample-Cell-with-Screw-Cap-30mm-20ml-2-Windows-Powder-Sintered03.jpg\" class=\"attachment-full size-full\" alt=\"\" srcset=\"https:\/\/hookelab.com\/wp-content\/uploads\/2025\/03\/Quartz-Thread-Sample-Cell-with-Screw-Cap-30mm-20ml-2-Windows-Powder-Sintered03.jpg 800w, https:\/\/hookelab.com\/wp-content\/uploads\/2025\/03\/Quartz-Thread-Sample-Cell-with-Screw-Cap-30mm-20ml-2-Windows-Powder-Sintered03-263x300.jpg 263w, https:\/\/hookelab.com\/wp-content\/uploads\/2025\/03\/Quartz-Thread-Sample-Cell-with-Screw-Cap-30mm-20ml-2-Windows-Powder-Sintered03-700x800.jpg 700w, https:\/\/hookelab.com\/wp-content\/uploads\/2025\/03\/Quartz-Thread-Sample-Cell-with-Screw-Cap-30mm-20ml-2-Windows-Powder-Sintered03-768x877.jpg 768w, https:\/\/hookelab.com\/wp-content\/uploads\/2025\/03\/Quartz-Thread-Sample-Cell-with-Screw-Cap-30mm-20ml-2-Windows-Powder-Sintered03-430x491.jpg 430w, https:\/\/hookelab.com\/wp-content\/uploads\/2025\/03\/Quartz-Thread-Sample-Cell-with-Screw-Cap-30mm-20ml-2-Windows-Powder-Sintered03-150x171.jpg 150w\" sizes=\"(max-width: 800px) 100vw, 800px\" \/>\t\t\t\t\t<\/div>\r\n\r\n\t\t\t\t\t\t<\/div>\n\t\t\t\t<\/div>\n\t\t\t\t<div class=\"elementor-element elementor-element-67cc5cc elementor-widget elementor-widget-wd_image_or_svg\" data-id=\"67cc5cc\" data-element_type=\"widget\" data-e-type=\"widget\" data-widget_type=\"wd_image_or_svg.default\">\n\t\t\t\t<div class=\"elementor-widget-container\">\n\t\t\t\t\t\r\n\t\t<div class=\"wd-image text-left\">\r\n\t\t\t\t\t\t\t\t<img decoding=\"async\" width=\"700\" height=\"800\" src=\"https:\/\/hookelab.com\/wp-content\/uploads\/2025\/03\/Quartz-Thread-Sample-Cell-with-Screw-Cap-30mm-20ml-2-Windows-Powder-Sintered07.jpg\" class=\"attachment-full size-full\" alt=\"\" srcset=\"https:\/\/hookelab.com\/wp-content\/uploads\/2025\/03\/Quartz-Thread-Sample-Cell-with-Screw-Cap-30mm-20ml-2-Windows-Powder-Sintered07.jpg 700w, https:\/\/hookelab.com\/wp-content\/uploads\/2025\/03\/Quartz-Thread-Sample-Cell-with-Screw-Cap-30mm-20ml-2-Windows-Powder-Sintered07-263x300.jpg 263w, https:\/\/hookelab.com\/wp-content\/uploads\/2025\/03\/Quartz-Thread-Sample-Cell-with-Screw-Cap-30mm-20ml-2-Windows-Powder-Sintered07-430x491.jpg 430w, https:\/\/hookelab.com\/wp-content\/uploads\/2025\/03\/Quartz-Thread-Sample-Cell-with-Screw-Cap-30mm-20ml-2-Windows-Powder-Sintered07-150x171.jpg 150w\" sizes=\"(max-width: 700px) 100vw, 700px\" \/>\t\t\t\t\t<\/div>\r\n\r\n\t\t\t\t\t\t<\/div>\n\t\t\t\t<\/div>\n\t\t\t\t\t<\/div>\n\t\t\t\t<\/div>\n\t\t\t\t<\/div>\n\t\t\n","protected":false},"excerpt":{"rendered":"<ul>\n<li>Poedergesinterde cuvet met PTFE-schroefdop heeft een goede afdichting en is geschikt voor organische vluchtige oplossingen.<\/li>\n<li>Over het algemeen gebruiken we standaard siliconen pakkingen en we hebben ook PTFE pakkingen om uit te kiezen. De laatste hebben een sterkere corrosiebestendigheid, maar de afdichting zal iets slechter zijn dan de eerste.<\/li>\n<li>Als je het wilt gebruiken in een anaeroob experiment, kies dan OCB Cuvette met PTFE Schroefdop.<\/li>\n<\/ul>\n","protected":false},"featured_media":30418,"comment_status":"open","ping_status":"closed","template":"","meta":[],"product_brand":[],"product_cat":[1352,1434,1433,1426,1404,1393,1395],"product_tag":[],"class_list":{"0":"post-40643","1":"product","2":"type-product","3":"status-publish","4":"has-post-thumbnail","6":"product_cat-cuvetten-cellen","7":"product_cat-cuvetten-met-schroefdop-2","8":"product_cat-luchtdichte-cuvetten-2","9":"product_cat-macro-kuvetten","10":"product_cat-macro-venster-cuvetten","11":"product_cat-spectrofotometercuvetten","12":"product_cat-uv-vis-kwarts-cuvetten-200-2500nm","14":"first","15":"instock","16":"shipping-taxable","17":"purchasable","18":"product-type-simple"},"_links":{"self":[{"href":"https:\/\/hookelab.com\/nl\/wp-json\/wp\/v2\/product\/40643","targetHints":{"allow":["GET"]}}],"collection":[{"href":"https:\/\/hookelab.com\/nl\/wp-json\/wp\/v2\/product"}],"about":[{"href":"https:\/\/hookelab.com\/nl\/wp-json\/wp\/v2\/types\/product"}],"replies":[{"embeddable":true,"href":"https:\/\/hookelab.com\/nl\/wp-json\/wp\/v2\/comments?post=40643"}],"version-history":[{"count":0,"href":"https:\/\/hookelab.com\/nl\/wp-json\/wp\/v2\/product\/40643\/revisions"}],"wp:featuredmedia":[{"embeddable":true,"href":"https:\/\/hookelab.com\/nl\/wp-json\/wp\/v2\/media\/30418"}],"wp:attachment":[{"href":"https:\/\/hookelab.com\/nl\/wp-json\/wp\/v2\/media?parent=40643"}],"wp:term":[{"taxonomy":"product_brand","embeddable":true,"href":"https:\/\/hookelab.com\/nl\/wp-json\/wp\/v2\/product_brand?post=40643"},{"taxonomy":"product_cat","embeddable":true,"href":"https:\/\/hookelab.com\/nl\/wp-json\/wp\/v2\/product_cat?post=40643"},{"taxonomy":"product_tag","embeddable":true,"href":"https:\/\/hookelab.com\/nl\/wp-json\/wp\/v2\/product_tag?post=40643"}],"curies":[{"name":"wp","href":"https:\/\/api.w.org\/{rel}","templated":true}]}}