{"id":40565,"date":"2025-03-05T13:09:45","date_gmt":"2025-03-05T13:09:45","guid":{"rendered":"https:\/\/hookelab.com\/product\/kwarts-kuvette-met-korte-schroefdraad-voor-fluorometers-5-vensters-10-mm-25-ml-ocb\/"},"modified":"2025-03-05T13:09:45","modified_gmt":"2025-03-05T13:09:45","slug":"kwarts-kuvette-met-korte-schroefdraad-voor-fluorometers-5-vensters-10-mm-25-ml-ocb","status":"publish","type":"product","link":"https:\/\/hookelab.com\/nl\/product\/kwarts-kuvette-met-korte-schroefdraad-voor-fluorometers-5-vensters-10-mm-25-ml-ocb\/","title":{"rendered":"Kwarts kuvette met korte schroefdraad, voor fluorometers, 5 vensters, 10 mm, 2,5 ml, OCB"},"content":{"rendered":"\t\t\t<link rel=\"stylesheet\" id=\"elementor-post-49278-css\" href=\"https:\/\/hookelab.com\/wp-content\/uploads\/elementor\/css\/post-49278.css?ver=1776462452\" type=\"text\/css\" media=\"all\">\r\n\t\t\t\t\t<div data-elementor-type=\"wp-post\" data-elementor-id=\"49278\" class=\"elementor elementor-49278 elementor-30351\">\n\t\t\t\t<div class=\"wd-negative-gap elementor-element elementor-element-212cd0f e-grid e-con-boxed e-con e-parent\" data-id=\"212cd0f\" data-element_type=\"container\" data-e-type=\"container\">\n\t\t\t\t\t<div class=\"e-con-inner\">\n\t\t\t\t<div class=\"elementor-element elementor-element-14dd597 elementor-widget elementor-widget-wd_text_block\" data-id=\"14dd597\" data-element_type=\"widget\" data-e-type=\"widget\" data-widget_type=\"wd_text_block.default\">\n\t\t\t\t<div class=\"elementor-widget-container\">\n\t\t\t\t\t\t\t<div class=\"wd-text-block reset-last-child text-left\">\r\n\t\t\t\r\n\t\t\t<h2>Details<\/h2><ul><li>Materiaal: JGS-1 UV-kwarts<\/li><li>Volume: 2,5 ml<\/li><li>Lichtpadenlengte: 10 mm<\/li><li>Schone vensters: 5 vensters<\/li><li>Buitenafmeting met kap (L\u00d7D\u00d7H): 12,5\u00d712,5\u00d748 mm<\/li><li>Geassembleerd type: Optische contactverbinding (OCB)<\/li><li>Transmissiebereik: 200-2500 nm<\/li><li>Optische prestatiefout van overbrengingsoppervlak: \u22640,3%<\/li><li>Inhoud verpakking: 1 stuk\/verpakking<\/li><\/ul><p>OCB Cuvette is bestand tegen hoge temperaturen, zuren en alkali\u00ebn en organische oplosmiddelen.<\/p>\r\n\t\t\t\t\t<\/div>\r\n\t\t\t\t\t\t<\/div>\n\t\t\t\t<\/div>\n\t\t\t\t<div class=\"elementor-element elementor-element-67cc5cc elementor-widget elementor-widget-wd_image_or_svg\" data-id=\"67cc5cc\" data-element_type=\"widget\" data-e-type=\"widget\" data-widget_type=\"wd_image_or_svg.default\">\n\t\t\t\t<div class=\"elementor-widget-container\">\n\t\t\t\t\t\r\n\t\t<div class=\"wd-image text-left\">\r\n\t\t\t\t\t\t\t\t<img fetchpriority=\"high\" decoding=\"async\" width=\"700\" height=\"800\" src=\"https:\/\/hookelab.com\/wp-content\/uploads\/2025\/03\/Quartz-Short-Thread-Cuvette-for-Fluorometers-5-Windows-10mm-OCB02.jpg\" class=\"attachment-full size-full\" alt=\"\" srcset=\"https:\/\/hookelab.com\/wp-content\/uploads\/2025\/03\/Quartz-Short-Thread-Cuvette-for-Fluorometers-5-Windows-10mm-OCB02.jpg 700w, https:\/\/hookelab.com\/wp-content\/uploads\/2025\/03\/Quartz-Short-Thread-Cuvette-for-Fluorometers-5-Windows-10mm-OCB02-263x300.jpg 263w, https:\/\/hookelab.com\/wp-content\/uploads\/2025\/03\/Quartz-Short-Thread-Cuvette-for-Fluorometers-5-Windows-10mm-OCB02-430x491.jpg 430w, https:\/\/hookelab.com\/wp-content\/uploads\/2025\/03\/Quartz-Short-Thread-Cuvette-for-Fluorometers-5-Windows-10mm-OCB02-150x171.jpg 150w\" sizes=\"(max-width: 700px) 100vw, 700px\" \/>\t\t\t\t\t<\/div>\r\n\r\n\t\t\t\t\t\t<\/div>\n\t\t\t\t<\/div>\n\t\t\t\t<div class=\"elementor-element elementor-element-cbad90b elementor-widget elementor-widget-wd_image_or_svg\" data-id=\"cbad90b\" data-element_type=\"widget\" data-e-type=\"widget\" data-widget_type=\"wd_image_or_svg.default\">\n\t\t\t\t<div class=\"elementor-widget-container\">\n\t\t\t\t\t\r\n\t\t<div class=\"wd-image text-left\">\r\n\t\t\t\t\t\t\t\t<img decoding=\"async\" width=\"790\" height=\"903\" src=\"https:\/\/hookelab.com\/wp-content\/uploads\/2025\/03\/Quartz-Short-Thread-Cuvette-for-Fluorometers-5-Windows-10mm-OCB06.jpg\" class=\"attachment-full size-full\" alt=\"\" srcset=\"https:\/\/hookelab.com\/wp-content\/uploads\/2025\/03\/Quartz-Short-Thread-Cuvette-for-Fluorometers-5-Windows-10mm-OCB06.jpg 790w, https:\/\/hookelab.com\/wp-content\/uploads\/2025\/03\/Quartz-Short-Thread-Cuvette-for-Fluorometers-5-Windows-10mm-OCB06-262x300.jpg 262w, https:\/\/hookelab.com\/wp-content\/uploads\/2025\/03\/Quartz-Short-Thread-Cuvette-for-Fluorometers-5-Windows-10mm-OCB06-700x800.jpg 700w, https:\/\/hookelab.com\/wp-content\/uploads\/2025\/03\/Quartz-Short-Thread-Cuvette-for-Fluorometers-5-Windows-10mm-OCB06-768x878.jpg 768w, https:\/\/hookelab.com\/wp-content\/uploads\/2025\/03\/Quartz-Short-Thread-Cuvette-for-Fluorometers-5-Windows-10mm-OCB06-430x492.jpg 430w, https:\/\/hookelab.com\/wp-content\/uploads\/2025\/03\/Quartz-Short-Thread-Cuvette-for-Fluorometers-5-Windows-10mm-OCB06-150x171.jpg 150w\" sizes=\"(max-width: 790px) 100vw, 790px\" \/>\t\t\t\t\t<\/div>\r\n\r\n\t\t\t\t\t\t<\/div>\n\t\t\t\t<\/div>\n\t\t\t\t\t<\/div>\n\t\t\t\t<\/div>\n\t\t\t\t<\/div>\n\t\t\n","protected":false},"excerpt":{"rendered":"<ul>\n<li>Deze verzegelde cuvet heeft een standaard bodemmaat van 12,5\u00d712,5 mm, maar is korter dan de standaard draadcuvette, de totale hoogte met kap is 48 mm.<\/li>\n<li>OCB Cuvette met PTFE-schroefdop is geschikt voor anaerobe experimenten.<\/li>\n<li>Over het algemeen gebruiken we standaard siliconen pakkingen en we hebben ook PTFE pakkingen om uit te kiezen. De laatste hebben een sterkere corrosiebestendigheid, maar de afdichting zal iets slechter zijn dan de eerste.<\/li>\n<\/ul>\n","protected":false},"featured_media":30361,"comment_status":"open","ping_status":"closed","template":"","meta":[],"product_brand":[],"product_cat":[1352,1424,1414,1413,1425,1416],"product_tag":[],"class_list":{"0":"post-40565","1":"product","2":"type-product","3":"status-publish","4":"has-post-thumbnail","6":"product_cat-cuvetten-cellen","7":"product_cat-cuvetten-met-schroefdop","8":"product_cat-fluorometercuvetten","9":"product_cat-kwartsstandaardcuvetten","10":"product_cat-luchtdichte-cuvetten","11":"product_cat-uv-vis-kwarts-cuvetten-200-2500nm-2","13":"first","14":"instock","15":"shipping-taxable","16":"purchasable","17":"product-type-simple"},"_links":{"self":[{"href":"https:\/\/hookelab.com\/nl\/wp-json\/wp\/v2\/product\/40565","targetHints":{"allow":["GET"]}}],"collection":[{"href":"https:\/\/hookelab.com\/nl\/wp-json\/wp\/v2\/product"}],"about":[{"href":"https:\/\/hookelab.com\/nl\/wp-json\/wp\/v2\/types\/product"}],"replies":[{"embeddable":true,"href":"https:\/\/hookelab.com\/nl\/wp-json\/wp\/v2\/comments?post=40565"}],"version-history":[{"count":0,"href":"https:\/\/hookelab.com\/nl\/wp-json\/wp\/v2\/product\/40565\/revisions"}],"wp:featuredmedia":[{"embeddable":true,"href":"https:\/\/hookelab.com\/nl\/wp-json\/wp\/v2\/media\/30361"}],"wp:attachment":[{"href":"https:\/\/hookelab.com\/nl\/wp-json\/wp\/v2\/media?parent=40565"}],"wp:term":[{"taxonomy":"product_brand","embeddable":true,"href":"https:\/\/hookelab.com\/nl\/wp-json\/wp\/v2\/product_brand?post=40565"},{"taxonomy":"product_cat","embeddable":true,"href":"https:\/\/hookelab.com\/nl\/wp-json\/wp\/v2\/product_cat?post=40565"},{"taxonomy":"product_tag","embeddable":true,"href":"https:\/\/hookelab.com\/nl\/wp-json\/wp\/v2\/product_tag?post=40565"}],"curies":[{"name":"wp","href":"https:\/\/api.w.org\/{rel}","templated":true}]}}