{"id":40485,"date":"2025-03-05T12:44:58","date_gmt":"2025-03-05T12:44:58","guid":{"rendered":"https:\/\/hookelab.com\/product\/kwartsstroomcuvette-met-trechterontwerp-10mm-4-vensters-35ml-ocb\/"},"modified":"2025-03-05T12:44:58","modified_gmt":"2025-03-05T12:44:58","slug":"kwartsstroomcuvette-met-trechterontwerp-10mm-4-vensters-35ml-ocb","status":"publish","type":"product","link":"https:\/\/hookelab.com\/nl\/product\/kwartsstroomcuvette-met-trechterontwerp-10mm-4-vensters-35ml-ocb\/","title":{"rendered":"Kwartsstroomcuvette met trechterontwerp, 10mm, 4 vensters, 3,5ml, OCB"},"content":{"rendered":"\t\t\t<link rel=\"stylesheet\" id=\"elementor-post-49216-css\" href=\"https:\/\/hookelab.com\/wp-content\/uploads\/elementor\/css\/post-49216.css?ver=1776311629\" type=\"text\/css\" media=\"all\">\r\n\t\t\t\t\t<div data-elementor-type=\"wp-post\" data-elementor-id=\"49216\" class=\"elementor elementor-49216 elementor-30300\">\n\t\t\t\t<div class=\"wd-negative-gap elementor-element elementor-element-212cd0f e-grid e-con-boxed e-con e-parent\" data-id=\"212cd0f\" data-element_type=\"container\" data-e-type=\"container\">\n\t\t\t\t\t<div class=\"e-con-inner\">\n\t\t\t\t<div class=\"elementor-element elementor-element-14dd597 elementor-widget elementor-widget-wd_text_block\" data-id=\"14dd597\" data-element_type=\"widget\" data-e-type=\"widget\" data-widget_type=\"wd_text_block.default\">\n\t\t\t\t<div class=\"elementor-widget-container\">\n\t\t\t\t\t\t\t<div class=\"wd-text-block reset-last-child text-left\">\r\n\t\t\t\r\n\t\t\t<h2>Details<\/h2><ul><li>Materiaal: JGS-1 UV-kwarts<\/li><li>Volume: 3,5 ml<\/li><li>Lichtpadenlengte: 10 mm<\/li><li>Schone ramen: 4 ramen<\/li><li>Binnenafmeting (L\u00d7D\u00d7H): 33\u00d710\u00d710 mm<\/li><li>Inlaat-\/uitlaatbuizen: OD 4mm, ID 2mm, L 10mm<\/li><li>Geassembleerd type: Optische contactverbinding (OCB)<\/li><li>Transmissiebereik: 200-2500 nm<\/li><li>Optische prestatiefout van overbrengingsoppervlak: \u22640,3%<\/li><li>Inhoud verpakking: 1 stuk\/verpakking<\/li><\/ul><p>OCB Cuvette is bestand tegen hoge temperaturen, zuren en alkali\u00ebn en organische oplosmiddelen.<\/p>\r\n\t\t\t\t\t<\/div>\r\n\t\t\t\t\t\t<\/div>\n\t\t\t\t<\/div>\n\t\t\t\t<div class=\"elementor-element elementor-element-67cc5cc elementor-widget elementor-widget-wd_image_or_svg\" data-id=\"67cc5cc\" data-element_type=\"widget\" data-e-type=\"widget\" data-widget_type=\"wd_image_or_svg.default\">\n\t\t\t\t<div class=\"elementor-widget-container\">\n\t\t\t\t\t\r\n\t\t<div class=\"wd-image text-left\">\r\n\t\t\t\t\t\t\t\t<img fetchpriority=\"high\" decoding=\"async\" width=\"800\" height=\"914\" src=\"https:\/\/hookelab.com\/wp-content\/uploads\/2025\/03\/Quartz-Flow-Cuvette-with-Funnel-Design-10mm-4-Windows-OCB02.jpg\" class=\"attachment-full size-full\" alt=\"\" srcset=\"https:\/\/hookelab.com\/wp-content\/uploads\/2025\/03\/Quartz-Flow-Cuvette-with-Funnel-Design-10mm-4-Windows-OCB02.jpg 800w, https:\/\/hookelab.com\/wp-content\/uploads\/2025\/03\/Quartz-Flow-Cuvette-with-Funnel-Design-10mm-4-Windows-OCB02-263x300.jpg 263w, https:\/\/hookelab.com\/wp-content\/uploads\/2025\/03\/Quartz-Flow-Cuvette-with-Funnel-Design-10mm-4-Windows-OCB02-700x800.jpg 700w, https:\/\/hookelab.com\/wp-content\/uploads\/2025\/03\/Quartz-Flow-Cuvette-with-Funnel-Design-10mm-4-Windows-OCB02-768x877.jpg 768w, https:\/\/hookelab.com\/wp-content\/uploads\/2025\/03\/Quartz-Flow-Cuvette-with-Funnel-Design-10mm-4-Windows-OCB02-430x491.jpg 430w, https:\/\/hookelab.com\/wp-content\/uploads\/2025\/03\/Quartz-Flow-Cuvette-with-Funnel-Design-10mm-4-Windows-OCB02-150x171.jpg 150w\" sizes=\"(max-width: 800px) 100vw, 800px\" \/>\t\t\t\t\t<\/div>\r\n\r\n\t\t\t\t\t\t<\/div>\n\t\t\t\t<\/div>\n\t\t\t\t<div class=\"elementor-element elementor-element-cbad90b elementor-widget elementor-widget-wd_image_or_svg\" data-id=\"cbad90b\" data-element_type=\"widget\" data-e-type=\"widget\" data-widget_type=\"wd_image_or_svg.default\">\n\t\t\t\t<div class=\"elementor-widget-container\">\n\t\t\t\t\t\r\n\t\t<div class=\"wd-image text-left\">\r\n\t\t\t\t\t\t\t\t<img decoding=\"async\" width=\"598\" height=\"684\" src=\"https:\/\/hookelab.com\/wp-content\/uploads\/2025\/03\/Quartz-Flow-Cuvette-with-Funnel-Design-10mm-4-Windows-OCB04.jpg\" class=\"attachment-full size-full\" alt=\"\" srcset=\"https:\/\/hookelab.com\/wp-content\/uploads\/2025\/03\/Quartz-Flow-Cuvette-with-Funnel-Design-10mm-4-Windows-OCB04.jpg 598w, https:\/\/hookelab.com\/wp-content\/uploads\/2025\/03\/Quartz-Flow-Cuvette-with-Funnel-Design-10mm-4-Windows-OCB04-262x300.jpg 262w, https:\/\/hookelab.com\/wp-content\/uploads\/2025\/03\/Quartz-Flow-Cuvette-with-Funnel-Design-10mm-4-Windows-OCB04-430x492.jpg 430w, https:\/\/hookelab.com\/wp-content\/uploads\/2025\/03\/Quartz-Flow-Cuvette-with-Funnel-Design-10mm-4-Windows-OCB04-150x172.jpg 150w\" sizes=\"(max-width: 598px) 100vw, 598px\" \/>\t\t\t\t\t<\/div>\r\n\r\n\t\t\t\t\t\t<\/div>\n\t\t\t\t<\/div>\n\t\t\t\t\t<\/div>\n\t\t\t\t<\/div>\n\t\t\t\t<\/div>\n\t\t\n","protected":false},"excerpt":{"rendered":"<ul>\n<li>Beide zijden van deze stromende cuvet hebben een kwartsconnector, met afmetingen van OD4mm\u00d7ID2mm\u00d7L10mm.<\/li>\n<li>Een van de speciale kenmerken van deze doorstroomcuvette is het trechtervormige ontwerp aan de binnenkant, waardoor er niet snel belletjes ontstaan.<\/li>\n<\/ul>\n","protected":false},"featured_media":30303,"comment_status":"open","ping_status":"closed","template":"","meta":[],"product_brand":[],"product_cat":[1352,1415,1414,1413,1416],"product_tag":[],"class_list":{"0":"post-40485","1":"product","2":"type-product","3":"status-publish","4":"has-post-thumbnail","6":"product_cat-cuvetten-cellen","7":"product_cat-doorstroomcuvetten-2","8":"product_cat-fluorometercuvetten","9":"product_cat-kwartsstandaardcuvetten","10":"product_cat-uv-vis-kwarts-cuvetten-200-2500nm-2","12":"first","13":"instock","14":"shipping-taxable","15":"purchasable","16":"product-type-simple"},"_links":{"self":[{"href":"https:\/\/hookelab.com\/nl\/wp-json\/wp\/v2\/product\/40485","targetHints":{"allow":["GET"]}}],"collection":[{"href":"https:\/\/hookelab.com\/nl\/wp-json\/wp\/v2\/product"}],"about":[{"href":"https:\/\/hookelab.com\/nl\/wp-json\/wp\/v2\/types\/product"}],"replies":[{"embeddable":true,"href":"https:\/\/hookelab.com\/nl\/wp-json\/wp\/v2\/comments?post=40485"}],"version-history":[{"count":0,"href":"https:\/\/hookelab.com\/nl\/wp-json\/wp\/v2\/product\/40485\/revisions"}],"wp:featuredmedia":[{"embeddable":true,"href":"https:\/\/hookelab.com\/nl\/wp-json\/wp\/v2\/media\/30303"}],"wp:attachment":[{"href":"https:\/\/hookelab.com\/nl\/wp-json\/wp\/v2\/media?parent=40485"}],"wp:term":[{"taxonomy":"product_brand","embeddable":true,"href":"https:\/\/hookelab.com\/nl\/wp-json\/wp\/v2\/product_brand?post=40485"},{"taxonomy":"product_cat","embeddable":true,"href":"https:\/\/hookelab.com\/nl\/wp-json\/wp\/v2\/product_cat?post=40485"},{"taxonomy":"product_tag","embeddable":true,"href":"https:\/\/hookelab.com\/nl\/wp-json\/wp\/v2\/product_tag?post=40485"}],"curies":[{"name":"wp","href":"https:\/\/api.w.org\/{rel}","templated":true}]}}