{"id":48129,"date":"2025-02-12T09:25:00","date_gmt":"2025-02-12T09:25:00","guid":{"rendered":"https:\/\/hookelab.com\/product\/%eb%a7%9e%ec%b6%a4%ed%98%95-%eb%b0%80%ed%8f%90-%ed%81%90%eb%b2%b3-12-5ml-%ed%88%ac%eb%aa%85-%ec%b0%bd-6%ea%b0%9c-ocb\/"},"modified":"2025-02-12T09:25:00","modified_gmt":"2025-02-12T09:25:00","slug":"%eb%a7%9e%ec%b6%a4%ed%98%95-%eb%b0%80%ed%8f%90-%ed%81%90%eb%b2%b3-12-5ml-%ed%88%ac%eb%aa%85-%ec%b0%bd-6%ea%b0%9c-ocb","status":"publish","type":"product","link":"https:\/\/hookelab.com\/ko\/product\/%eb%a7%9e%ec%b6%a4%ed%98%95-%eb%b0%80%ed%8f%90-%ed%81%90%eb%b2%b3-12-5ml-%ed%88%ac%eb%aa%85-%ec%b0%bd-6%ea%b0%9c-ocb\/","title":{"rendered":"\ub9de\ucda4\ud615 \ubc00\ud3d0 \ud050\ubcb3, 12.5ml, \ud22c\uba85 \ucc3d 6\uac1c, OCB"},"content":{"rendered":"\t\t\t<link rel=\"stylesheet\" id=\"elementor-post-49497-css\" href=\"https:\/\/hookelab.com\/wp-content\/uploads\/elementor\/css\/post-49497.css?ver=1776302228\" type=\"text\/css\" media=\"all\">\r\n\t\t\t\t\t<div data-elementor-type=\"wp-post\" data-elementor-id=\"49497\" class=\"elementor elementor-49497 elementor-28552\">\n\t\t\t\t<div class=\"wd-negative-gap elementor-element elementor-element-212cd0f e-grid e-con-boxed e-con e-parent\" data-id=\"212cd0f\" data-element_type=\"container\" data-e-type=\"container\">\n\t\t\t\t\t<div class=\"e-con-inner\">\n\t\t\t\t<div class=\"elementor-element elementor-element-14dd597 elementor-widget elementor-widget-wd_text_block\" data-id=\"14dd597\" data-element_type=\"widget\" data-e-type=\"widget\" data-widget_type=\"wd_text_block.default\">\n\t\t\t\t<div class=\"elementor-widget-container\">\n\t\t\t\t\t\t\t<div class=\"wd-text-block reset-last-child text-left\">\r\n\t\t\t\r\n\t\t\t<h2>\uc138\ubd80 \uc815\ubcf4<\/h2><ul><li>\uc7ac\uc9c8: JGS-1 UV \uc11d\uc601<\/li><li>\uc6a9\ub7c9: 12.5ml<\/li><li>\ucc3d\uc744 \uc9c0\uc6e0\uc2b5\ub2c8\ub2e4: 6\uac1c \ucc3d<\/li><li>\uad11 \uacbd\ub85c \uae38\uc774: 30mm\/10mm \ub4c0\uc5bc \uacbd\ub85c \uae38\uc774<\/li><li>\ubcbd \ub450\uaed8: 1.25mm<\/li><li>\ucea1 \uc720\ud615: PTFE M10 \uc678\ubd80 \ub098\uc0ac\uc0b0 \ucea1<\/li><li>\ucea1 \ud3ec\ud568 \uc678\ubd80 \uce58\uc218(L\u00d7W\u00d7H): 32.5\u00d712.5\u00d760mm<\/li><li>\uc870\ub9bd\ud615: \uad11\ud559 \uc811\uc810 \ubcf8\ub529(OCB)<\/li><li>\uc804\uc1a1 \ubc94\uc704: 200-2500nm<\/li><li>\ud22c\uacfc\uc728 \ud45c\uba74\uc758 \uad11\ud559 \uc131\ub2a5 \uc624\ucc28: \u22640.3%<\/li><\/ul><p>OCB \ud050\ubcb3\uc740 \uace0\uc628 \uc800\ud56d\uc131, \ub0b4\uc0b0\uc131 \ubc0f \ub0b4\uc54c\uce7c\ub9ac\uc131, \uc720\uae30 \uc6a9\ub9e4 \uc800\ud56d\uc131\uc744 \uac16\ucd94\uace0 \uc788\uc2b5\ub2c8\ub2e4.<\/p><p>PTFE \ucea1\uc740 \ubd80\uc2dd \ubc29\uc9c0 \uc218\uba85\uc774 \uae38\uace0 \uce21\uc815\ub41c \uc6a9\ub9e4\uc5d0 \uac70\uc758 \uc601\ud5a5\uc744 \ubbf8\uce58\uc9c0 \uc54a\uc2b5\ub2c8\ub2e4.<\/p>\r\n\t\t\t\t\t<\/div>\r\n\t\t\t\t\t\t<\/div>\n\t\t\t\t<\/div>\n\t\t\t\t<div class=\"elementor-element elementor-element-cbad90b elementor-widget elementor-widget-wd_image_or_svg\" data-id=\"cbad90b\" data-element_type=\"widget\" data-e-type=\"widget\" data-widget_type=\"wd_image_or_svg.default\">\n\t\t\t\t<div class=\"elementor-widget-container\">\n\t\t\t\t\t\r\n\t\t<div class=\"wd-image text-left\">\r\n\t\t\t\t\t\t\t\t<img fetchpriority=\"high\" decoding=\"async\" width=\"700\" height=\"800\" src=\"https:\/\/hookelab.com\/wp-content\/uploads\/2025\/02\/Customized-Air-tight-Cuvette-6-Clear-Windows-OCB02.png\" class=\"attachment-full size-full\" alt=\"\" srcset=\"https:\/\/hookelab.com\/wp-content\/uploads\/2025\/02\/Customized-Air-tight-Cuvette-6-Clear-Windows-OCB02.png 700w, https:\/\/hookelab.com\/wp-content\/uploads\/2025\/02\/Customized-Air-tight-Cuvette-6-Clear-Windows-OCB02-263x300.png 263w, https:\/\/hookelab.com\/wp-content\/uploads\/2025\/02\/Customized-Air-tight-Cuvette-6-Clear-Windows-OCB02-430x491.png 430w, https:\/\/hookelab.com\/wp-content\/uploads\/2025\/02\/Customized-Air-tight-Cuvette-6-Clear-Windows-OCB02-150x171.png 150w\" sizes=\"(max-width: 700px) 100vw, 700px\" \/>\t\t\t\t\t<\/div>\r\n\r\n\t\t\t\t\t\t<\/div>\n\t\t\t\t<\/div>\n\t\t\t\t<div class=\"elementor-element elementor-element-67cc5cc elementor-widget elementor-widget-wd_image_or_svg\" data-id=\"67cc5cc\" data-element_type=\"widget\" data-e-type=\"widget\" data-widget_type=\"wd_image_or_svg.default\">\n\t\t\t\t<div class=\"elementor-widget-container\">\n\t\t\t\t\t\r\n\t\t<div class=\"wd-image text-left\">\r\n\t\t\t\t\t\t\t\t<img decoding=\"async\" width=\"800\" height=\"914\" src=\"https:\/\/hookelab.com\/wp-content\/uploads\/2025\/02\/Customized-Air-tight-Cuvette-6-Clear-Windows-OCB06.png\" class=\"attachment-full size-full\" alt=\"\" srcset=\"https:\/\/hookelab.com\/wp-content\/uploads\/2025\/02\/Customized-Air-tight-Cuvette-6-Clear-Windows-OCB06.png 800w, https:\/\/hookelab.com\/wp-content\/uploads\/2025\/02\/Customized-Air-tight-Cuvette-6-Clear-Windows-OCB06-263x300.png 263w, https:\/\/hookelab.com\/wp-content\/uploads\/2025\/02\/Customized-Air-tight-Cuvette-6-Clear-Windows-OCB06-700x800.png 700w, https:\/\/hookelab.com\/wp-content\/uploads\/2025\/02\/Customized-Air-tight-Cuvette-6-Clear-Windows-OCB06-768x877.png 768w, https:\/\/hookelab.com\/wp-content\/uploads\/2025\/02\/Customized-Air-tight-Cuvette-6-Clear-Windows-OCB06-430x491.png 430w, https:\/\/hookelab.com\/wp-content\/uploads\/2025\/02\/Customized-Air-tight-Cuvette-6-Clear-Windows-OCB06-150x171.png 150w\" sizes=\"(max-width: 800px) 100vw, 800px\" \/>\t\t\t\t\t<\/div>\r\n\r\n\t\t\t\t\t\t<\/div>\n\t\t\t\t<\/div>\n\t\t\t\t\t<\/div>\n\t\t\t\t<\/div>\n\t\t\t\t<\/div>\n\t\t\n","protected":false},"excerpt":{"rendered":"","protected":false},"featured_media":28554,"comment_status":"open","ping_status":"closed","template":"","meta":[],"product_brand":[],"product_cat":[1408,1420,1417,1427,1421,1357,1406],"product_tag":[],"class_list":{"0":"post-48129","1":"product","2":"type-product","3":"status-publish","4":"has-post-thumbnail","6":"product_cat-uv-vis---200-2500nm-2","7":"product_cat-1420","8":"product_cat----2","9":"product_cat-1427","10":"product_cat-1421","11":"product_cat-1357","12":"product_cat-1406","14":"first","15":"instock","16":"shipping-taxable","17":"purchasable","18":"product-type-simple"},"_links":{"self":[{"href":"https:\/\/hookelab.com\/ko\/wp-json\/wp\/v2\/product\/48129","targetHints":{"allow":["GET"]}}],"collection":[{"href":"https:\/\/hookelab.com\/ko\/wp-json\/wp\/v2\/product"}],"about":[{"href":"https:\/\/hookelab.com\/ko\/wp-json\/wp\/v2\/types\/product"}],"replies":[{"embeddable":true,"href":"https:\/\/hookelab.com\/ko\/wp-json\/wp\/v2\/comments?post=48129"}],"version-history":[{"count":0,"href":"https:\/\/hookelab.com\/ko\/wp-json\/wp\/v2\/product\/48129\/revisions"}],"wp:featuredmedia":[{"embeddable":true,"href":"https:\/\/hookelab.com\/ko\/wp-json\/wp\/v2\/media\/28554"}],"wp:attachment":[{"href":"https:\/\/hookelab.com\/ko\/wp-json\/wp\/v2\/media?parent=48129"}],"wp:term":[{"taxonomy":"product_brand","embeddable":true,"href":"https:\/\/hookelab.com\/ko\/wp-json\/wp\/v2\/product_brand?post=48129"},{"taxonomy":"product_cat","embeddable":true,"href":"https:\/\/hookelab.com\/ko\/wp-json\/wp\/v2\/product_cat?post=48129"},{"taxonomy":"product_tag","embeddable":true,"href":"https:\/\/hookelab.com\/ko\/wp-json\/wp\/v2\/product_tag?post=48129"}],"curies":[{"name":"wp","href":"https:\/\/api.w.org\/{rel}","templated":true}]}}