{"id":47260,"date":"2025-03-02T13:52:57","date_gmt":"2025-03-02T13:52:57","guid":{"rendered":"https:\/\/hookelab.com\/product\/%eb%a7%9e%ec%b6%a4%ed%98%95-%eb%b6%84%eb%a6%ac%ed%98%95-%ec%84%9d%ec%98%81-%ed%81%90%eb%b2%b3-%ec%a0%95%ec%82%ac%ea%b0%81%ed%98%95-%eb%aa%a8%ec%96%91-0-1mm-8ul-%ec%a0%91%ec%b0%a9%ec%8b%9d\/"},"modified":"2025-03-02T13:52:57","modified_gmt":"2025-03-02T13:52:57","slug":"%eb%a7%9e%ec%b6%a4%ed%98%95-%eb%b6%84%eb%a6%ac%ed%98%95-%ec%84%9d%ec%98%81-%ed%81%90%eb%b2%b3-%ec%a0%95%ec%82%ac%ea%b0%81%ed%98%95-%eb%aa%a8%ec%96%91-0-1mm-8ul-%ec%a0%91%ec%b0%a9%ec%8b%9d","status":"publish","type":"product","link":"https:\/\/hookelab.com\/ko\/product\/%eb%a7%9e%ec%b6%a4%ed%98%95-%eb%b6%84%eb%a6%ac%ed%98%95-%ec%84%9d%ec%98%81-%ed%81%90%eb%b2%b3-%ec%a0%95%ec%82%ac%ea%b0%81%ed%98%95-%eb%aa%a8%ec%96%91-0-1mm-8ul-%ec%a0%91%ec%b0%a9%ec%8b%9d\/","title":{"rendered":"\ub9de\ucda4\ud615 \ubd84\ub9ac\ud615 \uc11d\uc601 \ud050\ubcb3, \uc815\uc0ac\uac01\ud615 \ubaa8\uc591, 0.1mm, 8ul, \uc811\ucc29\uc2dd"},"content":{"rendered":"\t\t\t<link rel=\"stylesheet\" id=\"elementor-post-49018-css\" href=\"https:\/\/hookelab.com\/wp-content\/uploads\/elementor\/css\/post-49018.css?ver=1776421128\" type=\"text\/css\" media=\"all\">\r\n\t\t\t\t\t<div data-elementor-type=\"wp-post\" data-elementor-id=\"49018\" class=\"elementor elementor-49018 elementor-30089\">\n\t\t\t\t<div class=\"wd-negative-gap elementor-element elementor-element-212cd0f e-grid e-con-boxed e-con e-parent\" data-id=\"212cd0f\" data-element_type=\"container\" data-e-type=\"container\">\n\t\t\t\t\t<div class=\"e-con-inner\">\n\t\t\t\t<div class=\"elementor-element elementor-element-14dd597 elementor-widget elementor-widget-wd_text_block\" data-id=\"14dd597\" data-element_type=\"widget\" data-e-type=\"widget\" data-widget_type=\"wd_text_block.default\">\n\t\t\t\t<div class=\"elementor-widget-container\">\n\t\t\t\t\t\t\t<div class=\"wd-text-block reset-last-child text-left\">\r\n\t\t\t\r\n\t\t\t<h2>\uc138\ubd80 \uc815\ubcf4<\/h2><ul><li>\uc7ac\uc9c8: JGS-1 UV \uc11d\uc601<\/li><li>\uc6a9\ub7c9: 8\uc6b8<\/li><li>\ube5b\uc758 \uacbd\ub85c \uae38\uc774: 0.1mm<\/li><li>\ucee4\ubc84 \ud50c\ub808\uc774\ud2b8 \ud06c\uae30(L\u00d7W\u00d7D): 45\u00d712\u00d71.25mm<\/li><li>\uadf8\ub8e8\ube0c \ub524(L\u00d7W\u00d7D): 10\u00d710\u00d70.1 mm<\/li><li>\ud648\uacfc \ud50c\ub808\uc774\ud2b8 \uac00\uc7a5\uc790\ub9ac \uc0ac\uc774\uc758 \uac70\ub9ac: 1mm<\/li><li>\uc870\ub9bd\ud615: \uc811\ucc29\uc2dd<\/li><li>\uc804\uc1a1 \ubc94\uc704: 200-2500nm<\/li><li>\ube5b \ud22c\uacfc\uc728: &gt;80%<\/li><li>\ud22c\uacfc\uc728 \ud45c\uba74\uc758 \uad11\ud559 \uc131\ub2a5 \uc624\ucc28: &lt;0.3%<\/li><li>\ud328\ud0a4\uc9c0 \uad6c\uc131\ud488 1\uac1c\/\ud329<\/li><\/ul>\r\n\t\t\t\t\t<\/div>\r\n\t\t\t\t\t\t<\/div>\n\t\t\t\t<\/div>\n\t\t\t\t<div class=\"elementor-element elementor-element-cbad90b elementor-widget elementor-widget-wd_image_or_svg\" data-id=\"cbad90b\" data-element_type=\"widget\" data-e-type=\"widget\" data-widget_type=\"wd_image_or_svg.default\">\n\t\t\t\t<div class=\"elementor-widget-container\">\n\t\t\t\t\t\r\n\t\t<div class=\"wd-image text-left\">\r\n\t\t\t\t\t\t\t\t<img fetchpriority=\"high\" decoding=\"async\" width=\"700\" height=\"800\" src=\"https:\/\/hookelab.com\/wp-content\/uploads\/2025\/03\/Customized-Demountable-Quartz-Cuvette-with-Cover-8ul-Glued07.jpg\" class=\"attachment-full size-full\" alt=\"\" srcset=\"https:\/\/hookelab.com\/wp-content\/uploads\/2025\/03\/Customized-Demountable-Quartz-Cuvette-with-Cover-8ul-Glued07.jpg 700w, https:\/\/hookelab.com\/wp-content\/uploads\/2025\/03\/Customized-Demountable-Quartz-Cuvette-with-Cover-8ul-Glued07-263x300.jpg 263w, https:\/\/hookelab.com\/wp-content\/uploads\/2025\/03\/Customized-Demountable-Quartz-Cuvette-with-Cover-8ul-Glued07-430x491.jpg 430w, https:\/\/hookelab.com\/wp-content\/uploads\/2025\/03\/Customized-Demountable-Quartz-Cuvette-with-Cover-8ul-Glued07-150x171.jpg 150w\" sizes=\"(max-width: 700px) 100vw, 700px\" \/>\t\t\t\t\t<\/div>\r\n\r\n\t\t\t\t\t\t<\/div>\n\t\t\t\t<\/div>\n\t\t\t\t<div class=\"elementor-element elementor-element-67cc5cc elementor-widget elementor-widget-wd_image_or_svg\" data-id=\"67cc5cc\" data-element_type=\"widget\" data-e-type=\"widget\" data-widget_type=\"wd_image_or_svg.default\">\n\t\t\t\t<div class=\"elementor-widget-container\">\n\t\t\t\t\t\r\n\t\t<div class=\"wd-image text-left\">\r\n\t\t\t\t\t\t\t\t<img decoding=\"async\" width=\"800\" height=\"914\" src=\"https:\/\/hookelab.com\/wp-content\/uploads\/2025\/03\/Customized-Demountable-Quartz-Cuvette-with-Cover-8ul-Glued08.jpg\" class=\"attachment-full size-full\" alt=\"\" srcset=\"https:\/\/hookelab.com\/wp-content\/uploads\/2025\/03\/Customized-Demountable-Quartz-Cuvette-with-Cover-8ul-Glued08.jpg 800w, https:\/\/hookelab.com\/wp-content\/uploads\/2025\/03\/Customized-Demountable-Quartz-Cuvette-with-Cover-8ul-Glued08-263x300.jpg 263w, https:\/\/hookelab.com\/wp-content\/uploads\/2025\/03\/Customized-Demountable-Quartz-Cuvette-with-Cover-8ul-Glued08-700x800.jpg 700w, https:\/\/hookelab.com\/wp-content\/uploads\/2025\/03\/Customized-Demountable-Quartz-Cuvette-with-Cover-8ul-Glued08-768x877.jpg 768w, https:\/\/hookelab.com\/wp-content\/uploads\/2025\/03\/Customized-Demountable-Quartz-Cuvette-with-Cover-8ul-Glued08-430x491.jpg 430w, https:\/\/hookelab.com\/wp-content\/uploads\/2025\/03\/Customized-Demountable-Quartz-Cuvette-with-Cover-8ul-Glued08-150x171.jpg 150w\" sizes=\"(max-width: 800px) 100vw, 800px\" \/>\t\t\t\t\t<\/div>\r\n\r\n\t\t\t\t\t\t<\/div>\n\t\t\t\t<\/div>\n\t\t\t\t\t<\/div>\n\t\t\t\t<\/div>\n\t\t\t\t<\/div>\n\t\t\n","protected":false},"excerpt":{"rendered":"","protected":false},"featured_media":30084,"comment_status":"open","ping_status":"closed","template":"","meta":[],"product_brand":[],"product_cat":[1394,1390,1392,1468,1357],"product_tag":[],"class_list":{"0":"post-47260","1":"product","2":"type-product","3":"status-publish","4":"has-post-thumbnail","6":"product_cat-uv-vis---200-2500nm","7":"product_cat-1390","8":"product_cat-1392","9":"product_cat-1468","10":"product_cat-1357","12":"first","13":"instock","14":"shipping-taxable","15":"purchasable","16":"product-type-simple"},"_links":{"self":[{"href":"https:\/\/hookelab.com\/ko\/wp-json\/wp\/v2\/product\/47260","targetHints":{"allow":["GET"]}}],"collection":[{"href":"https:\/\/hookelab.com\/ko\/wp-json\/wp\/v2\/product"}],"about":[{"href":"https:\/\/hookelab.com\/ko\/wp-json\/wp\/v2\/types\/product"}],"replies":[{"embeddable":true,"href":"https:\/\/hookelab.com\/ko\/wp-json\/wp\/v2\/comments?post=47260"}],"version-history":[{"count":0,"href":"https:\/\/hookelab.com\/ko\/wp-json\/wp\/v2\/product\/47260\/revisions"}],"wp:featuredmedia":[{"embeddable":true,"href":"https:\/\/hookelab.com\/ko\/wp-json\/wp\/v2\/media\/30084"}],"wp:attachment":[{"href":"https:\/\/hookelab.com\/ko\/wp-json\/wp\/v2\/media?parent=47260"}],"wp:term":[{"taxonomy":"product_brand","embeddable":true,"href":"https:\/\/hookelab.com\/ko\/wp-json\/wp\/v2\/product_brand?post=47260"},{"taxonomy":"product_cat","embeddable":true,"href":"https:\/\/hookelab.com\/ko\/wp-json\/wp\/v2\/product_cat?post=47260"},{"taxonomy":"product_tag","embeddable":true,"href":"https:\/\/hookelab.com\/ko\/wp-json\/wp\/v2\/product_tag?post=47260"}],"curies":[{"name":"wp","href":"https:\/\/api.w.org\/{rel}","templated":true}]}}