{"id":46941,"date":"2025-02-28T10:49:56","date_gmt":"2025-02-28T10:49:56","guid":{"rendered":"https:\/\/hookelab.com\/product\/%eb%82%98%ec%82%ac-%ec%ba%a1%ec%9d%b4-%ec%9e%88%eb%8a%94-%ed%91%9c%ec%a4%80-%ec%84%9d%ec%98%81-%ed%81%90%eb%b2%b3-%ec%99%84%ec%a0%84-%eb%b0%80%ed%8f%90-10mm-3-5ml-5%ec%9c%88%eb%8f%84%ec%9a%b0-ocb\/"},"modified":"2025-02-28T10:49:56","modified_gmt":"2025-02-28T10:49:56","slug":"%eb%82%98%ec%82%ac-%ec%ba%a1%ec%9d%b4-%ec%9e%88%eb%8a%94-%ed%91%9c%ec%a4%80-%ec%84%9d%ec%98%81-%ed%81%90%eb%b2%b3-%ec%99%84%ec%a0%84-%eb%b0%80%ed%8f%90-10mm-3-5ml-5%ec%9c%88%eb%8f%84%ec%9a%b0-ocb","status":"publish","type":"product","link":"https:\/\/hookelab.com\/ko\/product\/%eb%82%98%ec%82%ac-%ec%ba%a1%ec%9d%b4-%ec%9e%88%eb%8a%94-%ed%91%9c%ec%a4%80-%ec%84%9d%ec%98%81-%ed%81%90%eb%b2%b3-%ec%99%84%ec%a0%84-%eb%b0%80%ed%8f%90-10mm-3-5ml-5%ec%9c%88%eb%8f%84%ec%9a%b0-ocb\/","title":{"rendered":"\ub098\uc0ac \ucea1\uc774 \uc788\ub294 \ud45c\uc900 \uc11d\uc601 \ud050\ubcb3, \uc644\uc804 \ubc00\ud3d0, 10mm, 3.5ml, 5\uc708\ub3c4\uc6b0, OCB"},"content":{"rendered":"\t\t\t<link rel=\"stylesheet\" id=\"elementor-post-48765-css\" href=\"https:\/\/hookelab.com\/wp-content\/uploads\/elementor\/css\/post-48765.css?ver=1776425911\" type=\"text\/css\" media=\"all\">\r\n\t\t\t\t\t<div data-elementor-type=\"wp-post\" data-elementor-id=\"48765\" class=\"elementor elementor-48765 elementor-29856\">\n\t\t\t\t<div class=\"wd-negative-gap elementor-element elementor-element-212cd0f e-grid e-con-boxed e-con e-parent\" data-id=\"212cd0f\" data-element_type=\"container\" data-e-type=\"container\">\n\t\t\t\t\t<div class=\"e-con-inner\">\n\t\t\t\t<div class=\"elementor-element elementor-element-14dd597 elementor-widget elementor-widget-wd_text_block\" data-id=\"14dd597\" data-element_type=\"widget\" data-e-type=\"widget\" data-widget_type=\"wd_text_block.default\">\n\t\t\t\t<div class=\"elementor-widget-container\">\n\t\t\t\t\t\t\t<div class=\"wd-text-block reset-last-child text-left\">\r\n\t\t\t\r\n\t\t\t<h2>\uc138\ubd80 \uc815\ubcf4<\/h2><ul><li>\uc7ac\uc9c8: JGS-1 UV \uc11d\uc601<\/li><li>\uc6a9\ub7c9: 3.5 ml<\/li><li>\ube5b\uc758 \uacbd\ub85c \uae38\uc774: 10 mm<\/li><li>\ucc3d \uc9c0\uc6b0\uae30: 5 Windows<\/li><li>\ucea1\uc774 \uc788\ub294 \uc678\ubd80 \uc870\uad11(L\u00d7W\u00d7H): 12.5\u00d712.5\u00d756mm<\/li><li>\ucea1 \uc720\ud615: PTFE M12 \uc678\ubd80 \ub098\uc0ac \ucea1<\/li><li>\uc870\ub9bd\ud615: \uad11\ud559 \uc811\uc810 \ubcf8\ub529(OCB)<\/li><li>\uc804\uc1a1 \ubc94\uc704: 200-2500nm<\/li><li>\ud22c\uacfc\uc728 \ud45c\uba74\uc758 \uad11\ud559 \uc131\ub2a5 \uc624\ucc28: \u22640.3%<\/li><li>\ud328\ud0a4\uc9c0 \uad6c\uc131\ud488 1\uac1c\/\ud329<\/li><\/ul><p>OCB \ud050\ubcb3\uc740 \uace0\uc628 \uc800\ud56d\uc131, \ub0b4\uc0b0\uc131 \ubc0f \ub0b4\uc54c\uce7c\ub9ac\uc131, \uc720\uae30 \uc6a9\ub9e4 \uc800\ud56d\uc131\uc744 \uac16\ucd94\uace0 \uc788\uc2b5\ub2c8\ub2e4.<\/p><p>PTFE \ucea1\uc740 \ubd80\uc2dd \ubc29\uc9c0 \uc218\uba85\uc774 \uae38\uace0 \uce21\uc815\ub41c \uc6a9\ub9e4\uc5d0 \uac70\uc758 \uc601\ud5a5\uc744 \ubbf8\uce58\uc9c0 \uc54a\uc2b5\ub2c8\ub2e4.<\/p>\r\n\t\t\t\t\t<\/div>\r\n\t\t\t\t\t\t<\/div>\n\t\t\t\t<\/div>\n\t\t\t\t<div class=\"elementor-element elementor-element-67cc5cc elementor-widget elementor-widget-wd_image_or_svg\" data-id=\"67cc5cc\" data-element_type=\"widget\" data-e-type=\"widget\" data-widget_type=\"wd_image_or_svg.default\">\n\t\t\t\t<div class=\"elementor-widget-container\">\n\t\t\t\t\t\r\n\t\t<div class=\"wd-image text-left\">\r\n\t\t\t\t\t\t\t\t<img fetchpriority=\"high\" decoding=\"async\" width=\"700\" height=\"800\" src=\"https:\/\/hookelab.com\/wp-content\/uploads\/2025\/02\/Standard-Quartz-Cuvette-with-Screw-Cap-Fully-Sealed-10mm-5-Windows-OCB03.jpg\" class=\"attachment-full size-full\" alt=\"\" srcset=\"https:\/\/hookelab.com\/wp-content\/uploads\/2025\/02\/Standard-Quartz-Cuvette-with-Screw-Cap-Fully-Sealed-10mm-5-Windows-OCB03.jpg 700w, https:\/\/hookelab.com\/wp-content\/uploads\/2025\/02\/Standard-Quartz-Cuvette-with-Screw-Cap-Fully-Sealed-10mm-5-Windows-OCB03-263x300.jpg 263w, https:\/\/hookelab.com\/wp-content\/uploads\/2025\/02\/Standard-Quartz-Cuvette-with-Screw-Cap-Fully-Sealed-10mm-5-Windows-OCB03-430x491.jpg 430w, https:\/\/hookelab.com\/wp-content\/uploads\/2025\/02\/Standard-Quartz-Cuvette-with-Screw-Cap-Fully-Sealed-10mm-5-Windows-OCB03-150x171.jpg 150w\" sizes=\"(max-width: 700px) 100vw, 700px\" \/>\t\t\t\t\t<\/div>\r\n\r\n\t\t\t\t\t\t<\/div>\n\t\t\t\t<\/div>\n\t\t\t\t<div class=\"elementor-element elementor-element-cbad90b elementor-widget elementor-widget-wd_image_or_svg\" data-id=\"cbad90b\" data-element_type=\"widget\" data-e-type=\"widget\" data-widget_type=\"wd_image_or_svg.default\">\n\t\t\t\t<div class=\"elementor-widget-container\">\n\t\t\t\t\t\r\n\t\t<div class=\"wd-image text-left\">\r\n\t\t\t\t\t\t\t\t<img decoding=\"async\" width=\"800\" height=\"914\" src=\"https:\/\/hookelab.com\/wp-content\/uploads\/2025\/02\/Standard-Quartz-Cuvette-with-Screw-Cap-Fully-Sealed-10mm-5-Windows-OCB08.jpg\" class=\"attachment-full size-full\" alt=\"\" srcset=\"https:\/\/hookelab.com\/wp-content\/uploads\/2025\/02\/Standard-Quartz-Cuvette-with-Screw-Cap-Fully-Sealed-10mm-5-Windows-OCB08.jpg 800w, https:\/\/hookelab.com\/wp-content\/uploads\/2025\/02\/Standard-Quartz-Cuvette-with-Screw-Cap-Fully-Sealed-10mm-5-Windows-OCB08-263x300.jpg 263w, https:\/\/hookelab.com\/wp-content\/uploads\/2025\/02\/Standard-Quartz-Cuvette-with-Screw-Cap-Fully-Sealed-10mm-5-Windows-OCB08-700x800.jpg 700w, https:\/\/hookelab.com\/wp-content\/uploads\/2025\/02\/Standard-Quartz-Cuvette-with-Screw-Cap-Fully-Sealed-10mm-5-Windows-OCB08-768x877.jpg 768w, https:\/\/hookelab.com\/wp-content\/uploads\/2025\/02\/Standard-Quartz-Cuvette-with-Screw-Cap-Fully-Sealed-10mm-5-Windows-OCB08-430x491.jpg 430w, https:\/\/hookelab.com\/wp-content\/uploads\/2025\/02\/Standard-Quartz-Cuvette-with-Screw-Cap-Fully-Sealed-10mm-5-Windows-OCB08-150x171.jpg 150w\" sizes=\"(max-width: 800px) 100vw, 800px\" \/>\t\t\t\t\t<\/div>\r\n\r\n\t\t\t\t\t\t<\/div>\n\t\t\t\t<\/div>\n\t\t\t\t\t<\/div>\n\t\t\t\t<\/div>\n\t\t\t\t<\/div>\n\t\t\n","protected":false},"excerpt":{"rendered":"<ul>\n<li>PTFE \ub098\uc0ac \ucea1\uc774 \uc788\ub294 OCB \ud050\ubcb3\uc740 \ud610\uae30\uc131 \uc2e4\ud5d8\uc5d0 \uc801\ud569\ud569\ub2c8\ub2e4.<\/li>\n<li>\uc77c\ubc18\uc801\uc73c\ub85c \uc2e4\ub9ac\ucf58 \uac1c\uc2a4\ud0b7\uc744 \uae30\ubcf8\uc73c\ub85c \uc0ac\uc6a9\ud558\uba70, \uc120\ud0dd\ud560 \uc218 \uc788\ub294 PTFE \uac1c\uc2a4\ud0b7\ub3c4 \uc788\ub294\ub370, \ud6c4\uc790\ub294 \ub0b4\uc2dd\uc131\uc774 \ub354 \uac15\ud558\uc9c0\ub9cc \ubc00\ubd09\uc774 \uc804\uc790\ubcf4\ub2e4 \uc57d\uac04 \ub5a8\uc5b4\uc9d1\ub2c8\ub2e4.<\/li>\n<\/ul>\n","protected":false},"featured_media":29860,"comment_status":"open","ping_status":"closed","template":"","meta":[],"product_brand":[],"product_cat":[1408,1420,1421,1405,1357,1406],"product_tag":[],"class_list":{"0":"post-46941","1":"product","2":"type-product","3":"status-publish","4":"has-post-thumbnail","6":"product_cat-uv-vis---200-2500nm-2","7":"product_cat-1420","8":"product_cat-1421","9":"product_cat-1405","10":"product_cat-1357","11":"product_cat-1406","13":"first","14":"instock","15":"shipping-taxable","16":"purchasable","17":"product-type-simple"},"_links":{"self":[{"href":"https:\/\/hookelab.com\/ko\/wp-json\/wp\/v2\/product\/46941","targetHints":{"allow":["GET"]}}],"collection":[{"href":"https:\/\/hookelab.com\/ko\/wp-json\/wp\/v2\/product"}],"about":[{"href":"https:\/\/hookelab.com\/ko\/wp-json\/wp\/v2\/types\/product"}],"replies":[{"embeddable":true,"href":"https:\/\/hookelab.com\/ko\/wp-json\/wp\/v2\/comments?post=46941"}],"version-history":[{"count":0,"href":"https:\/\/hookelab.com\/ko\/wp-json\/wp\/v2\/product\/46941\/revisions"}],"wp:featuredmedia":[{"embeddable":true,"href":"https:\/\/hookelab.com\/ko\/wp-json\/wp\/v2\/media\/29860"}],"wp:attachment":[{"href":"https:\/\/hookelab.com\/ko\/wp-json\/wp\/v2\/media?parent=46941"}],"wp:term":[{"taxonomy":"product_brand","embeddable":true,"href":"https:\/\/hookelab.com\/ko\/wp-json\/wp\/v2\/product_brand?post=46941"},{"taxonomy":"product_cat","embeddable":true,"href":"https:\/\/hookelab.com\/ko\/wp-json\/wp\/v2\/product_cat?post=46941"},{"taxonomy":"product_tag","embeddable":true,"href":"https:\/\/hookelab.com\/ko\/wp-json\/wp\/v2\/product_tag?post=46941"}],"curies":[{"name":"wp","href":"https:\/\/api.w.org\/{rel}","templated":true}]}}