{"id":46854,"date":"2025-02-27T14:32:45","date_gmt":"2025-02-27T14:32:45","guid":{"rendered":"https:\/\/hookelab.com\/product\/%ec%84%9d%ec%98%81-%ed%81%90%eb%b2%b3-%eb%82%98%ec%82%ac-%ec%ba%a1-%ed%8f%ac%ed%95%a8-%eb%a7%a4%ed%81%ac%eb%a1%9c-%ec%9c%88%eb%8f%84%ec%9a%b0-13mm-24ml-%ec%9c%88%eb%8f%84%ec%9a%b0-2%ea%b0%9c\/"},"modified":"2025-02-27T14:32:45","modified_gmt":"2025-02-27T14:32:45","slug":"%ec%84%9d%ec%98%81-%ed%81%90%eb%b2%b3-%eb%82%98%ec%82%ac-%ec%ba%a1-%ed%8f%ac%ed%95%a8-%eb%a7%a4%ed%81%ac%eb%a1%9c-%ec%9c%88%eb%8f%84%ec%9a%b0-13mm-24ml-%ec%9c%88%eb%8f%84%ec%9a%b0-2%ea%b0%9c","status":"publish","type":"product","link":"https:\/\/hookelab.com\/ko\/product\/%ec%84%9d%ec%98%81-%ed%81%90%eb%b2%b3-%eb%82%98%ec%82%ac-%ec%ba%a1-%ed%8f%ac%ed%95%a8-%eb%a7%a4%ed%81%ac%eb%a1%9c-%ec%9c%88%eb%8f%84%ec%9a%b0-13mm-24ml-%ec%9c%88%eb%8f%84%ec%9a%b0-2%ea%b0%9c\/","title":{"rendered":"\uc11d\uc601 \ud050\ubcb3, \ub098\uc0ac \ucea1 \ud3ec\ud568, \ub9e4\ud06c\ub85c \uc708\ub3c4\uc6b0, 13mm, 24ml, \uc708\ub3c4\uc6b0 2\uac1c, \ubd84\ub9d0 \uc18c\uacb0"},"content":{"rendered":"\t\t\t<link rel=\"stylesheet\" id=\"elementor-post-48705-css\" href=\"https:\/\/hookelab.com\/wp-content\/uploads\/elementor\/css\/post-48705.css?ver=1776430931\" type=\"text\/css\" media=\"all\">\r\n\t\t\t\t\t<div data-elementor-type=\"wp-post\" data-elementor-id=\"48705\" class=\"elementor elementor-48705 elementor-29774\">\n\t\t\t\t<div class=\"wd-negative-gap elementor-element elementor-element-212cd0f e-grid e-con-boxed e-con e-parent\" data-id=\"212cd0f\" data-element_type=\"container\" data-e-type=\"container\">\n\t\t\t\t\t<div class=\"e-con-inner\">\n\t\t\t\t<div class=\"elementor-element elementor-element-14dd597 elementor-widget elementor-widget-wd_text_block\" data-id=\"14dd597\" data-element_type=\"widget\" data-e-type=\"widget\" data-widget_type=\"wd_text_block.default\">\n\t\t\t\t<div class=\"elementor-widget-container\">\n\t\t\t\t\t\t\t<div class=\"wd-text-block reset-last-child text-left\">\r\n\t\t\t\r\n\t\t\t<h2>\uc138\ubd80 \uc815\ubcf4<\/h2><ul><li>\uc7ac\uc9c8: S1 UV \uc11d\uc601  <\/li><li>\uc6a9\ub7c9: 24ml<\/li><li>\ube5b\uc758 \uacbd\ub85c \uae38\uc774: 13mm<\/li><li>\uc9c0\uc6cc\uc9c4 \ucc3d: 2\uac1c \ucc3d<\/li><li>\ucea1\uc774 \uc788\ub294 \uc678\ubd80 \uc870\uad11(L\u00d7D\u00d7H): 52\u00d715.5\u00d768mm<\/li><li>\ucea1 \uc720\ud615: PTFE M9 \uc678\ubd80 \ub098\uc0ac \ucea1<\/li><li>\uc870\ub9bd\ud615: \ubd84\ub9d0 \uc18c\uacb0<\/li><li>\uc804\uc1a1 \ubc94\uc704: 200-2500nm<\/li><li>\ud22c\uacfc\uc728 \ud45c\uba74\uc758 \uad11\ud559 \uc131\ub2a5 \uc624\ucc28: \u22640.3%<\/li><li>\ud328\ud0a4\uc9c0 \uad6c\uc131\ud488 1\uac1c\/\ud329<\/li><\/ul><p>\ubd84\ub9d0 \uc18c\uacb0 \ud050\ubcb3\uc740 600\u2103\uc758 \uc628\ub3c4\ub97c \uacac\ub51c \uc218 \uc788\uc73c\uba70 \ub300\ubd80\ubd84\uc758 \uc0b0, \uc54c\uce7c\ub9ac \ubc0f \uc720\uae30 \uc6a9\uc561\uc5d0 \ub0b4\uc131\uc774 \uc788\uc2b5\ub2c8\ub2e4.<\/p><p>\uc811\ucc29\uc2dd \ub610\ub294 OCB \uc0dd\uc0b0 \uacf5\uc815\uc774 \ud544\uc694\ud55c \uc140\uc774 \ud544\uc694\ud55c \uacbd\uc6b0 \ub9de\ucda4\ud615 \uc635\uc158\uc5d0 \ub300\ud574 \ubb38\uc758\ud574 \uc8fc\uc138\uc694.<\/p>\r\n\t\t\t\t\t<\/div>\r\n\t\t\t\t\t\t<\/div>\n\t\t\t\t<\/div>\n\t\t\t\t<div class=\"elementor-element elementor-element-cbad90b elementor-widget elementor-widget-wd_image_or_svg\" data-id=\"cbad90b\" data-element_type=\"widget\" data-e-type=\"widget\" data-widget_type=\"wd_image_or_svg.default\">\n\t\t\t\t<div class=\"elementor-widget-container\">\n\t\t\t\t\t\r\n\t\t<div class=\"wd-image text-left\">\r\n\t\t\t\t\t\t\t\t<img fetchpriority=\"high\" decoding=\"async\" width=\"731\" height=\"836\" src=\"https:\/\/hookelab.com\/wp-content\/uploads\/2025\/02\/Quartz-Cuvette-with-Screw-Cap-Macro-Window-13mm-24ml-2-Windows-Powder-Sintered03.jpg\" class=\"attachment-full size-full\" alt=\"\" srcset=\"https:\/\/hookelab.com\/wp-content\/uploads\/2025\/02\/Quartz-Cuvette-with-Screw-Cap-Macro-Window-13mm-24ml-2-Windows-Powder-Sintered03.jpg 731w, https:\/\/hookelab.com\/wp-content\/uploads\/2025\/02\/Quartz-Cuvette-with-Screw-Cap-Macro-Window-13mm-24ml-2-Windows-Powder-Sintered03-262x300.jpg 262w, https:\/\/hookelab.com\/wp-content\/uploads\/2025\/02\/Quartz-Cuvette-with-Screw-Cap-Macro-Window-13mm-24ml-2-Windows-Powder-Sintered03-700x801.jpg 700w, https:\/\/hookelab.com\/wp-content\/uploads\/2025\/02\/Quartz-Cuvette-with-Screw-Cap-Macro-Window-13mm-24ml-2-Windows-Powder-Sintered03-430x492.jpg 430w, https:\/\/hookelab.com\/wp-content\/uploads\/2025\/02\/Quartz-Cuvette-with-Screw-Cap-Macro-Window-13mm-24ml-2-Windows-Powder-Sintered03-150x172.jpg 150w\" sizes=\"(max-width: 731px) 100vw, 731px\" \/>\t\t\t\t\t<\/div>\r\n\r\n\t\t\t\t\t\t<\/div>\n\t\t\t\t<\/div>\n\t\t\t\t<div class=\"elementor-element elementor-element-67cc5cc elementor-widget elementor-widget-wd_image_or_svg\" data-id=\"67cc5cc\" data-element_type=\"widget\" data-e-type=\"widget\" data-widget_type=\"wd_image_or_svg.default\">\n\t\t\t\t<div class=\"elementor-widget-container\">\n\t\t\t\t\t\r\n\t\t<div class=\"wd-image text-left\">\r\n\t\t\t\t\t\t\t\t<img decoding=\"async\" width=\"800\" height=\"914\" src=\"https:\/\/hookelab.com\/wp-content\/uploads\/2025\/02\/Quartz-Cuvette-with-Screw-Cap-Macro-Window-13mm-24ml-2-Windows-Powder-Sintered07.jpg\" class=\"attachment-full size-full\" alt=\"\" srcset=\"https:\/\/hookelab.com\/wp-content\/uploads\/2025\/02\/Quartz-Cuvette-with-Screw-Cap-Macro-Window-13mm-24ml-2-Windows-Powder-Sintered07.jpg 800w, https:\/\/hookelab.com\/wp-content\/uploads\/2025\/02\/Quartz-Cuvette-with-Screw-Cap-Macro-Window-13mm-24ml-2-Windows-Powder-Sintered07-263x300.jpg 263w, https:\/\/hookelab.com\/wp-content\/uploads\/2025\/02\/Quartz-Cuvette-with-Screw-Cap-Macro-Window-13mm-24ml-2-Windows-Powder-Sintered07-700x800.jpg 700w, https:\/\/hookelab.com\/wp-content\/uploads\/2025\/02\/Quartz-Cuvette-with-Screw-Cap-Macro-Window-13mm-24ml-2-Windows-Powder-Sintered07-768x877.jpg 768w, https:\/\/hookelab.com\/wp-content\/uploads\/2025\/02\/Quartz-Cuvette-with-Screw-Cap-Macro-Window-13mm-24ml-2-Windows-Powder-Sintered07-430x491.jpg 430w, https:\/\/hookelab.com\/wp-content\/uploads\/2025\/02\/Quartz-Cuvette-with-Screw-Cap-Macro-Window-13mm-24ml-2-Windows-Powder-Sintered07-150x171.jpg 150w\" sizes=\"(max-width: 800px) 100vw, 800px\" \/>\t\t\t\t\t<\/div>\r\n\r\n\t\t\t\t\t\t<\/div>\n\t\t\t\t<\/div>\n\t\t\t\t\t<\/div>\n\t\t\t\t<\/div>\n\t\t\t\t<\/div>\n\t\t\n","protected":false},"excerpt":{"rendered":"<p>\uc77c\ubc18\uc801\uc73c\ub85c \uc2e4\ub9ac\ucf58 \uac1c\uc2a4\ud0b7\uc744 \uae30\ubcf8\uc73c\ub85c \uc0ac\uc6a9\ud558\uba70, \uc120\ud0dd\ud560 \uc218 \uc788\ub294 PTFE \uac1c\uc2a4\ud0b7\ub3c4 \uc788\ub294\ub370, \ud6c4\uc790\ub294 \ub0b4\uc2dd\uc131\uc774 \ub354 \uac15\ud558\uc9c0\ub9cc \ubc00\ubd09\uc774 \uc804\uc790\ubcf4\ub2e4 \uc57d\uac04 \ub5a8\uc5b4\uc9d1\ub2c8\ub2e4.<\/p>\n","protected":false},"featured_media":29779,"comment_status":"open","ping_status":"closed","template":"","meta":[],"product_brand":[],"product_cat":[1394,1429,1398,1427,1428,1392,1357],"product_tag":[],"class_list":{"0":"post-46854","1":"product","2":"type-product","3":"status-publish","4":"has-post-thumbnail","6":"product_cat-uv-vis---200-2500nm","7":"product_cat-----2","8":"product_cat-1398","9":"product_cat-1427","10":"product_cat---2","11":"product_cat-1392","12":"product_cat-1357","14":"first","15":"instock","16":"shipping-taxable","17":"purchasable","18":"product-type-simple"},"_links":{"self":[{"href":"https:\/\/hookelab.com\/ko\/wp-json\/wp\/v2\/product\/46854","targetHints":{"allow":["GET"]}}],"collection":[{"href":"https:\/\/hookelab.com\/ko\/wp-json\/wp\/v2\/product"}],"about":[{"href":"https:\/\/hookelab.com\/ko\/wp-json\/wp\/v2\/types\/product"}],"replies":[{"embeddable":true,"href":"https:\/\/hookelab.com\/ko\/wp-json\/wp\/v2\/comments?post=46854"}],"version-history":[{"count":0,"href":"https:\/\/hookelab.com\/ko\/wp-json\/wp\/v2\/product\/46854\/revisions"}],"wp:featuredmedia":[{"embeddable":true,"href":"https:\/\/hookelab.com\/ko\/wp-json\/wp\/v2\/media\/29779"}],"wp:attachment":[{"href":"https:\/\/hookelab.com\/ko\/wp-json\/wp\/v2\/media?parent=46854"}],"wp:term":[{"taxonomy":"product_brand","embeddable":true,"href":"https:\/\/hookelab.com\/ko\/wp-json\/wp\/v2\/product_brand?post=46854"},{"taxonomy":"product_cat","embeddable":true,"href":"https:\/\/hookelab.com\/ko\/wp-json\/wp\/v2\/product_cat?post=46854"},{"taxonomy":"product_tag","embeddable":true,"href":"https:\/\/hookelab.com\/ko\/wp-json\/wp\/v2\/product_tag?post=46854"}],"curies":[{"name":"wp","href":"https:\/\/api.w.org\/{rel}","templated":true}]}}