{"id":46735,"date":"2025-02-26T14:26:35","date_gmt":"2025-02-26T14:26:35","guid":{"rendered":"https:\/\/hookelab.com\/product\/%ec%bf%bc%ec%b8%a0-%eb%a7%88%ec%9d%b4%ed%81%ac%eb%a1%9c-%ed%94%8c%eb%a1%9c%ec%9a%b0-%ec%85%80-ptfe-%eb%82%98%ec%82%ac-%ec%bb%a4%eb%84%a5%ed%84%b0-%ed%8f%ac%ed%95%a8-96ul-30mm-%ec%9c%88%eb%8f%84\/"},"modified":"2025-02-26T14:26:35","modified_gmt":"2025-02-26T14:26:35","slug":"%ec%bf%bc%ec%b8%a0-%eb%a7%88%ec%9d%b4%ed%81%ac%eb%a1%9c-%ed%94%8c%eb%a1%9c%ec%9a%b0-%ec%85%80-ptfe-%eb%82%98%ec%82%ac-%ec%bb%a4%eb%84%a5%ed%84%b0-%ed%8f%ac%ed%95%a8-96ul-30mm-%ec%9c%88%eb%8f%84","status":"publish","type":"product","link":"https:\/\/hookelab.com\/ko\/product\/%ec%bf%bc%ec%b8%a0-%eb%a7%88%ec%9d%b4%ed%81%ac%eb%a1%9c-%ed%94%8c%eb%a1%9c%ec%9a%b0-%ec%85%80-ptfe-%eb%82%98%ec%82%ac-%ec%bb%a4%eb%84%a5%ed%84%b0-%ed%8f%ac%ed%95%a8-96ul-30mm-%ec%9c%88%eb%8f%84\/","title":{"rendered":"\ucffc\uce20 \ub9c8\uc774\ud06c\ub85c \ud50c\ub85c\uc6b0 \uc140, PTFE \ub098\uc0ac \ucee4\ub125\ud130 \ud3ec\ud568, 96ul, 30mm, \uc708\ub3c4\uc6b0 2\uac1c, OCB"},"content":{"rendered":"\t\t\t<link rel=\"stylesheet\" id=\"elementor-post-48568-css\" href=\"https:\/\/hookelab.com\/wp-content\/uploads\/elementor\/css\/post-48568.css?ver=1776441388\" type=\"text\/css\" media=\"all\">\r\n\t\t\t\t\t<div data-elementor-type=\"wp-post\" data-elementor-id=\"48568\" class=\"elementor elementor-48568 elementor-29673\">\n\t\t\t\t<div class=\"wd-negative-gap elementor-element elementor-element-212cd0f e-grid e-con-boxed e-con e-parent\" data-id=\"212cd0f\" data-element_type=\"container\" data-e-type=\"container\">\n\t\t\t\t\t<div class=\"e-con-inner\">\n\t\t\t\t<div class=\"elementor-element elementor-element-14dd597 elementor-widget elementor-widget-wd_text_block\" data-id=\"14dd597\" data-element_type=\"widget\" data-e-type=\"widget\" data-widget_type=\"wd_text_block.default\">\n\t\t\t\t<div class=\"elementor-widget-container\">\n\t\t\t\t\t\t\t<div class=\"wd-text-block reset-last-child text-left\">\r\n\t\t\t\r\n\t\t\t<h2>\uc138\ubd80 \uc815\ubcf4<\/h2><ul><li>\uc7ac\uc9c8: JGS-1 UV \uc11d\uc601<\/li><li>\ubcfc\ub968: 96\uc6b8<\/li><li>\ube5b\uc758 \uacbd\ub85c \uae38\uc774: 30mm<\/li><li>\ucc3d \uc9c0\uc6b0\uae30: \ucc3d 2\uac1c<\/li><li>Z \ub192\uc774: 8.5mm<\/li><li>\uc870\ub9ac\uac1c \uc9c1\uacbd: 2mm<\/li><li>\uc678\ubd80 \uce58\uc218(L\u00d7D\u00d7H): 12.5\u00d732.5\u00d735mm<\/li><li>\ucee4\ub125\ud130 \uc720\ud615: PTFE M6 \ub0b4\ubd80 \ub098\uc0ac\ud615<\/li><li>\uc870\ub9bd\ud615: \uad11\ud559 \uc811\uc810 \ubcf8\ub529(OCB)<\/li><li>\uc804\uc1a1 \ubc94\uc704: 200-2500nm<\/li><li>\ud22c\uacfc\uc728 \ud45c\uba74\uc758 \uad11\ud559 \uc131\ub2a5 \uc624\ucc28: \u22640.3%<\/li><li>\ud328\ud0a4\uc9c0 \uad6c\uc131\ud488 1 \uac1c \/ \uc138\ud2b8<\/li><\/ul>\r\n\t\t\t\t\t<\/div>\r\n\t\t\t\t\t\t<\/div>\n\t\t\t\t<\/div>\n\t\t\t\t<div class=\"elementor-element elementor-element-67cc5cc elementor-widget elementor-widget-wd_image_or_svg\" data-id=\"67cc5cc\" data-element_type=\"widget\" data-e-type=\"widget\" data-widget_type=\"wd_image_or_svg.default\">\n\t\t\t\t<div class=\"elementor-widget-container\">\n\t\t\t\t\t\r\n\t\t<div class=\"wd-image text-left\">\r\n\t\t\t\t\t\t\t\t<img fetchpriority=\"high\" decoding=\"async\" width=\"1313\" height=\"1500\" src=\"https:\/\/hookelab.com\/wp-content\/uploads\/2025\/02\/Quartz-Micro-Flow-Cell-with-PTFE-Screw-Connectors-96ul-30mm-2-Windows-OCB03.jpg\" class=\"attachment-full size-full\" alt=\"\" srcset=\"https:\/\/hookelab.com\/wp-content\/uploads\/2025\/02\/Quartz-Micro-Flow-Cell-with-PTFE-Screw-Connectors-96ul-30mm-2-Windows-OCB03.jpg 1313w, https:\/\/hookelab.com\/wp-content\/uploads\/2025\/02\/Quartz-Micro-Flow-Cell-with-PTFE-Screw-Connectors-96ul-30mm-2-Windows-OCB03-263x300.jpg 263w, https:\/\/hookelab.com\/wp-content\/uploads\/2025\/02\/Quartz-Micro-Flow-Cell-with-PTFE-Screw-Connectors-96ul-30mm-2-Windows-OCB03-700x800.jpg 700w, https:\/\/hookelab.com\/wp-content\/uploads\/2025\/02\/Quartz-Micro-Flow-Cell-with-PTFE-Screw-Connectors-96ul-30mm-2-Windows-OCB03-768x877.jpg 768w, https:\/\/hookelab.com\/wp-content\/uploads\/2025\/02\/Quartz-Micro-Flow-Cell-with-PTFE-Screw-Connectors-96ul-30mm-2-Windows-OCB03-430x491.jpg 430w, https:\/\/hookelab.com\/wp-content\/uploads\/2025\/02\/Quartz-Micro-Flow-Cell-with-PTFE-Screw-Connectors-96ul-30mm-2-Windows-OCB03-150x171.jpg 150w\" sizes=\"(max-width: 1313px) 100vw, 1313px\" \/>\t\t\t\t\t<\/div>\r\n\r\n\t\t\t\t\t\t<\/div>\n\t\t\t\t<\/div>\n\t\t\t\t<div class=\"elementor-element elementor-element-cbad90b elementor-widget elementor-widget-wd_image_or_svg\" data-id=\"cbad90b\" data-element_type=\"widget\" data-e-type=\"widget\" data-widget_type=\"wd_image_or_svg.default\">\n\t\t\t\t<div class=\"elementor-widget-container\">\n\t\t\t\t\t\r\n\t\t<div class=\"wd-image text-left\">\r\n\t\t\t\t\t\t\t\t<img decoding=\"async\" width=\"569\" height=\"650\" src=\"https:\/\/hookelab.com\/wp-content\/uploads\/2025\/02\/Quartz-Micro-Flow-Cell-with-PTFE-Screw-Connectors-96ul-30mm-2-Windows-OCB09.jpg\" class=\"attachment-full size-full\" alt=\"\" srcset=\"https:\/\/hookelab.com\/wp-content\/uploads\/2025\/02\/Quartz-Micro-Flow-Cell-with-PTFE-Screw-Connectors-96ul-30mm-2-Windows-OCB09.jpg 569w, https:\/\/hookelab.com\/wp-content\/uploads\/2025\/02\/Quartz-Micro-Flow-Cell-with-PTFE-Screw-Connectors-96ul-30mm-2-Windows-OCB09-263x300.jpg 263w, https:\/\/hookelab.com\/wp-content\/uploads\/2025\/02\/Quartz-Micro-Flow-Cell-with-PTFE-Screw-Connectors-96ul-30mm-2-Windows-OCB09-430x491.jpg 430w, https:\/\/hookelab.com\/wp-content\/uploads\/2025\/02\/Quartz-Micro-Flow-Cell-with-PTFE-Screw-Connectors-96ul-30mm-2-Windows-OCB09-150x171.jpg 150w\" sizes=\"(max-width: 569px) 100vw, 569px\" \/>\t\t\t\t\t<\/div>\r\n\r\n\t\t\t\t\t\t<\/div>\n\t\t\t\t<\/div>\n\t\t\t\t\t<\/div>\n\t\t\t\t<\/div>\n\t\t\t\t<\/div>\n\t\t\n","protected":false},"excerpt":{"rendered":"<ul>\n<li>\uc774 \ud050\ubcb3\uc740 \ube5b, \ub098\uc0ac\uc0b0 \uc778\ud130\ud398\uc774\uc2a4 \ubc0f \uc6b0\uc218\ud55c \ubc00\ubd09\uc744 \ud53c\ud558\uae30 \uc704\ud55c \uc5f0\uc18d \ud750\ub984 \uc140\uc774\uba70 \uc5f0\ub3d9 \ud38c\ud504\uc5d0 \uc9c1\uc811 \uc5f0\uacb0\ud560 \uc218 \uc788\uc5b4 \uc774\uc0c1\uc801\uc778 \uc2e4\ud5d8 \ud6a8\uacfc\uc785\ub2c8\ub2e4.<\/li>\n<li>OCB \ud050\ubcb3\uc740 \uace0\uc628 \uc800\ud56d\uc131, \ub0b4\uc0b0\uc131 \ubc0f \ub0b4\uc54c\uce7c\ub9ac\uc131, \uc720\uae30 \uc6a9\ub9e4 \uc800\ud56d\uc131\uc744 \uac16\ucd94\uace0 \uc788\uc2b5\ub2c8\ub2e4.<\/li>\n<li>PTFE \ucee4\ub125\ud130\ub294 \ubd80\uc2dd \ubc29\uc9c0 \uc218\uba85\uc774 \uae38\uace0 \uce21\uc815\ub41c \uc6a9\ub9e4\uc5d0 \uac70\uc758 \uc601\ud5a5\uc744 \ubbf8\uce58\uc9c0 \uc54a\uc2b5\ub2c8\ub2e4.<\/li>\n<\/ul>\n","protected":false},"featured_media":29682,"comment_status":"open","ping_status":"closed","template":"","meta":[],"product_brand":[],"product_cat":[1394,1390,1392,1357,1397],"product_tag":[],"class_list":{"0":"post-46735","1":"product","2":"type-product","3":"status-publish","4":"has-post-thumbnail","6":"product_cat-uv-vis---200-2500nm","7":"product_cat-1390","8":"product_cat-1392","9":"product_cat-1357","10":"product_cat-1397","12":"first","13":"instock","14":"shipping-taxable","15":"purchasable","16":"product-type-simple"},"_links":{"self":[{"href":"https:\/\/hookelab.com\/ko\/wp-json\/wp\/v2\/product\/46735","targetHints":{"allow":["GET"]}}],"collection":[{"href":"https:\/\/hookelab.com\/ko\/wp-json\/wp\/v2\/product"}],"about":[{"href":"https:\/\/hookelab.com\/ko\/wp-json\/wp\/v2\/types\/product"}],"replies":[{"embeddable":true,"href":"https:\/\/hookelab.com\/ko\/wp-json\/wp\/v2\/comments?post=46735"}],"version-history":[{"count":0,"href":"https:\/\/hookelab.com\/ko\/wp-json\/wp\/v2\/product\/46735\/revisions"}],"wp:featuredmedia":[{"embeddable":true,"href":"https:\/\/hookelab.com\/ko\/wp-json\/wp\/v2\/media\/29682"}],"wp:attachment":[{"href":"https:\/\/hookelab.com\/ko\/wp-json\/wp\/v2\/media?parent=46735"}],"wp:term":[{"taxonomy":"product_brand","embeddable":true,"href":"https:\/\/hookelab.com\/ko\/wp-json\/wp\/v2\/product_brand?post=46735"},{"taxonomy":"product_cat","embeddable":true,"href":"https:\/\/hookelab.com\/ko\/wp-json\/wp\/v2\/product_cat?post=46735"},{"taxonomy":"product_tag","embeddable":true,"href":"https:\/\/hookelab.com\/ko\/wp-json\/wp\/v2\/product_tag?post=46735"}],"curies":[{"name":"wp","href":"https:\/\/api.w.org\/{rel}","templated":true}]}}