{"id":45870,"date":"2025-02-18T04:50:40","date_gmt":"2025-02-18T04:50:40","guid":{"rendered":"https:\/\/hookelab.com\/product\/%ec%84%9d%ec%98%81-%eb%a7%88%ec%9d%b4%ed%81%ac%eb%a1%9c-%ed%81%90%eb%b2%b3-10mm-1-75ml-%ec%b8%a1%eb%a9%b4-%eb%b2%bd%ec%97%90-%ed%95%80-%ec%82%bd%ec%9e%85-%ea%b0%80%eb%8a%a5-%ec%a0%91%ec%b0%a9\/"},"modified":"2025-02-18T04:50:40","modified_gmt":"2025-02-18T04:50:40","slug":"%ec%84%9d%ec%98%81-%eb%a7%88%ec%9d%b4%ed%81%ac%eb%a1%9c-%ed%81%90%eb%b2%b3-10mm-1-75ml-%ec%b8%a1%eb%a9%b4-%eb%b2%bd%ec%97%90-%ed%95%80-%ec%82%bd%ec%9e%85-%ea%b0%80%eb%8a%a5-%ec%a0%91%ec%b0%a9","status":"publish","type":"product","link":"https:\/\/hookelab.com\/ko\/product\/%ec%84%9d%ec%98%81-%eb%a7%88%ec%9d%b4%ed%81%ac%eb%a1%9c-%ed%81%90%eb%b2%b3-10mm-1-75ml-%ec%b8%a1%eb%a9%b4-%eb%b2%bd%ec%97%90-%ed%95%80-%ec%82%bd%ec%9e%85-%ea%b0%80%eb%8a%a5-%ec%a0%91%ec%b0%a9\/","title":{"rendered":"\uc11d\uc601 \ub9c8\uc774\ud06c\ub85c \ud050\ubcb3, 10mm, 1.75ml, \uce21\uba74 \ubcbd\uc5d0 \ud540 \uc0bd\uc785 \uac00\ub2a5, \uc811\ucc29\uc2dd"},"content":{"rendered":"\t\t\t<link rel=\"stylesheet\" id=\"elementor-post-49758-css\" href=\"https:\/\/hookelab.com\/wp-content\/uploads\/elementor\/css\/post-49758.css?ver=1776695199\" type=\"text\/css\" media=\"all\">\r\n\t\t\t\t\t<div data-elementor-type=\"wp-post\" data-elementor-id=\"49758\" class=\"elementor elementor-49758 elementor-29071\">\n\t\t\t\t<div class=\"wd-negative-gap elementor-element elementor-element-212cd0f e-grid e-con-boxed e-con e-parent\" data-id=\"212cd0f\" data-element_type=\"container\" data-e-type=\"container\">\n\t\t\t\t\t<div class=\"e-con-inner\">\n\t\t\t\t<div class=\"elementor-element elementor-element-14dd597 elementor-widget elementor-widget-wd_text_block\" data-id=\"14dd597\" data-element_type=\"widget\" data-e-type=\"widget\" data-widget_type=\"wd_text_block.default\">\n\t\t\t\t<div class=\"elementor-widget-container\">\n\t\t\t\t\t\t\t<div class=\"wd-text-block reset-last-child text-left\">\r\n\t\t\t\r\n\t\t\t<h2>\uc138\ubd80 \uc815\ubcf4<\/h2><ul><li>\uc7ac\uc9c8: JGS-1 UV \uc11d\uc601<\/li><li>\uc6a9\ub7c9: 1.75ml<\/li><li>\ube5b\uc758 \uacbd\ub85c \uae38\uc774: 10 mm<\/li><li>\ub0b4\ubd80 \ud3ed: 5mm<\/li><li>\uc9c0\uc6cc\uc9c4 \ucc3d: 2\uac1c \ucc3d<\/li><li>\uc678\ubd80 \ubc1d\uae30(L\u00d7D\u00d7H): 12.5\u00d712.5\u00d745mm<\/li><li>\uc870\ub9bd\ud615: \uc811\ucc29\uc2dd<\/li><li>\uc804\uc1a1 \ubc94\uc704: 200-2500nm<\/li><li>\ud22c\uacfc\uc728 \ud45c\uba74\uc758 \uad11\ud559 \uc131\ub2a5 \uc624\ucc28: \u22640.3%<\/li><li>\ud328\ud0a4\uc9c0 \uad6c\uc131\ud488 1\uac1c\/\ud329<\/li><\/ul><p>\uc811\ucc29\uc2dd \ud050\ubcb3\uc740 \uc911\uc131 \uc6a9\ub9e4 \ubc0f \uc6a9\uc9c8 \uc804\uc6a9\uc774\uba70 100\u00b0C \uc774\ud558\uc5d0\uc11c \uc0ac\uc6a9\ud558\uae30\uc5d0 \uc801\ud569\ud569\ub2c8\ub2e4. \uc0b0\uacfc \uc5fc\uae30, \uc720\uae30 \uc6a9\ub9e4\ub97c \uacac\ub51c \uc218 \uc788\uac70\ub098 &gt;100\u00b0C\ub97c \uc0ac\uc6a9\ud560 \uc218 \uc788\ub294 \uc140\uc774 \ud544\uc694\ud55c \uacbd\uc6b0 \ubd84\ub9d0 \uc18c\uacb0 \ub610\ub294 OCB \ud050\ubcb3\uc73c\ub85c \ub9de\ucda4\ud615 \uc635\uc158\uc744 \ubb38\uc758\ud574 \uc8fc\uc138\uc694.<\/p>\r\n\t\t\t\t\t<\/div>\r\n\t\t\t\t\t\t<\/div>\n\t\t\t\t<\/div>\n\t\t\t\t<div class=\"elementor-element elementor-element-cbad90b elementor-widget elementor-widget-wd_image_or_svg\" data-id=\"cbad90b\" data-element_type=\"widget\" data-e-type=\"widget\" data-widget_type=\"wd_image_or_svg.default\">\n\t\t\t\t<div class=\"elementor-widget-container\">\n\t\t\t\t\t\r\n\t\t<div class=\"wd-image text-left\">\r\n\t\t\t\t\t\t\t\t<img fetchpriority=\"high\" decoding=\"async\" width=\"666\" height=\"762\" src=\"https:\/\/hookelab.com\/wp-content\/uploads\/2025\/02\/Quartz-Micro-Cuvette-10mm-Pins-can-be-inserted-in-the-Side-Wall-Glued05.jpg\" class=\"attachment-full size-full\" alt=\"\" srcset=\"https:\/\/hookelab.com\/wp-content\/uploads\/2025\/02\/Quartz-Micro-Cuvette-10mm-Pins-can-be-inserted-in-the-Side-Wall-Glued05.jpg 666w, https:\/\/hookelab.com\/wp-content\/uploads\/2025\/02\/Quartz-Micro-Cuvette-10mm-Pins-can-be-inserted-in-the-Side-Wall-Glued05-262x300.jpg 262w, https:\/\/hookelab.com\/wp-content\/uploads\/2025\/02\/Quartz-Micro-Cuvette-10mm-Pins-can-be-inserted-in-the-Side-Wall-Glued05-430x492.jpg 430w, https:\/\/hookelab.com\/wp-content\/uploads\/2025\/02\/Quartz-Micro-Cuvette-10mm-Pins-can-be-inserted-in-the-Side-Wall-Glued05-150x172.jpg 150w\" sizes=\"(max-width: 666px) 100vw, 666px\" \/>\t\t\t\t\t<\/div>\r\n\r\n\t\t\t\t\t\t<\/div>\n\t\t\t\t<\/div>\n\t\t\t\t<div class=\"elementor-element elementor-element-67cc5cc elementor-widget elementor-widget-wd_image_or_svg\" data-id=\"67cc5cc\" data-element_type=\"widget\" data-e-type=\"widget\" data-widget_type=\"wd_image_or_svg.default\">\n\t\t\t\t<div class=\"elementor-widget-container\">\n\t\t\t\t\t\r\n\t\t<div class=\"wd-image text-left\">\r\n\t\t\t\t\t\t\t\t<img decoding=\"async\" width=\"596\" height=\"596\" src=\"https:\/\/hookelab.com\/wp-content\/uploads\/2025\/02\/Quartz-Micro-Cuvette-10mm-Pins-can-be-inserted-in-the-Side-Wall-Glued04.jpg\" class=\"attachment-full size-full\" alt=\"\" srcset=\"https:\/\/hookelab.com\/wp-content\/uploads\/2025\/02\/Quartz-Micro-Cuvette-10mm-Pins-can-be-inserted-in-the-Side-Wall-Glued04.jpg 596w, https:\/\/hookelab.com\/wp-content\/uploads\/2025\/02\/Quartz-Micro-Cuvette-10mm-Pins-can-be-inserted-in-the-Side-Wall-Glued04-300x300.jpg 300w, https:\/\/hookelab.com\/wp-content\/uploads\/2025\/02\/Quartz-Micro-Cuvette-10mm-Pins-can-be-inserted-in-the-Side-Wall-Glued04-150x150.jpg 150w, https:\/\/hookelab.com\/wp-content\/uploads\/2025\/02\/Quartz-Micro-Cuvette-10mm-Pins-can-be-inserted-in-the-Side-Wall-Glued04-430x430.jpg 430w\" sizes=\"(max-width: 596px) 100vw, 596px\" \/>\t\t\t\t\t<\/div>\r\n\r\n\t\t\t\t\t\t<\/div>\n\t\t\t\t<\/div>\n\t\t\t\t\t<\/div>\n\t\t\t\t<\/div>\n\t\t\t\t<\/div>\n\t\t\n","protected":false},"excerpt":{"rendered":"","protected":false},"featured_media":29073,"comment_status":"open","ping_status":"closed","template":"","meta":[],"product_brand":[],"product_cat":[1394,1390,1392,1357],"product_tag":[],"class_list":{"0":"post-45870","1":"product","2":"type-product","3":"status-publish","4":"has-post-thumbnail","6":"product_cat-uv-vis---200-2500nm","7":"product_cat-1390","8":"product_cat-1392","9":"product_cat-1357","11":"first","12":"instock","13":"shipping-taxable","14":"purchasable","15":"product-type-simple"},"_links":{"self":[{"href":"https:\/\/hookelab.com\/ko\/wp-json\/wp\/v2\/product\/45870","targetHints":{"allow":["GET"]}}],"collection":[{"href":"https:\/\/hookelab.com\/ko\/wp-json\/wp\/v2\/product"}],"about":[{"href":"https:\/\/hookelab.com\/ko\/wp-json\/wp\/v2\/types\/product"}],"replies":[{"embeddable":true,"href":"https:\/\/hookelab.com\/ko\/wp-json\/wp\/v2\/comments?post=45870"}],"version-history":[{"count":0,"href":"https:\/\/hookelab.com\/ko\/wp-json\/wp\/v2\/product\/45870\/revisions"}],"wp:featuredmedia":[{"embeddable":true,"href":"https:\/\/hookelab.com\/ko\/wp-json\/wp\/v2\/media\/29073"}],"wp:attachment":[{"href":"https:\/\/hookelab.com\/ko\/wp-json\/wp\/v2\/media?parent=45870"}],"wp:term":[{"taxonomy":"product_brand","embeddable":true,"href":"https:\/\/hookelab.com\/ko\/wp-json\/wp\/v2\/product_brand?post=45870"},{"taxonomy":"product_cat","embeddable":true,"href":"https:\/\/hookelab.com\/ko\/wp-json\/wp\/v2\/product_cat?post=45870"},{"taxonomy":"product_tag","embeddable":true,"href":"https:\/\/hookelab.com\/ko\/wp-json\/wp\/v2\/product_tag?post=45870"}],"curies":[{"name":"wp","href":"https:\/\/api.w.org\/{rel}","templated":true}]}}