{"id":44689,"date":"2025-04-11T04:56:53","date_gmt":"2025-04-11T04:56:53","guid":{"rendered":"https:\/\/hookelab.com\/product\/%ec%a7%80%eb%a5%b4%ec%bd%94%eb%8b%88%ec%95%84zro2-%ec%84%b8%ed%84%b0-%ed%94%84%eb%a0%88%ec%9e%84-%ec%a7%80%ec%a7%80-%eb%8b%a4%eb%a6%ac-6%ea%b0%9c-%ec%8a%a4%ed%83%9d%ed%98%95-%ec%83%88%ea%b1%b0\/"},"modified":"2025-04-11T04:56:53","modified_gmt":"2025-04-11T04:56:53","slug":"%ec%a7%80%eb%a5%b4%ec%bd%94%eb%8b%88%ec%95%84zro2-%ec%84%b8%ed%84%b0-%ed%94%84%eb%a0%88%ec%9e%84-%ec%a7%80%ec%a7%80-%eb%8b%a4%eb%a6%ac-6%ea%b0%9c-%ec%8a%a4%ed%83%9d%ed%98%95-%ec%83%88%ea%b1%b0","status":"publish","type":"product","link":"https:\/\/hookelab.com\/ko\/product\/%ec%a7%80%eb%a5%b4%ec%bd%94%eb%8b%88%ec%95%84zro2-%ec%84%b8%ed%84%b0-%ed%94%84%eb%a0%88%ec%9e%84-%ec%a7%80%ec%a7%80-%eb%8b%a4%eb%a6%ac-6%ea%b0%9c-%ec%8a%a4%ed%83%9d%ed%98%95-%ec%83%88%ea%b1%b0\/","title":{"rendered":"\uc9c0\ub974\ucf54\ub2c8\uc544(ZrO2) \uc138\ud130 \ud504\ub808\uc784, \uc9c0\uc9c0 \ub2e4\ub9ac 6\uac1c, \uc2a4\ud0dd\ud615 \uc0c8\uac70"},"content":{"rendered":"","protected":false},"excerpt":{"rendered":"<ul>\n<li>ZrO2 \uc138\ud130 \ud504\ub808\uc784 \uc678\ud615 \uce58\uc218(L\u00d7W\u00d7H): 115\u00d760\u00d710mm, \ucd5c\ub300 \uc0ac\uc6a9 \uc628\ub3c4: 1750\u00b0C(\ub2e8\uae30), 1600\u00b0C(\uc5f0\uc18d)<\/li>\n<li>\uc774 \uc18c\uacb0 \uc138\ud130 \ud504\ub808\uc784\uc740 \uc2ac\ub9bd\uce90\uc2a4\ud305\/\ud504\ub808\uc2a4\uce90\uc2a4\ud305 \uacf5\uc815\uc744 \ud1b5\ud574 \uc9c0\ub974\ucf54\ub2c8\uc544\ub97c \uc0ac\uc6a9\ud558\uc5ec \uc81c\uc870\ub429\ub2c8\ub2e4. \uace0\uc628 \ubc0f \ud654\ud559 \ubb3c\uc9c8\uc5d0 \ub300\ud55c \ub0b4\uc131\uc774 \uc788\uc2b5\ub2c8\ub2e4. <\/li>\n<\/ul>\n","protected":false},"featured_media":34029,"comment_status":"open","ping_status":"closed","template":"","meta":[],"product_brand":[],"product_cat":[1380,1467],"product_tag":[],"class_list":{"0":"post-44689","1":"product","2":"type-product","3":"status-publish","4":"has-post-thumbnail","6":"product_cat-1380","7":"product_cat-1467","9":"first","10":"instock","11":"shipping-taxable","12":"purchasable","13":"product-type-simple"},"_links":{"self":[{"href":"https:\/\/hookelab.com\/ko\/wp-json\/wp\/v2\/product\/44689","targetHints":{"allow":["GET"]}}],"collection":[{"href":"https:\/\/hookelab.com\/ko\/wp-json\/wp\/v2\/product"}],"about":[{"href":"https:\/\/hookelab.com\/ko\/wp-json\/wp\/v2\/types\/product"}],"replies":[{"embeddable":true,"href":"https:\/\/hookelab.com\/ko\/wp-json\/wp\/v2\/comments?post=44689"}],"version-history":[{"count":0,"href":"https:\/\/hookelab.com\/ko\/wp-json\/wp\/v2\/product\/44689\/revisions"}],"wp:featuredmedia":[{"embeddable":true,"href":"https:\/\/hookelab.com\/ko\/wp-json\/wp\/v2\/media\/34029"}],"wp:attachment":[{"href":"https:\/\/hookelab.com\/ko\/wp-json\/wp\/v2\/media?parent=44689"}],"wp:term":[{"taxonomy":"product_brand","embeddable":true,"href":"https:\/\/hookelab.com\/ko\/wp-json\/wp\/v2\/product_brand?post=44689"},{"taxonomy":"product_cat","embeddable":true,"href":"https:\/\/hookelab.com\/ko\/wp-json\/wp\/v2\/product_cat?post=44689"},{"taxonomy":"product_tag","embeddable":true,"href":"https:\/\/hookelab.com\/ko\/wp-json\/wp\/v2\/product_tag?post=44689"}],"curies":[{"name":"wp","href":"https:\/\/api.w.org\/{rel}","templated":true}]}}