{"id":48269,"date":"2025-02-14T04:46:01","date_gmt":"2025-02-14T04:46:01","guid":{"rendered":"https:\/\/hookelab.com\/product\/cuvette-standard-en-verre-optique-3mm-1-05ml-2-fenetres-verre-schott-fritte-par-poudrage\/"},"modified":"2025-02-14T04:46:01","modified_gmt":"2025-02-14T04:46:01","slug":"cuvette-standard-en-verre-optique-3mm-1-05ml-2-fenetres-verre-schott-fritte-par-poudrage","status":"publish","type":"product","link":"https:\/\/hookelab.com\/fr\/produit\/cuvette-standard-en-verre-optique-3mm-1-05ml-2-fenetres-verre-schott-fritte-par-poudrage\/","title":{"rendered":"Cuvette standard en verre optique, 3mm, 1.05ml, 2 fen\u00eatres, verre SCHOTT, fritt\u00e9 par poudrage"},"content":{"rendered":"\t\t\t<link rel=\"stylesheet\" id=\"elementor-post-49557-css\" href=\"https:\/\/hookelab.com\/wp-content\/uploads\/elementor\/css\/post-49557.css?ver=1776425252\" type=\"text\/css\" media=\"all\">\r\n\t\t\t\t\t<div data-elementor-type=\"wp-post\" data-elementor-id=\"49557\" class=\"elementor elementor-49557 elementor-28651\">\n\t\t\t\t<div class=\"wd-negative-gap elementor-element elementor-element-212cd0f e-grid e-con-boxed e-con e-parent\" data-id=\"212cd0f\" data-element_type=\"container\" data-e-type=\"container\">\n\t\t\t\t\t<div class=\"e-con-inner\">\n\t\t\t\t<div class=\"elementor-element elementor-element-14dd597 elementor-widget elementor-widget-wd_text_block\" data-id=\"14dd597\" data-element_type=\"widget\" data-e-type=\"widget\" data-widget_type=\"wd_text_block.default\">\n\t\t\t\t<div class=\"elementor-widget-container\">\n\t\t\t\t\t\t\t<div class=\"wd-text-block reset-last-child text-left\">\r\n\t\t\t\r\n\t\t\t<h2>D\u00e9tails<\/h2><ul><li>Mat\u00e9riau : Verre optique SCHOTT<\/li><li>Volume : 1,05 ml<\/li><li>Longueur du trajet lumineux : 3 mm<\/li><li>\u00c9paisseur de la paroi : 1,25 mm<\/li><li>Type d'assemblage : Poudre fritt\u00e9e<\/li><li>Gamme de transmission : 350-2000 nm<\/li><li>Erreur de performance optique de la surface de transmission : \u22640,3%.<\/li><\/ul><p>La cuvette de frittage de poudre peut r\u00e9sister \u00e0 une temp\u00e9rature de 600\u2103, \u00e0 la plupart des acides et des alcalis, ainsi qu'aux solutions organiques.<\/p><p>Si vous avez besoin de cellules avec un processus de production coll\u00e9 ou OCB, veuillez nous contacter pour des options personnalis\u00e9es.<\/p>\r\n\t\t\t\t\t<\/div>\r\n\t\t\t\t\t\t<\/div>\n\t\t\t\t<\/div>\n\t\t\t\t<div class=\"elementor-element elementor-element-cbad90b elementor-widget elementor-widget-wd_image_or_svg\" data-id=\"cbad90b\" data-element_type=\"widget\" data-e-type=\"widget\" data-widget_type=\"wd_image_or_svg.default\">\n\t\t\t\t<div class=\"elementor-widget-container\">\n\t\t\t\t\t\r\n\t\t<div class=\"wd-image text-left\">\r\n\t\t\t\t\t\t\t\t<img fetchpriority=\"high\" decoding=\"async\" width=\"634\" height=\"724\" src=\"https:\/\/hookelab.com\/wp-content\/uploads\/2025\/02\/Standard-Optical-Glass-Cuvette-3mm-2-Windows-SCHOTT-Glass-Powder-Sintered03.jpg\" class=\"attachment-full size-full\" alt=\"\" srcset=\"https:\/\/hookelab.com\/wp-content\/uploads\/2025\/02\/Standard-Optical-Glass-Cuvette-3mm-2-Windows-SCHOTT-Glass-Powder-Sintered03.jpg 634w, https:\/\/hookelab.com\/wp-content\/uploads\/2025\/02\/Standard-Optical-Glass-Cuvette-3mm-2-Windows-SCHOTT-Glass-Powder-Sintered03-263x300.jpg 263w, https:\/\/hookelab.com\/wp-content\/uploads\/2025\/02\/Standard-Optical-Glass-Cuvette-3mm-2-Windows-SCHOTT-Glass-Powder-Sintered03-430x491.jpg 430w, https:\/\/hookelab.com\/wp-content\/uploads\/2025\/02\/Standard-Optical-Glass-Cuvette-3mm-2-Windows-SCHOTT-Glass-Powder-Sintered03-150x171.jpg 150w\" sizes=\"(max-width: 634px) 100vw, 634px\" \/>\t\t\t\t\t<\/div>\r\n\r\n\t\t\t\t\t\t<\/div>\n\t\t\t\t<\/div>\n\t\t\t\t<div class=\"elementor-element elementor-element-67cc5cc elementor-widget elementor-widget-wd_image_or_svg\" data-id=\"67cc5cc\" data-element_type=\"widget\" data-e-type=\"widget\" data-widget_type=\"wd_image_or_svg.default\">\n\t\t\t\t<div class=\"elementor-widget-container\">\n\t\t\t\t\t\r\n\t\t<div class=\"wd-image text-left\">\r\n\t\t\t\t\t\t\t\t<img decoding=\"async\" width=\"800\" height=\"914\" src=\"https:\/\/hookelab.com\/wp-content\/uploads\/2025\/02\/Standard-Optical-Glass-Cuvette-3mm-2-Windows-SCHOTT-Glass-Powder-Sintered07.jpg\" class=\"attachment-full size-full\" alt=\"\" srcset=\"https:\/\/hookelab.com\/wp-content\/uploads\/2025\/02\/Standard-Optical-Glass-Cuvette-3mm-2-Windows-SCHOTT-Glass-Powder-Sintered07.jpg 800w, https:\/\/hookelab.com\/wp-content\/uploads\/2025\/02\/Standard-Optical-Glass-Cuvette-3mm-2-Windows-SCHOTT-Glass-Powder-Sintered07-263x300.jpg 263w, https:\/\/hookelab.com\/wp-content\/uploads\/2025\/02\/Standard-Optical-Glass-Cuvette-3mm-2-Windows-SCHOTT-Glass-Powder-Sintered07-700x800.jpg 700w, https:\/\/hookelab.com\/wp-content\/uploads\/2025\/02\/Standard-Optical-Glass-Cuvette-3mm-2-Windows-SCHOTT-Glass-Powder-Sintered07-768x877.jpg 768w, https:\/\/hookelab.com\/wp-content\/uploads\/2025\/02\/Standard-Optical-Glass-Cuvette-3mm-2-Windows-SCHOTT-Glass-Powder-Sintered07-430x491.jpg 430w, https:\/\/hookelab.com\/wp-content\/uploads\/2025\/02\/Standard-Optical-Glass-Cuvette-3mm-2-Windows-SCHOTT-Glass-Powder-Sintered07-150x171.jpg 150w\" sizes=\"(max-width: 800px) 100vw, 800px\" \/>\t\t\t\t\t<\/div>\r\n\r\n\t\t\t\t\t\t<\/div>\n\t\t\t\t<\/div>\n\t\t\t\t\t<\/div>\n\t\t\t\t<\/div>\n\t\t\t\t<\/div>\n\t\t\n","protected":false},"excerpt":{"rendered":"","protected":false},"featured_media":28641,"comment_status":"open","ping_status":"closed","template":"","meta":[],"product_brand":[],"product_cat":[1399,1438,1351,1396],"product_tag":[],"class_list":{"0":"post-48269","1":"product","2":"type-product","3":"status-publish","4":"has-post-thumbnail","6":"product_cat-cuvettes-de-spectrophotometre","7":"product_cat-cuvettes-en-verre","8":"product_cat-cuvettes-et-cellules","9":"product_cat-micro-cuvettes","11":"first","12":"instock","13":"shipping-taxable","14":"purchasable","15":"product-type-variable"},"_links":{"self":[{"href":"https:\/\/hookelab.com\/fr\/wp-json\/wp\/v2\/product\/48269","targetHints":{"allow":["GET"]}}],"collection":[{"href":"https:\/\/hookelab.com\/fr\/wp-json\/wp\/v2\/product"}],"about":[{"href":"https:\/\/hookelab.com\/fr\/wp-json\/wp\/v2\/types\/product"}],"replies":[{"embeddable":true,"href":"https:\/\/hookelab.com\/fr\/wp-json\/wp\/v2\/comments?post=48269"}],"version-history":[{"count":0,"href":"https:\/\/hookelab.com\/fr\/wp-json\/wp\/v2\/product\/48269\/revisions"}],"wp:featuredmedia":[{"embeddable":true,"href":"https:\/\/hookelab.com\/fr\/wp-json\/wp\/v2\/media\/28641"}],"wp:attachment":[{"href":"https:\/\/hookelab.com\/fr\/wp-json\/wp\/v2\/media?parent=48269"}],"wp:term":[{"taxonomy":"product_brand","embeddable":true,"href":"https:\/\/hookelab.com\/fr\/wp-json\/wp\/v2\/product_brand?post=48269"},{"taxonomy":"product_cat","embeddable":true,"href":"https:\/\/hookelab.com\/fr\/wp-json\/wp\/v2\/product_cat?post=48269"},{"taxonomy":"product_tag","embeddable":true,"href":"https:\/\/hookelab.com\/fr\/wp-json\/wp\/v2\/product_tag?post=48269"}],"curies":[{"name":"wp","href":"https:\/\/api.w.org\/{rel}","templated":true}]}}