{"id":48236,"date":"2025-02-12T10:24:01","date_gmt":"2025-02-12T10:24:01","guid":{"rendered":"https:\/\/hookelab.com\/product\/micro-cuvette-de-fluorimetre-personnalisee-140ul-4-fenetres-collee\/"},"modified":"2025-02-12T10:24:01","modified_gmt":"2025-02-12T10:24:01","slug":"micro-cuvette-de-fluorimetre-personnalisee-140ul-4-fenetres-collee","status":"publish","type":"product","link":"https:\/\/hookelab.com\/fr\/produit\/micro-cuvette-de-fluorimetre-personnalisee-140ul-4-fenetres-collee\/","title":{"rendered":"Micro-cuvette de fluorim\u00e8tre personnalis\u00e9e, 140ul, 4 fen\u00eatres, coll\u00e9e"},"content":{"rendered":"\t\t\t<link rel=\"stylesheet\" id=\"elementor-post-49564-css\" href=\"https:\/\/hookelab.com\/wp-content\/uploads\/elementor\/css\/post-49564.css?ver=1776392409\" type=\"text\/css\" media=\"all\">\r\n\t\t\t\t\t<div data-elementor-type=\"wp-post\" data-elementor-id=\"49564\" class=\"elementor elementor-49564 elementor-28627\">\n\t\t\t\t<div class=\"wd-negative-gap elementor-element elementor-element-212cd0f e-grid e-con-boxed e-con e-parent\" data-id=\"212cd0f\" data-element_type=\"container\" data-e-type=\"container\">\n\t\t\t\t\t<div class=\"e-con-inner\">\n\t\t\t\t<div class=\"elementor-element elementor-element-14dd597 elementor-widget elementor-widget-wd_text_block\" data-id=\"14dd597\" data-element_type=\"widget\" data-e-type=\"widget\" data-widget_type=\"wd_text_block.default\">\n\t\t\t\t<div class=\"elementor-widget-container\">\n\t\t\t\t\t\t\t<div class=\"wd-text-block reset-last-child text-left\">\r\n\t\t\t\r\n\t\t\t<h2>D\u00e9tails<\/h2><ul><li>Mat\u00e9riau : JGS-1 Quartz UV<\/li><li>Volume : 140 ul<\/li><li>Fen\u00eatres d\u00e9gag\u00e9es : 4 fen\u00eatres<\/li><li>Longueur d'onde de la lumi\u00e8re : 0,4 mm\/10 mm Double longueur d'onde<\/li><li>Largeur \u00e9troite : 0,4 mm<\/li><li>Type d'assemblage : Coll\u00e9<\/li><li>Gamme de transmission : 200-2500 nm<\/li><li>Erreur de performance optique de la surface de transmission : \u22640,3%.<\/li><\/ul><p>Veuillez noter que les cuves coll\u00e9es ne sont destin\u00e9es qu'aux solvants et solut\u00e9s neutres et qu'elles peuvent \u00eatre utilis\u00e9es \u00e0 des temp\u00e9ratures inf\u00e9rieures \u00e0 100\u00b0C. Si vous avez besoin de cellules qui peuvent r\u00e9sister aux acides et aux bases, aux solvants organiques, ou \u00e0 une utilisation \u00e0 &gt;100\u00b0C, veuillez nous contacter pour des options personnalis\u00e9es avec des cuves en poudre fritt\u00e9e ou OCB.<\/p>\r\n\t\t\t\t\t<\/div>\r\n\t\t\t\t\t\t<\/div>\n\t\t\t\t<\/div>\n\t\t\t\t<div class=\"elementor-element elementor-element-cbad90b elementor-widget elementor-widget-wd_image_or_svg\" data-id=\"cbad90b\" data-element_type=\"widget\" data-e-type=\"widget\" data-widget_type=\"wd_image_or_svg.default\">\n\t\t\t\t<div class=\"elementor-widget-container\">\n\t\t\t\t\t\r\n\t\t<div class=\"wd-image text-left\">\r\n\t\t\t\t\t\t\t\t<img fetchpriority=\"high\" decoding=\"async\" width=\"714\" height=\"816\" src=\"https:\/\/hookelab.com\/wp-content\/uploads\/2025\/02\/Customized-Micro-Fluorometer-Cuvette-140ul-4-Windows-Glued03.jpg\" class=\"attachment-full size-full\" alt=\"\" srcset=\"https:\/\/hookelab.com\/wp-content\/uploads\/2025\/02\/Customized-Micro-Fluorometer-Cuvette-140ul-4-Windows-Glued03.jpg 714w, https:\/\/hookelab.com\/wp-content\/uploads\/2025\/02\/Customized-Micro-Fluorometer-Cuvette-140ul-4-Windows-Glued03-263x300.jpg 263w, https:\/\/hookelab.com\/wp-content\/uploads\/2025\/02\/Customized-Micro-Fluorometer-Cuvette-140ul-4-Windows-Glued03-700x800.jpg 700w, https:\/\/hookelab.com\/wp-content\/uploads\/2025\/02\/Customized-Micro-Fluorometer-Cuvette-140ul-4-Windows-Glued03-430x491.jpg 430w, https:\/\/hookelab.com\/wp-content\/uploads\/2025\/02\/Customized-Micro-Fluorometer-Cuvette-140ul-4-Windows-Glued03-150x171.jpg 150w\" sizes=\"(max-width: 714px) 100vw, 714px\" \/>\t\t\t\t\t<\/div>\r\n\r\n\t\t\t\t\t\t<\/div>\n\t\t\t\t<\/div>\n\t\t\t\t<div class=\"elementor-element elementor-element-67cc5cc elementor-widget elementor-widget-wd_image_or_svg\" data-id=\"67cc5cc\" data-element_type=\"widget\" data-e-type=\"widget\" data-widget_type=\"wd_image_or_svg.default\">\n\t\t\t\t<div class=\"elementor-widget-container\">\n\t\t\t\t\t\r\n\t\t<div class=\"wd-image text-left\">\r\n\t\t\t\t\t\t\t\t<img decoding=\"async\" width=\"618\" height=\"706\" src=\"https:\/\/hookelab.com\/wp-content\/uploads\/2025\/02\/Customized-Micro-Fluorometer-Cuvette-140ul-4-Windows-Glued04.jpg\" class=\"attachment-full size-full\" alt=\"\" srcset=\"https:\/\/hookelab.com\/wp-content\/uploads\/2025\/02\/Customized-Micro-Fluorometer-Cuvette-140ul-4-Windows-Glued04.jpg 618w, https:\/\/hookelab.com\/wp-content\/uploads\/2025\/02\/Customized-Micro-Fluorometer-Cuvette-140ul-4-Windows-Glued04-263x300.jpg 263w, https:\/\/hookelab.com\/wp-content\/uploads\/2025\/02\/Customized-Micro-Fluorometer-Cuvette-140ul-4-Windows-Glued04-430x491.jpg 430w, https:\/\/hookelab.com\/wp-content\/uploads\/2025\/02\/Customized-Micro-Fluorometer-Cuvette-140ul-4-Windows-Glued04-150x171.jpg 150w\" sizes=\"(max-width: 618px) 100vw, 618px\" \/>\t\t\t\t\t<\/div>\r\n\r\n\t\t\t\t\t\t<\/div>\n\t\t\t\t<\/div>\n\t\t\t\t\t<\/div>\n\t\t\t\t<\/div>\n\t\t\t\t<\/div>\n\t\t\n","protected":false},"excerpt":{"rendered":"","protected":false},"featured_media":28630,"comment_status":"open","ping_status":"closed","template":"","meta":[],"product_brand":[],"product_cat":[1410,1412,1351,1396],"product_tag":[],"class_list":{"0":"post-48236","1":"product","2":"type-product","3":"status-publish","4":"has-post-thumbnail","6":"product_cat-cuvettes-de-fluorimetre","7":"product_cat-cuvettes-en-quartz-uv-vis-200-2500nm-2","8":"product_cat-cuvettes-et-cellules","9":"product_cat-micro-cuvettes","11":"first","12":"instock","13":"shipping-taxable","14":"purchasable","15":"product-type-simple"},"_links":{"self":[{"href":"https:\/\/hookelab.com\/fr\/wp-json\/wp\/v2\/product\/48236","targetHints":{"allow":["GET"]}}],"collection":[{"href":"https:\/\/hookelab.com\/fr\/wp-json\/wp\/v2\/product"}],"about":[{"href":"https:\/\/hookelab.com\/fr\/wp-json\/wp\/v2\/types\/product"}],"replies":[{"embeddable":true,"href":"https:\/\/hookelab.com\/fr\/wp-json\/wp\/v2\/comments?post=48236"}],"version-history":[{"count":0,"href":"https:\/\/hookelab.com\/fr\/wp-json\/wp\/v2\/product\/48236\/revisions"}],"wp:featuredmedia":[{"embeddable":true,"href":"https:\/\/hookelab.com\/fr\/wp-json\/wp\/v2\/media\/28630"}],"wp:attachment":[{"href":"https:\/\/hookelab.com\/fr\/wp-json\/wp\/v2\/media?parent=48236"}],"wp:term":[{"taxonomy":"product_brand","embeddable":true,"href":"https:\/\/hookelab.com\/fr\/wp-json\/wp\/v2\/product_brand?post=48236"},{"taxonomy":"product_cat","embeddable":true,"href":"https:\/\/hookelab.com\/fr\/wp-json\/wp\/v2\/product_cat?post=48236"},{"taxonomy":"product_tag","embeddable":true,"href":"https:\/\/hookelab.com\/fr\/wp-json\/wp\/v2\/product_tag?post=48236"}],"curies":[{"name":"wp","href":"https:\/\/api.w.org\/{rel}","templated":true}]}}