{"id":48176,"date":"2025-02-12T09:37:24","date_gmt":"2025-02-12T09:37:24","guid":{"rendered":"https:\/\/hookelab.com\/product\/cellule-de-reflexion-cylindrique-en-quartz-ir-personnalisee-115ml-poudre-frittee\/"},"modified":"2025-02-12T09:37:24","modified_gmt":"2025-02-12T09:37:24","slug":"cellule-de-reflexion-cylindrique-en-quartz-ir-personnalisee-115ml-poudre-frittee","status":"publish","type":"product","link":"https:\/\/hookelab.com\/fr\/produit\/cellule-de-reflexion-cylindrique-en-quartz-ir-personnalisee-115ml-poudre-frittee\/","title":{"rendered":"Cellule de r\u00e9flexion cylindrique en quartz IR personnalis\u00e9e, 115ml, poudre fritt\u00e9e"},"content":{"rendered":"\t\t\t<link rel=\"stylesheet\" id=\"elementor-post-49512-css\" href=\"https:\/\/hookelab.com\/wp-content\/uploads\/elementor\/css\/post-49512.css?ver=1776441250\" type=\"text\/css\" media=\"all\">\r\n\t\t\t\t\t<div data-elementor-type=\"wp-post\" data-elementor-id=\"49512\" class=\"elementor elementor-49512 elementor-28570\">\n\t\t\t\t<div class=\"wd-negative-gap elementor-element elementor-element-212cd0f e-grid e-con-boxed e-con e-parent\" data-id=\"212cd0f\" data-element_type=\"container\" data-e-type=\"container\">\n\t\t\t\t\t<div class=\"e-con-inner\">\n\t\t\t\t<div class=\"elementor-element elementor-element-14dd597 elementor-widget elementor-widget-wd_text_block\" data-id=\"14dd597\" data-element_type=\"widget\" data-e-type=\"widget\" data-widget_type=\"wd_text_block.default\">\n\t\t\t\t<div class=\"elementor-widget-container\">\n\t\t\t\t\t\t\t<div class=\"wd-text-block reset-last-child text-left\">\r\n\t\t\t\r\n\t\t\t<h2>D\u00e9tails<\/h2>\n<ul>\n<li>Mat\u00e9riau : JGS-3 IR Quartz<\/li>\n<li>Volume : 115 ml<\/li>\n<li>\u00c9paisseur de la paroi : 5 mm<\/li>\n<li>\u00c9paisseur de la base : 1,5 mm<\/li>\n<li>Type d'assemblage : Poudre fritt\u00e9e<\/li>\n<li>Gamme de transmission : 260-3800 nm<\/li>\n<li>Erreur de performance optique de la surface de transmission : \u22640,3%.<\/li>\n<\/ul>\n<p>Cuvette de frittage de poudre, peut r\u00e9sister \u00e0 une temp\u00e9rature de 600\u2103, r\u00e9sistant \u00e0 la plupart des acides et des alcalis, et des solutions organiques.<\/p>\n<p>Si vous avez besoin de cellules avec un processus de production coll\u00e9 ou OCB, veuillez nous contacter pour des options personnalis\u00e9es.<\/p>\r\n\t\t\t\t\t<\/div>\r\n\t\t\t\t\t\t<\/div>\n\t\t\t\t<\/div>\n\t\t\t\t<div class=\"elementor-element elementor-element-cbad90b elementor-widget elementor-widget-wd_image_or_svg\" data-id=\"cbad90b\" data-element_type=\"widget\" data-e-type=\"widget\" data-widget_type=\"wd_image_or_svg.default\">\n\t\t\t\t<div class=\"elementor-widget-container\">\n\t\t\t\t\t\r\n\t\t<div class=\"wd-image text-left\">\r\n\t\t\t\t\t\t\t\t<img fetchpriority=\"high\" decoding=\"async\" width=\"700\" height=\"800\" src=\"https:\/\/hookelab.com\/wp-content\/uploads\/2025\/02\/Customized-IR-Quartz-Cylindrical-Reflection-Cell-115ml-Powder-Sintered03.png\" class=\"attachment-full size-full\" alt=\"\" srcset=\"https:\/\/hookelab.com\/wp-content\/uploads\/2025\/02\/Customized-IR-Quartz-Cylindrical-Reflection-Cell-115ml-Powder-Sintered03.png 700w, https:\/\/hookelab.com\/wp-content\/uploads\/2025\/02\/Customized-IR-Quartz-Cylindrical-Reflection-Cell-115ml-Powder-Sintered03-263x300.png 263w, https:\/\/hookelab.com\/wp-content\/uploads\/2025\/02\/Customized-IR-Quartz-Cylindrical-Reflection-Cell-115ml-Powder-Sintered03-430x491.png 430w, https:\/\/hookelab.com\/wp-content\/uploads\/2025\/02\/Customized-IR-Quartz-Cylindrical-Reflection-Cell-115ml-Powder-Sintered03-150x171.png 150w\" sizes=\"(max-width: 700px) 100vw, 700px\" \/>\t\t\t\t\t<\/div>\r\n\r\n\t\t\t\t\t\t<\/div>\n\t\t\t\t<\/div>\n\t\t\t\t<div class=\"elementor-element elementor-element-67cc5cc elementor-widget elementor-widget-wd_image_or_svg\" data-id=\"67cc5cc\" data-element_type=\"widget\" data-e-type=\"widget\" data-widget_type=\"wd_image_or_svg.default\">\n\t\t\t\t<div class=\"elementor-widget-container\">\n\t\t\t\t\t\r\n\t\t<div class=\"wd-image text-left\">\r\n\t\t\t\t\t\t\t\t<img decoding=\"async\" width=\"700\" height=\"800\" src=\"https:\/\/hookelab.com\/wp-content\/uploads\/2025\/02\/Customized-IR-Quartz-Cylindrical-Reflection-Cell-115ml-Powder-Sintered04.png\" class=\"attachment-full size-full\" alt=\"\" srcset=\"https:\/\/hookelab.com\/wp-content\/uploads\/2025\/02\/Customized-IR-Quartz-Cylindrical-Reflection-Cell-115ml-Powder-Sintered04.png 700w, https:\/\/hookelab.com\/wp-content\/uploads\/2025\/02\/Customized-IR-Quartz-Cylindrical-Reflection-Cell-115ml-Powder-Sintered04-263x300.png 263w, https:\/\/hookelab.com\/wp-content\/uploads\/2025\/02\/Customized-IR-Quartz-Cylindrical-Reflection-Cell-115ml-Powder-Sintered04-430x491.png 430w, https:\/\/hookelab.com\/wp-content\/uploads\/2025\/02\/Customized-IR-Quartz-Cylindrical-Reflection-Cell-115ml-Powder-Sintered04-150x171.png 150w\" sizes=\"(max-width: 700px) 100vw, 700px\" \/>\t\t\t\t\t<\/div>\r\n\r\n\t\t\t\t\t\t<\/div>\n\t\t\t\t<\/div>\n\t\t\t\t\t<\/div>\n\t\t\t\t<\/div>\n\t\t\t\t<\/div>\n\t\t\n","protected":false},"excerpt":{"rendered":"","protected":false},"featured_media":28568,"comment_status":"open","ping_status":"closed","template":"","meta":[],"product_brand":[],"product_cat":[1443,1481,1351],"product_tag":[],"class_list":{"0":"post-48176","1":"product","2":"type-product","3":"status-publish","4":"has-post-thumbnail","6":"product_cat-autres-cuvettes","7":"product_cat-cellules-de-reflexion","8":"product_cat-cuvettes-et-cellules","10":"first","11":"instock","12":"shipping-taxable","13":"purchasable","14":"product-type-simple"},"_links":{"self":[{"href":"https:\/\/hookelab.com\/fr\/wp-json\/wp\/v2\/product\/48176","targetHints":{"allow":["GET"]}}],"collection":[{"href":"https:\/\/hookelab.com\/fr\/wp-json\/wp\/v2\/product"}],"about":[{"href":"https:\/\/hookelab.com\/fr\/wp-json\/wp\/v2\/types\/product"}],"replies":[{"embeddable":true,"href":"https:\/\/hookelab.com\/fr\/wp-json\/wp\/v2\/comments?post=48176"}],"version-history":[{"count":0,"href":"https:\/\/hookelab.com\/fr\/wp-json\/wp\/v2\/product\/48176\/revisions"}],"wp:featuredmedia":[{"embeddable":true,"href":"https:\/\/hookelab.com\/fr\/wp-json\/wp\/v2\/media\/28568"}],"wp:attachment":[{"href":"https:\/\/hookelab.com\/fr\/wp-json\/wp\/v2\/media?parent=48176"}],"wp:term":[{"taxonomy":"product_brand","embeddable":true,"href":"https:\/\/hookelab.com\/fr\/wp-json\/wp\/v2\/product_brand?post=48176"},{"taxonomy":"product_cat","embeddable":true,"href":"https:\/\/hookelab.com\/fr\/wp-json\/wp\/v2\/product_cat?post=48176"},{"taxonomy":"product_tag","embeddable":true,"href":"https:\/\/hookelab.com\/fr\/wp-json\/wp\/v2\/product_tag?post=48176"}],"curies":[{"name":"wp","href":"https:\/\/api.w.org\/{rel}","templated":true}]}}