{"id":48105,"date":"2025-02-12T09:17:09","date_gmt":"2025-02-12T09:17:09","guid":{"rendered":"https:\/\/hookelab.com\/product\/cuvette-a-circulation-personnalisee-avec-connecteurs-en-quartz-4-5ml-collee\/"},"modified":"2025-02-12T09:17:09","modified_gmt":"2025-02-12T09:17:09","slug":"cuvette-a-circulation-personnalisee-avec-connecteurs-en-quartz-4-5ml-collee","status":"publish","type":"product","link":"https:\/\/hookelab.com\/fr\/produit\/cuvette-a-circulation-personnalisee-avec-connecteurs-en-quartz-4-5ml-collee\/","title":{"rendered":"Cuvette \u00e0 circulation personnalis\u00e9e avec connecteurs en quartz, 4.5ml, coll\u00e9e"},"content":{"rendered":"\t\t\t<link rel=\"stylesheet\" id=\"elementor-post-49509-css\" href=\"https:\/\/hookelab.com\/wp-content\/uploads\/elementor\/css\/post-49509.css?ver=1776465960\" type=\"text\/css\" media=\"all\">\r\n\t\t\t\t\t<div data-elementor-type=\"wp-post\" data-elementor-id=\"49509\" class=\"elementor elementor-49509 elementor-28542\">\n\t\t\t\t<div class=\"wd-negative-gap elementor-element elementor-element-212cd0f e-grid e-con-boxed e-con e-parent\" data-id=\"212cd0f\" data-element_type=\"container\" data-e-type=\"container\">\n\t\t\t\t\t<div class=\"e-con-inner\">\n\t\t\t\t<div class=\"elementor-element elementor-element-14dd597 elementor-widget elementor-widget-wd_text_block\" data-id=\"14dd597\" data-element_type=\"widget\" data-e-type=\"widget\" data-widget_type=\"wd_text_block.default\">\n\t\t\t\t<div class=\"elementor-widget-container\">\n\t\t\t\t\t\t\t<div class=\"wd-text-block reset-last-child text-left\">\r\n\t\t\t\r\n\t\t\t<h2>D\u00e9tails<\/h2>\n<ul>\n<li>Mat\u00e9riau : JGS-1 Quartz UV<\/li>\n<li>D\u00e9gag\u00e9 Fen\u00eatres : 2 fen\u00eatres<\/li>\n<li>Volume : 4,5 ml<\/li>\n<li>Longueur du trajet lumineux : 7,5 mm<\/li>\n<li>Connecteurs en quartz : ID 8mm, OD 10mm<\/li>\n<li>Type d'assemblage : Coll\u00e9<\/li>\n<li>Gamme de transmission : 200-2500 nm<\/li>\n<li>Erreur de performance optique de la surface de transmission : \u22640,3%.<\/li>\n<\/ul>\n<p>Veuillez noter que les cuves coll\u00e9es ne sont destin\u00e9es qu'aux solvants et solut\u00e9s neutres et qu'elles peuvent \u00eatre utilis\u00e9es \u00e0 des temp\u00e9ratures inf\u00e9rieures \u00e0 100\u00b0C. Si vous avez besoin de cellules qui peuvent r\u00e9sister aux acides et aux bases, aux solvants organiques, ou \u00e0 une utilisation \u00e0 &gt;100\u00b0C, veuillez nous contacter pour des options personnalis\u00e9es avec des cuves en poudre fritt\u00e9e ou OCB.<\/p>\r\n\t\t\t\t\t<\/div>\r\n\t\t\t\t\t\t<\/div>\n\t\t\t\t<\/div>\n\t\t\t\t<div class=\"elementor-element elementor-element-cbad90b elementor-widget elementor-widget-wd_image_or_svg\" data-id=\"cbad90b\" data-element_type=\"widget\" data-e-type=\"widget\" data-widget_type=\"wd_image_or_svg.default\">\n\t\t\t\t<div class=\"elementor-widget-container\">\n\t\t\t\t\t\r\n\t\t<div class=\"wd-image text-left\">\r\n\t\t\t\t\t\t\t\t<img fetchpriority=\"high\" decoding=\"async\" width=\"768\" height=\"878\" src=\"https:\/\/hookelab.com\/wp-content\/uploads\/2025\/02\/Customized-Flow-through-Cuvette-with-Quartz-Connectors-4.5ml-Glued02.png\" class=\"attachment-full size-full\" alt=\"\" srcset=\"https:\/\/hookelab.com\/wp-content\/uploads\/2025\/02\/Customized-Flow-through-Cuvette-with-Quartz-Connectors-4.5ml-Glued02.png 768w, https:\/\/hookelab.com\/wp-content\/uploads\/2025\/02\/Customized-Flow-through-Cuvette-with-Quartz-Connectors-4.5ml-Glued02-262x300.png 262w, https:\/\/hookelab.com\/wp-content\/uploads\/2025\/02\/Customized-Flow-through-Cuvette-with-Quartz-Connectors-4.5ml-Glued02-700x800.png 700w, https:\/\/hookelab.com\/wp-content\/uploads\/2025\/02\/Customized-Flow-through-Cuvette-with-Quartz-Connectors-4.5ml-Glued02-430x492.png 430w, https:\/\/hookelab.com\/wp-content\/uploads\/2025\/02\/Customized-Flow-through-Cuvette-with-Quartz-Connectors-4.5ml-Glued02-150x171.png 150w\" sizes=\"(max-width: 768px) 100vw, 768px\" \/>\t\t\t\t\t<\/div>\r\n\r\n\t\t\t\t\t\t<\/div>\n\t\t\t\t<\/div>\n\t\t\t\t<div class=\"elementor-element elementor-element-67cc5cc elementor-widget elementor-widget-wd_image_or_svg\" data-id=\"67cc5cc\" data-element_type=\"widget\" data-e-type=\"widget\" data-widget_type=\"wd_image_or_svg.default\">\n\t\t\t\t<div class=\"elementor-widget-container\">\n\t\t\t\t\t\r\n\t\t<div class=\"wd-image text-left\">\r\n\t\t\t\t\t\t\t\t<img decoding=\"async\" width=\"700\" height=\"800\" src=\"https:\/\/hookelab.com\/wp-content\/uploads\/2025\/02\/Customized-Flow-through-Cuvette-with-Quartz-Connectors07.png\" class=\"attachment-full size-full\" alt=\"\" srcset=\"https:\/\/hookelab.com\/wp-content\/uploads\/2025\/02\/Customized-Flow-through-Cuvette-with-Quartz-Connectors07.png 700w, https:\/\/hookelab.com\/wp-content\/uploads\/2025\/02\/Customized-Flow-through-Cuvette-with-Quartz-Connectors07-263x300.png 263w, https:\/\/hookelab.com\/wp-content\/uploads\/2025\/02\/Customized-Flow-through-Cuvette-with-Quartz-Connectors07-430x491.png 430w, https:\/\/hookelab.com\/wp-content\/uploads\/2025\/02\/Customized-Flow-through-Cuvette-with-Quartz-Connectors07-150x171.png 150w\" sizes=\"(max-width: 700px) 100vw, 700px\" \/>\t\t\t\t\t<\/div>\r\n\r\n\t\t\t\t\t\t<\/div>\n\t\t\t\t<\/div>\n\t\t\t\t\t<\/div>\n\t\t\t\t<\/div>\n\t\t\t\t<\/div>\n\t\t\n","protected":false},"excerpt":{"rendered":"","protected":false},"featured_media":28544,"comment_status":"open","ping_status":"closed","template":"","meta":[],"product_brand":[],"product_cat":[1401,1399,1400,1351,1430],"product_tag":[],"class_list":{"0":"post-48105","1":"product","2":"type-product","3":"status-publish","4":"has-post-thumbnail","6":"product_cat-cuvettes-a-circulation","7":"product_cat-cuvettes-de-spectrophotometre","8":"product_cat-cuvettes-en-quartz-uv-vis-200-2500nm","9":"product_cat-cuvettes-et-cellules","10":"product_cat-macro-cuvettes","12":"first","13":"instock","14":"shipping-taxable","15":"purchasable","16":"product-type-simple"},"_links":{"self":[{"href":"https:\/\/hookelab.com\/fr\/wp-json\/wp\/v2\/product\/48105","targetHints":{"allow":["GET"]}}],"collection":[{"href":"https:\/\/hookelab.com\/fr\/wp-json\/wp\/v2\/product"}],"about":[{"href":"https:\/\/hookelab.com\/fr\/wp-json\/wp\/v2\/types\/product"}],"replies":[{"embeddable":true,"href":"https:\/\/hookelab.com\/fr\/wp-json\/wp\/v2\/comments?post=48105"}],"version-history":[{"count":0,"href":"https:\/\/hookelab.com\/fr\/wp-json\/wp\/v2\/product\/48105\/revisions"}],"wp:featuredmedia":[{"embeddable":true,"href":"https:\/\/hookelab.com\/fr\/wp-json\/wp\/v2\/media\/28544"}],"wp:attachment":[{"href":"https:\/\/hookelab.com\/fr\/wp-json\/wp\/v2\/media?parent=48105"}],"wp:term":[{"taxonomy":"product_brand","embeddable":true,"href":"https:\/\/hookelab.com\/fr\/wp-json\/wp\/v2\/product_brand?post=48105"},{"taxonomy":"product_cat","embeddable":true,"href":"https:\/\/hookelab.com\/fr\/wp-json\/wp\/v2\/product_cat?post=48105"},{"taxonomy":"product_tag","embeddable":true,"href":"https:\/\/hookelab.com\/fr\/wp-json\/wp\/v2\/product_tag?post=48105"}],"curies":[{"name":"wp","href":"https:\/\/api.w.org\/{rel}","templated":true}]}}