{"id":48090,"date":"2025-02-12T06:10:47","date_gmt":"2025-02-12T06:10:47","guid":{"rendered":"https:\/\/hookelab.com\/product\/cuvette-etanche-a-lair-personnalisee-avec-bouchon-filete-m10-ocb\/"},"modified":"2025-02-12T06:10:47","modified_gmt":"2025-02-12T06:10:47","slug":"cuvette-etanche-a-lair-personnalisee-avec-bouchon-filete-m10-ocb","status":"publish","type":"product","link":"https:\/\/hookelab.com\/fr\/produit\/cuvette-etanche-a-lair-personnalisee-avec-bouchon-filete-m10-ocb\/","title":{"rendered":"Cuvette \u00e9tanche \u00e0 l&rsquo;air personnalis\u00e9e avec bouchon filet\u00e9 M10, OCB"},"content":{"rendered":"\t\t\t<link rel=\"stylesheet\" id=\"elementor-post-49484-css\" href=\"https:\/\/hookelab.com\/wp-content\/uploads\/elementor\/css\/post-49484.css?ver=1776400880\" type=\"text\/css\" media=\"all\">\r\n\t\t\t\t\t<div data-elementor-type=\"wp-post\" data-elementor-id=\"49484\" class=\"elementor elementor-49484 elementor-28515\">\n\t\t\t\t<div class=\"wd-negative-gap elementor-element elementor-element-212cd0f e-grid e-con-boxed e-con e-parent\" data-id=\"212cd0f\" data-element_type=\"container\" data-e-type=\"container\">\n\t\t\t\t\t<div class=\"e-con-inner\">\n\t\t\t\t<div class=\"elementor-element elementor-element-14dd597 elementor-widget elementor-widget-wd_text_block\" data-id=\"14dd597\" data-element_type=\"widget\" data-e-type=\"widget\" data-widget_type=\"wd_text_block.default\">\n\t\t\t\t<div class=\"elementor-widget-container\">\n\t\t\t\t\t\t\t<div class=\"wd-text-block reset-last-child text-left\">\r\n\t\t\t\r\n\t\t\t<h2>D\u00e9tails<\/h2><ul><li>Mat\u00e9riau : JGS-1 Quartz UV<\/li><li>Volume : 240 ul<\/li><li>D\u00e9gag\u00e9 Fen\u00eatres : 2 fen\u00eatres<\/li><li>Longueur du trajet lumineux : 2,5 mm<\/li><li>Type de bouchon : Capuchon ext\u00e9rieur M10 \u00e0 filetage PTFE<\/li><li>Dimensions ext\u00e9rieures avec le capuchon (L\u00d7L\u00d7H) : 5\u00d75\u00d759mm<\/li><li>Type d'assemblage : Collage par contact optique (OCB)<\/li><li>Gamme de transmission : 200-2500 nm<\/li><li>Erreur de performance optique de la surface de transmission : \u22640,3%.<\/li><\/ul><p>La cuvette OCB r\u00e9siste aux temp\u00e9ratures \u00e9lev\u00e9es, aux acides et aux alcalis, ainsi qu'aux solvants organiques.<\/p><p>Le capuchon en PTFE a une longue dur\u00e9e de vie r\u00e9sistante \u00e0 la corrosion et n'a que peu d'influence sur les solvants mesur\u00e9s.<\/p>\r\n\t\t\t\t\t<\/div>\r\n\t\t\t\t\t\t<\/div>\n\t\t\t\t<\/div>\n\t\t\t\t<div class=\"elementor-element elementor-element-cbad90b elementor-widget elementor-widget-wd_image_or_svg\" data-id=\"cbad90b\" data-element_type=\"widget\" data-e-type=\"widget\" data-widget_type=\"wd_image_or_svg.default\">\n\t\t\t\t<div class=\"elementor-widget-container\">\n\t\t\t\t\t\r\n\t\t<div class=\"wd-image text-left\">\r\n\t\t\t\t\t\t\t\t<img fetchpriority=\"high\" decoding=\"async\" width=\"668\" height=\"763\" src=\"https:\/\/hookelab.com\/wp-content\/uploads\/2025\/02\/Customized-Air-tight-Cuvette-with-M10-Screw-Thread-Cap-OCB05.png\" class=\"attachment-full size-full\" alt=\"\" srcset=\"https:\/\/hookelab.com\/wp-content\/uploads\/2025\/02\/Customized-Air-tight-Cuvette-with-M10-Screw-Thread-Cap-OCB05.png 668w, https:\/\/hookelab.com\/wp-content\/uploads\/2025\/02\/Customized-Air-tight-Cuvette-with-M10-Screw-Thread-Cap-OCB05-263x300.png 263w, https:\/\/hookelab.com\/wp-content\/uploads\/2025\/02\/Customized-Air-tight-Cuvette-with-M10-Screw-Thread-Cap-OCB05-430x491.png 430w, https:\/\/hookelab.com\/wp-content\/uploads\/2025\/02\/Customized-Air-tight-Cuvette-with-M10-Screw-Thread-Cap-OCB05-150x171.png 150w\" sizes=\"(max-width: 668px) 100vw, 668px\" \/>\t\t\t\t\t<\/div>\r\n\r\n\t\t\t\t\t\t<\/div>\n\t\t\t\t<\/div>\n\t\t\t\t<div class=\"elementor-element elementor-element-67cc5cc elementor-widget elementor-widget-wd_image_or_svg\" data-id=\"67cc5cc\" data-element_type=\"widget\" data-e-type=\"widget\" data-widget_type=\"wd_image_or_svg.default\">\n\t\t\t\t<div class=\"elementor-widget-container\">\n\t\t\t\t\t\r\n\t\t<div class=\"wd-image text-left\">\r\n\t\t\t\t\t\t\t\t<img decoding=\"async\" width=\"582\" height=\"664\" src=\"https:\/\/hookelab.com\/wp-content\/uploads\/2025\/02\/Customized-Air-tight-Cuvette-with-M10-Screw-Thread-Cap-OCB07.png\" class=\"attachment-full size-full\" alt=\"\" srcset=\"https:\/\/hookelab.com\/wp-content\/uploads\/2025\/02\/Customized-Air-tight-Cuvette-with-M10-Screw-Thread-Cap-OCB07.png 582w, https:\/\/hookelab.com\/wp-content\/uploads\/2025\/02\/Customized-Air-tight-Cuvette-with-M10-Screw-Thread-Cap-OCB07-263x300.png 263w, https:\/\/hookelab.com\/wp-content\/uploads\/2025\/02\/Customized-Air-tight-Cuvette-with-M10-Screw-Thread-Cap-OCB07-430x491.png 430w, https:\/\/hookelab.com\/wp-content\/uploads\/2025\/02\/Customized-Air-tight-Cuvette-with-M10-Screw-Thread-Cap-OCB07-150x171.png 150w\" sizes=\"(max-width: 582px) 100vw, 582px\" \/>\t\t\t\t\t<\/div>\r\n\r\n\t\t\t\t\t\t<\/div>\n\t\t\t\t<\/div>\n\t\t\t\t\t<\/div>\n\t\t\t\t<\/div>\n\t\t\t\t<\/div>\n\t\t\n","protected":false},"excerpt":{"rendered":"","protected":false},"featured_media":28518,"comment_status":"open","ping_status":"closed","template":"","meta":[],"product_brand":[],"product_cat":[1432,1399,1400,1351,1431,1396],"product_tag":[],"class_list":{"0":"post-48090","1":"product","2":"type-product","3":"status-publish","4":"has-post-thumbnail","6":"product_cat-cuvettes-avec-bouchon-a-vis-2","7":"product_cat-cuvettes-de-spectrophotometre","8":"product_cat-cuvettes-en-quartz-uv-vis-200-2500nm","9":"product_cat-cuvettes-et-cellules","10":"product_cat-cuvettes-etanches-2","11":"product_cat-micro-cuvettes","13":"first","14":"instock","15":"shipping-taxable","16":"purchasable","17":"product-type-simple"},"_links":{"self":[{"href":"https:\/\/hookelab.com\/fr\/wp-json\/wp\/v2\/product\/48090","targetHints":{"allow":["GET"]}}],"collection":[{"href":"https:\/\/hookelab.com\/fr\/wp-json\/wp\/v2\/product"}],"about":[{"href":"https:\/\/hookelab.com\/fr\/wp-json\/wp\/v2\/types\/product"}],"replies":[{"embeddable":true,"href":"https:\/\/hookelab.com\/fr\/wp-json\/wp\/v2\/comments?post=48090"}],"version-history":[{"count":0,"href":"https:\/\/hookelab.com\/fr\/wp-json\/wp\/v2\/product\/48090\/revisions"}],"wp:featuredmedia":[{"embeddable":true,"href":"https:\/\/hookelab.com\/fr\/wp-json\/wp\/v2\/media\/28518"}],"wp:attachment":[{"href":"https:\/\/hookelab.com\/fr\/wp-json\/wp\/v2\/media?parent=48090"}],"wp:term":[{"taxonomy":"product_brand","embeddable":true,"href":"https:\/\/hookelab.com\/fr\/wp-json\/wp\/v2\/product_brand?post=48090"},{"taxonomy":"product_cat","embeddable":true,"href":"https:\/\/hookelab.com\/fr\/wp-json\/wp\/v2\/product_cat?post=48090"},{"taxonomy":"product_tag","embeddable":true,"href":"https:\/\/hookelab.com\/fr\/wp-json\/wp\/v2\/product_tag?post=48090"}],"curies":[{"name":"wp","href":"https:\/\/api.w.org\/{rel}","templated":true}]}}