{"id":48048,"date":"2025-02-11T10:25:37","date_gmt":"2025-02-11T10:25:37","guid":{"rendered":"https:\/\/hookelab.com\/product\/cellule-a-circulation-carree-sur-mesure-avec-brides-des-deux-cotes-frittee-par-poudrage\/"},"modified":"2025-02-11T10:25:37","modified_gmt":"2025-02-11T10:25:37","slug":"cellule-a-circulation-carree-sur-mesure-avec-brides-des-deux-cotes-frittee-par-poudrage","status":"publish","type":"product","link":"https:\/\/hookelab.com\/fr\/produit\/cellule-a-circulation-carree-sur-mesure-avec-brides-des-deux-cotes-frittee-par-poudrage\/","title":{"rendered":"Cellule \u00e0 circulation carr\u00e9e sur mesure, avec brides des deux c\u00f4t\u00e9s, fritt\u00e9e par poudrage"},"content":{"rendered":"\t\t\t<link rel=\"stylesheet\" id=\"elementor-post-49468-css\" href=\"https:\/\/hookelab.com\/wp-content\/uploads\/elementor\/css\/post-49468.css?ver=1776456877\" type=\"text\/css\" media=\"all\">\r\n\t\t\t\t\t<div data-elementor-type=\"wp-post\" data-elementor-id=\"49468\" class=\"elementor elementor-49468 elementor-28454\">\n\t\t\t\t<div class=\"wd-negative-gap elementor-element elementor-element-212cd0f e-grid e-con-boxed e-con e-parent\" data-id=\"212cd0f\" data-element_type=\"container\" data-e-type=\"container\">\n\t\t\t\t\t<div class=\"e-con-inner\">\n\t\t\t\t<div class=\"elementor-element elementor-element-14dd597 elementor-widget elementor-widget-wd_text_block\" data-id=\"14dd597\" data-element_type=\"widget\" data-e-type=\"widget\" data-widget_type=\"wd_text_block.default\">\n\t\t\t\t<div class=\"elementor-widget-container\">\n\t\t\t\t\t\t\t<div class=\"wd-text-block reset-last-child text-left\">\r\n\t\t\t\r\n\t\t\t<h2>D\u00e9tails<\/h2><ul><li>Mat\u00e9riau : JGS-1 Quartz UV<\/li><li>Volume : 10 ml<\/li><li>Fen\u00eatres d\u00e9gag\u00e9es : 4 fen\u00eatres<\/li><li>Longueur du trajet lumineux : 10 mm<\/li><li>Type d'assemblage : Poudre fritt\u00e9e<\/li><li>Gamme de transmission : 200-2500 nm<\/li><li>Erreur de performance optique de la surface de transmission : \u22640,3%.<\/li><li>Les deux brides d'extr\u00e9mit\u00e9 sont con\u00e7ues pour fixer<\/li><\/ul><p>Veuillez noter que les cuves coll\u00e9es ne sont destin\u00e9es qu'aux solvants et solut\u00e9s neutres et qu'elles peuvent \u00eatre utilis\u00e9es \u00e0 des temp\u00e9ratures inf\u00e9rieures \u00e0 100\u00b0C. Si vous avez besoin de cellules qui peuvent r\u00e9sister aux acides et aux bases, aux solvants organiques, ou \u00e0 une utilisation \u00e0 &gt;100\u00b0C, veuillez nous contacter pour des options personnalis\u00e9es avec des cuves fritt\u00e9es par poudrage ou \u00e0 contact optique.<\/p>\r\n\t\t\t\t\t<\/div>\r\n\t\t\t\t\t\t<\/div>\n\t\t\t\t<\/div>\n\t\t\t\t<div class=\"elementor-element elementor-element-cbad90b elementor-widget elementor-widget-wd_image_or_svg\" data-id=\"cbad90b\" data-element_type=\"widget\" data-e-type=\"widget\" data-widget_type=\"wd_image_or_svg.default\">\n\t\t\t\t<div class=\"elementor-widget-container\">\n\t\t\t\t\t\r\n\t\t<div class=\"wd-image text-left\">\r\n\t\t\t\t\t\t\t\t<img fetchpriority=\"high\" decoding=\"async\" width=\"700\" height=\"800\" src=\"https:\/\/hookelab.com\/wp-content\/uploads\/2025\/02\/Customized-Square-Flow-through-Cell-Both-Sides-with-Flanges-Powder-Sintered04.png\" class=\"attachment-full size-full\" alt=\"\" srcset=\"https:\/\/hookelab.com\/wp-content\/uploads\/2025\/02\/Customized-Square-Flow-through-Cell-Both-Sides-with-Flanges-Powder-Sintered04.png 700w, https:\/\/hookelab.com\/wp-content\/uploads\/2025\/02\/Customized-Square-Flow-through-Cell-Both-Sides-with-Flanges-Powder-Sintered04-263x300.png 263w, https:\/\/hookelab.com\/wp-content\/uploads\/2025\/02\/Customized-Square-Flow-through-Cell-Both-Sides-with-Flanges-Powder-Sintered04-430x491.png 430w, https:\/\/hookelab.com\/wp-content\/uploads\/2025\/02\/Customized-Square-Flow-through-Cell-Both-Sides-with-Flanges-Powder-Sintered04-150x171.png 150w\" sizes=\"(max-width: 700px) 100vw, 700px\" \/>\t\t\t\t\t<\/div>\r\n\r\n\t\t\t\t\t\t<\/div>\n\t\t\t\t<\/div>\n\t\t\t\t<div class=\"elementor-element elementor-element-67cc5cc elementor-widget elementor-widget-wd_image_or_svg\" data-id=\"67cc5cc\" data-element_type=\"widget\" data-e-type=\"widget\" data-widget_type=\"wd_image_or_svg.default\">\n\t\t\t\t<div class=\"elementor-widget-container\">\n\t\t\t\t\t\r\n\t\t<div class=\"wd-image text-left\">\r\n\t\t\t\t\t\t\t\t<img decoding=\"async\" width=\"752\" height=\"860\" src=\"https:\/\/hookelab.com\/wp-content\/uploads\/2025\/02\/Customized-Square-Flow-through-Cell-Both-Sides-with-Flanges-Powder-Sintered03.png\" class=\"attachment-full size-full\" alt=\"\" srcset=\"https:\/\/hookelab.com\/wp-content\/uploads\/2025\/02\/Customized-Square-Flow-through-Cell-Both-Sides-with-Flanges-Powder-Sintered03.png 752w, https:\/\/hookelab.com\/wp-content\/uploads\/2025\/02\/Customized-Square-Flow-through-Cell-Both-Sides-with-Flanges-Powder-Sintered03-262x300.png 262w, https:\/\/hookelab.com\/wp-content\/uploads\/2025\/02\/Customized-Square-Flow-through-Cell-Both-Sides-with-Flanges-Powder-Sintered03-700x801.png 700w, https:\/\/hookelab.com\/wp-content\/uploads\/2025\/02\/Customized-Square-Flow-through-Cell-Both-Sides-with-Flanges-Powder-Sintered03-430x492.png 430w, https:\/\/hookelab.com\/wp-content\/uploads\/2025\/02\/Customized-Square-Flow-through-Cell-Both-Sides-with-Flanges-Powder-Sintered03-150x172.png 150w\" sizes=\"(max-width: 752px) 100vw, 752px\" \/>\t\t\t\t\t<\/div>\r\n\r\n\t\t\t\t\t\t<\/div>\n\t\t\t\t<\/div>\n\t\t\t\t\t<\/div>\n\t\t\t\t<\/div>\n\t\t\t\t<\/div>\n\t\t\n","protected":false},"excerpt":{"rendered":"","protected":false},"featured_media":28460,"comment_status":"open","ping_status":"closed","template":"","meta":[],"product_brand":[],"product_cat":[1411,1410,1412,1351,1430],"product_tag":[],"class_list":{"0":"post-48048","1":"product","2":"type-product","3":"status-publish","4":"has-post-thumbnail","6":"product_cat-cuvettes-a-circulation-2","7":"product_cat-cuvettes-de-fluorimetre","8":"product_cat-cuvettes-en-quartz-uv-vis-200-2500nm-2","9":"product_cat-cuvettes-et-cellules","10":"product_cat-macro-cuvettes","12":"first","13":"instock","14":"shipping-taxable","15":"purchasable","16":"product-type-simple"},"_links":{"self":[{"href":"https:\/\/hookelab.com\/fr\/wp-json\/wp\/v2\/product\/48048","targetHints":{"allow":["GET"]}}],"collection":[{"href":"https:\/\/hookelab.com\/fr\/wp-json\/wp\/v2\/product"}],"about":[{"href":"https:\/\/hookelab.com\/fr\/wp-json\/wp\/v2\/types\/product"}],"replies":[{"embeddable":true,"href":"https:\/\/hookelab.com\/fr\/wp-json\/wp\/v2\/comments?post=48048"}],"version-history":[{"count":0,"href":"https:\/\/hookelab.com\/fr\/wp-json\/wp\/v2\/product\/48048\/revisions"}],"wp:featuredmedia":[{"embeddable":true,"href":"https:\/\/hookelab.com\/fr\/wp-json\/wp\/v2\/media\/28460"}],"wp:attachment":[{"href":"https:\/\/hookelab.com\/fr\/wp-json\/wp\/v2\/media?parent=48048"}],"wp:term":[{"taxonomy":"product_brand","embeddable":true,"href":"https:\/\/hookelab.com\/fr\/wp-json\/wp\/v2\/product_brand?post=48048"},{"taxonomy":"product_cat","embeddable":true,"href":"https:\/\/hookelab.com\/fr\/wp-json\/wp\/v2\/product_cat?post=48048"},{"taxonomy":"product_tag","embeddable":true,"href":"https:\/\/hookelab.com\/fr\/wp-json\/wp\/v2\/product_tag?post=48048"}],"curies":[{"name":"wp","href":"https:\/\/api.w.org\/{rel}","templated":true}]}}