{"id":48006,"date":"2025-02-11T09:30:38","date_gmt":"2025-02-11T09:30:38","guid":{"rendered":"https:\/\/hookelab.com\/product\/cuvette-a-quartz-personnalisee-avec-5-fenetres-depoli-fritte-par-poudre\/"},"modified":"2025-02-11T09:30:38","modified_gmt":"2025-02-11T09:30:38","slug":"cuvette-a-quartz-personnalisee-avec-5-fenetres-depoli-fritte-par-poudre","status":"publish","type":"product","link":"https:\/\/hookelab.com\/fr\/produit\/cuvette-a-quartz-personnalisee-avec-5-fenetres-depoli-fritte-par-poudre\/","title":{"rendered":"Cuvette \u00e0 quartz personnalis\u00e9e avec 5 fen\u00eatres d\u00e9poli, fritt\u00e9 par poudre"},"content":{"rendered":"\t\t\t<link rel=\"stylesheet\" id=\"elementor-post-49453-css\" href=\"https:\/\/hookelab.com\/wp-content\/uploads\/elementor\/css\/post-49453.css?ver=1776431275\" type=\"text\/css\" media=\"all\">\r\n\t\t\t\t\t<div data-elementor-type=\"wp-post\" data-elementor-id=\"49453\" class=\"elementor elementor-49453 elementor-28419\">\n\t\t\t\t<div class=\"wd-negative-gap elementor-element elementor-element-212cd0f e-grid e-con-boxed e-con e-parent\" data-id=\"212cd0f\" data-element_type=\"container\" data-e-type=\"container\">\n\t\t\t\t\t<div class=\"e-con-inner\">\n\t\t\t\t<div class=\"elementor-element elementor-element-14dd597 elementor-widget elementor-widget-wd_text_block\" data-id=\"14dd597\" data-element_type=\"widget\" data-e-type=\"widget\" data-widget_type=\"wd_text_block.default\">\n\t\t\t\t<div class=\"elementor-widget-container\">\n\t\t\t\t\t\t\t<div class=\"wd-text-block reset-last-child text-left\">\r\n\t\t\t\r\n\t\t\t<h2>D\u00e9tails<\/h2><ul><li>Mat\u00e9riau : JGS-1 Quartz UV<\/li><li>Fen\u00eatres d\u00e9gag\u00e9es : 0 fen\u00eatres, 5 fen\u00eatres givr\u00e9es  <\/li><li>Volume : 100 ul<\/li><li>\u00c9paisseur de la paroi : 1 mm<\/li><li>Type d'assemblage : Poudre fritt\u00e9e<\/li><li>Gamme de transmission : 200-2500 nm<\/li><li>Transmission de la lumi\u00e8re : &gt;80%<\/li><li>Erreur de performance optique de la surface de transmission : \u22640,3%.<\/li><\/ul><p>Veuillez noter que les cuves coll\u00e9es ne sont destin\u00e9es qu'aux solvants et solut\u00e9s neutres et qu'elles peuvent \u00eatre utilis\u00e9es \u00e0 des temp\u00e9ratures inf\u00e9rieures \u00e0 100\u00b0C. Si vous avez besoin de cellules qui peuvent r\u00e9sister aux acides et aux bases, aux solvants organiques, ou \u00e0 une utilisation \u00e0 &gt;100\u00b0C, veuillez nous contacter pour des options personnalis\u00e9es avec des cuves fritt\u00e9es par poudrage ou \u00e0 contact optique.<\/p>\r\n\t\t\t\t\t<\/div>\r\n\t\t\t\t\t\t<\/div>\n\t\t\t\t<\/div>\n\t\t\t\t<div class=\"elementor-element elementor-element-cbad90b elementor-widget elementor-widget-wd_image_or_svg\" data-id=\"cbad90b\" data-element_type=\"widget\" data-e-type=\"widget\" data-widget_type=\"wd_image_or_svg.default\">\n\t\t\t\t<div class=\"elementor-widget-container\">\n\t\t\t\t\t\r\n\t\t<div class=\"wd-image text-left\">\r\n\t\t\t\t\t\t\t\t<img fetchpriority=\"high\" decoding=\"async\" width=\"553\" height=\"631\" src=\"https:\/\/hookelab.com\/wp-content\/uploads\/2025\/02\/Customized-Quartz-Cuvette-with-5-Windows-Frosted-Powder-Sintered04.png\" class=\"attachment-full size-full\" alt=\"\" srcset=\"https:\/\/hookelab.com\/wp-content\/uploads\/2025\/02\/Customized-Quartz-Cuvette-with-5-Windows-Frosted-Powder-Sintered04.png 553w, https:\/\/hookelab.com\/wp-content\/uploads\/2025\/02\/Customized-Quartz-Cuvette-with-5-Windows-Frosted-Powder-Sintered04-263x300.png 263w, https:\/\/hookelab.com\/wp-content\/uploads\/2025\/02\/Customized-Quartz-Cuvette-with-5-Windows-Frosted-Powder-Sintered04-430x491.png 430w, https:\/\/hookelab.com\/wp-content\/uploads\/2025\/02\/Customized-Quartz-Cuvette-with-5-Windows-Frosted-Powder-Sintered04-150x171.png 150w\" sizes=\"(max-width: 553px) 100vw, 553px\" \/>\t\t\t\t\t<\/div>\r\n\r\n\t\t\t\t\t\t<\/div>\n\t\t\t\t<\/div>\n\t\t\t\t<div class=\"elementor-element elementor-element-67cc5cc elementor-widget elementor-widget-wd_image_or_svg\" data-id=\"67cc5cc\" data-element_type=\"widget\" data-e-type=\"widget\" data-widget_type=\"wd_image_or_svg.default\">\n\t\t\t\t<div class=\"elementor-widget-container\">\n\t\t\t\t\t\r\n\t\t<div class=\"wd-image text-left\">\r\n\t\t\t\t\t\t\t\t<img decoding=\"async\" width=\"700\" height=\"800\" src=\"https:\/\/hookelab.com\/wp-content\/uploads\/2025\/02\/Customized-Quartz-Cuvette-with-5-Windows-Frosted-Powder-Sintered03.png\" class=\"attachment-full size-full\" alt=\"\" srcset=\"https:\/\/hookelab.com\/wp-content\/uploads\/2025\/02\/Customized-Quartz-Cuvette-with-5-Windows-Frosted-Powder-Sintered03.png 700w, https:\/\/hookelab.com\/wp-content\/uploads\/2025\/02\/Customized-Quartz-Cuvette-with-5-Windows-Frosted-Powder-Sintered03-263x300.png 263w, https:\/\/hookelab.com\/wp-content\/uploads\/2025\/02\/Customized-Quartz-Cuvette-with-5-Windows-Frosted-Powder-Sintered03-430x491.png 430w, https:\/\/hookelab.com\/wp-content\/uploads\/2025\/02\/Customized-Quartz-Cuvette-with-5-Windows-Frosted-Powder-Sintered03-150x171.png 150w\" sizes=\"(max-width: 700px) 100vw, 700px\" \/>\t\t\t\t\t<\/div>\r\n\r\n\t\t\t\t\t\t<\/div>\n\t\t\t\t<\/div>\n\t\t\t\t\t<\/div>\n\t\t\t\t<\/div>\n\t\t\t\t<\/div>\n\t\t\n","protected":false},"excerpt":{"rendered":"","protected":false},"featured_media":28416,"comment_status":"open","ping_status":"closed","template":"","meta":[],"product_brand":[],"product_cat":[1443,1351,1396],"product_tag":[],"class_list":{"0":"post-48006","1":"product","2":"type-product","3":"status-publish","4":"has-post-thumbnail","6":"product_cat-autres-cuvettes","7":"product_cat-cuvettes-et-cellules","8":"product_cat-micro-cuvettes","10":"first","11":"instock","12":"shipping-taxable","13":"purchasable","14":"product-type-simple"},"_links":{"self":[{"href":"https:\/\/hookelab.com\/fr\/wp-json\/wp\/v2\/product\/48006","targetHints":{"allow":["GET"]}}],"collection":[{"href":"https:\/\/hookelab.com\/fr\/wp-json\/wp\/v2\/product"}],"about":[{"href":"https:\/\/hookelab.com\/fr\/wp-json\/wp\/v2\/types\/product"}],"replies":[{"embeddable":true,"href":"https:\/\/hookelab.com\/fr\/wp-json\/wp\/v2\/comments?post=48006"}],"version-history":[{"count":0,"href":"https:\/\/hookelab.com\/fr\/wp-json\/wp\/v2\/product\/48006\/revisions"}],"wp:featuredmedia":[{"embeddable":true,"href":"https:\/\/hookelab.com\/fr\/wp-json\/wp\/v2\/media\/28416"}],"wp:attachment":[{"href":"https:\/\/hookelab.com\/fr\/wp-json\/wp\/v2\/media?parent=48006"}],"wp:term":[{"taxonomy":"product_brand","embeddable":true,"href":"https:\/\/hookelab.com\/fr\/wp-json\/wp\/v2\/product_brand?post=48006"},{"taxonomy":"product_cat","embeddable":true,"href":"https:\/\/hookelab.com\/fr\/wp-json\/wp\/v2\/product_cat?post=48006"},{"taxonomy":"product_tag","embeddable":true,"href":"https:\/\/hookelab.com\/fr\/wp-json\/wp\/v2\/product_tag?post=48006"}],"curies":[{"name":"wp","href":"https:\/\/api.w.org\/{rel}","templated":true}]}}