{"id":47147,"date":"2025-03-02T13:19:35","date_gmt":"2025-03-02T13:19:35","guid":{"rendered":"https:\/\/hookelab.com\/product\/cellule-a-circulation-en-quartz-noir-uv-5mm-16ul-2-fenetres-zd-8-5mm-colle\/"},"modified":"2025-03-02T13:19:35","modified_gmt":"2025-03-02T13:19:35","slug":"cellule-a-circulation-en-quartz-noir-uv-5mm-16ul-2-fenetres-zd-8-5mm-colle","status":"publish","type":"product","link":"https:\/\/hookelab.com\/fr\/produit\/cellule-a-circulation-en-quartz-noir-uv-5mm-16ul-2-fenetres-zd-8-5mm-colle\/","title":{"rendered":"Cellule \u00e0 circulation en quartz noir UV, 5mm, 16ul, 2 fen\u00eatres, ZD 8.5mm, coll\u00e9"},"content":{"rendered":"\t\t\t<link rel=\"stylesheet\" id=\"elementor-post-48954-css\" href=\"https:\/\/hookelab.com\/wp-content\/uploads\/elementor\/css\/post-48954.css?ver=1776444355\" type=\"text\/css\" media=\"all\">\r\n\t\t\t\t\t<div data-elementor-type=\"wp-post\" data-elementor-id=\"48954\" class=\"elementor elementor-48954 elementor-30011\">\n\t\t\t\t<div class=\"wd-negative-gap elementor-element elementor-element-212cd0f e-grid e-con-boxed e-con e-parent\" data-id=\"212cd0f\" data-element_type=\"container\" data-e-type=\"container\">\n\t\t\t\t\t<div class=\"e-con-inner\">\n\t\t\t\t<div class=\"elementor-element elementor-element-14dd597 elementor-widget elementor-widget-wd_text_block\" data-id=\"14dd597\" data-element_type=\"widget\" data-e-type=\"widget\" data-widget_type=\"wd_text_block.default\">\n\t\t\t\t<div class=\"elementor-widget-container\">\n\t\t\t\t\t\t\t<div class=\"wd-text-block reset-last-child text-left\">\r\n\t\t\t\r\n\t\t\t<h2>D\u00e9tails<\/h2><ul><li>Mat\u00e9riau : JGS-1 Quartz UV<\/li><li>Volume : 16 ul<\/li><li>Z Hauteur : 8,5 mm<\/li><li>Longueur du trajet lumineux : 5 mm<\/li><li>Diam\u00e8tre d'ouverture : 2mm<\/li><li>Fen\u00eatres transparentes : 2 fen\u00eatres<\/li><li>Type d'assemblage : Coll\u00e9<\/li><li>Gamme de transmission : 200-2500 nm<\/li><li>Erreur de performance optique de la surface de transmission : &lt;0.3%<\/li><li>Le paquet comprend : 1 pi\u00e8ce\/paquet<\/li><\/ul><p>Veuillez noter que les cuves coll\u00e9es ne sont destin\u00e9es qu'aux solvants et solut\u00e9s neutres et qu'elles peuvent \u00eatre utilis\u00e9es \u00e0 des temp\u00e9ratures inf\u00e9rieures \u00e0 100\u00b0C. Si vous avez besoin de cellules qui peuvent r\u00e9sister aux acides et aux bases, aux solvants organiques ou \u00e0 des environnements d\u00e9passant 100\u00b0C, veuillez nous contacter pour des options personnalis\u00e9es avec des cuves fritt\u00e9es par poudrage ou \u00e0 contact optique.<\/p>\r\n\t\t\t\t\t<\/div>\r\n\t\t\t\t\t\t<\/div>\n\t\t\t\t<\/div>\n\t\t\t\t<div class=\"elementor-element elementor-element-cbad90b elementor-widget elementor-widget-wd_image_or_svg\" data-id=\"cbad90b\" data-element_type=\"widget\" data-e-type=\"widget\" data-widget_type=\"wd_image_or_svg.default\">\n\t\t\t\t<div class=\"elementor-widget-container\">\n\t\t\t\t\t\r\n\t\t<div class=\"wd-image text-left\">\r\n\t\t\t\t\t\t\t\t<img fetchpriority=\"high\" decoding=\"async\" width=\"663\" height=\"757\" src=\"https:\/\/hookelab.com\/wp-content\/uploads\/2025\/03\/UV-Quartz-Black-Flow-Cell-5mm-16ul-2-Windows-Glued007.jpg\" class=\"attachment-full size-full\" alt=\"UV-Quartz-Black-Flow-Cell,-5mm,-16ul,-2-Windows,-Glued007\" srcset=\"https:\/\/hookelab.com\/wp-content\/uploads\/2025\/03\/UV-Quartz-Black-Flow-Cell-5mm-16ul-2-Windows-Glued007.jpg 663w, https:\/\/hookelab.com\/wp-content\/uploads\/2025\/03\/UV-Quartz-Black-Flow-Cell-5mm-16ul-2-Windows-Glued007-263x300.jpg 263w, https:\/\/hookelab.com\/wp-content\/uploads\/2025\/03\/UV-Quartz-Black-Flow-Cell-5mm-16ul-2-Windows-Glued007-430x491.jpg 430w, https:\/\/hookelab.com\/wp-content\/uploads\/2025\/03\/UV-Quartz-Black-Flow-Cell-5mm-16ul-2-Windows-Glued007-150x171.jpg 150w\" sizes=\"(max-width: 663px) 100vw, 663px\" \/>\t\t\t\t\t<\/div>\r\n\r\n\t\t\t\t\t\t<\/div>\n\t\t\t\t<\/div>\n\t\t\t\t<div class=\"elementor-element elementor-element-67cc5cc elementor-widget elementor-widget-wd_image_or_svg\" data-id=\"67cc5cc\" data-element_type=\"widget\" data-e-type=\"widget\" data-widget_type=\"wd_image_or_svg.default\">\n\t\t\t\t<div class=\"elementor-widget-container\">\n\t\t\t\t\t\r\n\t\t<div class=\"wd-image text-left\">\r\n\t\t\t\t\t\t\t\t<img decoding=\"async\" width=\"700\" height=\"800\" src=\"https:\/\/hookelab.com\/wp-content\/uploads\/2025\/03\/UV-Quartz-Black-Flow-Cell-5mm-16ul-2-Windows-Glued05.jpg\" class=\"attachment-full size-full\" alt=\"\" srcset=\"https:\/\/hookelab.com\/wp-content\/uploads\/2025\/03\/UV-Quartz-Black-Flow-Cell-5mm-16ul-2-Windows-Glued05.jpg 700w, https:\/\/hookelab.com\/wp-content\/uploads\/2025\/03\/UV-Quartz-Black-Flow-Cell-5mm-16ul-2-Windows-Glued05-263x300.jpg 263w, https:\/\/hookelab.com\/wp-content\/uploads\/2025\/03\/UV-Quartz-Black-Flow-Cell-5mm-16ul-2-Windows-Glued05-430x491.jpg 430w, https:\/\/hookelab.com\/wp-content\/uploads\/2025\/03\/UV-Quartz-Black-Flow-Cell-5mm-16ul-2-Windows-Glued05-150x171.jpg 150w\" sizes=\"(max-width: 700px) 100vw, 700px\" \/>\t\t\t\t\t<\/div>\r\n\r\n\t\t\t\t\t\t<\/div>\n\t\t\t\t<\/div>\n\t\t\t\t\t<\/div>\n\t\t\t\t<\/div>\n\t\t\t\t<\/div>\n\t\t\n","protected":false},"excerpt":{"rendered":"<p>Cette cuve \u00e0 circulation utilise des connecteurs en acier inoxydable de haute qualit\u00e9, qui ont une longue dur\u00e9e d&rsquo;utilisation et peu d&rsquo;impact sur la solution test\u00e9e.<\/p>\n","protected":false},"featured_media":30014,"comment_status":"open","ping_status":"closed","template":"","meta":[],"product_brand":[],"product_cat":[1401,1399,1400,1351,1396],"product_tag":[],"class_list":{"0":"post-47147","1":"product","2":"type-product","3":"status-publish","4":"has-post-thumbnail","6":"product_cat-cuvettes-a-circulation","7":"product_cat-cuvettes-de-spectrophotometre","8":"product_cat-cuvettes-en-quartz-uv-vis-200-2500nm","9":"product_cat-cuvettes-et-cellules","10":"product_cat-micro-cuvettes","12":"first","13":"instock","14":"shipping-taxable","15":"purchasable","16":"product-type-simple"},"_links":{"self":[{"href":"https:\/\/hookelab.com\/fr\/wp-json\/wp\/v2\/product\/47147","targetHints":{"allow":["GET"]}}],"collection":[{"href":"https:\/\/hookelab.com\/fr\/wp-json\/wp\/v2\/product"}],"about":[{"href":"https:\/\/hookelab.com\/fr\/wp-json\/wp\/v2\/types\/product"}],"replies":[{"embeddable":true,"href":"https:\/\/hookelab.com\/fr\/wp-json\/wp\/v2\/comments?post=47147"}],"version-history":[{"count":0,"href":"https:\/\/hookelab.com\/fr\/wp-json\/wp\/v2\/product\/47147\/revisions"}],"wp:featuredmedia":[{"embeddable":true,"href":"https:\/\/hookelab.com\/fr\/wp-json\/wp\/v2\/media\/30014"}],"wp:attachment":[{"href":"https:\/\/hookelab.com\/fr\/wp-json\/wp\/v2\/media?parent=47147"}],"wp:term":[{"taxonomy":"product_brand","embeddable":true,"href":"https:\/\/hookelab.com\/fr\/wp-json\/wp\/v2\/product_brand?post=47147"},{"taxonomy":"product_cat","embeddable":true,"href":"https:\/\/hookelab.com\/fr\/wp-json\/wp\/v2\/product_cat?post=47147"},{"taxonomy":"product_tag","embeddable":true,"href":"https:\/\/hookelab.com\/fr\/wp-json\/wp\/v2\/product_tag?post=47147"}],"curies":[{"name":"wp","href":"https:\/\/api.w.org\/{rel}","templated":true}]}}