{"id":47109,"date":"2025-03-02T12:49:18","date_gmt":"2025-03-02T12:49:18","guid":{"rendered":"https:\/\/hookelab.com\/product\/personnalise-cellule-dechantillonnage-a-filetage-en-quartz-electrode-inserable-30mm-12ml-5-fenetres-ocb\/"},"modified":"2025-03-02T12:49:18","modified_gmt":"2025-03-02T12:49:18","slug":"personnalise-cellule-dechantillonnage-a-filetage-en-quartz-electrode-inserable-30mm-12ml-5-fenetres-ocb","status":"publish","type":"product","link":"https:\/\/hookelab.com\/fr\/produit\/personnalise-cellule-dechantillonnage-a-filetage-en-quartz-electrode-inserable-30mm-12ml-5-fenetres-ocb\/","title":{"rendered":"Personnalis\u00e9, Cellule d&rsquo;\u00e9chantillonnage \u00e0 filetage en quartz, \u00e9lectrode ins\u00e9rable, 30mm, 12ml, 5 fen\u00eatres, OCB"},"content":{"rendered":"\t\t\t<link rel=\"stylesheet\" id=\"elementor-post-48917-css\" href=\"https:\/\/hookelab.com\/wp-content\/uploads\/elementor\/css\/post-48917.css?ver=1776453250\" type=\"text\/css\" media=\"all\">\r\n\t\t\t\t\t<div data-elementor-type=\"wp-post\" data-elementor-id=\"48917\" class=\"elementor elementor-48917 elementor-29971\">\n\t\t\t\t<div class=\"wd-negative-gap elementor-element elementor-element-212cd0f e-grid e-con-boxed e-con e-parent\" data-id=\"212cd0f\" data-element_type=\"container\" data-e-type=\"container\">\n\t\t\t\t\t<div class=\"e-con-inner\">\n\t\t\t\t<div class=\"elementor-element elementor-element-14dd597 elementor-widget elementor-widget-wd_text_block\" data-id=\"14dd597\" data-element_type=\"widget\" data-e-type=\"widget\" data-widget_type=\"wd_text_block.default\">\n\t\t\t\t<div class=\"elementor-widget-container\">\n\t\t\t\t\t\t\t<div class=\"wd-text-block reset-last-child text-left\">\r\n\t\t\t\r\n\t\t\t<h2>D\u00e9tails<\/h2><ul><li>Mat\u00e9riau : JGS-1 Quartz UV<\/li><li>Volume : 12 ml<\/li><li>Longueur d'onde de la lumi\u00e8re : 30 mm\/10 mm Longueur d'onde double<\/li><li>Diam\u00e8tre de l'embouchure : OD 20mm, ID 16mm<\/li><li>Nettoyer les fen\u00eatres : 5 fen\u00eatres<\/li><li>Type de bouchon : Capuchon injectable PTFE M20, viss\u00e9 \u00e0 l'ext\u00e9rieur<\/li><li>Type d'assemblage : Collage par contact optique (OCB)<\/li><li>Gamme de transmission : 200-2500 nm<\/li><li>Erreur de performance optique de la surface de transmission : \u22640,3%.<\/li><li>Le paquet comprend : 1 pi\u00e8ce\/paquet<\/li><\/ul><p>La cuvette OCB r\u00e9siste aux temp\u00e9ratures \u00e9lev\u00e9es, aux acides et aux alcalis, ainsi qu'aux solvants organiques.<\/p>\r\n\t\t\t\t\t<\/div>\r\n\t\t\t\t\t\t<\/div>\n\t\t\t\t<\/div>\n\t\t\t\t<div class=\"elementor-element elementor-element-67cc5cc elementor-widget elementor-widget-wd_image_or_svg\" data-id=\"67cc5cc\" data-element_type=\"widget\" data-e-type=\"widget\" data-widget_type=\"wd_image_or_svg.default\">\n\t\t\t\t<div class=\"elementor-widget-container\">\n\t\t\t\t\t\r\n\t\t<div class=\"wd-image text-left\">\r\n\t\t\t\t\t\t\t\t<img fetchpriority=\"high\" decoding=\"async\" width=\"700\" height=\"800\" src=\"https:\/\/hookelab.com\/wp-content\/uploads\/2025\/03\/Customized-Quartz-Thread-Sample-Cell-Insertable-Electrode-30mm-12ml-5-Windows-OCB03.jpg\" class=\"attachment-full size-full\" alt=\"\" srcset=\"https:\/\/hookelab.com\/wp-content\/uploads\/2025\/03\/Customized-Quartz-Thread-Sample-Cell-Insertable-Electrode-30mm-12ml-5-Windows-OCB03.jpg 700w, https:\/\/hookelab.com\/wp-content\/uploads\/2025\/03\/Customized-Quartz-Thread-Sample-Cell-Insertable-Electrode-30mm-12ml-5-Windows-OCB03-263x300.jpg 263w, https:\/\/hookelab.com\/wp-content\/uploads\/2025\/03\/Customized-Quartz-Thread-Sample-Cell-Insertable-Electrode-30mm-12ml-5-Windows-OCB03-430x491.jpg 430w, https:\/\/hookelab.com\/wp-content\/uploads\/2025\/03\/Customized-Quartz-Thread-Sample-Cell-Insertable-Electrode-30mm-12ml-5-Windows-OCB03-150x171.jpg 150w\" sizes=\"(max-width: 700px) 100vw, 700px\" \/>\t\t\t\t\t<\/div>\r\n\r\n\t\t\t\t\t\t<\/div>\n\t\t\t\t<\/div>\n\t\t\t\t<div class=\"elementor-element elementor-element-cbad90b elementor-widget elementor-widget-wd_image_or_svg\" data-id=\"cbad90b\" data-element_type=\"widget\" data-e-type=\"widget\" data-widget_type=\"wd_image_or_svg.default\">\n\t\t\t\t<div class=\"elementor-widget-container\">\n\t\t\t\t\t\r\n\t\t<div class=\"wd-image text-left\">\r\n\t\t\t\t\t\t\t\t<img decoding=\"async\" width=\"553\" height=\"632\" src=\"https:\/\/hookelab.com\/wp-content\/uploads\/2025\/03\/Customized-Quartz-Thread-Sample-Cell-Insertable-Electrode-30mm-12ml-5-Windows-OCB07.jpg\" class=\"attachment-full size-full\" alt=\"\" srcset=\"https:\/\/hookelab.com\/wp-content\/uploads\/2025\/03\/Customized-Quartz-Thread-Sample-Cell-Insertable-Electrode-30mm-12ml-5-Windows-OCB07.jpg 553w, https:\/\/hookelab.com\/wp-content\/uploads\/2025\/03\/Customized-Quartz-Thread-Sample-Cell-Insertable-Electrode-30mm-12ml-5-Windows-OCB07-263x300.jpg 263w, https:\/\/hookelab.com\/wp-content\/uploads\/2025\/03\/Customized-Quartz-Thread-Sample-Cell-Insertable-Electrode-30mm-12ml-5-Windows-OCB07-430x491.jpg 430w, https:\/\/hookelab.com\/wp-content\/uploads\/2025\/03\/Customized-Quartz-Thread-Sample-Cell-Insertable-Electrode-30mm-12ml-5-Windows-OCB07-150x171.jpg 150w\" sizes=\"(max-width: 553px) 100vw, 553px\" \/>\t\t\t\t\t<\/div>\r\n\r\n\t\t\t\t\t\t<\/div>\n\t\t\t\t<\/div>\n\t\t\t\t\t<\/div>\n\t\t\t\t<\/div>\n\t\t\t\t<\/div>\n\t\t\n","protected":false},"excerpt":{"rendered":"<ul>\n<li>La cuvette OCB avec bouchon \u00e0 vis en PTFE est une cuvette enti\u00e8rement scell\u00e9e, adapt\u00e9e aux exp\u00e9riences en ana\u00e9robiose.<\/li>\n<li>Ce bouchon injectable en PTFE est muni d&rsquo;un joint en silicone qui permet d&rsquo;injecter l&rsquo;\u00e9chantillon dans des conditions \u00e9tanches ou d&rsquo;ins\u00e9rer l&rsquo;\u00e9lectrode.<\/li>\n<li>Nous proposons \u00e9galement des joints en PTFE, mais ils ne r\u00e9pondent pas aux exigences en mati\u00e8re d&rsquo;injection et l&rsquo;\u00e9tanch\u00e9it\u00e9 n&rsquo;est pas aussi bonne que celle des joints en silicone.<\/li>\n<\/ul>\n","protected":false},"featured_media":29975,"comment_status":"open","ping_status":"closed","template":"","meta":[],"product_brand":[],"product_cat":[1418,1422,1410,1412,1351,1423,1430],"product_tag":[],"class_list":{"0":"post-47109","1":"product","2":"type-product","3":"status-publish","4":"has-post-thumbnail","6":"product_cat-cuvettes-a-fenetre-macro-2","7":"product_cat-cuvettes-avec-bouchon-a-vis","8":"product_cat-cuvettes-de-fluorimetre","9":"product_cat-cuvettes-en-quartz-uv-vis-200-2500nm-2","10":"product_cat-cuvettes-et-cellules","11":"product_cat-cuvettes-etanches","12":"product_cat-macro-cuvettes","14":"first","15":"instock","16":"shipping-taxable","17":"purchasable","18":"product-type-simple"},"_links":{"self":[{"href":"https:\/\/hookelab.com\/fr\/wp-json\/wp\/v2\/product\/47109","targetHints":{"allow":["GET"]}}],"collection":[{"href":"https:\/\/hookelab.com\/fr\/wp-json\/wp\/v2\/product"}],"about":[{"href":"https:\/\/hookelab.com\/fr\/wp-json\/wp\/v2\/types\/product"}],"replies":[{"embeddable":true,"href":"https:\/\/hookelab.com\/fr\/wp-json\/wp\/v2\/comments?post=47109"}],"version-history":[{"count":0,"href":"https:\/\/hookelab.com\/fr\/wp-json\/wp\/v2\/product\/47109\/revisions"}],"wp:featuredmedia":[{"embeddable":true,"href":"https:\/\/hookelab.com\/fr\/wp-json\/wp\/v2\/media\/29975"}],"wp:attachment":[{"href":"https:\/\/hookelab.com\/fr\/wp-json\/wp\/v2\/media?parent=47109"}],"wp:term":[{"taxonomy":"product_brand","embeddable":true,"href":"https:\/\/hookelab.com\/fr\/wp-json\/wp\/v2\/product_brand?post=47109"},{"taxonomy":"product_cat","embeddable":true,"href":"https:\/\/hookelab.com\/fr\/wp-json\/wp\/v2\/product_cat?post=47109"},{"taxonomy":"product_tag","embeddable":true,"href":"https:\/\/hookelab.com\/fr\/wp-json\/wp\/v2\/product_tag?post=47109"}],"curies":[{"name":"wp","href":"https:\/\/api.w.org\/{rel}","templated":true}]}}