{"id":47034,"date":"2025-02-28T14:04:35","date_gmt":"2025-02-28T14:04:35","guid":{"rendered":"https:\/\/hookelab.com\/product\/fluorometres-a-quartz-cuvette-a-cloison-2-chambres-10mm-5-fenetres-ocb\/"},"modified":"2025-02-28T14:04:35","modified_gmt":"2025-02-28T14:04:35","slug":"fluorometres-a-quartz-cuvette-a-cloison-2-chambres-10mm-5-fenetres-ocb","status":"publish","type":"product","link":"https:\/\/hookelab.com\/fr\/produit\/fluorometres-a-quartz-cuvette-a-cloison-2-chambres-10mm-5-fenetres-ocb\/","title":{"rendered":"Fluorom\u00e8tres \u00e0 quartz Cuvette \u00e0 cloison, 2 chambres, 10mm, 5 fen\u00eatres, OCB"},"content":{"rendered":"\t\t\t<link rel=\"stylesheet\" id=\"elementor-post-48842-css\" href=\"https:\/\/hookelab.com\/wp-content\/uploads\/elementor\/css\/post-48842.css?ver=1776612181\" type=\"text\/css\" media=\"all\">\r\n\t\t\t\t\t<div data-elementor-type=\"wp-post\" data-elementor-id=\"48842\" class=\"elementor elementor-48842 elementor-29915\">\n\t\t\t\t<div class=\"wd-negative-gap elementor-element elementor-element-212cd0f e-grid e-con-boxed e-con e-parent\" data-id=\"212cd0f\" data-element_type=\"container\" data-e-type=\"container\">\n\t\t\t\t\t<div class=\"e-con-inner\">\n\t\t\t\t<div class=\"elementor-element elementor-element-14dd597 elementor-widget elementor-widget-wd_text_block\" data-id=\"14dd597\" data-element_type=\"widget\" data-e-type=\"widget\" data-widget_type=\"wd_text_block.default\">\n\t\t\t\t<div class=\"elementor-widget-container\">\n\t\t\t\t\t\t\t<div class=\"wd-text-block reset-last-child text-left\">\r\n\t\t\t\r\n\t\t\t<h2>D\u00e9tails<\/h2><ul><li>Mat\u00e9riau : JGS-1 Quartz UV<\/li><li>Volume de chaque chambre : 1,5 ml<\/li><li>Longueur du trajet lumineux : 10 mm<\/li><li>Nettoyer les fen\u00eatres : 5 fen\u00eatres<\/li><li>\u00c9paisseur de la cloison : 1,0 mm<\/li><li>Type d'assemblage : Collage par contact optique (OCB)<\/li><li>Gamme de transmission : 200-2500 nm<\/li><li>Transmission de la lumi\u00e8re : &gt;80%<\/li><li>Erreur de performance optique de la surface de transmission : \u22640,3%.<\/li><li>Le paquet comprend : 1 pi\u00e8ce\/paquet<\/li><\/ul><p>La cuvette OCB r\u00e9siste aux temp\u00e9ratures \u00e9lev\u00e9es, aux acides et aux alcalis, ainsi qu'aux solvants organiques.<\/p>\r\n\t\t\t\t\t<\/div>\r\n\t\t\t\t\t\t<\/div>\n\t\t\t\t<\/div>\n\t\t\t\t<div class=\"elementor-element elementor-element-67cc5cc elementor-widget elementor-widget-wd_image_or_svg\" data-id=\"67cc5cc\" data-element_type=\"widget\" data-e-type=\"widget\" data-widget_type=\"wd_image_or_svg.default\">\n\t\t\t\t<div class=\"elementor-widget-container\">\n\t\t\t\t\t\r\n\t\t<div class=\"wd-image text-left\">\r\n\t\t\t\t\t\t\t\t<img fetchpriority=\"high\" decoding=\"async\" width=\"700\" height=\"800\" src=\"https:\/\/hookelab.com\/wp-content\/uploads\/2025\/02\/Quartz-Fluorometers-Cuvette-with-Partition-Double-Window-10mm-5-Windows-OCB03.jpg\" class=\"attachment-full size-full\" alt=\"\" srcset=\"https:\/\/hookelab.com\/wp-content\/uploads\/2025\/02\/Quartz-Fluorometers-Cuvette-with-Partition-Double-Window-10mm-5-Windows-OCB03.jpg 700w, https:\/\/hookelab.com\/wp-content\/uploads\/2025\/02\/Quartz-Fluorometers-Cuvette-with-Partition-Double-Window-10mm-5-Windows-OCB03-263x300.jpg 263w, https:\/\/hookelab.com\/wp-content\/uploads\/2025\/02\/Quartz-Fluorometers-Cuvette-with-Partition-Double-Window-10mm-5-Windows-OCB03-430x491.jpg 430w, https:\/\/hookelab.com\/wp-content\/uploads\/2025\/02\/Quartz-Fluorometers-Cuvette-with-Partition-Double-Window-10mm-5-Windows-OCB03-150x171.jpg 150w\" sizes=\"(max-width: 700px) 100vw, 700px\" \/>\t\t\t\t\t<\/div>\r\n\r\n\t\t\t\t\t\t<\/div>\n\t\t\t\t<\/div>\n\t\t\t\t<div class=\"elementor-element elementor-element-cbad90b elementor-widget elementor-widget-wd_image_or_svg\" data-id=\"cbad90b\" data-element_type=\"widget\" data-e-type=\"widget\" data-widget_type=\"wd_image_or_svg.default\">\n\t\t\t\t<div class=\"elementor-widget-container\">\n\t\t\t\t\t\r\n\t\t<div class=\"wd-image text-left\">\r\n\t\t\t\t\t\t\t\t<img decoding=\"async\" width=\"700\" height=\"800\" src=\"https:\/\/hookelab.com\/wp-content\/uploads\/2025\/02\/Quartz-Fluorometers-Cuvette-with-Partition-Double-Window-10mm-5-Windows-OCB06.jpg\" class=\"attachment-full size-full\" alt=\"\" srcset=\"https:\/\/hookelab.com\/wp-content\/uploads\/2025\/02\/Quartz-Fluorometers-Cuvette-with-Partition-Double-Window-10mm-5-Windows-OCB06.jpg 700w, https:\/\/hookelab.com\/wp-content\/uploads\/2025\/02\/Quartz-Fluorometers-Cuvette-with-Partition-Double-Window-10mm-5-Windows-OCB06-263x300.jpg 263w, https:\/\/hookelab.com\/wp-content\/uploads\/2025\/02\/Quartz-Fluorometers-Cuvette-with-Partition-Double-Window-10mm-5-Windows-OCB06-430x491.jpg 430w, https:\/\/hookelab.com\/wp-content\/uploads\/2025\/02\/Quartz-Fluorometers-Cuvette-with-Partition-Double-Window-10mm-5-Windows-OCB06-150x171.jpg 150w\" sizes=\"(max-width: 700px) 100vw, 700px\" \/>\t\t\t\t\t<\/div>\r\n\r\n\t\t\t\t\t\t<\/div>\n\t\t\t\t<\/div>\n\t\t\t\t\t<\/div>\n\t\t\t\t<\/div>\n\t\t\t\t<\/div>\n\t\t\n","protected":false},"excerpt":{"rendered":"<p>Cette cuvette est dot\u00e9e d&rsquo;une paroi de s\u00e9paration qui divise la chambre cellulaire en deux, vous permet d&rsquo;ins\u00e9rer deux solvants diff\u00e9rents et assure le transfert de chaleur entre les deux compartiments.<\/p>\n","protected":false},"featured_media":29918,"comment_status":"open","ping_status":"closed","template":"","meta":[],"product_brand":[],"product_cat":[1410,1412,1351],"product_tag":[],"class_list":{"0":"post-47034","1":"product","2":"type-product","3":"status-publish","4":"has-post-thumbnail","6":"product_cat-cuvettes-de-fluorimetre","7":"product_cat-cuvettes-en-quartz-uv-vis-200-2500nm-2","8":"product_cat-cuvettes-et-cellules","10":"first","11":"instock","12":"shipping-taxable","13":"purchasable","14":"product-type-simple"},"_links":{"self":[{"href":"https:\/\/hookelab.com\/fr\/wp-json\/wp\/v2\/product\/47034","targetHints":{"allow":["GET"]}}],"collection":[{"href":"https:\/\/hookelab.com\/fr\/wp-json\/wp\/v2\/product"}],"about":[{"href":"https:\/\/hookelab.com\/fr\/wp-json\/wp\/v2\/types\/product"}],"replies":[{"embeddable":true,"href":"https:\/\/hookelab.com\/fr\/wp-json\/wp\/v2\/comments?post=47034"}],"version-history":[{"count":0,"href":"https:\/\/hookelab.com\/fr\/wp-json\/wp\/v2\/product\/47034\/revisions"}],"wp:featuredmedia":[{"embeddable":true,"href":"https:\/\/hookelab.com\/fr\/wp-json\/wp\/v2\/media\/29918"}],"wp:attachment":[{"href":"https:\/\/hookelab.com\/fr\/wp-json\/wp\/v2\/media?parent=47034"}],"wp:term":[{"taxonomy":"product_brand","embeddable":true,"href":"https:\/\/hookelab.com\/fr\/wp-json\/wp\/v2\/product_brand?post=47034"},{"taxonomy":"product_cat","embeddable":true,"href":"https:\/\/hookelab.com\/fr\/wp-json\/wp\/v2\/product_cat?post=47034"},{"taxonomy":"product_tag","embeddable":true,"href":"https:\/\/hookelab.com\/fr\/wp-json\/wp\/v2\/product_tag?post=47034"}],"curies":[{"name":"wp","href":"https:\/\/api.w.org\/{rel}","templated":true}]}}