{"id":46801,"date":"2025-02-27T04:22:41","date_gmt":"2025-02-27T04:22:41","guid":{"rendered":"https:\/\/hookelab.com\/product\/cuvette-a-circulation-en-quartz-noir-uv-2-fenetres-33mm-2-3ml-zd-15mm-ocb\/"},"modified":"2025-02-27T04:22:41","modified_gmt":"2025-02-27T04:22:41","slug":"cuvette-a-circulation-en-quartz-noir-uv-2-fenetres-33mm-2-3ml-zd-15mm-ocb","status":"publish","type":"product","link":"https:\/\/hookelab.com\/fr\/produit\/cuvette-a-circulation-en-quartz-noir-uv-2-fenetres-33mm-2-3ml-zd-15mm-ocb\/","title":{"rendered":"Cuvette \u00e0 circulation en quartz noir UV, 2 fen\u00eatres, 33mm, 2.3ml, ZD 15mm, OCB"},"content":{"rendered":"\t\t\t<link rel=\"stylesheet\" id=\"elementor-post-48625-css\" href=\"https:\/\/hookelab.com\/wp-content\/uploads\/elementor\/css\/post-48625.css?ver=1776493848\" type=\"text\/css\" media=\"all\">\r\n\t\t\t\t\t<div data-elementor-type=\"wp-post\" data-elementor-id=\"48625\" class=\"elementor elementor-48625 elementor-29708\">\n\t\t\t\t<div class=\"wd-negative-gap elementor-element elementor-element-212cd0f e-grid e-con-boxed e-con e-parent\" data-id=\"212cd0f\" data-element_type=\"container\" data-e-type=\"container\">\n\t\t\t\t\t<div class=\"e-con-inner\">\n\t\t\t\t<div class=\"elementor-element elementor-element-14dd597 elementor-widget elementor-widget-wd_text_block\" data-id=\"14dd597\" data-element_type=\"widget\" data-e-type=\"widget\" data-widget_type=\"wd_text_block.default\">\n\t\t\t\t<div class=\"elementor-widget-container\">\n\t\t\t\t\t\t\t<div class=\"wd-text-block reset-last-child text-left\">\r\n\t\t\t\r\n\t\t\t<h2>D\u00e9tails<\/h2><ul><li>Mat\u00e9riau : JGS-1 Quartz UV<\/li><li>Volume : 2,3 ml<\/li><li>Longueur du trajet lumineux : 33 mm<\/li><li>Fen\u00eatres claires : 2 fen\u00eatres<\/li><li>Z Hauteur : 15 mm<\/li><li>Taille de la fen\u00eatre : 6,5\u00d711 mm<\/li><li>Dimensions ext\u00e9rieures (L\u00d7P\u00d7H) : 35,5\u00d712,5\u00d735mm<\/li><li>Type de connecteur : PTFE M6 viss\u00e9 \u00e0 l'int\u00e9rieur<\/li><li>Type d'assemblage : Collage par contact optique (OCB)<\/li><li>Gamme de transmission : 200-2500 nm<\/li><li>Erreur de performance optique de la surface de transmission : \u22640,3%.<\/li><li>Le paquet comprend : 1 pc\/set<\/li><\/ul>\r\n\t\t\t\t\t<\/div>\r\n\t\t\t\t\t\t<\/div>\n\t\t\t\t<\/div>\n\t\t\t\t<div class=\"elementor-element elementor-element-67cc5cc elementor-widget elementor-widget-wd_image_or_svg\" data-id=\"67cc5cc\" data-element_type=\"widget\" data-e-type=\"widget\" data-widget_type=\"wd_image_or_svg.default\">\n\t\t\t\t<div class=\"elementor-widget-container\">\n\t\t\t\t\t\r\n\t\t<div class=\"wd-image text-left\">\r\n\t\t\t\t\t\t\t\t<img fetchpriority=\"high\" decoding=\"async\" width=\"591\" height=\"675\" src=\"https:\/\/hookelab.com\/wp-content\/uploads\/2025\/02\/UV-Quartz-Black-Flow-Cuvette-2-Windows-33mm-ZD-15mm-OCB03.jpg\" class=\"attachment-full size-full\" alt=\"\" srcset=\"https:\/\/hookelab.com\/wp-content\/uploads\/2025\/02\/UV-Quartz-Black-Flow-Cuvette-2-Windows-33mm-ZD-15mm-OCB03.jpg 591w, https:\/\/hookelab.com\/wp-content\/uploads\/2025\/02\/UV-Quartz-Black-Flow-Cuvette-2-Windows-33mm-ZD-15mm-OCB03-263x300.jpg 263w, https:\/\/hookelab.com\/wp-content\/uploads\/2025\/02\/UV-Quartz-Black-Flow-Cuvette-2-Windows-33mm-ZD-15mm-OCB03-430x491.jpg 430w, https:\/\/hookelab.com\/wp-content\/uploads\/2025\/02\/UV-Quartz-Black-Flow-Cuvette-2-Windows-33mm-ZD-15mm-OCB03-150x171.jpg 150w\" sizes=\"(max-width: 591px) 100vw, 591px\" \/>\t\t\t\t\t<\/div>\r\n\r\n\t\t\t\t\t\t<\/div>\n\t\t\t\t<\/div>\n\t\t\t\t<div class=\"elementor-element elementor-element-cbad90b elementor-widget elementor-widget-wd_image_or_svg\" data-id=\"cbad90b\" data-element_type=\"widget\" data-e-type=\"widget\" data-widget_type=\"wd_image_or_svg.default\">\n\t\t\t\t<div class=\"elementor-widget-container\">\n\t\t\t\t\t\r\n\t\t<div class=\"wd-image text-left\">\r\n\t\t\t\t\t\t\t\t<img decoding=\"async\" width=\"651\" height=\"651\" src=\"https:\/\/hookelab.com\/wp-content\/uploads\/2025\/02\/UV-Quartz-Black-Flow-Cuvette-2-Windows-33mm-ZD-15mm-OCB04.jpg\" class=\"attachment-full size-full\" alt=\"\" srcset=\"https:\/\/hookelab.com\/wp-content\/uploads\/2025\/02\/UV-Quartz-Black-Flow-Cuvette-2-Windows-33mm-ZD-15mm-OCB04.jpg 651w, https:\/\/hookelab.com\/wp-content\/uploads\/2025\/02\/UV-Quartz-Black-Flow-Cuvette-2-Windows-33mm-ZD-15mm-OCB04-300x300.jpg 300w, https:\/\/hookelab.com\/wp-content\/uploads\/2025\/02\/UV-Quartz-Black-Flow-Cuvette-2-Windows-33mm-ZD-15mm-OCB04-150x150.jpg 150w, https:\/\/hookelab.com\/wp-content\/uploads\/2025\/02\/UV-Quartz-Black-Flow-Cuvette-2-Windows-33mm-ZD-15mm-OCB04-430x430.jpg 430w\" sizes=\"(max-width: 651px) 100vw, 651px\" \/>\t\t\t\t\t<\/div>\r\n\r\n\t\t\t\t\t\t<\/div>\n\t\t\t\t<\/div>\n\t\t\t\t\t<\/div>\n\t\t\t\t<\/div>\n\t\t\t\t<\/div>\n\t\t\n","protected":false},"excerpt":{"rendered":"<ul>\n<li>Cette cuvette est une cellule \u00e0 flux continu qui \u00e9vite la lumi\u00e8re, poss\u00e8de une interface filet\u00e9e et une bonne \u00e9tanch\u00e9it\u00e9. Elle peut \u00eatre directement connect\u00e9e \u00e0 une pompe p\u00e9ristaltique, ce qui constitue un effet exp\u00e9rimental id\u00e9al.<\/li>\n<li>La cuvette OCB r\u00e9siste aux temp\u00e9ratures \u00e9lev\u00e9es, aux acides et aux alcalis, ainsi qu&rsquo;aux solvants organiques.<\/li>\n<li>Le connecteur PTFE a une longue dur\u00e9e de vie r\u00e9sistante \u00e0 la corrosion et une faible influence sur les solvants mesur\u00e9s.<\/li>\n<\/ul>\n","protected":false},"featured_media":29716,"comment_status":"open","ping_status":"closed","template":"","meta":[],"product_brand":[],"product_cat":[1401,1399,1400,1351,1396],"product_tag":[],"class_list":{"0":"post-46801","1":"product","2":"type-product","3":"status-publish","4":"has-post-thumbnail","6":"product_cat-cuvettes-a-circulation","7":"product_cat-cuvettes-de-spectrophotometre","8":"product_cat-cuvettes-en-quartz-uv-vis-200-2500nm","9":"product_cat-cuvettes-et-cellules","10":"product_cat-micro-cuvettes","12":"first","13":"instock","14":"shipping-taxable","15":"purchasable","16":"product-type-simple"},"_links":{"self":[{"href":"https:\/\/hookelab.com\/fr\/wp-json\/wp\/v2\/product\/46801","targetHints":{"allow":["GET"]}}],"collection":[{"href":"https:\/\/hookelab.com\/fr\/wp-json\/wp\/v2\/product"}],"about":[{"href":"https:\/\/hookelab.com\/fr\/wp-json\/wp\/v2\/types\/product"}],"replies":[{"embeddable":true,"href":"https:\/\/hookelab.com\/fr\/wp-json\/wp\/v2\/comments?post=46801"}],"version-history":[{"count":0,"href":"https:\/\/hookelab.com\/fr\/wp-json\/wp\/v2\/product\/46801\/revisions"}],"wp:featuredmedia":[{"embeddable":true,"href":"https:\/\/hookelab.com\/fr\/wp-json\/wp\/v2\/media\/29716"}],"wp:attachment":[{"href":"https:\/\/hookelab.com\/fr\/wp-json\/wp\/v2\/media?parent=46801"}],"wp:term":[{"taxonomy":"product_brand","embeddable":true,"href":"https:\/\/hookelab.com\/fr\/wp-json\/wp\/v2\/product_brand?post=46801"},{"taxonomy":"product_cat","embeddable":true,"href":"https:\/\/hookelab.com\/fr\/wp-json\/wp\/v2\/product_cat?post=46801"},{"taxonomy":"product_tag","embeddable":true,"href":"https:\/\/hookelab.com\/fr\/wp-json\/wp\/v2\/product_tag?post=46801"}],"curies":[{"name":"wp","href":"https:\/\/api.w.org\/{rel}","templated":true}]}}