{"id":46712,"date":"2025-02-26T10:23:35","date_gmt":"2025-02-26T10:23:35","guid":{"rendered":"https:\/\/hookelab.com\/product\/cellule-dechantillonnage-en-quartz-uv-personnalisee-cuve-dechantillonnage-profondeur-de-la-rainure-1mm-ocb\/"},"modified":"2025-02-26T10:23:35","modified_gmt":"2025-02-26T10:23:35","slug":"cellule-dechantillonnage-en-quartz-uv-personnalisee-cuve-dechantillonnage-profondeur-de-la-rainure-1mm-ocb","status":"publish","type":"product","link":"https:\/\/hookelab.com\/fr\/produit\/cellule-dechantillonnage-en-quartz-uv-personnalisee-cuve-dechantillonnage-profondeur-de-la-rainure-1mm-ocb\/","title":{"rendered":"Cellule d&rsquo;\u00e9chantillonnage en quartz UV personnalis\u00e9e, cuve d&rsquo;\u00e9chantillonnage, profondeur de la rainure 1mm, OCB"},"content":{"rendered":"","protected":false},"excerpt":{"rendered":"<p>Ce r\u00e9servoir d&rsquo;\u00e9chantillon en quartz est fabriqu\u00e9 en quartz UV (200-2500nm) ; Dimensions ext\u00e9rieures (L\u00d7L\u00d7P) : 20\u00d720\u00d72mm ; Rainure polie : 17\u00d717mm, 1mm de profondeur ; Type assembl\u00e9 : OCB ; Le paquet comprend : 1 pc\/pack<\/p>\n","protected":false},"featured_media":29666,"comment_status":"open","ping_status":"closed","template":"","meta":[],"product_brand":[],"product_cat":[1443,1351,1444],"product_tag":[],"class_list":{"0":"post-46712","1":"product","2":"type-product","3":"status-publish","4":"has-post-thumbnail","6":"product_cat-autres-cuvettes","7":"product_cat-cuvettes-et-cellules","8":"product_cat-reservoir-dechantillons-de-quartz","10":"first","11":"instock","12":"shipping-taxable","13":"purchasable","14":"product-type-simple"},"_links":{"self":[{"href":"https:\/\/hookelab.com\/fr\/wp-json\/wp\/v2\/product\/46712","targetHints":{"allow":["GET"]}}],"collection":[{"href":"https:\/\/hookelab.com\/fr\/wp-json\/wp\/v2\/product"}],"about":[{"href":"https:\/\/hookelab.com\/fr\/wp-json\/wp\/v2\/types\/product"}],"replies":[{"embeddable":true,"href":"https:\/\/hookelab.com\/fr\/wp-json\/wp\/v2\/comments?post=46712"}],"version-history":[{"count":0,"href":"https:\/\/hookelab.com\/fr\/wp-json\/wp\/v2\/product\/46712\/revisions"}],"wp:featuredmedia":[{"embeddable":true,"href":"https:\/\/hookelab.com\/fr\/wp-json\/wp\/v2\/media\/29666"}],"wp:attachment":[{"href":"https:\/\/hookelab.com\/fr\/wp-json\/wp\/v2\/media?parent=46712"}],"wp:term":[{"taxonomy":"product_brand","embeddable":true,"href":"https:\/\/hookelab.com\/fr\/wp-json\/wp\/v2\/product_brand?post=46712"},{"taxonomy":"product_cat","embeddable":true,"href":"https:\/\/hookelab.com\/fr\/wp-json\/wp\/v2\/product_cat?post=46712"},{"taxonomy":"product_tag","embeddable":true,"href":"https:\/\/hookelab.com\/fr\/wp-json\/wp\/v2\/product_tag?post=46712"}],"curies":[{"name":"wp","href":"https:\/\/api.w.org\/{rel}","templated":true}]}}