{"id":46608,"date":"2025-02-25T10:35:26","date_gmt":"2025-02-25T10:35:26","guid":{"rendered":"https:\/\/hookelab.com\/product\/micro-cuvette-en-quartz-noir-personnalisee-75ul-4-fenetres-10mm-collee\/"},"modified":"2025-02-25T10:35:26","modified_gmt":"2025-02-25T10:35:26","slug":"micro-cuvette-en-quartz-noir-personnalisee-75ul-4-fenetres-10mm-collee","status":"publish","type":"product","link":"https:\/\/hookelab.com\/fr\/produit\/micro-cuvette-en-quartz-noir-personnalisee-75ul-4-fenetres-10mm-collee\/","title":{"rendered":"Micro-cuvette en quartz noir personnalis\u00e9e, 75ul, 4 fen\u00eatres, 10mm, coll\u00e9e"},"content":{"rendered":"\t\t\t<link rel=\"stylesheet\" id=\"elementor-post-48496-css\" href=\"https:\/\/hookelab.com\/wp-content\/uploads\/elementor\/css\/post-48496.css?ver=1776522960\" type=\"text\/css\" media=\"all\">\r\n\t\t\t\t\t<div data-elementor-type=\"wp-post\" data-elementor-id=\"48496\" class=\"elementor elementor-48496 elementor-29558\">\n\t\t\t\t<div class=\"wd-negative-gap elementor-element elementor-element-212cd0f e-grid e-con-boxed e-con e-parent\" data-id=\"212cd0f\" data-element_type=\"container\" data-e-type=\"container\">\n\t\t\t\t\t<div class=\"e-con-inner\">\n\t\t\t\t<div class=\"elementor-element elementor-element-14dd597 elementor-widget elementor-widget-wd_text_block\" data-id=\"14dd597\" data-element_type=\"widget\" data-e-type=\"widget\" data-widget_type=\"wd_text_block.default\">\n\t\t\t\t<div class=\"elementor-widget-container\">\n\t\t\t\t\t\t\t<div class=\"wd-text-block reset-last-child text-left\">\r\n\t\t\t\r\n\t\t\t<h2>D\u00e9tails<\/h2><ul><li>Mat\u00e9riau : JGS-1 Quartz UV<\/li><li>Volume : 75 ul<\/li><li>Z Hauteur : 15 mm<\/li><li>Longueur du trajet lumineux : 10 mm<\/li><li>Type d'assemblage : Coll\u00e9<\/li><li>Taille de la fen\u00eatre : 1\u00d77,5mm<\/li><li>Fen\u00eatres transparentes : 4 fen\u00eatres<\/li><li>Gamme de transmission : 200-2500 nm<\/li><li>Erreur de performance optique de la surface de transmission : &lt;0.3%<\/li><li>Le paquet comprend : 1 pi\u00e8ce\/paquet<\/li><\/ul><p>Veuillez noter que les cuves coll\u00e9es sont uniquement destin\u00e9es aux solvants et solut\u00e9s neutres et conviennent \u00e0 une utilisation \u00e0 une temp\u00e9rature inf\u00e9rieure \u00e0 100\u00b0C. Si vous avez besoin de cellules pouvant r\u00e9sister aux acides et aux bases, aux solvants organiques ou \u00e0 des environnements d\u00e9passant 100\u00b0C, veuillez nous contacter pour des options personnalis\u00e9es avec des cuves fritt\u00e9es \u00e0 la poudre ou \u00e0 collage par contact optique. <\/p>\r\n\t\t\t\t\t<\/div>\r\n\t\t\t\t\t\t<\/div>\n\t\t\t\t<\/div>\n\t\t\t\t<div class=\"elementor-element elementor-element-cbad90b elementor-widget elementor-widget-wd_image_or_svg\" data-id=\"cbad90b\" data-element_type=\"widget\" data-e-type=\"widget\" data-widget_type=\"wd_image_or_svg.default\">\n\t\t\t\t<div class=\"elementor-widget-container\">\n\t\t\t\t\t\r\n\t\t<div class=\"wd-image text-left\">\r\n\t\t\t\t\t\t\t\t<img fetchpriority=\"high\" decoding=\"async\" width=\"663\" height=\"758\" src=\"https:\/\/hookelab.com\/wp-content\/uploads\/2025\/02\/Customized-Black-Quartz-Micro-Cuvette-75ul-4-Windows-10mm-Glued03.jpg\" class=\"attachment-full size-full\" alt=\"\" srcset=\"https:\/\/hookelab.com\/wp-content\/uploads\/2025\/02\/Customized-Black-Quartz-Micro-Cuvette-75ul-4-Windows-10mm-Glued03.jpg 663w, https:\/\/hookelab.com\/wp-content\/uploads\/2025\/02\/Customized-Black-Quartz-Micro-Cuvette-75ul-4-Windows-10mm-Glued03-262x300.jpg 262w, https:\/\/hookelab.com\/wp-content\/uploads\/2025\/02\/Customized-Black-Quartz-Micro-Cuvette-75ul-4-Windows-10mm-Glued03-430x492.jpg 430w, https:\/\/hookelab.com\/wp-content\/uploads\/2025\/02\/Customized-Black-Quartz-Micro-Cuvette-75ul-4-Windows-10mm-Glued03-150x171.jpg 150w\" sizes=\"(max-width: 663px) 100vw, 663px\" \/>\t\t\t\t\t<\/div>\r\n\r\n\t\t\t\t\t\t<\/div>\n\t\t\t\t<\/div>\n\t\t\t\t<div class=\"elementor-element elementor-element-67cc5cc elementor-widget elementor-widget-wd_image_or_svg\" data-id=\"67cc5cc\" data-element_type=\"widget\" data-e-type=\"widget\" data-widget_type=\"wd_image_or_svg.default\">\n\t\t\t\t<div class=\"elementor-widget-container\">\n\t\t\t\t\t\r\n\t\t<div class=\"wd-image text-left\">\r\n\t\t\t\t\t\t\t\t<img decoding=\"async\" width=\"615\" height=\"703\" src=\"https:\/\/hookelab.com\/wp-content\/uploads\/2025\/02\/Customized-Black-Quartz-Micro-Cuvette-75ul-4-Windows-10mm-Glued04.jpg\" class=\"attachment-full size-full\" alt=\"\" srcset=\"https:\/\/hookelab.com\/wp-content\/uploads\/2025\/02\/Customized-Black-Quartz-Micro-Cuvette-75ul-4-Windows-10mm-Glued04.jpg 615w, https:\/\/hookelab.com\/wp-content\/uploads\/2025\/02\/Customized-Black-Quartz-Micro-Cuvette-75ul-4-Windows-10mm-Glued04-262x300.jpg 262w, https:\/\/hookelab.com\/wp-content\/uploads\/2025\/02\/Customized-Black-Quartz-Micro-Cuvette-75ul-4-Windows-10mm-Glued04-430x492.jpg 430w, https:\/\/hookelab.com\/wp-content\/uploads\/2025\/02\/Customized-Black-Quartz-Micro-Cuvette-75ul-4-Windows-10mm-Glued04-150x171.jpg 150w\" sizes=\"(max-width: 615px) 100vw, 615px\" \/>\t\t\t\t\t<\/div>\r\n\r\n\t\t\t\t\t\t<\/div>\n\t\t\t\t<\/div>\n\t\t\t\t\t<\/div>\n\t\t\t\t<\/div>\n\t\t\t\t<\/div>\n\t\t\n","protected":false},"excerpt":{"rendered":"","protected":false},"featured_media":29561,"comment_status":"open","ping_status":"closed","template":"","meta":[],"product_brand":[],"product_cat":[1410,1412,1351,1396],"product_tag":[],"class_list":{"0":"post-46608","1":"product","2":"type-product","3":"status-publish","4":"has-post-thumbnail","6":"product_cat-cuvettes-de-fluorimetre","7":"product_cat-cuvettes-en-quartz-uv-vis-200-2500nm-2","8":"product_cat-cuvettes-et-cellules","9":"product_cat-micro-cuvettes","11":"first","12":"instock","13":"shipping-taxable","14":"purchasable","15":"product-type-simple"},"_links":{"self":[{"href":"https:\/\/hookelab.com\/fr\/wp-json\/wp\/v2\/product\/46608","targetHints":{"allow":["GET"]}}],"collection":[{"href":"https:\/\/hookelab.com\/fr\/wp-json\/wp\/v2\/product"}],"about":[{"href":"https:\/\/hookelab.com\/fr\/wp-json\/wp\/v2\/types\/product"}],"replies":[{"embeddable":true,"href":"https:\/\/hookelab.com\/fr\/wp-json\/wp\/v2\/comments?post=46608"}],"version-history":[{"count":0,"href":"https:\/\/hookelab.com\/fr\/wp-json\/wp\/v2\/product\/46608\/revisions"}],"wp:featuredmedia":[{"embeddable":true,"href":"https:\/\/hookelab.com\/fr\/wp-json\/wp\/v2\/media\/29561"}],"wp:attachment":[{"href":"https:\/\/hookelab.com\/fr\/wp-json\/wp\/v2\/media?parent=46608"}],"wp:term":[{"taxonomy":"product_brand","embeddable":true,"href":"https:\/\/hookelab.com\/fr\/wp-json\/wp\/v2\/product_brand?post=46608"},{"taxonomy":"product_cat","embeddable":true,"href":"https:\/\/hookelab.com\/fr\/wp-json\/wp\/v2\/product_cat?post=46608"},{"taxonomy":"product_tag","embeddable":true,"href":"https:\/\/hookelab.com\/fr\/wp-json\/wp\/v2\/product_tag?post=46608"}],"curies":[{"name":"wp","href":"https:\/\/api.w.org\/{rel}","templated":true}]}}