{"id":46529,"date":"2025-02-25T04:00:45","date_gmt":"2025-02-25T04:00:45","guid":{"rendered":"https:\/\/hookelab.com\/product\/cuvette-etanche-en-quartz-avec-bouchon-a-vis-3mm-1050ul-2-fenetres-ocb\/"},"modified":"2025-02-25T04:00:45","modified_gmt":"2025-02-25T04:00:45","slug":"cuvette-etanche-en-quartz-avec-bouchon-a-vis-3mm-1050ul-2-fenetres-ocb","status":"publish","type":"product","link":"https:\/\/hookelab.com\/fr\/produit\/cuvette-etanche-en-quartz-avec-bouchon-a-vis-3mm-1050ul-2-fenetres-ocb\/","title":{"rendered":"Cuvette \u00e9tanche en quartz avec bouchon \u00e0 vis, 3mm, 1050ul, 2 fen\u00eatres, OCB"},"content":{"rendered":"\t\t\t<link rel=\"stylesheet\" id=\"elementor-post-48440-css\" href=\"https:\/\/hookelab.com\/wp-content\/uploads\/elementor\/css\/post-48440.css?ver=1776466066\" type=\"text\/css\" media=\"all\">\r\n\t\t\t\t\t<div data-elementor-type=\"wp-post\" data-elementor-id=\"48440\" class=\"elementor elementor-48440 elementor-29509\">\n\t\t\t\t<div class=\"wd-negative-gap elementor-element elementor-element-212cd0f e-grid e-con-boxed e-con e-parent\" data-id=\"212cd0f\" data-element_type=\"container\" data-e-type=\"container\">\n\t\t\t\t\t<div class=\"e-con-inner\">\n\t\t\t\t<div class=\"elementor-element elementor-element-14dd597 elementor-widget elementor-widget-wd_text_block\" data-id=\"14dd597\" data-element_type=\"widget\" data-e-type=\"widget\" data-widget_type=\"wd_text_block.default\">\n\t\t\t\t<div class=\"elementor-widget-container\">\n\t\t\t\t\t\t\t<div class=\"wd-text-block reset-last-child text-left\">\r\n\t\t\t\r\n\t\t\t<h2>D\u00e9tails<\/h2>\n<ul>\n<li>Mat\u00e9riau : JGS-1 Quartz UV<\/li>\n<li>Volume : 1050 ul<\/li>\n<li>Longueur du trajet lumineux : 3 mm<\/li>\n<li>Fen\u00eatres claires : 2 fen\u00eatres<\/li>\n<li>Dimensions ext\u00e9rieures avec capuchon (L\u00d7P\u00d7H) : 12,5\u00d75,5\u00d758mm<\/li>\n<li>Type de bouchon : PTFE M10 Capuchon ext\u00e9rieur viss\u00e9<\/li>\n<li>Type d'assemblage : Collage par contact optique (OCB)<\/li>\n<li>Gamme de transmission : 200-2500 nm<\/li>\n<li>Erreur de performance optique de la surface de transmission : \u22640,3%.<\/li>\n<li>Le paquet comprend : 1 pi\u00e8ce\/paquet<\/li>\n<\/ul>\n<p>La cuvette OCB r\u00e9siste aux temp\u00e9ratures \u00e9lev\u00e9es, aux acides et aux alcalis, ainsi qu'aux solvants organiques.<\/p>\n<p>Le capuchon en PTFE a une longue dur\u00e9e de vie r\u00e9sistante \u00e0 la corrosion et n'a que peu d'influence sur les solvants mesur\u00e9s.<\/p>\r\n\t\t\t\t\t<\/div>\r\n\t\t\t\t\t\t<\/div>\n\t\t\t\t<\/div>\n\t\t\t\t<div class=\"elementor-element elementor-element-67cc5cc elementor-widget elementor-widget-wd_image_or_svg\" data-id=\"67cc5cc\" data-element_type=\"widget\" data-e-type=\"widget\" data-widget_type=\"wd_image_or_svg.default\">\n\t\t\t\t<div class=\"elementor-widget-container\">\n\t\t\t\t\t\r\n\t\t<div class=\"wd-image text-left\">\r\n\t\t\t\t\t\t\t\t<img fetchpriority=\"high\" decoding=\"async\" width=\"648\" height=\"740\" src=\"https:\/\/hookelab.com\/wp-content\/uploads\/2025\/02\/Quartz-Air-tight-Cuvette-with-Screw-Cap-3mm-1050ul-2-Windows-OCB02.jpg\" class=\"attachment-full size-full\" alt=\"\" srcset=\"https:\/\/hookelab.com\/wp-content\/uploads\/2025\/02\/Quartz-Air-tight-Cuvette-with-Screw-Cap-3mm-1050ul-2-Windows-OCB02.jpg 648w, https:\/\/hookelab.com\/wp-content\/uploads\/2025\/02\/Quartz-Air-tight-Cuvette-with-Screw-Cap-3mm-1050ul-2-Windows-OCB02-263x300.jpg 263w, https:\/\/hookelab.com\/wp-content\/uploads\/2025\/02\/Quartz-Air-tight-Cuvette-with-Screw-Cap-3mm-1050ul-2-Windows-OCB02-430x491.jpg 430w, https:\/\/hookelab.com\/wp-content\/uploads\/2025\/02\/Quartz-Air-tight-Cuvette-with-Screw-Cap-3mm-1050ul-2-Windows-OCB02-150x171.jpg 150w\" sizes=\"(max-width: 648px) 100vw, 648px\" \/>\t\t\t\t\t<\/div>\r\n\r\n\t\t\t\t\t\t<\/div>\n\t\t\t\t<\/div>\n\t\t\t\t<div class=\"elementor-element elementor-element-cbad90b elementor-widget elementor-widget-wd_image_or_svg\" data-id=\"cbad90b\" data-element_type=\"widget\" data-e-type=\"widget\" data-widget_type=\"wd_image_or_svg.default\">\n\t\t\t\t<div class=\"elementor-widget-container\">\n\t\t\t\t\t\r\n\t\t<div class=\"wd-image text-left\">\r\n\t\t\t\t\t\t\t\t<img decoding=\"async\" width=\"584\" height=\"668\" src=\"https:\/\/hookelab.com\/wp-content\/uploads\/2025\/02\/Quartz-Air-tight-Cuvette-with-Screw-Cap-3mm-1050ul-2-Windows-OCB04.jpg\" class=\"attachment-full size-full\" alt=\"\" srcset=\"https:\/\/hookelab.com\/wp-content\/uploads\/2025\/02\/Quartz-Air-tight-Cuvette-with-Screw-Cap-3mm-1050ul-2-Windows-OCB04.jpg 584w, https:\/\/hookelab.com\/wp-content\/uploads\/2025\/02\/Quartz-Air-tight-Cuvette-with-Screw-Cap-3mm-1050ul-2-Windows-OCB04-262x300.jpg 262w, https:\/\/hookelab.com\/wp-content\/uploads\/2025\/02\/Quartz-Air-tight-Cuvette-with-Screw-Cap-3mm-1050ul-2-Windows-OCB04-430x492.jpg 430w, https:\/\/hookelab.com\/wp-content\/uploads\/2025\/02\/Quartz-Air-tight-Cuvette-with-Screw-Cap-3mm-1050ul-2-Windows-OCB04-150x172.jpg 150w\" sizes=\"(max-width: 584px) 100vw, 584px\" \/>\t\t\t\t\t<\/div>\r\n\r\n\t\t\t\t\t\t<\/div>\n\t\t\t\t<\/div>\n\t\t\t\t\t<\/div>\n\t\t\t\t<\/div>\n\t\t\t\t<\/div>\n\t\t\n","protected":false},"excerpt":{"rendered":"<ul>\n<li>La cuvette OCB avec bouchon \u00e0 vis en PTFE convient aux exp\u00e9riences ana\u00e9robies.<\/li>\n<li>En g\u00e9n\u00e9ral, nous utilisons par d\u00e9faut des joints en silicone, mais nous proposons \u00e9galement des joints en PTFE. Ces derniers ont une meilleure r\u00e9sistance \u00e0 la corrosion, mais l&rsquo;\u00e9tanch\u00e9it\u00e9 est l\u00e9g\u00e8rement moins bonne que les premiers.<\/li>\n<\/ul>\n","protected":false},"featured_media":29514,"comment_status":"open","ping_status":"closed","template":"","meta":[],"product_brand":[],"product_cat":[1432,1399,1400,1351,1431,1396],"product_tag":[],"class_list":{"0":"post-46529","1":"product","2":"type-product","3":"status-publish","4":"has-post-thumbnail","6":"product_cat-cuvettes-avec-bouchon-a-vis-2","7":"product_cat-cuvettes-de-spectrophotometre","8":"product_cat-cuvettes-en-quartz-uv-vis-200-2500nm","9":"product_cat-cuvettes-et-cellules","10":"product_cat-cuvettes-etanches-2","11":"product_cat-micro-cuvettes","13":"first","14":"instock","15":"shipping-taxable","16":"purchasable","17":"product-type-simple"},"_links":{"self":[{"href":"https:\/\/hookelab.com\/fr\/wp-json\/wp\/v2\/product\/46529","targetHints":{"allow":["GET"]}}],"collection":[{"href":"https:\/\/hookelab.com\/fr\/wp-json\/wp\/v2\/product"}],"about":[{"href":"https:\/\/hookelab.com\/fr\/wp-json\/wp\/v2\/types\/product"}],"replies":[{"embeddable":true,"href":"https:\/\/hookelab.com\/fr\/wp-json\/wp\/v2\/comments?post=46529"}],"version-history":[{"count":0,"href":"https:\/\/hookelab.com\/fr\/wp-json\/wp\/v2\/product\/46529\/revisions"}],"wp:featuredmedia":[{"embeddable":true,"href":"https:\/\/hookelab.com\/fr\/wp-json\/wp\/v2\/media\/29514"}],"wp:attachment":[{"href":"https:\/\/hookelab.com\/fr\/wp-json\/wp\/v2\/media?parent=46529"}],"wp:term":[{"taxonomy":"product_brand","embeddable":true,"href":"https:\/\/hookelab.com\/fr\/wp-json\/wp\/v2\/product_brand?post=46529"},{"taxonomy":"product_cat","embeddable":true,"href":"https:\/\/hookelab.com\/fr\/wp-json\/wp\/v2\/product_cat?post=46529"},{"taxonomy":"product_tag","embeddable":true,"href":"https:\/\/hookelab.com\/fr\/wp-json\/wp\/v2\/product_tag?post=46529"}],"curies":[{"name":"wp","href":"https:\/\/api.w.org\/{rel}","templated":true}]}}