{"id":46487,"date":"2025-02-23T11:44:32","date_gmt":"2025-02-23T11:44:32","guid":{"rendered":"https:\/\/hookelab.com\/product\/cellule-de-comptage-en-quartz-3-canaux-0-2mm-colle\/"},"modified":"2025-02-23T11:44:32","modified_gmt":"2025-02-23T11:44:32","slug":"cellule-de-comptage-en-quartz-3-canaux-0-2mm-colle","status":"publish","type":"product","link":"https:\/\/hookelab.com\/fr\/produit\/cellule-de-comptage-en-quartz-3-canaux-0-2mm-colle\/","title":{"rendered":"Cellule de comptage en quartz, 3 canaux, 0.2mm, coll\u00e9"},"content":{"rendered":"\t\t\t<link rel=\"stylesheet\" id=\"elementor-post-49934-css\" href=\"https:\/\/hookelab.com\/wp-content\/uploads\/elementor\/css\/post-49934.css?ver=1776426021\" type=\"text\/css\" media=\"all\">\r\n\t\t\t\t\t<div data-elementor-type=\"wp-post\" data-elementor-id=\"49934\" class=\"elementor elementor-49934 elementor-29462\">\n\t\t\t\t<div class=\"wd-negative-gap elementor-element elementor-element-212cd0f e-grid e-con-boxed e-con e-parent\" data-id=\"212cd0f\" data-element_type=\"container\" data-e-type=\"container\">\n\t\t\t\t\t<div class=\"e-con-inner\">\n\t\t\t\t<div class=\"elementor-element elementor-element-14dd597 elementor-widget elementor-widget-wd_text_block\" data-id=\"14dd597\" data-element_type=\"widget\" data-e-type=\"widget\" data-widget_type=\"wd_text_block.default\">\n\t\t\t\t<div class=\"elementor-widget-container\">\n\t\t\t\t\t\t\t<div class=\"wd-text-block reset-last-child text-left\">\r\n\t\t\t\r\n\t\t\t<h2>D\u00e9tails<\/h2><ul><li>Mat\u00e9riau : JGS-1 Quartz UV<\/li><li>Longueur du trajet de la lumi\u00e8re : 0,2 mm<\/li><li>Acier Diam\u00e8tre du connecteur : OD 1.6mm, ID 1.3mm<\/li><li>Taille de la chambre : 28\u00d74\u00d70,2 mm<\/li><li>Type d'assemblage : Coll\u00e9<\/li><li>Gamme de transmission : 200-2500 nm<\/li><li>Transmission de la lumi\u00e8re : &gt;80%<\/li><li>Erreur de performance optique de la surface de transmission : &lt;0.3%<\/li><li>Le paquet comprend : 1 pi\u00e8ce\/paquet<\/li><\/ul><p>Veuillez noter que les cuves coll\u00e9es sont uniquement destin\u00e9es aux solvants et solut\u00e9s neutres et conviennent \u00e0 une utilisation \u00e0 une temp\u00e9rature inf\u00e9rieure \u00e0 100\u00b0C. Si vous avez besoin de cellules pouvant r\u00e9sister aux acides et aux bases, aux solvants organiques ou \u00e0 des environnements d\u00e9passant 100\u00b0C, veuillez nous contacter pour des options personnalis\u00e9es avec des cuves fritt\u00e9es \u00e0 la poudre ou \u00e0 collage par contact optique. <\/p>\r\n\t\t\t\t\t<\/div>\r\n\t\t\t\t\t\t<\/div>\n\t\t\t\t<\/div>\n\t\t\t\t<div class=\"elementor-element elementor-element-cbad90b elementor-widget elementor-widget-wd_image_or_svg\" data-id=\"cbad90b\" data-element_type=\"widget\" data-e-type=\"widget\" data-widget_type=\"wd_image_or_svg.default\">\n\t\t\t\t<div class=\"elementor-widget-container\">\n\t\t\t\t\t\r\n\t\t<div class=\"wd-image text-left\">\r\n\t\t\t\t\t\t\t\t<img fetchpriority=\"high\" decoding=\"async\" width=\"800\" height=\"914\" src=\"https:\/\/hookelab.com\/wp-content\/uploads\/2025\/02\/Quartz-Flow-Counting-Cell-3-Channel-Glued02.jpg\" class=\"attachment-full size-full\" alt=\"\" srcset=\"https:\/\/hookelab.com\/wp-content\/uploads\/2025\/02\/Quartz-Flow-Counting-Cell-3-Channel-Glued02.jpg 800w, https:\/\/hookelab.com\/wp-content\/uploads\/2025\/02\/Quartz-Flow-Counting-Cell-3-Channel-Glued02-263x300.jpg 263w, https:\/\/hookelab.com\/wp-content\/uploads\/2025\/02\/Quartz-Flow-Counting-Cell-3-Channel-Glued02-700x800.jpg 700w, https:\/\/hookelab.com\/wp-content\/uploads\/2025\/02\/Quartz-Flow-Counting-Cell-3-Channel-Glued02-768x877.jpg 768w, https:\/\/hookelab.com\/wp-content\/uploads\/2025\/02\/Quartz-Flow-Counting-Cell-3-Channel-Glued02-430x491.jpg 430w, https:\/\/hookelab.com\/wp-content\/uploads\/2025\/02\/Quartz-Flow-Counting-Cell-3-Channel-Glued02-150x171.jpg 150w\" sizes=\"(max-width: 800px) 100vw, 800px\" \/>\t\t\t\t\t<\/div>\r\n\r\n\t\t\t\t\t\t<\/div>\n\t\t\t\t<\/div>\n\t\t\t\t<div class=\"elementor-element elementor-element-67cc5cc elementor-widget elementor-widget-wd_image_or_svg\" data-id=\"67cc5cc\" data-element_type=\"widget\" data-e-type=\"widget\" data-widget_type=\"wd_image_or_svg.default\">\n\t\t\t\t<div class=\"elementor-widget-container\">\n\t\t\t\t\t\r\n\t\t<div class=\"wd-image text-left\">\r\n\t\t\t\t\t\t\t\t<img decoding=\"async\" width=\"800\" height=\"914\" src=\"https:\/\/hookelab.com\/wp-content\/uploads\/2025\/02\/Quartz-Flow-Counting-Cell-3-Channel-Glued06.jpg\" class=\"attachment-full size-full\" alt=\"\" srcset=\"https:\/\/hookelab.com\/wp-content\/uploads\/2025\/02\/Quartz-Flow-Counting-Cell-3-Channel-Glued06.jpg 800w, https:\/\/hookelab.com\/wp-content\/uploads\/2025\/02\/Quartz-Flow-Counting-Cell-3-Channel-Glued06-263x300.jpg 263w, https:\/\/hookelab.com\/wp-content\/uploads\/2025\/02\/Quartz-Flow-Counting-Cell-3-Channel-Glued06-700x800.jpg 700w, https:\/\/hookelab.com\/wp-content\/uploads\/2025\/02\/Quartz-Flow-Counting-Cell-3-Channel-Glued06-768x877.jpg 768w, https:\/\/hookelab.com\/wp-content\/uploads\/2025\/02\/Quartz-Flow-Counting-Cell-3-Channel-Glued06-430x491.jpg 430w, https:\/\/hookelab.com\/wp-content\/uploads\/2025\/02\/Quartz-Flow-Counting-Cell-3-Channel-Glued06-150x171.jpg 150w\" sizes=\"(max-width: 800px) 100vw, 800px\" \/>\t\t\t\t\t<\/div>\r\n\r\n\t\t\t\t\t\t<\/div>\n\t\t\t\t<\/div>\n\t\t\t\t\t<\/div>\n\t\t\t\t<\/div>\n\t\t\t\t<\/div>\n\t\t\n","protected":false},"excerpt":{"rendered":"","protected":false},"featured_media":29469,"comment_status":"open","ping_status":"closed","template":"","meta":[],"product_brand":[],"product_cat":[1401,1399,1400,1351,1396],"product_tag":[],"class_list":{"0":"post-46487","1":"product","2":"type-product","3":"status-publish","4":"has-post-thumbnail","6":"product_cat-cuvettes-a-circulation","7":"product_cat-cuvettes-de-spectrophotometre","8":"product_cat-cuvettes-en-quartz-uv-vis-200-2500nm","9":"product_cat-cuvettes-et-cellules","10":"product_cat-micro-cuvettes","12":"first","13":"instock","14":"shipping-taxable","15":"purchasable","16":"product-type-simple"},"_links":{"self":[{"href":"https:\/\/hookelab.com\/fr\/wp-json\/wp\/v2\/product\/46487","targetHints":{"allow":["GET"]}}],"collection":[{"href":"https:\/\/hookelab.com\/fr\/wp-json\/wp\/v2\/product"}],"about":[{"href":"https:\/\/hookelab.com\/fr\/wp-json\/wp\/v2\/types\/product"}],"replies":[{"embeddable":true,"href":"https:\/\/hookelab.com\/fr\/wp-json\/wp\/v2\/comments?post=46487"}],"version-history":[{"count":0,"href":"https:\/\/hookelab.com\/fr\/wp-json\/wp\/v2\/product\/46487\/revisions"}],"wp:featuredmedia":[{"embeddable":true,"href":"https:\/\/hookelab.com\/fr\/wp-json\/wp\/v2\/media\/29469"}],"wp:attachment":[{"href":"https:\/\/hookelab.com\/fr\/wp-json\/wp\/v2\/media?parent=46487"}],"wp:term":[{"taxonomy":"product_brand","embeddable":true,"href":"https:\/\/hookelab.com\/fr\/wp-json\/wp\/v2\/product_brand?post=46487"},{"taxonomy":"product_cat","embeddable":true,"href":"https:\/\/hookelab.com\/fr\/wp-json\/wp\/v2\/product_cat?post=46487"},{"taxonomy":"product_tag","embeddable":true,"href":"https:\/\/hookelab.com\/fr\/wp-json\/wp\/v2\/product_tag?post=46487"}],"curies":[{"name":"wp","href":"https:\/\/api.w.org\/{rel}","templated":true}]}}