{"id":46483,"date":"2025-02-23T09:35:49","date_gmt":"2025-02-23T09:35:49","guid":{"rendered":"https:\/\/hookelab.com\/product\/cuvette-en-quartz-avec-bouchon-a-vis-m10-1050ul-3mm-4-fenetres-ocb\/"},"modified":"2025-02-23T09:35:49","modified_gmt":"2025-02-23T09:35:49","slug":"cuvette-en-quartz-avec-bouchon-a-vis-m10-1050ul-3mm-4-fenetres-ocb","status":"publish","type":"product","link":"https:\/\/hookelab.com\/fr\/produit\/cuvette-en-quartz-avec-bouchon-a-vis-m10-1050ul-3mm-4-fenetres-ocb\/","title":{"rendered":"Cuvette en quartz avec bouchon \u00e0 vis M10, 1050ul, 3mm, 4 fen\u00eatres, OCB"},"content":{"rendered":"\t\t\t<link rel=\"stylesheet\" id=\"elementor-post-49922-css\" href=\"https:\/\/hookelab.com\/wp-content\/uploads\/elementor\/css\/post-49922.css?ver=1776479052\" type=\"text\/css\" media=\"all\">\r\n\t\t\t\t\t<div data-elementor-type=\"wp-post\" data-elementor-id=\"49922\" class=\"elementor elementor-49922 elementor-29432\">\n\t\t\t\t<div class=\"wd-negative-gap elementor-element elementor-element-212cd0f e-grid e-con-boxed e-con e-parent\" data-id=\"212cd0f\" data-element_type=\"container\" data-e-type=\"container\">\n\t\t\t\t\t<div class=\"e-con-inner\">\n\t\t\t\t<div class=\"elementor-element elementor-element-14dd597 elementor-widget elementor-widget-wd_text_block\" data-id=\"14dd597\" data-element_type=\"widget\" data-e-type=\"widget\" data-widget_type=\"wd_text_block.default\">\n\t\t\t\t<div class=\"elementor-widget-container\">\n\t\t\t\t\t\t\t<div class=\"wd-text-block reset-last-child text-left\">\r\n\t\t\t\r\n\t\t\t<h2>D\u00e9tails<\/h2><ul><li>Mat\u00e9riau : JGS-1 Quartz UV<\/li><li>Volume : 1050 ul<\/li><li>Longueur du trajet lumineux : 3 mm<\/li><li>Nettoyer les fen\u00eatres : 4 fen\u00eatres<\/li><li>Dimensions ext\u00e9rieures avec capuchon (L\u00d7P\u00d7H) : 12,5\u00d75,5\u00d758mm<\/li><li>Type de bouchon : PTFE M10 Capuchon ext\u00e9rieur viss\u00e9<\/li><li>Type d'assemblage : Collage par contact optique (OCB)<\/li><li>Gamme de transmission : 200-2500 nm<\/li><li>Erreur de performance optique de la surface de transmission : \u22640,3%.<\/li><li>Le paquet comprend : 1 pi\u00e8ce\/paquet<\/li><\/ul><p>La cuvette OCB r\u00e9siste aux temp\u00e9ratures \u00e9lev\u00e9es, aux acides et aux alcalis, ainsi qu'aux solvants organiques.<\/p><p>Le capuchon en PTFE a une longue dur\u00e9e de vie r\u00e9sistante \u00e0 la corrosion et n'a que peu d'influence sur les solvants mesur\u00e9s.<\/p>\r\n\t\t\t\t\t<\/div>\r\n\t\t\t\t\t\t<\/div>\n\t\t\t\t<\/div>\n\t\t\t\t<div class=\"elementor-element elementor-element-67cc5cc elementor-widget elementor-widget-wd_image_or_svg\" data-id=\"67cc5cc\" data-element_type=\"widget\" data-e-type=\"widget\" data-widget_type=\"wd_image_or_svg.default\">\n\t\t\t\t<div class=\"elementor-widget-container\">\n\t\t\t\t\t\r\n\t\t<div class=\"wd-image text-left\">\r\n\t\t\t\t\t\t\t\t<img fetchpriority=\"high\" decoding=\"async\" width=\"700\" height=\"800\" src=\"https:\/\/hookelab.com\/wp-content\/uploads\/2025\/02\/Quartz-Cuvette-with-M10-Screw-Cap-1050ul-3mm03.jpg\" class=\"attachment-full size-full\" alt=\"\" srcset=\"https:\/\/hookelab.com\/wp-content\/uploads\/2025\/02\/Quartz-Cuvette-with-M10-Screw-Cap-1050ul-3mm03.jpg 700w, https:\/\/hookelab.com\/wp-content\/uploads\/2025\/02\/Quartz-Cuvette-with-M10-Screw-Cap-1050ul-3mm03-263x300.jpg 263w, https:\/\/hookelab.com\/wp-content\/uploads\/2025\/02\/Quartz-Cuvette-with-M10-Screw-Cap-1050ul-3mm03-430x491.jpg 430w, https:\/\/hookelab.com\/wp-content\/uploads\/2025\/02\/Quartz-Cuvette-with-M10-Screw-Cap-1050ul-3mm03-150x171.jpg 150w\" sizes=\"(max-width: 700px) 100vw, 700px\" \/>\t\t\t\t\t<\/div>\r\n\r\n\t\t\t\t\t\t<\/div>\n\t\t\t\t<\/div>\n\t\t\t\t<div class=\"elementor-element elementor-element-cbad90b elementor-widget elementor-widget-wd_image_or_svg\" data-id=\"cbad90b\" data-element_type=\"widget\" data-e-type=\"widget\" data-widget_type=\"wd_image_or_svg.default\">\n\t\t\t\t<div class=\"elementor-widget-container\">\n\t\t\t\t\t\r\n\t\t<div class=\"wd-image text-left\">\r\n\t\t\t\t\t\t\t\t<img decoding=\"async\" width=\"631\" height=\"721\" src=\"https:\/\/hookelab.com\/wp-content\/uploads\/2025\/02\/Quartz-Cuvette-with-M10-Screw-Cap-1050ul-3mm04.jpg\" class=\"attachment-full size-full\" alt=\"\" srcset=\"https:\/\/hookelab.com\/wp-content\/uploads\/2025\/02\/Quartz-Cuvette-with-M10-Screw-Cap-1050ul-3mm04.jpg 631w, https:\/\/hookelab.com\/wp-content\/uploads\/2025\/02\/Quartz-Cuvette-with-M10-Screw-Cap-1050ul-3mm04-263x300.jpg 263w, https:\/\/hookelab.com\/wp-content\/uploads\/2025\/02\/Quartz-Cuvette-with-M10-Screw-Cap-1050ul-3mm04-430x491.jpg 430w, https:\/\/hookelab.com\/wp-content\/uploads\/2025\/02\/Quartz-Cuvette-with-M10-Screw-Cap-1050ul-3mm04-150x171.jpg 150w\" sizes=\"(max-width: 631px) 100vw, 631px\" \/>\t\t\t\t\t<\/div>\r\n\r\n\t\t\t\t\t\t<\/div>\n\t\t\t\t<\/div>\n\t\t\t\t\t<\/div>\n\t\t\t\t<\/div>\n\t\t\t\t<\/div>\n\t\t\n","protected":false},"excerpt":{"rendered":"<ul>\n<li>La cuvette OCB avec bouchon \u00e0 vis en PTFE convient aux exp\u00e9riences ana\u00e9robies.<\/li>\n<li>En g\u00e9n\u00e9ral, nous utilisons par d\u00e9faut des joints en silicone, mais nous proposons \u00e9galement des joints en PTFE. Ces derniers ont une meilleure r\u00e9sistance \u00e0 la corrosion, mais l&rsquo;\u00e9tanch\u00e9it\u00e9 est l\u00e9g\u00e8rement moins bonne que les premiers.<\/li>\n<\/ul>\n","protected":false},"featured_media":29503,"comment_status":"open","ping_status":"closed","template":"","meta":[],"product_brand":[],"product_cat":[1422,1410,1412,1351,1423,1396],"product_tag":[],"class_list":{"0":"post-46483","1":"product","2":"type-product","3":"status-publish","4":"has-post-thumbnail","6":"product_cat-cuvettes-avec-bouchon-a-vis","7":"product_cat-cuvettes-de-fluorimetre","8":"product_cat-cuvettes-en-quartz-uv-vis-200-2500nm-2","9":"product_cat-cuvettes-et-cellules","10":"product_cat-cuvettes-etanches","11":"product_cat-micro-cuvettes","13":"first","14":"instock","15":"shipping-taxable","16":"purchasable","17":"product-type-simple"},"_links":{"self":[{"href":"https:\/\/hookelab.com\/fr\/wp-json\/wp\/v2\/product\/46483","targetHints":{"allow":["GET"]}}],"collection":[{"href":"https:\/\/hookelab.com\/fr\/wp-json\/wp\/v2\/product"}],"about":[{"href":"https:\/\/hookelab.com\/fr\/wp-json\/wp\/v2\/types\/product"}],"replies":[{"embeddable":true,"href":"https:\/\/hookelab.com\/fr\/wp-json\/wp\/v2\/comments?post=46483"}],"version-history":[{"count":0,"href":"https:\/\/hookelab.com\/fr\/wp-json\/wp\/v2\/product\/46483\/revisions"}],"wp:featuredmedia":[{"embeddable":true,"href":"https:\/\/hookelab.com\/fr\/wp-json\/wp\/v2\/media\/29503"}],"wp:attachment":[{"href":"https:\/\/hookelab.com\/fr\/wp-json\/wp\/v2\/media?parent=46483"}],"wp:term":[{"taxonomy":"product_brand","embeddable":true,"href":"https:\/\/hookelab.com\/fr\/wp-json\/wp\/v2\/product_brand?post=46483"},{"taxonomy":"product_cat","embeddable":true,"href":"https:\/\/hookelab.com\/fr\/wp-json\/wp\/v2\/product_cat?post=46483"},{"taxonomy":"product_tag","embeddable":true,"href":"https:\/\/hookelab.com\/fr\/wp-json\/wp\/v2\/product_tag?post=46483"}],"curies":[{"name":"wp","href":"https:\/\/api.w.org\/{rel}","templated":true}]}}