{"id":46428,"date":"2025-02-23T03:58:16","date_gmt":"2025-02-23T03:58:16","guid":{"rendered":"https:\/\/hookelab.com\/product\/cuvettes-a-circulation-en-quartz-les-deux-extremites-ouvertes\/"},"modified":"2025-02-23T03:58:16","modified_gmt":"2025-02-23T03:58:16","slug":"cuvettes-a-circulation-en-quartz-les-deux-extremites-ouvertes","status":"publish","type":"product","link":"https:\/\/hookelab.com\/fr\/produit\/cuvettes-a-circulation-en-quartz-les-deux-extremites-ouvertes\/","title":{"rendered":"Cuvettes \u00e0 circulation en quartz, les deux extr\u00e9mit\u00e9s ouvertes"},"content":{"rendered":"\t\t\t<link rel=\"stylesheet\" id=\"elementor-post-49895-css\" href=\"https:\/\/hookelab.com\/wp-content\/uploads\/elementor\/css\/post-49895.css?ver=1776440526\" type=\"text\/css\" media=\"all\">\r\n\t\t\t\t\t<div data-elementor-type=\"wp-post\" data-elementor-id=\"49895\" class=\"elementor elementor-49895 elementor-29422\">\n\t\t\t\t<div class=\"wd-negative-gap elementor-element elementor-element-212cd0f e-grid e-con-boxed e-con e-parent\" data-id=\"212cd0f\" data-element_type=\"container\" data-e-type=\"container\">\n\t\t\t\t\t<div class=\"e-con-inner\">\n\t\t\t\t<div class=\"elementor-element elementor-element-14dd597 elementor-widget elementor-widget-wd_text_block\" data-id=\"14dd597\" data-element_type=\"widget\" data-e-type=\"widget\" data-widget_type=\"wd_text_block.default\">\n\t\t\t\t<div class=\"elementor-widget-container\">\n\t\t\t\t\t\t\t<div class=\"wd-text-block reset-last-child text-left\">\r\n\t\t\t\r\n\t\t\t<h2>D\u00e9tails<\/h2>\n<ul>\n<li>Mat\u00e9riau : JGS-1 Quartz UV<\/li>\n<li>Volume : 14ul-20ml<\/li>\n<li>Longueur du trajet de la lumi\u00e8re : 0,6 mm-40 mm<\/li>\n<li>Type d'assemblage : Coll\u00e9\/fritt\u00e9 \u00e0 la poudre\/OCB<\/li>\n<li>Gamme de transmission : 200-2500 nm<\/li>\n<li>Transmission de la lumi\u00e8re : &gt;80%<\/li>\n<li>Erreur de performance optique de la surface de transmission : \u22640,3%.<\/li>\n<li>Le paquet comprend : 1 pi\u00e8ce\/paquet<\/li>\n<\/ul>\n<p>Les cuves coll\u00e9es sont uniquement destin\u00e9es aux solvants et solut\u00e9s neutres et peuvent \u00eatre utilis\u00e9es \u00e0 des temp\u00e9ratures inf\u00e9rieures \u00e0 100\u00b0C.<\/p>\n<p>Cuvette fritt\u00e9e en poudre, a une r\u00e9sistance \u00e0 haute temp\u00e9rature (600\u2103), la plupart des acides et alcalins, et la r\u00e9sistance aux solvants organiques.<\/p>\n<p>OCB Cuvette, a une r\u00e9sistance \u00e0 haute temp\u00e9rature (1200\u2103), une r\u00e9sistance \u00e0 l'acide et \u00e0 l'alcali, et une r\u00e9sistance aux solvants organiques.<\/p>\r\n\t\t\t\t\t<\/div>\r\n\t\t\t\t\t\t<\/div>\n\t\t\t\t<\/div>\n\t\t\t\t<div class=\"elementor-element elementor-element-67cc5cc elementor-widget elementor-widget-wd_image_or_svg\" data-id=\"67cc5cc\" data-element_type=\"widget\" data-e-type=\"widget\" data-widget_type=\"wd_image_or_svg.default\">\n\t\t\t\t<div class=\"elementor-widget-container\">\n\t\t\t\t\t\r\n\t\t<div class=\"wd-image text-left\">\r\n\t\t\t\t\t\t\t\t<img fetchpriority=\"high\" decoding=\"async\" width=\"700\" height=\"800\" src=\"https:\/\/hookelab.com\/wp-content\/uploads\/2025\/02\/Quartz-Flow-through-Cuvettes-Both-Ends-Open05.jpg\" class=\"attachment-full size-full\" alt=\"\" srcset=\"https:\/\/hookelab.com\/wp-content\/uploads\/2025\/02\/Quartz-Flow-through-Cuvettes-Both-Ends-Open05.jpg 700w, https:\/\/hookelab.com\/wp-content\/uploads\/2025\/02\/Quartz-Flow-through-Cuvettes-Both-Ends-Open05-263x300.jpg 263w, https:\/\/hookelab.com\/wp-content\/uploads\/2025\/02\/Quartz-Flow-through-Cuvettes-Both-Ends-Open05-430x491.jpg 430w, https:\/\/hookelab.com\/wp-content\/uploads\/2025\/02\/Quartz-Flow-through-Cuvettes-Both-Ends-Open05-150x171.jpg 150w\" sizes=\"(max-width: 700px) 100vw, 700px\" \/>\t\t\t\t\t<\/div>\r\n\r\n\t\t\t\t\t\t<\/div>\n\t\t\t\t<\/div>\n\t\t\t\t<div class=\"elementor-element elementor-element-cbad90b elementor-widget elementor-widget-wd_image_or_svg\" data-id=\"cbad90b\" data-element_type=\"widget\" data-e-type=\"widget\" data-widget_type=\"wd_image_or_svg.default\">\n\t\t\t\t<div class=\"elementor-widget-container\">\n\t\t\t\t\t\r\n\t\t<div class=\"wd-image text-left\">\r\n\t\t\t\t\t\t\t\t<img decoding=\"async\" width=\"800\" height=\"914\" src=\"https:\/\/hookelab.com\/wp-content\/uploads\/2025\/02\/Quartz-Flow-through-Cuvettes-Both-Ends-Open06.jpg\" class=\"attachment-full size-full\" alt=\"\" srcset=\"https:\/\/hookelab.com\/wp-content\/uploads\/2025\/02\/Quartz-Flow-through-Cuvettes-Both-Ends-Open06.jpg 800w, https:\/\/hookelab.com\/wp-content\/uploads\/2025\/02\/Quartz-Flow-through-Cuvettes-Both-Ends-Open06-263x300.jpg 263w, https:\/\/hookelab.com\/wp-content\/uploads\/2025\/02\/Quartz-Flow-through-Cuvettes-Both-Ends-Open06-700x800.jpg 700w, https:\/\/hookelab.com\/wp-content\/uploads\/2025\/02\/Quartz-Flow-through-Cuvettes-Both-Ends-Open06-768x877.jpg 768w, https:\/\/hookelab.com\/wp-content\/uploads\/2025\/02\/Quartz-Flow-through-Cuvettes-Both-Ends-Open06-430x491.jpg 430w, https:\/\/hookelab.com\/wp-content\/uploads\/2025\/02\/Quartz-Flow-through-Cuvettes-Both-Ends-Open06-150x171.jpg 150w\" sizes=\"(max-width: 800px) 100vw, 800px\" \/>\t\t\t\t\t<\/div>\r\n\r\n\t\t\t\t\t\t<\/div>\n\t\t\t\t<\/div>\n\t\t\t\t\t<\/div>\n\t\t\t\t<\/div>\n\t\t\t\t<\/div>\n\t\t\n","protected":false},"excerpt":{"rendered":"","protected":false},"featured_media":29417,"comment_status":"open","ping_status":"closed","template":"","meta":[],"product_brand":[],"product_cat":[1411,1401,1410,1399,1412,1400,1351],"product_tag":[],"class_list":{"0":"post-46428","1":"product","2":"type-product","3":"status-publish","4":"has-post-thumbnail","6":"product_cat-cuvettes-a-circulation-2","7":"product_cat-cuvettes-a-circulation","8":"product_cat-cuvettes-de-fluorimetre","9":"product_cat-cuvettes-de-spectrophotometre","10":"product_cat-cuvettes-en-quartz-uv-vis-200-2500nm-2","11":"product_cat-cuvettes-en-quartz-uv-vis-200-2500nm","12":"product_cat-cuvettes-et-cellules","14":"first","15":"instock","16":"shipping-taxable","17":"purchasable","18":"product-type-variable"},"_links":{"self":[{"href":"https:\/\/hookelab.com\/fr\/wp-json\/wp\/v2\/product\/46428","targetHints":{"allow":["GET"]}}],"collection":[{"href":"https:\/\/hookelab.com\/fr\/wp-json\/wp\/v2\/product"}],"about":[{"href":"https:\/\/hookelab.com\/fr\/wp-json\/wp\/v2\/types\/product"}],"replies":[{"embeddable":true,"href":"https:\/\/hookelab.com\/fr\/wp-json\/wp\/v2\/comments?post=46428"}],"version-history":[{"count":0,"href":"https:\/\/hookelab.com\/fr\/wp-json\/wp\/v2\/product\/46428\/revisions"}],"wp:featuredmedia":[{"embeddable":true,"href":"https:\/\/hookelab.com\/fr\/wp-json\/wp\/v2\/media\/29417"}],"wp:attachment":[{"href":"https:\/\/hookelab.com\/fr\/wp-json\/wp\/v2\/media?parent=46428"}],"wp:term":[{"taxonomy":"product_brand","embeddable":true,"href":"https:\/\/hookelab.com\/fr\/wp-json\/wp\/v2\/product_brand?post=46428"},{"taxonomy":"product_cat","embeddable":true,"href":"https:\/\/hookelab.com\/fr\/wp-json\/wp\/v2\/product_cat?post=46428"},{"taxonomy":"product_tag","embeddable":true,"href":"https:\/\/hookelab.com\/fr\/wp-json\/wp\/v2\/product_tag?post=46428"}],"curies":[{"name":"wp","href":"https:\/\/api.w.org\/{rel}","templated":true}]}}