{"id":46120,"date":"2025-02-19T09:35:53","date_gmt":"2025-02-19T09:35:53","guid":{"rendered":"https:\/\/hookelab.com\/product\/quartz-black-flow-cuvette-avec-connecteur-a-vis-400ul-3-fenetres-colle\/"},"modified":"2025-02-19T09:35:53","modified_gmt":"2025-02-19T09:35:53","slug":"quartz-black-flow-cuvette-avec-connecteur-a-vis-400ul-3-fenetres-colle","status":"publish","type":"product","link":"https:\/\/hookelab.com\/fr\/produit\/quartz-black-flow-cuvette-avec-connecteur-a-vis-400ul-3-fenetres-colle\/","title":{"rendered":"Quartz Black Flow Cuvette avec connecteur \u00e0 vis, 400ul, 3 fen\u00eatres, coll\u00e9"},"content":{"rendered":"\t\t\t<link rel=\"stylesheet\" id=\"elementor-post-49812-css\" href=\"https:\/\/hookelab.com\/wp-content\/uploads\/elementor\/css\/post-49812.css?ver=1776603429\" type=\"text\/css\" media=\"all\">\r\n\t\t\t\t\t<div data-elementor-type=\"wp-post\" data-elementor-id=\"49812\" class=\"elementor elementor-49812 elementor-29214\">\n\t\t\t\t<div class=\"wd-negative-gap elementor-element elementor-element-212cd0f e-grid e-con-boxed e-con e-parent\" data-id=\"212cd0f\" data-element_type=\"container\" data-e-type=\"container\">\n\t\t\t\t\t<div class=\"e-con-inner\">\n\t\t\t\t<div class=\"elementor-element elementor-element-14dd597 elementor-widget elementor-widget-wd_text_block\" data-id=\"14dd597\" data-element_type=\"widget\" data-e-type=\"widget\" data-widget_type=\"wd_text_block.default\">\n\t\t\t\t<div class=\"elementor-widget-container\">\n\t\t\t\t\t\t\t<div class=\"wd-text-block reset-last-child text-left\">\r\n\t\t\t\r\n\t\t\t<h2>D\u00e9tails<\/h2><ul><li>Mat\u00e9riau : JGS-1 Quartz UV<\/li><li>Volume : 400 ul<\/li><li>Longueur du trajet lumineux : 10 mm<\/li><li>Fen\u00eatres d\u00e9gag\u00e9es : 3 fen\u00eatres<\/li><li>Taille de la fen\u00eatre : 4\u00d7 10mm<\/li><li>Z Hauteur : 15 mm<\/li><li>Type d'assemblage : Coll\u00e9<\/li><li>Gamme de transmission : 200-2500 nm<\/li><li>Erreur de performance optique de la surface de transmission : \u22640,3%.<\/li><li>Le paquet comprend : 1 pi\u00e8ce\/paquet<\/li><\/ul><p>Veuillez noter que les cuves coll\u00e9es ne sont destin\u00e9es qu'aux solvants et solut\u00e9s neutres et qu'elles peuvent \u00eatre utilis\u00e9es \u00e0 des temp\u00e9ratures inf\u00e9rieures \u00e0 100\u00b0C. Si vous avez besoin de cellules qui peuvent r\u00e9sister aux acides et aux bases, aux solvants organiques, ou \u00e0 une utilisation \u00e0 &gt;100\u00b0C, veuillez nous contacter pour des options personnalis\u00e9es avec des cuves en poudre fritt\u00e9e ou OCB.<\/p>\r\n\t\t\t\t\t<\/div>\r\n\t\t\t\t\t\t<\/div>\n\t\t\t\t<\/div>\n\t\t\t\t<div class=\"elementor-element elementor-element-cbad90b elementor-widget elementor-widget-wd_image_or_svg\" data-id=\"cbad90b\" data-element_type=\"widget\" data-e-type=\"widget\" data-widget_type=\"wd_image_or_svg.default\">\n\t\t\t\t<div class=\"elementor-widget-container\">\n\t\t\t\t\t\r\n\t\t<div class=\"wd-image text-left\">\r\n\t\t\t\t\t\t\t\t<img fetchpriority=\"high\" decoding=\"async\" width=\"589\" height=\"673\" src=\"https:\/\/hookelab.com\/wp-content\/uploads\/2025\/02\/Quartz-Black-Flow-Cuvette-with-Screw-Connector-400ul-3-Windows-Glued03.jpg\" class=\"attachment-full size-full\" alt=\"\" srcset=\"https:\/\/hookelab.com\/wp-content\/uploads\/2025\/02\/Quartz-Black-Flow-Cuvette-with-Screw-Connector-400ul-3-Windows-Glued03.jpg 589w, https:\/\/hookelab.com\/wp-content\/uploads\/2025\/02\/Quartz-Black-Flow-Cuvette-with-Screw-Connector-400ul-3-Windows-Glued03-263x300.jpg 263w, https:\/\/hookelab.com\/wp-content\/uploads\/2025\/02\/Quartz-Black-Flow-Cuvette-with-Screw-Connector-400ul-3-Windows-Glued03-430x491.jpg 430w, https:\/\/hookelab.com\/wp-content\/uploads\/2025\/02\/Quartz-Black-Flow-Cuvette-with-Screw-Connector-400ul-3-Windows-Glued03-150x171.jpg 150w\" sizes=\"(max-width: 589px) 100vw, 589px\" \/>\t\t\t\t\t<\/div>\r\n\r\n\t\t\t\t\t\t<\/div>\n\t\t\t\t<\/div>\n\t\t\t\t<div class=\"elementor-element elementor-element-67cc5cc elementor-widget elementor-widget-wd_image_or_svg\" data-id=\"67cc5cc\" data-element_type=\"widget\" data-e-type=\"widget\" data-widget_type=\"wd_image_or_svg.default\">\n\t\t\t\t<div class=\"elementor-widget-container\">\n\t\t\t\t\t\r\n\t\t<div class=\"wd-image text-left\">\r\n\t\t\t\t\t\t\t\t<img decoding=\"async\" width=\"672\" height=\"768\" src=\"https:\/\/hookelab.com\/wp-content\/uploads\/2025\/02\/Quartz-Black-Flow-Cuvette-with-Screw-Connector-400ul-3-Windows-Glued05.jpg\" class=\"attachment-full size-full\" alt=\"\" srcset=\"https:\/\/hookelab.com\/wp-content\/uploads\/2025\/02\/Quartz-Black-Flow-Cuvette-with-Screw-Connector-400ul-3-Windows-Glued05.jpg 672w, https:\/\/hookelab.com\/wp-content\/uploads\/2025\/02\/Quartz-Black-Flow-Cuvette-with-Screw-Connector-400ul-3-Windows-Glued05-263x300.jpg 263w, https:\/\/hookelab.com\/wp-content\/uploads\/2025\/02\/Quartz-Black-Flow-Cuvette-with-Screw-Connector-400ul-3-Windows-Glued05-430x491.jpg 430w, https:\/\/hookelab.com\/wp-content\/uploads\/2025\/02\/Quartz-Black-Flow-Cuvette-with-Screw-Connector-400ul-3-Windows-Glued05-150x171.jpg 150w\" sizes=\"(max-width: 672px) 100vw, 672px\" \/>\t\t\t\t\t<\/div>\r\n\r\n\t\t\t\t\t\t<\/div>\n\t\t\t\t<\/div>\n\t\t\t\t\t<\/div>\n\t\t\t\t<\/div>\n\t\t\t\t<\/div>\n\t\t\n","protected":false},"excerpt":{"rendered":"<p>Type de connecteur : Connecteur \u00e0 vis M6 \u00d72<\/p>\n","protected":false},"featured_media":29218,"comment_status":"open","ping_status":"closed","template":"","meta":[],"product_brand":[],"product_cat":[1411,1410,1412,1351,1396],"product_tag":[],"class_list":{"0":"post-46120","1":"product","2":"type-product","3":"status-publish","4":"has-post-thumbnail","6":"product_cat-cuvettes-a-circulation-2","7":"product_cat-cuvettes-de-fluorimetre","8":"product_cat-cuvettes-en-quartz-uv-vis-200-2500nm-2","9":"product_cat-cuvettes-et-cellules","10":"product_cat-micro-cuvettes","12":"first","13":"instock","14":"shipping-taxable","15":"purchasable","16":"product-type-simple"},"_links":{"self":[{"href":"https:\/\/hookelab.com\/fr\/wp-json\/wp\/v2\/product\/46120","targetHints":{"allow":["GET"]}}],"collection":[{"href":"https:\/\/hookelab.com\/fr\/wp-json\/wp\/v2\/product"}],"about":[{"href":"https:\/\/hookelab.com\/fr\/wp-json\/wp\/v2\/types\/product"}],"replies":[{"embeddable":true,"href":"https:\/\/hookelab.com\/fr\/wp-json\/wp\/v2\/comments?post=46120"}],"version-history":[{"count":0,"href":"https:\/\/hookelab.com\/fr\/wp-json\/wp\/v2\/product\/46120\/revisions"}],"wp:featuredmedia":[{"embeddable":true,"href":"https:\/\/hookelab.com\/fr\/wp-json\/wp\/v2\/media\/29218"}],"wp:attachment":[{"href":"https:\/\/hookelab.com\/fr\/wp-json\/wp\/v2\/media?parent=46120"}],"wp:term":[{"taxonomy":"product_brand","embeddable":true,"href":"https:\/\/hookelab.com\/fr\/wp-json\/wp\/v2\/product_brand?post=46120"},{"taxonomy":"product_cat","embeddable":true,"href":"https:\/\/hookelab.com\/fr\/wp-json\/wp\/v2\/product_cat?post=46120"},{"taxonomy":"product_tag","embeddable":true,"href":"https:\/\/hookelab.com\/fr\/wp-json\/wp\/v2\/product_tag?post=46120"}],"curies":[{"name":"wp","href":"https:\/\/api.w.org\/{rel}","templated":true}]}}