{"id":46056,"date":"2025-02-18T12:28:06","date_gmt":"2025-02-18T12:28:06","guid":{"rendered":"https:\/\/hookelab.com\/product\/cuvette-etanche-avec-bouchon-a-vis-2-fenetres-26mm-80ml-poudre-frittee\/"},"modified":"2025-02-18T12:28:06","modified_gmt":"2025-02-18T12:28:06","slug":"cuvette-etanche-avec-bouchon-a-vis-2-fenetres-26mm-80ml-poudre-frittee","status":"publish","type":"product","link":"https:\/\/hookelab.com\/fr\/produit\/cuvette-etanche-avec-bouchon-a-vis-2-fenetres-26mm-80ml-poudre-frittee\/","title":{"rendered":"Cuvette \u00e9tanche avec bouchon \u00e0 vis, 2 fen\u00eatres, 26mm, 80ml, poudre fritt\u00e9e"},"content":{"rendered":"\t\t\t<link rel=\"stylesheet\" id=\"elementor-post-49796-css\" href=\"https:\/\/hookelab.com\/wp-content\/uploads\/elementor\/css\/post-49796.css?ver=1776698321\" type=\"text\/css\" media=\"all\">\r\n\t\t\t\t\t<div data-elementor-type=\"wp-post\" data-elementor-id=\"49796\" class=\"elementor elementor-49796 elementor-29170\">\n\t\t\t\t<div class=\"wd-negative-gap elementor-element elementor-element-212cd0f e-grid e-con-boxed e-con e-parent\" data-id=\"212cd0f\" data-element_type=\"container\" data-e-type=\"container\">\n\t\t\t\t\t<div class=\"e-con-inner\">\n\t\t\t\t<div class=\"elementor-element elementor-element-14dd597 elementor-widget elementor-widget-wd_text_block\" data-id=\"14dd597\" data-element_type=\"widget\" data-e-type=\"widget\" data-widget_type=\"wd_text_block.default\">\n\t\t\t\t<div class=\"elementor-widget-container\">\n\t\t\t\t\t\t\t<div class=\"wd-text-block reset-last-child text-left\">\r\n\t\t\t\r\n\t\t\t<h2>D\u00e9tails<\/h2>\n<ul>\n<li>Mat\u00e9riau : Quartz UV S1  <\/li>\n<li>Volume : 80 ml<\/li>\n<li>Longueur du trajet lumineux : 26 mm<\/li>\n<li>D\u00e9gag\u00e9 Fen\u00eatres : 2 fen\u00eatres<\/li>\n<li>\u00c9paisseur de la paroi : 2 mm<\/li>\n<li>Dimensions ext\u00e9rieures avec capuchon (L\u00d7D\u00d7H) : 60\u00d730\u00d780mm<\/li>\n<li>Type de bouchon : PTFE M14 Capuchon ext\u00e9rieur viss\u00e9<\/li>\n<li>Type d'assemblage : Poudre fritt\u00e9e<\/li>\n<li>Gamme de transmission : 200-2500 nm<\/li>\n<li>Erreur de performance optique de la surface de transmission : \u22640,3%.<\/li>\n<li>Le paquet comprend : 1 pi\u00e8ce\/paquet<\/li>\n<\/ul>\n<p>La cuvette de frittage de poudre peut r\u00e9sister \u00e0 une temp\u00e9rature de 600\u2103, \u00e0 la plupart des acides et des alcalis, ainsi qu'aux solutions organiques.<\/p>\n<p>Si vous avez besoin de cellules avec un processus de production coll\u00e9 ou OCB, veuillez nous contacter pour des options personnalis\u00e9es.<\/p>\r\n\t\t\t\t\t<\/div>\r\n\t\t\t\t\t\t<\/div>\n\t\t\t\t<\/div>\n\t\t\t\t<div class=\"elementor-element elementor-element-cbad90b elementor-widget elementor-widget-wd_image_or_svg\" data-id=\"cbad90b\" data-element_type=\"widget\" data-e-type=\"widget\" data-widget_type=\"wd_image_or_svg.default\">\n\t\t\t\t<div class=\"elementor-widget-container\">\n\t\t\t\t\t\r\n\t\t<div class=\"wd-image text-left\">\r\n\t\t\t\t\t\t\t\t<img fetchpriority=\"high\" decoding=\"async\" width=\"749\" height=\"856\" src=\"https:\/\/hookelab.com\/wp-content\/uploads\/2025\/02\/Air-tight-Cuvette-with-Screw-Cap-2-Windows-26mm-80ml-Powder-Sintered03.jpg\" class=\"attachment-full size-full\" alt=\"\" srcset=\"https:\/\/hookelab.com\/wp-content\/uploads\/2025\/02\/Air-tight-Cuvette-with-Screw-Cap-2-Windows-26mm-80ml-Powder-Sintered03.jpg 749w, https:\/\/hookelab.com\/wp-content\/uploads\/2025\/02\/Air-tight-Cuvette-with-Screw-Cap-2-Windows-26mm-80ml-Powder-Sintered03-263x300.jpg 263w, https:\/\/hookelab.com\/wp-content\/uploads\/2025\/02\/Air-tight-Cuvette-with-Screw-Cap-2-Windows-26mm-80ml-Powder-Sintered03-700x800.jpg 700w, https:\/\/hookelab.com\/wp-content\/uploads\/2025\/02\/Air-tight-Cuvette-with-Screw-Cap-2-Windows-26mm-80ml-Powder-Sintered03-430x491.jpg 430w, https:\/\/hookelab.com\/wp-content\/uploads\/2025\/02\/Air-tight-Cuvette-with-Screw-Cap-2-Windows-26mm-80ml-Powder-Sintered03-150x171.jpg 150w\" sizes=\"(max-width: 749px) 100vw, 749px\" \/>\t\t\t\t\t<\/div>\r\n\r\n\t\t\t\t\t\t<\/div>\n\t\t\t\t<\/div>\n\t\t\t\t<div class=\"elementor-element elementor-element-67cc5cc elementor-widget elementor-widget-wd_image_or_svg\" data-id=\"67cc5cc\" data-element_type=\"widget\" data-e-type=\"widget\" data-widget_type=\"wd_image_or_svg.default\">\n\t\t\t\t<div class=\"elementor-widget-container\">\n\t\t\t\t\t\r\n\t\t<div class=\"wd-image text-left\">\r\n\t\t\t\t\t\t\t\t<img decoding=\"async\" width=\"575\" height=\"657\" src=\"https:\/\/hookelab.com\/wp-content\/uploads\/2025\/02\/Air-tight-Cuvette-with-Screw-Cap-2-Windows-26mm-80ml-Powder-Sintered07.jpg\" class=\"attachment-full size-full\" alt=\"\" srcset=\"https:\/\/hookelab.com\/wp-content\/uploads\/2025\/02\/Air-tight-Cuvette-with-Screw-Cap-2-Windows-26mm-80ml-Powder-Sintered07.jpg 575w, https:\/\/hookelab.com\/wp-content\/uploads\/2025\/02\/Air-tight-Cuvette-with-Screw-Cap-2-Windows-26mm-80ml-Powder-Sintered07-263x300.jpg 263w, https:\/\/hookelab.com\/wp-content\/uploads\/2025\/02\/Air-tight-Cuvette-with-Screw-Cap-2-Windows-26mm-80ml-Powder-Sintered07-430x491.jpg 430w, https:\/\/hookelab.com\/wp-content\/uploads\/2025\/02\/Air-tight-Cuvette-with-Screw-Cap-2-Windows-26mm-80ml-Powder-Sintered07-150x171.jpg 150w\" sizes=\"(max-width: 575px) 100vw, 575px\" \/>\t\t\t\t\t<\/div>\r\n\r\n\t\t\t\t\t\t<\/div>\n\t\t\t\t<\/div>\n\t\t\t\t\t<\/div>\n\t\t\t\t<\/div>\n\t\t\t\t<\/div>\n\t\t\n","protected":false},"excerpt":{"rendered":"<ul>\n<li>L&rsquo;\u00e9tanch\u00e9it\u00e9 de la cuvette fritt\u00e9e en poudre est l\u00e9g\u00e8rement moins bonne que celle des cuves OCB. Si vous souhaitez l&rsquo;utiliser pour des exp\u00e9riences en ana\u00e9robiose, nous vous conseillons de choisir les cuves OCB. <\/li>\n<li>En g\u00e9n\u00e9ral, nous utilisons par d\u00e9faut des joints en silicone pour une meilleure \u00e9tanch\u00e9it\u00e9, mais nous proposons \u00e9galement des joints en PTFE. Ces derniers ont une meilleure r\u00e9sistance \u00e0 la corrosion, mais l&rsquo;\u00e9tanch\u00e9it\u00e9 sera l\u00e9g\u00e8rement moins bonne que les premiers.<\/li>\n<\/ul>\n","protected":false},"featured_media":29172,"comment_status":"open","ping_status":"closed","template":"","meta":[],"product_brand":[],"product_cat":[1402,1432,1399,1400,1351,1431],"product_tag":[],"class_list":{"0":"post-46056","1":"product","2":"type-product","3":"status-publish","4":"has-post-thumbnail","6":"product_cat-cuvettes-a-fenetre-macro","7":"product_cat-cuvettes-avec-bouchon-a-vis-2","8":"product_cat-cuvettes-de-spectrophotometre","9":"product_cat-cuvettes-en-quartz-uv-vis-200-2500nm","10":"product_cat-cuvettes-et-cellules","11":"product_cat-cuvettes-etanches-2","13":"first","14":"instock","15":"shipping-taxable","16":"purchasable","17":"product-type-simple"},"_links":{"self":[{"href":"https:\/\/hookelab.com\/fr\/wp-json\/wp\/v2\/product\/46056","targetHints":{"allow":["GET"]}}],"collection":[{"href":"https:\/\/hookelab.com\/fr\/wp-json\/wp\/v2\/product"}],"about":[{"href":"https:\/\/hookelab.com\/fr\/wp-json\/wp\/v2\/types\/product"}],"replies":[{"embeddable":true,"href":"https:\/\/hookelab.com\/fr\/wp-json\/wp\/v2\/comments?post=46056"}],"version-history":[{"count":0,"href":"https:\/\/hookelab.com\/fr\/wp-json\/wp\/v2\/product\/46056\/revisions"}],"wp:featuredmedia":[{"embeddable":true,"href":"https:\/\/hookelab.com\/fr\/wp-json\/wp\/v2\/media\/29172"}],"wp:attachment":[{"href":"https:\/\/hookelab.com\/fr\/wp-json\/wp\/v2\/media?parent=46056"}],"wp:term":[{"taxonomy":"product_brand","embeddable":true,"href":"https:\/\/hookelab.com\/fr\/wp-json\/wp\/v2\/product_brand?post=46056"},{"taxonomy":"product_cat","embeddable":true,"href":"https:\/\/hookelab.com\/fr\/wp-json\/wp\/v2\/product_cat?post=46056"},{"taxonomy":"product_tag","embeddable":true,"href":"https:\/\/hookelab.com\/fr\/wp-json\/wp\/v2\/product_tag?post=46056"}],"curies":[{"name":"wp","href":"https:\/\/api.w.org\/{rel}","templated":true}]}}