{"id":45859,"date":"2025-02-18T04:57:29","date_gmt":"2025-02-18T04:57:29","guid":{"rendered":"https:\/\/hookelab.com\/product\/micro-cuvette-en-quartz-10mm-1-75ml-des-epingles-peuvent-etre-inserees-dans-la-paroi-laterale-colle\/"},"modified":"2025-02-18T04:57:29","modified_gmt":"2025-02-18T04:57:29","slug":"micro-cuvette-en-quartz-10mm-1-75ml-des-epingles-peuvent-etre-inserees-dans-la-paroi-laterale-colle","status":"publish","type":"product","link":"https:\/\/hookelab.com\/fr\/produit\/micro-cuvette-en-quartz-10mm-1-75ml-des-epingles-peuvent-etre-inserees-dans-la-paroi-laterale-colle\/","title":{"rendered":"Micro-cuvette en quartz, 10mm, 1.75ml, Des \u00e9pingles peuvent \u00eatre ins\u00e9r\u00e9es dans la paroi lat\u00e9rale, Coll\u00e9"},"content":{"rendered":"\t\t\t<link rel=\"stylesheet\" id=\"elementor-post-49753-css\" href=\"https:\/\/hookelab.com\/wp-content\/uploads\/elementor\/css\/post-49753.css?ver=1776695871\" type=\"text\/css\" media=\"all\">\r\n\t\t\t\t\t<div data-elementor-type=\"wp-post\" data-elementor-id=\"49753\" class=\"elementor elementor-49753 elementor-29082\">\n\t\t\t\t<div class=\"wd-negative-gap elementor-element elementor-element-212cd0f e-grid e-con-boxed e-con e-parent\" data-id=\"212cd0f\" data-element_type=\"container\" data-e-type=\"container\">\n\t\t\t\t\t<div class=\"e-con-inner\">\n\t\t\t\t<div class=\"elementor-element elementor-element-14dd597 elementor-widget elementor-widget-wd_text_block\" data-id=\"14dd597\" data-element_type=\"widget\" data-e-type=\"widget\" data-widget_type=\"wd_text_block.default\">\n\t\t\t\t<div class=\"elementor-widget-container\">\n\t\t\t\t\t\t\t<div class=\"wd-text-block reset-last-child text-left\">\r\n\t\t\t\r\n\t\t\t<h2>D\u00e9tails<\/h2>\n<ul>\n<li>Mat\u00e9riau : Quartz UV S1  <\/li>\n<li>Volume : 17,5 ml<\/li>\n<li>Longueur du trajet lumineux : 50 mm<\/li>\n<li>D\u00e9gag\u00e9 Fen\u00eatres : 2 fen\u00eatres<\/li>\n<li>Type d'assemblage : Poudre fritt\u00e9e<\/li>\n<li>Gamme de transmission : 200-2500 nm<\/li>\n<li>Erreur de performance optique de la surface de transmission : \u22640,3%.<\/li>\n<li>Le paquet comprend : 1 pi\u00e8ce\/paquet<\/li>\n<\/ul>\n<p>La cuvette de frittage de poudre peut r\u00e9sister \u00e0 une temp\u00e9rature de 600\u2103, \u00e0 la plupart des acides et des alcalis, ainsi qu'aux solutions organiques.<\/p>\n<p>Si vous avez besoin de cellules avec un processus de production coll\u00e9 ou OCB, veuillez nous contacter pour des options personnalis\u00e9es.<\/p>\r\n\t\t\t\t\t<\/div>\r\n\t\t\t\t\t\t<\/div>\n\t\t\t\t<\/div>\n\t\t\t\t<div class=\"elementor-element elementor-element-cbad90b elementor-widget elementor-widget-wd_image_or_svg\" data-id=\"cbad90b\" data-element_type=\"widget\" data-e-type=\"widget\" data-widget_type=\"wd_image_or_svg.default\">\n\t\t\t\t<div class=\"elementor-widget-container\">\n\t\t\t\t\t\r\n\t\t<div class=\"wd-image text-left\">\r\n\t\t\t\t\t\t\t\t<img fetchpriority=\"high\" decoding=\"async\" width=\"800\" height=\"914\" src=\"https:\/\/hookelab.com\/wp-content\/uploads\/2025\/02\/UV-Quartz-Flow-through-Cuvette-50mm-2-Windows-Powder-Sintered06.jpg\" class=\"attachment-full size-full\" alt=\"\" srcset=\"https:\/\/hookelab.com\/wp-content\/uploads\/2025\/02\/UV-Quartz-Flow-through-Cuvette-50mm-2-Windows-Powder-Sintered06.jpg 800w, https:\/\/hookelab.com\/wp-content\/uploads\/2025\/02\/UV-Quartz-Flow-through-Cuvette-50mm-2-Windows-Powder-Sintered06-263x300.jpg 263w, https:\/\/hookelab.com\/wp-content\/uploads\/2025\/02\/UV-Quartz-Flow-through-Cuvette-50mm-2-Windows-Powder-Sintered06-700x800.jpg 700w, https:\/\/hookelab.com\/wp-content\/uploads\/2025\/02\/UV-Quartz-Flow-through-Cuvette-50mm-2-Windows-Powder-Sintered06-768x877.jpg 768w, https:\/\/hookelab.com\/wp-content\/uploads\/2025\/02\/UV-Quartz-Flow-through-Cuvette-50mm-2-Windows-Powder-Sintered06-430x491.jpg 430w, https:\/\/hookelab.com\/wp-content\/uploads\/2025\/02\/UV-Quartz-Flow-through-Cuvette-50mm-2-Windows-Powder-Sintered06-150x171.jpg 150w\" sizes=\"(max-width: 800px) 100vw, 800px\" \/>\t\t\t\t\t<\/div>\r\n\r\n\t\t\t\t\t\t<\/div>\n\t\t\t\t<\/div>\n\t\t\t\t<div class=\"elementor-element elementor-element-67cc5cc elementor-widget elementor-widget-wd_image_or_svg\" data-id=\"67cc5cc\" data-element_type=\"widget\" data-e-type=\"widget\" data-widget_type=\"wd_image_or_svg.default\">\n\t\t\t\t<div class=\"elementor-widget-container\">\n\t\t\t\t\t\r\n\t\t<div class=\"wd-image text-left\">\r\n\t\t\t\t\t\t\t\t<img decoding=\"async\" width=\"778\" height=\"890\" src=\"https:\/\/hookelab.com\/wp-content\/uploads\/2025\/02\/UV-Quartz-Flow-through-Cuvette-50mm-2-Windows-Powder-Sintered07.jpg\" class=\"attachment-full size-full\" alt=\"\" srcset=\"https:\/\/hookelab.com\/wp-content\/uploads\/2025\/02\/UV-Quartz-Flow-through-Cuvette-50mm-2-Windows-Powder-Sintered07.jpg 778w, https:\/\/hookelab.com\/wp-content\/uploads\/2025\/02\/UV-Quartz-Flow-through-Cuvette-50mm-2-Windows-Powder-Sintered07-262x300.jpg 262w, https:\/\/hookelab.com\/wp-content\/uploads\/2025\/02\/UV-Quartz-Flow-through-Cuvette-50mm-2-Windows-Powder-Sintered07-699x800.jpg 699w, https:\/\/hookelab.com\/wp-content\/uploads\/2025\/02\/UV-Quartz-Flow-through-Cuvette-50mm-2-Windows-Powder-Sintered07-768x879.jpg 768w, https:\/\/hookelab.com\/wp-content\/uploads\/2025\/02\/UV-Quartz-Flow-through-Cuvette-50mm-2-Windows-Powder-Sintered07-430x492.jpg 430w, https:\/\/hookelab.com\/wp-content\/uploads\/2025\/02\/UV-Quartz-Flow-through-Cuvette-50mm-2-Windows-Powder-Sintered07-700x801.jpg 700w, https:\/\/hookelab.com\/wp-content\/uploads\/2025\/02\/UV-Quartz-Flow-through-Cuvette-50mm-2-Windows-Powder-Sintered07-150x172.jpg 150w\" sizes=\"(max-width: 778px) 100vw, 778px\" \/>\t\t\t\t\t<\/div>\r\n\r\n\t\t\t\t\t\t<\/div>\n\t\t\t\t<\/div>\n\t\t\t\t\t<\/div>\n\t\t\t\t<\/div>\n\t\t\t\t<\/div>\n\t\t\n","protected":false},"excerpt":{"rendered":"","protected":false},"featured_media":29087,"comment_status":"open","ping_status":"closed","template":"","meta":[],"product_brand":[],"product_cat":[1401,1399,1400,1351,1430],"product_tag":[],"class_list":{"0":"post-45859","1":"product","2":"type-product","3":"status-publish","4":"has-post-thumbnail","6":"product_cat-cuvettes-a-circulation","7":"product_cat-cuvettes-de-spectrophotometre","8":"product_cat-cuvettes-en-quartz-uv-vis-200-2500nm","9":"product_cat-cuvettes-et-cellules","10":"product_cat-macro-cuvettes","12":"first","13":"instock","14":"shipping-taxable","15":"purchasable","16":"product-type-variable"},"_links":{"self":[{"href":"https:\/\/hookelab.com\/fr\/wp-json\/wp\/v2\/product\/45859","targetHints":{"allow":["GET"]}}],"collection":[{"href":"https:\/\/hookelab.com\/fr\/wp-json\/wp\/v2\/product"}],"about":[{"href":"https:\/\/hookelab.com\/fr\/wp-json\/wp\/v2\/types\/product"}],"replies":[{"embeddable":true,"href":"https:\/\/hookelab.com\/fr\/wp-json\/wp\/v2\/comments?post=45859"}],"version-history":[{"count":0,"href":"https:\/\/hookelab.com\/fr\/wp-json\/wp\/v2\/product\/45859\/revisions"}],"wp:featuredmedia":[{"embeddable":true,"href":"https:\/\/hookelab.com\/fr\/wp-json\/wp\/v2\/media\/29087"}],"wp:attachment":[{"href":"https:\/\/hookelab.com\/fr\/wp-json\/wp\/v2\/media?parent=45859"}],"wp:term":[{"taxonomy":"product_brand","embeddable":true,"href":"https:\/\/hookelab.com\/fr\/wp-json\/wp\/v2\/product_brand?post=45859"},{"taxonomy":"product_cat","embeddable":true,"href":"https:\/\/hookelab.com\/fr\/wp-json\/wp\/v2\/product_cat?post=45859"},{"taxonomy":"product_tag","embeddable":true,"href":"https:\/\/hookelab.com\/fr\/wp-json\/wp\/v2\/product_tag?post=45859"}],"curies":[{"name":"wp","href":"https:\/\/api.w.org\/{rel}","templated":true}]}}