{"id":45812,"date":"2025-02-18T04:32:03","date_gmt":"2025-02-18T04:32:03","guid":{"rendered":"https:\/\/hookelab.com\/product\/cuvette-macro-en-quartz-40mm-6-5ml-des-epingles-peuvent-etre-inserees-dans-la-paroi-laterale-colle\/"},"modified":"2025-02-18T04:32:03","modified_gmt":"2025-02-18T04:32:03","slug":"cuvette-macro-en-quartz-40mm-6-5ml-des-epingles-peuvent-etre-inserees-dans-la-paroi-laterale-colle","status":"publish","type":"product","link":"https:\/\/hookelab.com\/fr\/produit\/cuvette-macro-en-quartz-40mm-6-5ml-des-epingles-peuvent-etre-inserees-dans-la-paroi-laterale-colle\/","title":{"rendered":"Cuvette Macro en quartz, 40mm, 6.5ml, Des \u00e9pingles peuvent \u00eatre ins\u00e9r\u00e9es dans la paroi lat\u00e9rale, Coll\u00e9"},"content":{"rendered":"\t\t\t<link rel=\"stylesheet\" id=\"elementor-post-49737-css\" href=\"https:\/\/hookelab.com\/wp-content\/uploads\/elementor\/css\/post-49737.css?ver=1776559141\" type=\"text\/css\" media=\"all\">\r\n\t\t\t\t\t<div data-elementor-type=\"wp-post\" data-elementor-id=\"49737\" class=\"elementor elementor-49737 elementor-29046\">\n\t\t\t\t<div class=\"wd-negative-gap elementor-element elementor-element-212cd0f e-grid e-con-boxed e-con e-parent\" data-id=\"212cd0f\" data-element_type=\"container\" data-e-type=\"container\">\n\t\t\t\t\t<div class=\"e-con-inner\">\n\t\t\t\t<div class=\"elementor-element elementor-element-14dd597 elementor-widget elementor-widget-wd_text_block\" data-id=\"14dd597\" data-element_type=\"widget\" data-e-type=\"widget\" data-widget_type=\"wd_text_block.default\">\n\t\t\t\t<div class=\"elementor-widget-container\">\n\t\t\t\t\t\t\t<div class=\"wd-text-block reset-last-child text-left\">\r\n\t\t\t\r\n\t\t\t<h2>D\u00e9tails<\/h2><ul><li>Mat\u00e9riau : JGS-1 Quartz UV<\/li><li>Volume : 6,5 ml<\/li><li>Longueur du trajet lumineux : 40 mm<\/li><li>Largeur int\u00e9rieure : 5 mm<\/li><li>D\u00e9gag\u00e9 Fen\u00eatres : 2 fen\u00eatres<\/li><li>Dimensions ext\u00e9rieures (L\u00d7P\u00d7H) : 42,5\u00d712,5\u00d745 mm<\/li><li>Type d'assemblage : Coll\u00e9<\/li><li>Gamme de transmission : 200-2500 nm<\/li><li>Erreur de performance optique de la surface de transmission : \u22640,3%.<\/li><li>Le paquet comprend : 1 pi\u00e8ce\/paquet<\/li><\/ul><p>Veuillez noter que les cuves coll\u00e9es ne sont destin\u00e9es qu'aux solvants et solut\u00e9s neutres et qu'elles peuvent \u00eatre utilis\u00e9es \u00e0 des temp\u00e9ratures inf\u00e9rieures \u00e0 100\u00b0C. Si vous avez besoin de cellules qui peuvent r\u00e9sister aux acides et aux bases, aux solvants organiques, ou \u00e0 une utilisation \u00e0 &gt;100\u00b0C, veuillez nous contacter pour des options personnalis\u00e9es avec des cuves en poudre fritt\u00e9e ou OCB.<\/p>\r\n\t\t\t\t\t<\/div>\r\n\t\t\t\t\t\t<\/div>\n\t\t\t\t<\/div>\n\t\t\t\t<div class=\"elementor-element elementor-element-cbad90b elementor-widget elementor-widget-wd_image_or_svg\" data-id=\"cbad90b\" data-element_type=\"widget\" data-e-type=\"widget\" data-widget_type=\"wd_image_or_svg.default\">\n\t\t\t\t<div class=\"elementor-widget-container\">\n\t\t\t\t\t\r\n\t\t<div class=\"wd-image text-left\">\r\n\t\t\t\t\t\t\t\t<img fetchpriority=\"high\" decoding=\"async\" width=\"800\" height=\"914\" src=\"https:\/\/hookelab.com\/wp-content\/uploads\/2025\/02\/Quartz-Macro-Cuvette-40mmPins-can-be-inserted-in-the-Side-Wall-Glued01.jpg\" class=\"attachment-full size-full\" alt=\"\" srcset=\"https:\/\/hookelab.com\/wp-content\/uploads\/2025\/02\/Quartz-Macro-Cuvette-40mmPins-can-be-inserted-in-the-Side-Wall-Glued01.jpg 800w, https:\/\/hookelab.com\/wp-content\/uploads\/2025\/02\/Quartz-Macro-Cuvette-40mmPins-can-be-inserted-in-the-Side-Wall-Glued01-263x300.jpg 263w, https:\/\/hookelab.com\/wp-content\/uploads\/2025\/02\/Quartz-Macro-Cuvette-40mmPins-can-be-inserted-in-the-Side-Wall-Glued01-700x800.jpg 700w, https:\/\/hookelab.com\/wp-content\/uploads\/2025\/02\/Quartz-Macro-Cuvette-40mmPins-can-be-inserted-in-the-Side-Wall-Glued01-768x877.jpg 768w, https:\/\/hookelab.com\/wp-content\/uploads\/2025\/02\/Quartz-Macro-Cuvette-40mmPins-can-be-inserted-in-the-Side-Wall-Glued01-430x491.jpg 430w, https:\/\/hookelab.com\/wp-content\/uploads\/2025\/02\/Quartz-Macro-Cuvette-40mmPins-can-be-inserted-in-the-Side-Wall-Glued01-150x171.jpg 150w\" sizes=\"(max-width: 800px) 100vw, 800px\" \/>\t\t\t\t\t<\/div>\r\n\r\n\t\t\t\t\t\t<\/div>\n\t\t\t\t<\/div>\n\t\t\t\t<div class=\"elementor-element elementor-element-67cc5cc elementor-widget elementor-widget-wd_image_or_svg\" data-id=\"67cc5cc\" data-element_type=\"widget\" data-e-type=\"widget\" data-widget_type=\"wd_image_or_svg.default\">\n\t\t\t\t<div class=\"elementor-widget-container\">\n\t\t\t\t\t\r\n\t\t<div class=\"wd-image text-left\">\r\n\t\t\t\t\t\t\t\t<img decoding=\"async\" width=\"558\" height=\"637\" src=\"https:\/\/hookelab.com\/wp-content\/uploads\/2025\/02\/Quartz-Macro-Cuvette-40mmPins-can-be-inserted-in-the-Side-Wall-Glued03.jpg\" class=\"attachment-full size-full\" alt=\"\" srcset=\"https:\/\/hookelab.com\/wp-content\/uploads\/2025\/02\/Quartz-Macro-Cuvette-40mmPins-can-be-inserted-in-the-Side-Wall-Glued03.jpg 558w, https:\/\/hookelab.com\/wp-content\/uploads\/2025\/02\/Quartz-Macro-Cuvette-40mmPins-can-be-inserted-in-the-Side-Wall-Glued03-263x300.jpg 263w, https:\/\/hookelab.com\/wp-content\/uploads\/2025\/02\/Quartz-Macro-Cuvette-40mmPins-can-be-inserted-in-the-Side-Wall-Glued03-430x491.jpg 430w, https:\/\/hookelab.com\/wp-content\/uploads\/2025\/02\/Quartz-Macro-Cuvette-40mmPins-can-be-inserted-in-the-Side-Wall-Glued03-150x171.jpg 150w\" sizes=\"(max-width: 558px) 100vw, 558px\" \/>\t\t\t\t\t<\/div>\r\n\r\n\t\t\t\t\t\t<\/div>\n\t\t\t\t<\/div>\n\t\t\t\t\t<\/div>\n\t\t\t\t<\/div>\n\t\t\t\t<\/div>\n\t\t\n","protected":false},"excerpt":{"rendered":"","protected":false},"featured_media":29050,"comment_status":"open","ping_status":"closed","template":"","meta":[],"product_brand":[],"product_cat":[1399,1400,1351,1430],"product_tag":[],"class_list":{"0":"post-45812","1":"product","2":"type-product","3":"status-publish","4":"has-post-thumbnail","6":"product_cat-cuvettes-de-spectrophotometre","7":"product_cat-cuvettes-en-quartz-uv-vis-200-2500nm","8":"product_cat-cuvettes-et-cellules","9":"product_cat-macro-cuvettes","11":"first","12":"instock","13":"shipping-taxable","14":"purchasable","15":"product-type-simple"},"_links":{"self":[{"href":"https:\/\/hookelab.com\/fr\/wp-json\/wp\/v2\/product\/45812","targetHints":{"allow":["GET"]}}],"collection":[{"href":"https:\/\/hookelab.com\/fr\/wp-json\/wp\/v2\/product"}],"about":[{"href":"https:\/\/hookelab.com\/fr\/wp-json\/wp\/v2\/types\/product"}],"replies":[{"embeddable":true,"href":"https:\/\/hookelab.com\/fr\/wp-json\/wp\/v2\/comments?post=45812"}],"version-history":[{"count":0,"href":"https:\/\/hookelab.com\/fr\/wp-json\/wp\/v2\/product\/45812\/revisions"}],"wp:featuredmedia":[{"embeddable":true,"href":"https:\/\/hookelab.com\/fr\/wp-json\/wp\/v2\/media\/29050"}],"wp:attachment":[{"href":"https:\/\/hookelab.com\/fr\/wp-json\/wp\/v2\/media?parent=45812"}],"wp:term":[{"taxonomy":"product_brand","embeddable":true,"href":"https:\/\/hookelab.com\/fr\/wp-json\/wp\/v2\/product_brand?post=45812"},{"taxonomy":"product_cat","embeddable":true,"href":"https:\/\/hookelab.com\/fr\/wp-json\/wp\/v2\/product_cat?post=45812"},{"taxonomy":"product_tag","embeddable":true,"href":"https:\/\/hookelab.com\/fr\/wp-json\/wp\/v2\/product_tag?post=45812"}],"curies":[{"name":"wp","href":"https:\/\/api.w.org\/{rel}","templated":true}]}}