{"id":45568,"date":"2025-02-16T13:54:06","date_gmt":"2025-02-16T13:54:06","guid":{"rendered":"https:\/\/hookelab.com\/product\/micro-cuvette-en-quartz-avec-bouchon-a-vis-pour-fluorometres-5-fenetres-ocb\/"},"modified":"2025-02-16T13:54:06","modified_gmt":"2025-02-16T13:54:06","slug":"micro-cuvette-en-quartz-avec-bouchon-a-vis-pour-fluorometres-5-fenetres-ocb","status":"publish","type":"product","link":"https:\/\/hookelab.com\/fr\/produit\/micro-cuvette-en-quartz-avec-bouchon-a-vis-pour-fluorometres-5-fenetres-ocb\/","title":{"rendered":"Micro-cuvette en quartz avec bouchon \u00e0 vis, pour fluorom\u00e8tres, 5 fen\u00eatres, OCB"},"content":{"rendered":"\t\t\t<link rel=\"stylesheet\" id=\"elementor-post-49614-css\" href=\"https:\/\/hookelab.com\/wp-content\/uploads\/elementor\/css\/post-49614.css?ver=1776536994\" type=\"text\/css\" media=\"all\">\r\n\t\t\t\t\t<div data-elementor-type=\"wp-post\" data-elementor-id=\"49614\" class=\"elementor elementor-49614 elementor-28816\">\n\t\t\t\t<div class=\"wd-negative-gap elementor-element elementor-element-212cd0f e-grid e-con-boxed e-con e-parent\" data-id=\"212cd0f\" data-element_type=\"container\" data-e-type=\"container\">\n\t\t\t\t\t<div class=\"e-con-inner\">\n\t\t\t\t<div class=\"elementor-element elementor-element-14dd597 elementor-widget elementor-widget-wd_text_block\" data-id=\"14dd597\" data-element_type=\"widget\" data-e-type=\"widget\" data-widget_type=\"wd_text_block.default\">\n\t\t\t\t<div class=\"elementor-widget-container\">\n\t\t\t\t\t\t\t<div class=\"wd-text-block reset-last-child text-left\">\r\n\t\t\t\r\n\t\t\t<h2>D\u00e9tails<\/h2><ul><li>Mat\u00e9riau : JGS-1 Quartz UV<\/li><li>Volume : 300ul\/900ul<\/li><li>Fen\u00eatres nettoy\u00e9es : 5 fen\u00eatres<\/li><li>Longueur d'onde de la lumi\u00e8re : 10 Longueur d'onde<\/li><li>Largeur int\u00e9rieure : 1mm\/3mm<\/li><li>Dimensions ext\u00e9rieures avec le capuchon (L\u00d7P\u00d7H) : 12,5\u00d712,5\u00d745mm<\/li><li>Type de capuchon : Capuchon ext\u00e9rieur \u00e0 vis M10 en PTFE<\/li><li>Type d'assemblage : Collage par contact optique (OCB)<\/li><li>Gamme de transmission : 200-2500 nm<\/li><li>Erreur de performance optique de la surface de transmission : \u22640,3%.<\/li><\/ul><p>La cuvette OCB r\u00e9siste aux temp\u00e9ratures \u00e9lev\u00e9es, aux acides et aux alcalis, ainsi qu'aux solvants organiques.<\/p><p>Le capuchon en PTFE a une longue dur\u00e9e de vie r\u00e9sistante \u00e0 la corrosion et n'a que peu d'influence sur les solvants mesur\u00e9s.<\/p>\r\n\t\t\t\t\t<\/div>\r\n\t\t\t\t\t\t<\/div>\n\t\t\t\t<\/div>\n\t\t\t\t<div class=\"elementor-element elementor-element-cbad90b elementor-widget elementor-widget-wd_image_or_svg\" data-id=\"cbad90b\" data-element_type=\"widget\" data-e-type=\"widget\" data-widget_type=\"wd_image_or_svg.default\">\n\t\t\t\t<div class=\"elementor-widget-container\">\n\t\t\t\t\t\r\n\t\t<div class=\"wd-image text-left\">\r\n\t\t\t\t\t\t\t\t<img fetchpriority=\"high\" decoding=\"async\" width=\"700\" height=\"800\" src=\"https:\/\/hookelab.com\/wp-content\/uploads\/2025\/02\/Quartz-Micro-Cuvette-with-Screw-Cap-For-fluorometers-5-Windows-OCB03.jpg\" class=\"attachment-full size-full\" alt=\"\" srcset=\"https:\/\/hookelab.com\/wp-content\/uploads\/2025\/02\/Quartz-Micro-Cuvette-with-Screw-Cap-For-fluorometers-5-Windows-OCB03.jpg 700w, https:\/\/hookelab.com\/wp-content\/uploads\/2025\/02\/Quartz-Micro-Cuvette-with-Screw-Cap-For-fluorometers-5-Windows-OCB03-263x300.jpg 263w, https:\/\/hookelab.com\/wp-content\/uploads\/2025\/02\/Quartz-Micro-Cuvette-with-Screw-Cap-For-fluorometers-5-Windows-OCB03-430x491.jpg 430w, https:\/\/hookelab.com\/wp-content\/uploads\/2025\/02\/Quartz-Micro-Cuvette-with-Screw-Cap-For-fluorometers-5-Windows-OCB03-150x171.jpg 150w\" sizes=\"(max-width: 700px) 100vw, 700px\" \/>\t\t\t\t\t<\/div>\r\n\r\n\t\t\t\t\t\t<\/div>\n\t\t\t\t<\/div>\n\t\t\t\t<div class=\"elementor-element elementor-element-67cc5cc elementor-widget elementor-widget-wd_image_or_svg\" data-id=\"67cc5cc\" data-element_type=\"widget\" data-e-type=\"widget\" data-widget_type=\"wd_image_or_svg.default\">\n\t\t\t\t<div class=\"elementor-widget-container\">\n\t\t\t\t\t\r\n\t\t<div class=\"wd-image text-left\">\r\n\t\t\t\t\t\t\t\t<img decoding=\"async\" width=\"591\" height=\"675\" src=\"https:\/\/hookelab.com\/wp-content\/uploads\/2025\/02\/Quartz-Micro-Cuvette-with-Screw-Cap-For-fluorometers-5-Windows-OCB07.jpg\" class=\"attachment-full size-full\" alt=\"\" srcset=\"https:\/\/hookelab.com\/wp-content\/uploads\/2025\/02\/Quartz-Micro-Cuvette-with-Screw-Cap-For-fluorometers-5-Windows-OCB07.jpg 591w, https:\/\/hookelab.com\/wp-content\/uploads\/2025\/02\/Quartz-Micro-Cuvette-with-Screw-Cap-For-fluorometers-5-Windows-OCB07-263x300.jpg 263w, https:\/\/hookelab.com\/wp-content\/uploads\/2025\/02\/Quartz-Micro-Cuvette-with-Screw-Cap-For-fluorometers-5-Windows-OCB07-430x491.jpg 430w, https:\/\/hookelab.com\/wp-content\/uploads\/2025\/02\/Quartz-Micro-Cuvette-with-Screw-Cap-For-fluorometers-5-Windows-OCB07-150x171.jpg 150w\" sizes=\"(max-width: 591px) 100vw, 591px\" \/>\t\t\t\t\t<\/div>\r\n\r\n\t\t\t\t\t\t<\/div>\n\t\t\t\t<\/div>\n\t\t\t\t\t<\/div>\n\t\t\t\t<\/div>\n\t\t\t\t<\/div>\n\t\t\n","protected":false},"excerpt":{"rendered":"","protected":false},"featured_media":28822,"comment_status":"open","ping_status":"closed","template":"","meta":[],"product_brand":[],"product_cat":[1422,1410,1412,1351,1423,1396],"product_tag":[],"class_list":{"0":"post-45568","1":"product","2":"type-product","3":"status-publish","4":"has-post-thumbnail","6":"product_cat-cuvettes-avec-bouchon-a-vis","7":"product_cat-cuvettes-de-fluorimetre","8":"product_cat-cuvettes-en-quartz-uv-vis-200-2500nm-2","9":"product_cat-cuvettes-et-cellules","10":"product_cat-cuvettes-etanches","11":"product_cat-micro-cuvettes","13":"first","14":"instock","15":"shipping-taxable","16":"purchasable","17":"product-type-variable"},"_links":{"self":[{"href":"https:\/\/hookelab.com\/fr\/wp-json\/wp\/v2\/product\/45568","targetHints":{"allow":["GET"]}}],"collection":[{"href":"https:\/\/hookelab.com\/fr\/wp-json\/wp\/v2\/product"}],"about":[{"href":"https:\/\/hookelab.com\/fr\/wp-json\/wp\/v2\/types\/product"}],"replies":[{"embeddable":true,"href":"https:\/\/hookelab.com\/fr\/wp-json\/wp\/v2\/comments?post=45568"}],"version-history":[{"count":0,"href":"https:\/\/hookelab.com\/fr\/wp-json\/wp\/v2\/product\/45568\/revisions"}],"wp:featuredmedia":[{"embeddable":true,"href":"https:\/\/hookelab.com\/fr\/wp-json\/wp\/v2\/media\/28822"}],"wp:attachment":[{"href":"https:\/\/hookelab.com\/fr\/wp-json\/wp\/v2\/media?parent=45568"}],"wp:term":[{"taxonomy":"product_brand","embeddable":true,"href":"https:\/\/hookelab.com\/fr\/wp-json\/wp\/v2\/product_brand?post=45568"},{"taxonomy":"product_cat","embeddable":true,"href":"https:\/\/hookelab.com\/fr\/wp-json\/wp\/v2\/product_cat?post=45568"},{"taxonomy":"product_tag","embeddable":true,"href":"https:\/\/hookelab.com\/fr\/wp-json\/wp\/v2\/product_tag?post=45568"}],"curies":[{"name":"wp","href":"https:\/\/api.w.org\/{rel}","templated":true}]}}