{"id":44878,"date":"2025-03-14T03:24:02","date_gmt":"2025-03-14T03:24:02","guid":{"rendered":"https:\/\/hookelab.com\/product\/cuvettes-a-circulation-avec-tube-ptfe-2-fenetres-collees\/"},"modified":"2025-03-14T03:24:02","modified_gmt":"2025-03-14T03:24:02","slug":"cuvettes-a-circulation-avec-tube-ptfe-2-fenetres-collees","status":"publish","type":"product","link":"https:\/\/hookelab.com\/fr\/produit\/cuvettes-a-circulation-avec-tube-ptfe-2-fenetres-collees\/","title":{"rendered":"Cuvettes \u00e0 circulation avec tube PTFE, 2 fen\u00eatres, coll\u00e9es"},"content":{"rendered":"\t\t\t<link rel=\"stylesheet\" id=\"elementor-post-47814-css\" href=\"https:\/\/hookelab.com\/wp-content\/uploads\/elementor\/css\/post-47814.css?ver=1776353731\" type=\"text\/css\" media=\"all\">\r\n\t\t\t\t\t<div data-elementor-type=\"wp-post\" data-elementor-id=\"47814\" class=\"elementor elementor-47814 elementor-30824\">\n\t\t\t\t<div class=\"wd-negative-gap elementor-element elementor-element-212cd0f e-grid e-con-boxed e-con e-parent\" data-id=\"212cd0f\" data-element_type=\"container\" data-e-type=\"container\">\n\t\t\t\t\t<div class=\"e-con-inner\">\n\t\t\t\t<div class=\"elementor-element elementor-element-14dd597 elementor-widget elementor-widget-wd_text_block\" data-id=\"14dd597\" data-element_type=\"widget\" data-e-type=\"widget\" data-widget_type=\"wd_text_block.default\">\n\t\t\t\t<div class=\"elementor-widget-container\">\n\t\t\t\t\t\t\t<div class=\"wd-text-block reset-last-child text-left\">\r\n\t\t\t\r\n\t\t\t<h2>D\u00e9tails<\/h2><ul><li>Mat\u00e9riau : JGS-1 Quartz UV<\/li><li>Volume : 60ul\/120ul\/300ul\/600ul<\/li><li>Trajet lumineux : 1mm\/2mm\/5mm\/10mm<\/li><li>Taille de la fen\u00eatre : 17,5\u00d73,5 mm<\/li><li>D\u00e9gag\u00e9 Fen\u00eatres : 2 fen\u00eatres<\/li><li>Type d'assemblage : Coll\u00e9<\/li><li>Gamme de transmission : 200-2500 nm<\/li><li>Erreur de performance optique de la surface de transmission : \u22640,3%.<\/li><li>Le paquet comprend : 1 pi\u00e8ce\/paquet<\/li><\/ul><p>Veuillez noter que les cuves coll\u00e9es ne sont destin\u00e9es qu'aux solvants et solut\u00e9s neutres et qu'elles peuvent \u00eatre utilis\u00e9es \u00e0 des temp\u00e9ratures inf\u00e9rieures \u00e0 100\u00b0C.<\/p><p>Si vous avez besoin de cellules r\u00e9sistantes aux acides et aux bases, aux solvants organiques ou \u00e0 des environnements d\u00e9passant 100\u00b0C, veuillez nous contacter pour des options personnalis\u00e9es avec une cuvette fritt\u00e9e par poudrage ou \u00e0 contact optique.<\/p>\r\n\t\t\t\t\t<\/div>\r\n\t\t\t\t\t\t<\/div>\n\t\t\t\t<\/div>\n\t\t\t\t<div class=\"elementor-element elementor-element-67cc5cc elementor-widget elementor-widget-wd_image_or_svg\" data-id=\"67cc5cc\" data-element_type=\"widget\" data-e-type=\"widget\" data-widget_type=\"wd_image_or_svg.default\">\n\t\t\t\t<div class=\"elementor-widget-container\">\n\t\t\t\t\t\r\n\t\t<div class=\"wd-image text-left\">\r\n\t\t\t\t\t\t\t\t<img fetchpriority=\"high\" decoding=\"async\" width=\"603\" height=\"690\" src=\"https:\/\/hookelab.com\/wp-content\/uploads\/2025\/03\/Flow-through-Cells-with-PTFE-Tubing-2-Windows-Glued05.jpg\" class=\"attachment-full size-full\" alt=\"\" srcset=\"https:\/\/hookelab.com\/wp-content\/uploads\/2025\/03\/Flow-through-Cells-with-PTFE-Tubing-2-Windows-Glued05.jpg 603w, https:\/\/hookelab.com\/wp-content\/uploads\/2025\/03\/Flow-through-Cells-with-PTFE-Tubing-2-Windows-Glued05-262x300.jpg 262w, https:\/\/hookelab.com\/wp-content\/uploads\/2025\/03\/Flow-through-Cells-with-PTFE-Tubing-2-Windows-Glued05-430x492.jpg 430w, https:\/\/hookelab.com\/wp-content\/uploads\/2025\/03\/Flow-through-Cells-with-PTFE-Tubing-2-Windows-Glued05-150x172.jpg 150w\" sizes=\"(max-width: 603px) 100vw, 603px\" \/>\t\t\t\t\t<\/div>\r\n\r\n\t\t\t\t\t\t<\/div>\n\t\t\t\t<\/div>\n\t\t\t\t<div class=\"elementor-element elementor-element-cbad90b elementor-widget elementor-widget-wd_image_or_svg\" data-id=\"cbad90b\" data-element_type=\"widget\" data-e-type=\"widget\" data-widget_type=\"wd_image_or_svg.default\">\n\t\t\t\t<div class=\"elementor-widget-container\">\n\t\t\t\t\t\r\n\t\t<div class=\"wd-image text-left\">\r\n\t\t\t\t\t\t\t\t<img decoding=\"async\" width=\"628\" height=\"717\" src=\"https:\/\/hookelab.com\/wp-content\/uploads\/2025\/03\/Flow-through-Cells-with-PTFE-Tubing-2-Windows-Glued06.jpg\" class=\"attachment-full size-full\" alt=\"\" srcset=\"https:\/\/hookelab.com\/wp-content\/uploads\/2025\/03\/Flow-through-Cells-with-PTFE-Tubing-2-Windows-Glued06.jpg 628w, https:\/\/hookelab.com\/wp-content\/uploads\/2025\/03\/Flow-through-Cells-with-PTFE-Tubing-2-Windows-Glued06-263x300.jpg 263w, https:\/\/hookelab.com\/wp-content\/uploads\/2025\/03\/Flow-through-Cells-with-PTFE-Tubing-2-Windows-Glued06-430x491.jpg 430w, https:\/\/hookelab.com\/wp-content\/uploads\/2025\/03\/Flow-through-Cells-with-PTFE-Tubing-2-Windows-Glued06-150x171.jpg 150w\" sizes=\"(max-width: 628px) 100vw, 628px\" \/>\t\t\t\t\t<\/div>\r\n\r\n\t\t\t\t\t\t<\/div>\n\t\t\t\t<\/div>\n\t\t\t\t\t<\/div>\n\t\t\t\t<\/div>\n\t\t\t\t<\/div>\n\t\t\n","protected":false},"excerpt":{"rendered":"<p>Cette cuvette \u00e0 \u00e9coulement \u00e0 paroi noire est une cellule \u00e0 \u00e9coulement continu prot\u00e9g\u00e9e de la lumi\u00e8re avec des raccords filet\u00e9s, offrant d&rsquo;excellentes performances d&rsquo;\u00e9tanch\u00e9it\u00e9. Elle peut \u00eatre directement connect\u00e9e \u00e0 une pompe p\u00e9ristaltique, ce qui garantit des r\u00e9sultats exp\u00e9rimentaux id\u00e9aux. <\/p>\n","protected":false},"featured_media":30827,"comment_status":"open","ping_status":"closed","template":"","meta":[],"product_brand":[],"product_cat":[1401,1399,1400,1351,1396],"product_tag":[],"class_list":{"0":"post-44878","1":"product","2":"type-product","3":"status-publish","4":"has-post-thumbnail","6":"product_cat-cuvettes-a-circulation","7":"product_cat-cuvettes-de-spectrophotometre","8":"product_cat-cuvettes-en-quartz-uv-vis-200-2500nm","9":"product_cat-cuvettes-et-cellules","10":"product_cat-micro-cuvettes","11":"pa_pathlength-10mm-600ul","12":"pa_pathlength-1mm-60ul","13":"pa_pathlength-2mm-120ul","14":"pa_pathlength-5mm-300ul","16":"first","17":"instock","18":"shipping-taxable","19":"purchasable","20":"product-type-variable"},"_links":{"self":[{"href":"https:\/\/hookelab.com\/fr\/wp-json\/wp\/v2\/product\/44878","targetHints":{"allow":["GET"]}}],"collection":[{"href":"https:\/\/hookelab.com\/fr\/wp-json\/wp\/v2\/product"}],"about":[{"href":"https:\/\/hookelab.com\/fr\/wp-json\/wp\/v2\/types\/product"}],"replies":[{"embeddable":true,"href":"https:\/\/hookelab.com\/fr\/wp-json\/wp\/v2\/comments?post=44878"}],"version-history":[{"count":0,"href":"https:\/\/hookelab.com\/fr\/wp-json\/wp\/v2\/product\/44878\/revisions"}],"wp:featuredmedia":[{"embeddable":true,"href":"https:\/\/hookelab.com\/fr\/wp-json\/wp\/v2\/media\/30827"}],"wp:attachment":[{"href":"https:\/\/hookelab.com\/fr\/wp-json\/wp\/v2\/media?parent=44878"}],"wp:term":[{"taxonomy":"product_brand","embeddable":true,"href":"https:\/\/hookelab.com\/fr\/wp-json\/wp\/v2\/product_brand?post=44878"},{"taxonomy":"product_cat","embeddable":true,"href":"https:\/\/hookelab.com\/fr\/wp-json\/wp\/v2\/product_cat?post=44878"},{"taxonomy":"product_tag","embeddable":true,"href":"https:\/\/hookelab.com\/fr\/wp-json\/wp\/v2\/product_tag?post=44878"}],"curies":[{"name":"wp","href":"https:\/\/api.w.org\/{rel}","templated":true}]}}