{"id":44773,"date":"2025-04-11T08:48:01","date_gmt":"2025-04-11T08:48:01","guid":{"rendered":"https:\/\/hookelab.com\/product\/plaque-de-scellement-jaune-en-zircone-stabilisee-au-cao-resistant-aux-hautes-temperatures-%e2%89%a51600%e2%84%83-pour-alliage-dur\/"},"modified":"2025-04-11T08:48:01","modified_gmt":"2025-04-11T08:48:01","slug":"plaque-de-scellement-jaune-en-zircone-stabilisee-au-cao-resistant-aux-hautes-temperatures-%e2%89%a51600%e2%84%83-pour-alliage-dur","status":"publish","type":"product","link":"https:\/\/hookelab.com\/fr\/produit\/plaque-de-scellement-jaune-en-zircone-stabilisee-au-cao-resistant-aux-hautes-temperatures-%e2%89%a51600%e2%84%83-pour-alliage-dur\/","title":{"rendered":"Plaque de scellement jaune en zircone (stabilis\u00e9e au CaO), r\u00e9sistant aux hautes temp\u00e9ratures (\u22651600\u2103), pour alliage dur"},"content":{"rendered":"","protected":false},"excerpt":{"rendered":"<ul>\n<li>La zircone stabilis\u00e9e au calcium est un mat\u00e9riau r\u00e9fractaire sp\u00e9cial produit par frittage \u00e0 haute temp\u00e9rature avec une formulation unique, pr\u00e9sentant une excellente r\u00e9sistance \u00e0 la corrosion chimique et une stabilit\u00e9 \u00e0 haute temp\u00e9rature (&lt;2200\u00b0C).<\/li>\n<li>Les plaques de frittage ZrO2 (stabilis\u00e9es au CaO) sont largement utilis\u00e9es dans l&rsquo;industrie des composants \u00e9lectroniques, notamment dans des applications telles que les condensateurs en c\u00e9ramique, les \u00e9l\u00e9ments sensibles, les mat\u00e9riaux magn\u00e9tiques et les inducteurs de puce.<\/li>\n<\/ul>\n","protected":false},"featured_media":34051,"comment_status":"open","ping_status":"closed","template":"","meta":[],"product_brand":[],"product_cat":[1465,1383],"product_tag":[],"class_list":{"0":"post-44773","1":"product","2":"type-product","3":"status-publish","4":"has-post-thumbnail","6":"product_cat-creusets-en-zircone","7":"product_cat-creusets-et-bateaux","9":"first","10":"instock","11":"shipping-taxable","12":"purchasable","13":"product-type-variable"},"_links":{"self":[{"href":"https:\/\/hookelab.com\/fr\/wp-json\/wp\/v2\/product\/44773","targetHints":{"allow":["GET"]}}],"collection":[{"href":"https:\/\/hookelab.com\/fr\/wp-json\/wp\/v2\/product"}],"about":[{"href":"https:\/\/hookelab.com\/fr\/wp-json\/wp\/v2\/types\/product"}],"replies":[{"embeddable":true,"href":"https:\/\/hookelab.com\/fr\/wp-json\/wp\/v2\/comments?post=44773"}],"version-history":[{"count":0,"href":"https:\/\/hookelab.com\/fr\/wp-json\/wp\/v2\/product\/44773\/revisions"}],"wp:featuredmedia":[{"embeddable":true,"href":"https:\/\/hookelab.com\/fr\/wp-json\/wp\/v2\/media\/34051"}],"wp:attachment":[{"href":"https:\/\/hookelab.com\/fr\/wp-json\/wp\/v2\/media?parent=44773"}],"wp:term":[{"taxonomy":"product_brand","embeddable":true,"href":"https:\/\/hookelab.com\/fr\/wp-json\/wp\/v2\/product_brand?post=44773"},{"taxonomy":"product_cat","embeddable":true,"href":"https:\/\/hookelab.com\/fr\/wp-json\/wp\/v2\/product_cat?post=44773"},{"taxonomy":"product_tag","embeddable":true,"href":"https:\/\/hookelab.com\/fr\/wp-json\/wp\/v2\/product_tag?post=44773"}],"curies":[{"name":"wp","href":"https:\/\/api.w.org\/{rel}","templated":true}]}}