{"id":44704,"date":"2025-04-11T04:56:53","date_gmt":"2025-04-11T04:56:53","guid":{"rendered":"https:\/\/hookelab.com\/product\/cadre-de-sertissage-en-zircone-zro2-6-pattes-de-support-poignard-empilable\/"},"modified":"2025-04-11T04:56:53","modified_gmt":"2025-04-11T04:56:53","slug":"cadre-de-sertissage-en-zircone-zro2-6-pattes-de-support-poignard-empilable","status":"publish","type":"product","link":"https:\/\/hookelab.com\/fr\/produit\/cadre-de-sertissage-en-zircone-zro2-6-pattes-de-support-poignard-empilable\/","title":{"rendered":"Cadre de sertissage en zircone (ZrO2), 6 pattes de support, poignard empilable"},"content":{"rendered":"","protected":false},"excerpt":{"rendered":"<ul>\n<li>Cadre de r\u00e9glage ZrO2 avec dimensions ext\u00e9rieures (L\u00d7L\u00d7H) : 115\u00d760\u00d710mm, temp\u00e9rature d&rsquo;utilisation maximale : 1750\u00b0C (\u00e0 court terme), 1600\u00b0C (en continu)<\/li>\n<li>Ce cadre de frittage est fabriqu\u00e9 \u00e0 partir de zircone par un proc\u00e9d\u00e9 de coul\u00e9e en coquille et de coul\u00e9e sous pression. Il peut r\u00e9sister aux temp\u00e9ratures \u00e9lev\u00e9es et aux produits chimiques. <\/li>\n<\/ul>\n","protected":false},"featured_media":34029,"comment_status":"open","ping_status":"closed","template":"","meta":[],"product_brand":[],"product_cat":[1465,1383],"product_tag":[],"class_list":{"0":"post-44704","1":"product","2":"type-product","3":"status-publish","4":"has-post-thumbnail","6":"product_cat-creusets-en-zircone","7":"product_cat-creusets-et-bateaux","9":"first","10":"instock","11":"shipping-taxable","12":"purchasable","13":"product-type-simple"},"_links":{"self":[{"href":"https:\/\/hookelab.com\/fr\/wp-json\/wp\/v2\/product\/44704","targetHints":{"allow":["GET"]}}],"collection":[{"href":"https:\/\/hookelab.com\/fr\/wp-json\/wp\/v2\/product"}],"about":[{"href":"https:\/\/hookelab.com\/fr\/wp-json\/wp\/v2\/types\/product"}],"replies":[{"embeddable":true,"href":"https:\/\/hookelab.com\/fr\/wp-json\/wp\/v2\/comments?post=44704"}],"version-history":[{"count":0,"href":"https:\/\/hookelab.com\/fr\/wp-json\/wp\/v2\/product\/44704\/revisions"}],"wp:featuredmedia":[{"embeddable":true,"href":"https:\/\/hookelab.com\/fr\/wp-json\/wp\/v2\/media\/34029"}],"wp:attachment":[{"href":"https:\/\/hookelab.com\/fr\/wp-json\/wp\/v2\/media?parent=44704"}],"wp:term":[{"taxonomy":"product_brand","embeddable":true,"href":"https:\/\/hookelab.com\/fr\/wp-json\/wp\/v2\/product_brand?post=44704"},{"taxonomy":"product_cat","embeddable":true,"href":"https:\/\/hookelab.com\/fr\/wp-json\/wp\/v2\/product_cat?post=44704"},{"taxonomy":"product_tag","embeddable":true,"href":"https:\/\/hookelab.com\/fr\/wp-json\/wp\/v2\/product_tag?post=44704"}],"curies":[{"name":"wp","href":"https:\/\/api.w.org\/{rel}","templated":true}]}}