{"id":43734,"date":"2025-04-03T13:10:34","date_gmt":"2025-04-03T13:10:34","guid":{"rendered":"https:\/\/hookelab.com\/product\/creusets-dsc-tga-dta-en-aluminium-al-pan-compatible-avec-ta-instruments-netzsch-mettler-toledo-perkinelmer\/"},"modified":"2025-04-03T13:10:34","modified_gmt":"2025-04-03T13:10:34","slug":"creusets-dsc-tga-dta-en-aluminium-al-pan-compatible-avec-ta-instruments-netzsch-mettler-toledo-perkinelmer","status":"publish","type":"product","link":"https:\/\/hookelab.com\/fr\/produit\/creusets-dsc-tga-dta-en-aluminium-al-pan-compatible-avec-ta-instruments-netzsch-mettler-toledo-perkinelmer\/","title":{"rendered":"Creusets DSC\/TGA\/DTA en aluminium (AL PAN) &#8211; Compatible avec TA Instruments, NETZSCH, Mettler Toledo, PerkinElmer"},"content":{"rendered":"","protected":false},"excerpt":{"rendered":"<p>Ce creuset d&rsquo;analyse thermique en aluminium pr\u00e9sente une conductivit\u00e9 thermique \u00e9lev\u00e9e, avec une temp\u00e9rature de service maximale de 600\u00b0C (1112\u00b0F).<\/p>\n","protected":false},"featured_media":33492,"comment_status":"open","ping_status":"closed","template":"","meta":[],"product_brand":[],"product_cat":[1463,1383],"product_tag":[],"class_list":{"0":"post-43734","1":"product","2":"type-product","3":"status-publish","4":"has-post-thumbnail","6":"product_cat-creusets-en-aluminium","7":"product_cat-creusets-et-bateaux","9":"first","10":"instock","11":"shipping-taxable","12":"purchasable","13":"product-type-variable"},"_links":{"self":[{"href":"https:\/\/hookelab.com\/fr\/wp-json\/wp\/v2\/product\/43734","targetHints":{"allow":["GET"]}}],"collection":[{"href":"https:\/\/hookelab.com\/fr\/wp-json\/wp\/v2\/product"}],"about":[{"href":"https:\/\/hookelab.com\/fr\/wp-json\/wp\/v2\/types\/product"}],"replies":[{"embeddable":true,"href":"https:\/\/hookelab.com\/fr\/wp-json\/wp\/v2\/comments?post=43734"}],"version-history":[{"count":0,"href":"https:\/\/hookelab.com\/fr\/wp-json\/wp\/v2\/product\/43734\/revisions"}],"wp:featuredmedia":[{"embeddable":true,"href":"https:\/\/hookelab.com\/fr\/wp-json\/wp\/v2\/media\/33492"}],"wp:attachment":[{"href":"https:\/\/hookelab.com\/fr\/wp-json\/wp\/v2\/media?parent=43734"}],"wp:term":[{"taxonomy":"product_brand","embeddable":true,"href":"https:\/\/hookelab.com\/fr\/wp-json\/wp\/v2\/product_brand?post=43734"},{"taxonomy":"product_cat","embeddable":true,"href":"https:\/\/hookelab.com\/fr\/wp-json\/wp\/v2\/product_cat?post=43734"},{"taxonomy":"product_tag","embeddable":true,"href":"https:\/\/hookelab.com\/fr\/wp-json\/wp\/v2\/product_tag?post=43734"}],"curies":[{"name":"wp","href":"https:\/\/api.w.org\/{rel}","templated":true}]}}