{"id":43190,"date":"2025-04-01T04:43:53","date_gmt":"2025-04-01T04:43:53","guid":{"rendered":"https:\/\/hookelab.com\/product\/creuset-cylindrique-en-alumine-avec-couvercle-tailles-multiples-pour-four-a-moufle-86ml-2100ml\/"},"modified":"2025-04-01T04:43:53","modified_gmt":"2025-04-01T04:43:53","slug":"creuset-cylindrique-en-alumine-avec-couvercle-tailles-multiples-pour-four-a-moufle-86ml-2100ml","status":"publish","type":"product","link":"https:\/\/hookelab.com\/fr\/produit\/creuset-cylindrique-en-alumine-avec-couvercle-tailles-multiples-pour-four-a-moufle-86ml-2100ml\/","title":{"rendered":"Creuset cylindrique en alumine avec couvercle, tailles multiples, pour four \u00e0 moufle, 86ml-2100ml"},"content":{"rendered":"\t\t\t<link rel=\"stylesheet\" id=\"elementor-post-37082-css\" href=\"https:\/\/hookelab.com\/wp-content\/uploads\/elementor\/css\/post-37082.css?ver=1776261814\" type=\"text\/css\" media=\"all\">\r\n\t\t\t\t\t<div data-elementor-type=\"wp-post\" data-elementor-id=\"37082\" class=\"elementor elementor-37082 elementor-31294\">\n\t\t\t\t<div class=\"wd-negative-gap elementor-element elementor-element-7c515c6 wd-section-stretch e-flex e-con-boxed e-con e-parent\" data-id=\"7c515c6\" data-element_type=\"container\" data-e-type=\"container\" data-settings=\"{&quot;background_background&quot;:&quot;classic&quot;}\">\n\t\t\t\t\t<div class=\"e-con-inner\">\n\t\t<div class=\"elementor-element elementor-element-65a5272 e-con-full e-flex e-con e-child\" data-id=\"65a5272\" data-element_type=\"container\" data-e-type=\"container\">\n\t\t\t\t<div class=\"elementor-element elementor-element-f0c5d63 wd-width-100 elementor-widget elementor-widget-wd_title\" data-id=\"f0c5d63\" data-element_type=\"widget\" data-e-type=\"widget\" data-widget_type=\"wd_title.default\">\n\t\t\t\t<div class=\"elementor-widget-container\">\n\t\t\t\t\t\t\t<div class=\"title-wrapper wd-set-mb reset-last-child wd-title-color-default wd-title-style-default wd-title-size-default text-left\">\r\n\r\n\t\t\t\r\n\t\t\t<div class=\"liner-continer\">\r\n\t\t\t\t<h4 class=\"woodmart-title-container title wd-fontsize-l\">Pr\u00e9cautions \u00e0 prendre lors de l'utilisation de creusets en alumine 99<\/h4> \r\n\t\t\t\t\t\t\t<\/div>\r\n\r\n\t\t\t\t\t<\/div>\r\n\t\t\t\t\t\t<\/div>\n\t\t\t\t<\/div>\n\t\t<div class=\"elementor-element elementor-element-12996ef e-grid e-con-full e-con e-child\" data-id=\"12996ef\" data-element_type=\"container\" data-e-type=\"container\">\n\t\t\t\t<div class=\"elementor-element elementor-element-6e1d846 elementor-widget elementor-widget-wd_text_block\" data-id=\"6e1d846\" data-element_type=\"widget\" data-e-type=\"widget\" data-widget_type=\"wd_text_block.default\">\n\t\t\t\t<div class=\"elementor-widget-container\">\n\t\t\t\t\t\t\t<div class=\"wd-text-block reset-last-child text-left\">\r\n\t\t\t\r\n\t\t\t<ol start=\"1\"><li><p>Avant la premi\u00e8re utilisation, le creuset doit \u00eatre plac\u00e9 dans un four \u00e0 environ 105\u00b0C pendant 120 minutes pour \u00e9liminer l'humidit\u00e9.<\/p><\/li><li><p>N'utilisez pas de torches \u00e0 essence, de torches \u00e0 ac\u00e9tyl\u00e8ne ou de lampes \u00e0 alcool pour le chauffage direct afin d'\u00e9viter que le creuset ne se fissure en raison d'un chauffage in\u00e9gal.<\/p><\/li><li>  La distance entre le creuset et l'\u00e9l\u00e9ment chauffant (tubes de carbone, tiges de carbure de silicium, fils chauffants, etc.) doit \u00eatre sup\u00e9rieure \u00e0 2 cm.<\/li><\/ol>\r\n\t\t\t\t\t<\/div>\r\n\t\t\t\t\t\t<\/div>\n\t\t\t\t<\/div>\n\t\t\t\t<div class=\"elementor-element elementor-element-6fbbc1e elementor-widget elementor-widget-wd_text_block\" data-id=\"6fbbc1e\" data-element_type=\"widget\" data-e-type=\"widget\" data-widget_type=\"wd_text_block.default\">\n\t\t\t\t<div class=\"elementor-widget-container\">\n\t\t\t\t\t\t\t<div class=\"wd-text-block reset-last-child text-left\">\r\n\t\t\t\r\n\t\t\t<p>4. La vitesse de chauffage ou de refroidissement ne doit pas \u00eatre trop rapide. En dessous de 1200\u00b0C, la vitesse doit \u00eatre inf\u00e9rieure \u00e0 5\u00b0C par minute ; au-dessus de 1200\u00b0C, elle doit \u00eatre inf\u00e9rieure \u00e0 4\u00b0C par minute. Pour le refroidissement, il est recommand\u00e9 d'utiliser un refroidissement \u00e0 puissance contr\u00f4l\u00e9e. Si vous coupez directement l'alimentation \u00e0 des temp\u00e9ratures \u00e9lev\u00e9es, vous risquez de provoquer un refroidissement initial rapide, susceptible d'entra\u00eener des fissures.   <\/p><p>5. Pour les grands creusets, il est conseill\u00e9 d'\u00e9viter tout contact direct entre le fond du creuset et la sole du four. Utilisez des mat\u00e9riaux r\u00e9sistants aux hautes temp\u00e9ratures, tels que des <strong>plaques de corindon<\/strong>, pour sur\u00e9lever le creuset, ce qui favorise la convection de l'air et prolonge la dur\u00e9e de vie du creuset (comme illustr\u00e9 \u00e0 droite). <\/p>\r\n\t\t\t\t\t<\/div>\r\n\t\t\t\t\t\t<\/div>\n\t\t\t\t<\/div>\n\t\t\t\t<div class=\"elementor-element elementor-element-cbd77d8 elementor-widget elementor-widget-wd_image_or_svg\" data-id=\"cbd77d8\" data-element_type=\"widget\" data-e-type=\"widget\" data-widget_type=\"wd_image_or_svg.default\">\n\t\t\t\t<div class=\"elementor-widget-container\">\n\t\t\t\t\t\r\n\t\t<div class=\"wd-image text-left\">\r\n\t\t\t\t\t\t\t\t<img fetchpriority=\"high\" decoding=\"async\" width=\"649\" height=\"463\" src=\"https:\/\/hookelab.com\/wp-content\/uploads\/2025\/03\/crucibles012.jpg\" class=\"attachment-full size-full\" alt=\"\" srcset=\"https:\/\/hookelab.com\/wp-content\/uploads\/2025\/03\/crucibles012.jpg 649w, https:\/\/hookelab.com\/wp-content\/uploads\/2025\/03\/crucibles012-400x285.jpg 400w, https:\/\/hookelab.com\/wp-content\/uploads\/2025\/03\/crucibles012-430x307.jpg 430w, https:\/\/hookelab.com\/wp-content\/uploads\/2025\/03\/crucibles012-150x107.jpg 150w\" sizes=\"(max-width: 649px) 100vw, 649px\" \/>\t\t\t\t\t<\/div>\r\n\r\n\t\t\t\t\t\t<\/div>\n\t\t\t\t<\/div>\n\t\t\t\t<\/div>\n\t\t\t\t<\/div>\n\t\t\t\t\t<\/div>\n\t\t\t\t<\/div>\n\t\t\t\t<\/div>\n\t\t\n","protected":false},"excerpt":{"rendered":"<ul>\n<li>Ces <em>creusets cylindriques<\/em> sont fabriqu\u00e9s \u00e0 partir d&rsquo;Al2O3 de haute puret\u00e9 (&gt;99%) par un proc\u00e9d\u00e9 de coul\u00e9e en barbotine \/ coul\u00e9e sous pression, ce qui permet d&rsquo;obtenir une densit\u00e9 \u00e9lev\u00e9e et des surfaces lisses et r\u00e9guli\u00e8res \u00e0 l&rsquo;int\u00e9rieur comme \u00e0 l&rsquo;ext\u00e9rieur. Ils sont con\u00e7us pour une utilisation \u00e0 long terme \u00e0 des temp\u00e9ratures allant jusqu&rsquo;\u00e0 1600\u00b0C. <\/li>\n<li>Instructions d&rsquo;utilisation : Chauffez et refroidissez progressivement avec le four ; \u00e9vitez les changements de temp\u00e9rature brusques (chauffage ou refroidissement rapide) ; n&rsquo;exposez pas \u00e0 des flammes nues ; ne convient pas \u00e0 la fusion de m\u00e9taux.<\/li>\n<\/ul>\n","protected":false},"featured_media":32783,"comment_status":"open","ping_status":"closed","template":"","meta":[],"product_brand":[],"product_cat":[1389,1383],"product_tag":[],"class_list":{"0":"post-43190","1":"product","2":"type-product","3":"status-publish","4":"has-post-thumbnail","6":"product_cat-creusets-en-alumine","7":"product_cat-creusets-et-bateaux","9":"first","10":"instock","11":"shipping-taxable","12":"purchasable","13":"product-type-variable"},"_links":{"self":[{"href":"https:\/\/hookelab.com\/fr\/wp-json\/wp\/v2\/product\/43190","targetHints":{"allow":["GET"]}}],"collection":[{"href":"https:\/\/hookelab.com\/fr\/wp-json\/wp\/v2\/product"}],"about":[{"href":"https:\/\/hookelab.com\/fr\/wp-json\/wp\/v2\/types\/product"}],"replies":[{"embeddable":true,"href":"https:\/\/hookelab.com\/fr\/wp-json\/wp\/v2\/comments?post=43190"}],"version-history":[{"count":0,"href":"https:\/\/hookelab.com\/fr\/wp-json\/wp\/v2\/product\/43190\/revisions"}],"wp:featuredmedia":[{"embeddable":true,"href":"https:\/\/hookelab.com\/fr\/wp-json\/wp\/v2\/media\/32783"}],"wp:attachment":[{"href":"https:\/\/hookelab.com\/fr\/wp-json\/wp\/v2\/media?parent=43190"}],"wp:term":[{"taxonomy":"product_brand","embeddable":true,"href":"https:\/\/hookelab.com\/fr\/wp-json\/wp\/v2\/product_brand?post=43190"},{"taxonomy":"product_cat","embeddable":true,"href":"https:\/\/hookelab.com\/fr\/wp-json\/wp\/v2\/product_cat?post=43190"},{"taxonomy":"product_tag","embeddable":true,"href":"https:\/\/hookelab.com\/fr\/wp-json\/wp\/v2\/product_tag?post=43190"}],"curies":[{"name":"wp","href":"https:\/\/api.w.org\/{rel}","templated":true}]}}