{"id":42637,"date":"2025-03-27T02:47:17","date_gmt":"2025-03-27T02:47:17","guid":{"rendered":"https:\/\/hookelab.com\/product\/creuset-cylindrique-en-corindon-avec-couvercle-filete-99-alumine-resistant-aux-hautes-temperatures-excellente-etancheite\/"},"modified":"2025-03-27T02:47:17","modified_gmt":"2025-03-27T02:47:17","slug":"creuset-cylindrique-en-corindon-avec-couvercle-filete-99-alumine-resistant-aux-hautes-temperatures-excellente-etancheite","status":"publish","type":"product","link":"https:\/\/hookelab.com\/fr\/produit\/creuset-cylindrique-en-corindon-avec-couvercle-filete-99-alumine-resistant-aux-hautes-temperatures-excellente-etancheite\/","title":{"rendered":"Creuset cylindrique en corindon avec couvercle filet\u00e9, 99% alumine, r\u00e9sistant aux hautes temp\u00e9ratures, excellente \u00e9tanch\u00e9it\u00e9"},"content":{"rendered":"\t\t\t<link rel=\"stylesheet\" id=\"elementor-post-38044-css\" href=\"https:\/\/hookelab.com\/wp-content\/uploads\/elementor\/css\/post-38044.css?ver=1776442599\" type=\"text\/css\" media=\"all\">\r\n\t\t\t\t\t<div data-elementor-type=\"wp-post\" data-elementor-id=\"38044\" class=\"elementor elementor-38044 elementor-32324\">\n\t\t\t\t<div class=\"wd-negative-gap elementor-element elementor-element-212cd0f e-grid e-con-boxed e-con e-parent\" data-id=\"212cd0f\" data-element_type=\"container\" data-e-type=\"container\">\n\t\t\t\t\t<div class=\"e-con-inner\">\n\t\t\t\t<div class=\"elementor-element elementor-element-14dd597 elementor-widget elementor-widget-wd_text_block\" data-id=\"14dd597\" data-element_type=\"widget\" data-e-type=\"widget\" data-widget_type=\"wd_text_block.default\">\n\t\t\t\t<div class=\"elementor-widget-container\">\n\t\t\t\t\t\t\t<div class=\"wd-text-block reset-last-child text-left\">\r\n\t\t\t\r\n\t\t\t<h2>D\u00e9tails<\/h2><ul><li>Nom du produit : Creuset \u00e0 filetage int\u00e9rieur avec couvercle<\/li><li>Mat\u00e9riau : 99% d'alumine (Al2O3)<\/li><li>Dimensions ext\u00e9rieures (D\u00d7H) : 71,2\u00d7157,6 mm<\/li><li>Dimensions de la chambre int\u00e9rieure (D\u00d7H) : 60\u00d7140mm<\/li><li>\u00c9paisseur de la paroi : 5,6 mm<\/li><li>Hauteur du filet : 12 mm<\/li><li>Type de production : Coul\u00e9e en coquille \/ Coul\u00e9e sous pression<\/li><li>Temp\u00e9rature de cuisson : 1800\u00b0C<\/li><li>Temp\u00e9rature de fonctionnement : 1600\u00b0C<\/li><li>Classification des applications : Analyse de divers \u00e9chantillons de laboratoire m\u00e9talliques et non m\u00e9talliques, ainsi que de mat\u00e9riaux de fusion. Utilis\u00e9 en laboratoire et pour diverses analyses industrielles.<\/li><\/ul>\r\n\t\t\t\t\t<\/div>\r\n\t\t\t\t\t\t<\/div>\n\t\t\t\t<\/div>\n\t\t\t\t<div class=\"elementor-element elementor-element-67cc5cc elementor-widget elementor-widget-wd_image_or_svg\" data-id=\"67cc5cc\" data-element_type=\"widget\" data-e-type=\"widget\" data-widget_type=\"wd_image_or_svg.default\">\n\t\t\t\t<div class=\"elementor-widget-container\">\n\t\t\t\t\t\r\n\t\t<div class=\"wd-image text-left\">\r\n\t\t\t\t\t\t\t\t<img fetchpriority=\"high\" decoding=\"async\" width=\"700\" height=\"800\" src=\"https:\/\/hookelab.com\/wp-content\/uploads\/2025\/03\/Cylindrical-Corundum-Crucible-with-Threaded-Cover-99-Alumin-High-Temperature-Resistant-Excellent-Sealability-05.jpg\" class=\"attachment-full size-full\" alt=\"\" srcset=\"https:\/\/hookelab.com\/wp-content\/uploads\/2025\/03\/Cylindrical-Corundum-Crucible-with-Threaded-Cover-99-Alumin-High-Temperature-Resistant-Excellent-Sealability-05.jpg 700w, https:\/\/hookelab.com\/wp-content\/uploads\/2025\/03\/Cylindrical-Corundum-Crucible-with-Threaded-Cover-99-Alumin-High-Temperature-Resistant-Excellent-Sealability-05-263x300.jpg 263w, https:\/\/hookelab.com\/wp-content\/uploads\/2025\/03\/Cylindrical-Corundum-Crucible-with-Threaded-Cover-99-Alumin-High-Temperature-Resistant-Excellent-Sealability-05-430x491.jpg 430w, https:\/\/hookelab.com\/wp-content\/uploads\/2025\/03\/Cylindrical-Corundum-Crucible-with-Threaded-Cover-99-Alumin-High-Temperature-Resistant-Excellent-Sealability-05-150x171.jpg 150w\" sizes=\"(max-width: 700px) 100vw, 700px\" \/>\t\t\t\t\t<\/div>\r\n\r\n\t\t\t\t\t\t<\/div>\n\t\t\t\t<\/div>\n\t\t\t\t<div class=\"elementor-element elementor-element-cbad90b elementor-widget elementor-widget-wd_image_or_svg\" data-id=\"cbad90b\" data-element_type=\"widget\" data-e-type=\"widget\" data-widget_type=\"wd_image_or_svg.default\">\n\t\t\t\t<div class=\"elementor-widget-container\">\n\t\t\t\t\t\r\n\t\t<div class=\"wd-image text-left\">\r\n\t\t\t\t\t\t\t\t<img decoding=\"async\" width=\"700\" height=\"800\" src=\"https:\/\/hookelab.com\/wp-content\/uploads\/2025\/03\/Cylindrical-Corundum-Crucible-with-Threaded-Cover-99-Alumin-High-Temperature-Resistant-Excellent-Sealability-04.jpg\" class=\"attachment-full size-full\" alt=\"\" srcset=\"https:\/\/hookelab.com\/wp-content\/uploads\/2025\/03\/Cylindrical-Corundum-Crucible-with-Threaded-Cover-99-Alumin-High-Temperature-Resistant-Excellent-Sealability-04.jpg 700w, https:\/\/hookelab.com\/wp-content\/uploads\/2025\/03\/Cylindrical-Corundum-Crucible-with-Threaded-Cover-99-Alumin-High-Temperature-Resistant-Excellent-Sealability-04-263x300.jpg 263w, https:\/\/hookelab.com\/wp-content\/uploads\/2025\/03\/Cylindrical-Corundum-Crucible-with-Threaded-Cover-99-Alumin-High-Temperature-Resistant-Excellent-Sealability-04-430x491.jpg 430w, https:\/\/hookelab.com\/wp-content\/uploads\/2025\/03\/Cylindrical-Corundum-Crucible-with-Threaded-Cover-99-Alumin-High-Temperature-Resistant-Excellent-Sealability-04-150x171.jpg 150w\" sizes=\"(max-width: 700px) 100vw, 700px\" \/>\t\t\t\t\t<\/div>\r\n\r\n\t\t\t\t\t\t<\/div>\n\t\t\t\t<\/div>\n\t\t\t\t\t<\/div>\n\t\t\t\t<\/div>\n\t\t<div class=\"wd-negative-gap elementor-element elementor-element-db378bf wd-section-stretch e-flex e-con-boxed e-con e-parent\" data-id=\"db378bf\" data-element_type=\"container\" data-e-type=\"container\" data-settings=\"{&quot;background_background&quot;:&quot;classic&quot;}\">\n\t\t\t\t\t<div class=\"e-con-inner\">\n\t\t<div class=\"elementor-element elementor-element-3243e14 e-con-full e-flex e-con e-child\" data-id=\"3243e14\" data-element_type=\"container\" data-e-type=\"container\">\n\t\t\t\t<div class=\"elementor-element elementor-element-b963cd4 wd-width-100 elementor-widget elementor-widget-wd_title\" data-id=\"b963cd4\" data-element_type=\"widget\" data-e-type=\"widget\" data-widget_type=\"wd_title.default\">\n\t\t\t\t<div class=\"elementor-widget-container\">\n\t\t\t\t\t\t\t<div class=\"title-wrapper wd-set-mb reset-last-child wd-title-color-default wd-title-style-default wd-title-size-default text-left\">\r\n\r\n\t\t\t\r\n\t\t\t<div class=\"liner-continer\">\r\n\t\t\t\t<h4 class=\"woodmart-title-container title wd-fontsize-l\">Pr\u00e9cautions \u00e0 prendre lors de l'utilisation de creusets en alumine 99<\/h4> \r\n\t\t\t\t\t\t\t<\/div>\r\n\r\n\t\t\t\t\t<\/div>\r\n\t\t\t\t\t\t<\/div>\n\t\t\t\t<\/div>\n\t\t<div class=\"elementor-element elementor-element-485fd47 e-grid e-con-full e-con e-child\" data-id=\"485fd47\" data-element_type=\"container\" data-e-type=\"container\">\n\t\t\t\t<div class=\"elementor-element elementor-element-19cd271 elementor-widget elementor-widget-wd_text_block\" data-id=\"19cd271\" data-element_type=\"widget\" data-e-type=\"widget\" data-widget_type=\"wd_text_block.default\">\n\t\t\t\t<div class=\"elementor-widget-container\">\n\t\t\t\t\t\t\t<div class=\"wd-text-block reset-last-child text-left\">\r\n\t\t\t\r\n\t\t\t<ol start=\"1\"><li><p>Avant la premi\u00e8re utilisation, le creuset doit \u00eatre plac\u00e9 dans un four \u00e0 environ 105\u00b0C pendant 120 minutes pour \u00e9liminer l'humidit\u00e9.<\/p><\/li><li><p>N'utilisez pas de torches \u00e0 essence, de torches \u00e0 ac\u00e9tyl\u00e8ne ou de lampes \u00e0 alcool pour le chauffage direct afin d'\u00e9viter que le creuset ne se fissure en raison d'un chauffage in\u00e9gal.<\/p><\/li><li>  La distance entre le creuset et l'\u00e9l\u00e9ment chauffant (tubes de carbone, tiges de carbure de silicium, fils chauffants, etc.) doit \u00eatre sup\u00e9rieure \u00e0 2 cm.<\/li><\/ol>\r\n\t\t\t\t\t<\/div>\r\n\t\t\t\t\t\t<\/div>\n\t\t\t\t<\/div>\n\t\t\t\t<div class=\"elementor-element elementor-element-6b89a42 elementor-widget elementor-widget-wd_text_block\" data-id=\"6b89a42\" data-element_type=\"widget\" data-e-type=\"widget\" data-widget_type=\"wd_text_block.default\">\n\t\t\t\t<div class=\"elementor-widget-container\">\n\t\t\t\t\t\t\t<div class=\"wd-text-block reset-last-child text-left\">\r\n\t\t\t\r\n\t\t\t<p>4. La vitesse de chauffage ou de refroidissement ne doit pas \u00eatre trop rapide. En dessous de 1200\u00b0C, la vitesse doit \u00eatre inf\u00e9rieure \u00e0 5\u00b0C par minute ; au-dessus de 1200\u00b0C, elle doit \u00eatre inf\u00e9rieure \u00e0 4\u00b0C par minute. Pour le refroidissement, il est recommand\u00e9 d'utiliser un refroidissement \u00e0 puissance contr\u00f4l\u00e9e. Le fait de couper directement l'alimentation \u00e0 des temp\u00e9ratures \u00e9lev\u00e9es peut entra\u00eener un refroidissement initial rapide, susceptible de provoquer des fissures.<\/p><p>5. Pour les grands creusets, il est conseill\u00e9 d'\u00e9viter tout contact direct entre le fond du creuset et la sole du four. Utilisez des mat\u00e9riaux r\u00e9sistants aux hautes temp\u00e9ratures, tels que des <strong>plaques de corindon<\/strong>, pour sur\u00e9lever le creuset, ce qui favorise la convection de l'air et prolonge la dur\u00e9e de vie du creuset (comme illustr\u00e9 \u00e0 droite).<\/p>\r\n\t\t\t\t\t<\/div>\r\n\t\t\t\t\t\t<\/div>\n\t\t\t\t<\/div>\n\t\t\t\t<div class=\"elementor-element elementor-element-31d4f38 elementor-widget elementor-widget-wd_image_or_svg\" data-id=\"31d4f38\" data-element_type=\"widget\" data-e-type=\"widget\" data-widget_type=\"wd_image_or_svg.default\">\n\t\t\t\t<div class=\"elementor-widget-container\">\n\t\t\t\t\t\r\n\t\t<div class=\"wd-image text-left\">\r\n\t\t\t\t\t\t\t\t<img decoding=\"async\" width=\"649\" height=\"463\" src=\"https:\/\/hookelab.com\/wp-content\/uploads\/2025\/03\/crucibles012.jpg\" class=\"attachment-full size-full\" alt=\"\" srcset=\"https:\/\/hookelab.com\/wp-content\/uploads\/2025\/03\/crucibles012.jpg 649w, https:\/\/hookelab.com\/wp-content\/uploads\/2025\/03\/crucibles012-400x285.jpg 400w, https:\/\/hookelab.com\/wp-content\/uploads\/2025\/03\/crucibles012-430x307.jpg 430w, https:\/\/hookelab.com\/wp-content\/uploads\/2025\/03\/crucibles012-150x107.jpg 150w\" sizes=\"(max-width: 649px) 100vw, 649px\" \/>\t\t\t\t\t<\/div>\r\n\r\n\t\t\t\t\t\t<\/div>\n\t\t\t\t<\/div>\n\t\t\t\t<\/div>\n\t\t\t\t<\/div>\n\t\t\t\t\t<\/div>\n\t\t\t\t<\/div>\n\t\t\t\t<\/div>\n\t\t\n","protected":false},"excerpt":{"rendered":"<ul>\n<li>Ce <em>creuset \u00e0 filetage int\u00e9rieur<\/em> est fabriqu\u00e9 \u00e0 partir d&rsquo;Al2O3 de haute puret\u00e9 (&gt;99%) par un proc\u00e9d\u00e9 de coul\u00e9e en barbotine, ce qui permet d&rsquo;obtenir une densit\u00e9 \u00e9lev\u00e9e et des surfaces lisses et r\u00e9guli\u00e8res \u00e0 l&rsquo;int\u00e9rieur comme \u00e0 l&rsquo;ext\u00e9rieur. Il est con\u00e7u pour une utilisation \u00e0 long terme \u00e0 des temp\u00e9ratures allant jusqu&rsquo;\u00e0 1600\u00b0C. <\/li>\n<li>La vitesse de chauffage ou de refroidissement ne doit pas \u00eatre trop rapide et doit \u00eatre maintenue \u00e0 moins de 4\u00b0C par minute, avec une attention particuli\u00e8re pour les grands creusets.<\/li>\n<li>Le paquet comprend : 1 ensemble\/paquet<\/li>\n<\/ul>\n","protected":false},"featured_media":32327,"comment_status":"open","ping_status":"closed","template":"","meta":[],"product_brand":[],"product_cat":[1389,1383],"product_tag":[],"class_list":{"0":"post-42637","1":"product","2":"type-product","3":"status-publish","4":"has-post-thumbnail","6":"product_cat-creusets-en-alumine","7":"product_cat-creusets-et-bateaux","9":"first","10":"instock","11":"shipping-taxable","12":"purchasable","13":"product-type-simple"},"_links":{"self":[{"href":"https:\/\/hookelab.com\/fr\/wp-json\/wp\/v2\/product\/42637","targetHints":{"allow":["GET"]}}],"collection":[{"href":"https:\/\/hookelab.com\/fr\/wp-json\/wp\/v2\/product"}],"about":[{"href":"https:\/\/hookelab.com\/fr\/wp-json\/wp\/v2\/types\/product"}],"replies":[{"embeddable":true,"href":"https:\/\/hookelab.com\/fr\/wp-json\/wp\/v2\/comments?post=42637"}],"version-history":[{"count":0,"href":"https:\/\/hookelab.com\/fr\/wp-json\/wp\/v2\/product\/42637\/revisions"}],"wp:featuredmedia":[{"embeddable":true,"href":"https:\/\/hookelab.com\/fr\/wp-json\/wp\/v2\/media\/32327"}],"wp:attachment":[{"href":"https:\/\/hookelab.com\/fr\/wp-json\/wp\/v2\/media?parent=42637"}],"wp:term":[{"taxonomy":"product_brand","embeddable":true,"href":"https:\/\/hookelab.com\/fr\/wp-json\/wp\/v2\/product_brand?post=42637"},{"taxonomy":"product_cat","embeddable":true,"href":"https:\/\/hookelab.com\/fr\/wp-json\/wp\/v2\/product_cat?post=42637"},{"taxonomy":"product_tag","embeddable":true,"href":"https:\/\/hookelab.com\/fr\/wp-json\/wp\/v2\/product_tag?post=42637"}],"curies":[{"name":"wp","href":"https:\/\/api.w.org\/{rel}","templated":true}]}}