{"id":40904,"date":"2025-03-09T02:05:19","date_gmt":"2025-03-09T02:05:19","guid":{"rendered":"https:\/\/hookelab.com\/product\/cellule-de-comptage-demontable-personnalisee-cuvette-a-circulation-en-quartz-uv-5mm-collee\/"},"modified":"2025-03-09T02:05:19","modified_gmt":"2025-03-09T02:05:19","slug":"cellule-de-comptage-demontable-personnalisee-cuvette-a-circulation-en-quartz-uv-5mm-collee","status":"publish","type":"product","link":"https:\/\/hookelab.com\/fr\/produit\/cellule-de-comptage-demontable-personnalisee-cuvette-a-circulation-en-quartz-uv-5mm-collee\/","title":{"rendered":"Cellule de comptage d\u00e9montable personnalis\u00e9e, cuvette \u00e0 circulation en quartz UV, 5mm, coll\u00e9e"},"content":{"rendered":"\t\t\t<link rel=\"stylesheet\" id=\"elementor-post-47618-css\" href=\"https:\/\/hookelab.com\/wp-content\/uploads\/elementor\/css\/post-47618.css?ver=1776522745\" type=\"text\/css\" media=\"all\">\r\n\t\t\t\t\t<div data-elementor-type=\"wp-post\" data-elementor-id=\"47618\" class=\"elementor elementor-47618 elementor-30651\">\n\t\t\t\t<div class=\"wd-negative-gap elementor-element elementor-element-212cd0f e-grid e-con-boxed e-con e-parent\" data-id=\"212cd0f\" data-element_type=\"container\" data-e-type=\"container\">\n\t\t\t\t\t<div class=\"e-con-inner\">\n\t\t\t\t<div class=\"elementor-element elementor-element-14dd597 elementor-widget elementor-widget-wd_text_block\" data-id=\"14dd597\" data-element_type=\"widget\" data-e-type=\"widget\" data-widget_type=\"wd_text_block.default\">\n\t\t\t\t<div class=\"elementor-widget-container\">\n\t\t\t\t\t\t\t<div class=\"wd-text-block reset-last-child text-left\">\r\n\t\t\t\r\n\t\t\t<h2>D\u00e9tails<\/h2><ul><li>Mat\u00e9riau : JGS-1 Quartz UV<\/li><li>Longueur du trajet lumineux : 5 mm<\/li><li>D\u00e9gag\u00e9 Fen\u00eatres : 2 fen\u00eatres<\/li><li>Type d'assemblage : Coll\u00e9<\/li><li>Gamme de transmission : 200-2500 nm<\/li><li>Erreur de performance optique de la surface de transmission : &lt;0.3%<\/li><li>Le paquet comprend : 1 pi\u00e8ce\/paquet<\/li><\/ul><p>Veuillez noter que les cuves coll\u00e9es ne sont destin\u00e9es qu'aux solvants et solut\u00e9s neutres et qu'elles peuvent \u00eatre utilis\u00e9es \u00e0 des temp\u00e9ratures inf\u00e9rieures \u00e0 100\u00b0C.<\/p><p>Si vous avez besoin de cellules r\u00e9sistantes aux acides et aux bases, aux solvants organiques ou \u00e0 des environnements d\u00e9passant 100\u00b0C, veuillez nous contacter pour des options personnalis\u00e9es avec une cuvette fritt\u00e9e par poudrage ou \u00e0 contact optique.<\/p>\r\n\t\t\t\t\t<\/div>\r\n\t\t\t\t\t\t<\/div>\n\t\t\t\t<\/div>\n\t\t\t\t<div class=\"elementor-element elementor-element-cbad90b elementor-widget elementor-widget-wd_image_or_svg\" data-id=\"cbad90b\" data-element_type=\"widget\" data-e-type=\"widget\" data-widget_type=\"wd_image_or_svg.default\">\n\t\t\t\t<div class=\"elementor-widget-container\">\n\t\t\t\t\t\r\n\t\t<div class=\"wd-image text-left\">\r\n\t\t\t\t\t\t\t\t<img fetchpriority=\"high\" decoding=\"async\" width=\"800\" height=\"914\" src=\"https:\/\/hookelab.com\/wp-content\/uploads\/2025\/03\/Customized-Demountable-Counting-Cell-UV-Quartz-Flow-through-Cuvette-5mm-Glued04.jpg\" class=\"attachment-full size-full\" alt=\"\" srcset=\"https:\/\/hookelab.com\/wp-content\/uploads\/2025\/03\/Customized-Demountable-Counting-Cell-UV-Quartz-Flow-through-Cuvette-5mm-Glued04.jpg 800w, https:\/\/hookelab.com\/wp-content\/uploads\/2025\/03\/Customized-Demountable-Counting-Cell-UV-Quartz-Flow-through-Cuvette-5mm-Glued04-263x300.jpg 263w, https:\/\/hookelab.com\/wp-content\/uploads\/2025\/03\/Customized-Demountable-Counting-Cell-UV-Quartz-Flow-through-Cuvette-5mm-Glued04-700x800.jpg 700w, https:\/\/hookelab.com\/wp-content\/uploads\/2025\/03\/Customized-Demountable-Counting-Cell-UV-Quartz-Flow-through-Cuvette-5mm-Glued04-768x877.jpg 768w, https:\/\/hookelab.com\/wp-content\/uploads\/2025\/03\/Customized-Demountable-Counting-Cell-UV-Quartz-Flow-through-Cuvette-5mm-Glued04-430x491.jpg 430w, https:\/\/hookelab.com\/wp-content\/uploads\/2025\/03\/Customized-Demountable-Counting-Cell-UV-Quartz-Flow-through-Cuvette-5mm-Glued04-150x171.jpg 150w\" sizes=\"(max-width: 800px) 100vw, 800px\" \/>\t\t\t\t\t<\/div>\r\n\r\n\t\t\t\t\t\t<\/div>\n\t\t\t\t<\/div>\n\t\t\t\t<div class=\"elementor-element elementor-element-67cc5cc elementor-widget elementor-widget-wd_image_or_svg\" data-id=\"67cc5cc\" data-element_type=\"widget\" data-e-type=\"widget\" data-widget_type=\"wd_image_or_svg.default\">\n\t\t\t\t<div class=\"elementor-widget-container\">\n\t\t\t\t\t\r\n\t\t<div class=\"wd-image text-left\">\r\n\t\t\t\t\t\t\t\t<img decoding=\"async\" width=\"778\" height=\"889\" src=\"https:\/\/hookelab.com\/wp-content\/uploads\/2025\/03\/Customized-Demountable-Counting-Cell-UV-Quartz-Flow-through-Cuvette-5mm-Glued07.jpg\" class=\"attachment-full size-full\" alt=\"\" srcset=\"https:\/\/hookelab.com\/wp-content\/uploads\/2025\/03\/Customized-Demountable-Counting-Cell-UV-Quartz-Flow-through-Cuvette-5mm-Glued07.jpg 778w, https:\/\/hookelab.com\/wp-content\/uploads\/2025\/03\/Customized-Demountable-Counting-Cell-UV-Quartz-Flow-through-Cuvette-5mm-Glued07-263x300.jpg 263w, https:\/\/hookelab.com\/wp-content\/uploads\/2025\/03\/Customized-Demountable-Counting-Cell-UV-Quartz-Flow-through-Cuvette-5mm-Glued07-700x800.jpg 700w, https:\/\/hookelab.com\/wp-content\/uploads\/2025\/03\/Customized-Demountable-Counting-Cell-UV-Quartz-Flow-through-Cuvette-5mm-Glued07-768x878.jpg 768w, https:\/\/hookelab.com\/wp-content\/uploads\/2025\/03\/Customized-Demountable-Counting-Cell-UV-Quartz-Flow-through-Cuvette-5mm-Glued07-430x491.jpg 430w, https:\/\/hookelab.com\/wp-content\/uploads\/2025\/03\/Customized-Demountable-Counting-Cell-UV-Quartz-Flow-through-Cuvette-5mm-Glued07-150x171.jpg 150w\" sizes=\"(max-width: 778px) 100vw, 778px\" \/>\t\t\t\t\t<\/div>\r\n\r\n\t\t\t\t\t\t<\/div>\n\t\t\t\t<\/div>\n\t\t\t\t\t<\/div>\n\t\t\t\t<\/div>\n\t\t\t\t<\/div>\n\t\t\n","protected":false},"excerpt":{"rendered":"<ul>\n<li>Cette cuvette de comptage est \u00e9quip\u00e9e de connecteurs en acier inoxydable des deux c\u00f4t\u00e9s, avec un diam\u00e8tre ext\u00e9rieur de 2 mm et un diam\u00e8tre int\u00e9rieur de 1 mm.<\/li>\n<li>La plaque de couverture et la cuvette sont s\u00e9par\u00e9es, et nous avons \u00e9galement le couvercle int\u00e9gr\u00e9 \u00e0 la cellule d&rsquo;\u00e9coulement pour vous permettre de choisir.<\/li>\n<\/ul>\n","protected":false},"featured_media":30656,"comment_status":"open","ping_status":"closed","template":"","meta":[],"product_brand":[],"product_cat":[1401,1399,1400,1351,1396],"product_tag":[],"class_list":{"0":"post-40904","1":"product","2":"type-product","3":"status-publish","4":"has-post-thumbnail","6":"product_cat-cuvettes-a-circulation","7":"product_cat-cuvettes-de-spectrophotometre","8":"product_cat-cuvettes-en-quartz-uv-vis-200-2500nm","9":"product_cat-cuvettes-et-cellules","10":"product_cat-micro-cuvettes","12":"first","13":"instock","14":"shipping-taxable","15":"purchasable","16":"product-type-simple"},"_links":{"self":[{"href":"https:\/\/hookelab.com\/fr\/wp-json\/wp\/v2\/product\/40904","targetHints":{"allow":["GET"]}}],"collection":[{"href":"https:\/\/hookelab.com\/fr\/wp-json\/wp\/v2\/product"}],"about":[{"href":"https:\/\/hookelab.com\/fr\/wp-json\/wp\/v2\/types\/product"}],"replies":[{"embeddable":true,"href":"https:\/\/hookelab.com\/fr\/wp-json\/wp\/v2\/comments?post=40904"}],"version-history":[{"count":0,"href":"https:\/\/hookelab.com\/fr\/wp-json\/wp\/v2\/product\/40904\/revisions"}],"wp:featuredmedia":[{"embeddable":true,"href":"https:\/\/hookelab.com\/fr\/wp-json\/wp\/v2\/media\/30656"}],"wp:attachment":[{"href":"https:\/\/hookelab.com\/fr\/wp-json\/wp\/v2\/media?parent=40904"}],"wp:term":[{"taxonomy":"product_brand","embeddable":true,"href":"https:\/\/hookelab.com\/fr\/wp-json\/wp\/v2\/product_brand?post=40904"},{"taxonomy":"product_cat","embeddable":true,"href":"https:\/\/hookelab.com\/fr\/wp-json\/wp\/v2\/product_cat?post=40904"},{"taxonomy":"product_tag","embeddable":true,"href":"https:\/\/hookelab.com\/fr\/wp-json\/wp\/v2\/product_tag?post=40904"}],"curies":[{"name":"wp","href":"https:\/\/api.w.org\/{rel}","templated":true}]}}