{"id":40879,"date":"2025-03-08T10:36:30","date_gmt":"2025-03-08T10:36:30","guid":{"rendered":"https:\/\/hookelab.com\/product\/cuvette-a-fenetre-macro-en-quartz-1mm-1-7ml-2-fenetres-poudre-frittee\/"},"modified":"2025-03-08T10:36:30","modified_gmt":"2025-03-08T10:36:30","slug":"cuvette-a-fenetre-macro-en-quartz-1mm-1-7ml-2-fenetres-poudre-frittee","status":"publish","type":"product","link":"https:\/\/hookelab.com\/fr\/produit\/cuvette-a-fenetre-macro-en-quartz-1mm-1-7ml-2-fenetres-poudre-frittee\/","title":{"rendered":"Cuvette \u00e0 fen\u00eatre macro en quartz, 1mm, 1.7ml, 2 fen\u00eatres, poudre fritt\u00e9e"},"content":{"rendered":"\t\t\t<link rel=\"stylesheet\" id=\"elementor-post-47610-css\" href=\"https:\/\/hookelab.com\/wp-content\/uploads\/elementor\/css\/post-47610.css?ver=1776306272\" type=\"text\/css\" media=\"all\">\r\n\t\t\t\t\t<div data-elementor-type=\"wp-post\" data-elementor-id=\"47610\" class=\"elementor elementor-47610 elementor-30634\">\n\t\t\t\t<div class=\"wd-negative-gap elementor-element elementor-element-212cd0f e-grid e-con-boxed e-con e-parent\" data-id=\"212cd0f\" data-element_type=\"container\" data-e-type=\"container\">\n\t\t\t\t\t<div class=\"e-con-inner\">\n\t\t\t\t<div class=\"elementor-element elementor-element-14dd597 elementor-widget elementor-widget-wd_text_block\" data-id=\"14dd597\" data-element_type=\"widget\" data-e-type=\"widget\" data-widget_type=\"wd_text_block.default\">\n\t\t\t\t<div class=\"elementor-widget-container\">\n\t\t\t\t\t\t\t<div class=\"wd-text-block reset-last-child text-left\">\r\n\t\t\t\r\n\t\t\t<h2>D\u00e9tails<\/h2><ul><li>Mat\u00e9riau : JGS-1 Quartz UV<\/li><li>Volume : 1,7 ml<\/li><li>D\u00e9gag\u00e9 Fen\u00eatres : 2 fen\u00eatres<\/li><li>Longueur du trajet de la lumi\u00e8re : 1 mm<\/li><li>\u00c9paisseur de la paroi : 1,25 mm<\/li><li>Type d'assemblage : Poudre fritt\u00e9e<\/li><li>Gamme de transmission : 200-2500 nm<\/li><li>Transmission de la lumi\u00e8re : &gt;80%<\/li><li>Erreur de performance optique de la surface de transmission : \u22640,3%.<\/li><li>Le paquet comprend : 1 pi\u00e8ce\/paquet<\/li><\/ul><p>La cuvette de frittage de poudre peut supporter une temp\u00e9rature de 600\u2103, r\u00e9sister \u00e0 la plupart des solutions acides, alcalines et organiques.<\/p><p>Veuillez nous contacter pour des options personnalis\u00e9es si vous avez besoin de cellules avec un processus de production coll\u00e9 ou OCB.<\/p>\r\n\t\t\t\t\t<\/div>\r\n\t\t\t\t\t\t<\/div>\n\t\t\t\t<\/div>\n\t\t\t\t<div class=\"elementor-element elementor-element-67cc5cc elementor-widget elementor-widget-wd_image_or_svg\" data-id=\"67cc5cc\" data-element_type=\"widget\" data-e-type=\"widget\" data-widget_type=\"wd_image_or_svg.default\">\n\t\t\t\t<div class=\"elementor-widget-container\">\n\t\t\t\t\t\r\n\t\t<div class=\"wd-image text-left\">\r\n\t\t\t\t\t\t\t\t<img fetchpriority=\"high\" decoding=\"async\" width=\"800\" height=\"914\" src=\"https:\/\/hookelab.com\/wp-content\/uploads\/2025\/03\/Quartz-Macro-Window-Cuvette-1mm-2-Windows-OCB03.jpg\" class=\"attachment-full size-full\" alt=\"Quartz-Macro-Window-Cuvette,-1mm-2-Windows,-OCB03\" srcset=\"https:\/\/hookelab.com\/wp-content\/uploads\/2025\/03\/Quartz-Macro-Window-Cuvette-1mm-2-Windows-OCB03.jpg 800w, https:\/\/hookelab.com\/wp-content\/uploads\/2025\/03\/Quartz-Macro-Window-Cuvette-1mm-2-Windows-OCB03-263x300.jpg 263w, https:\/\/hookelab.com\/wp-content\/uploads\/2025\/03\/Quartz-Macro-Window-Cuvette-1mm-2-Windows-OCB03-700x800.jpg 700w, https:\/\/hookelab.com\/wp-content\/uploads\/2025\/03\/Quartz-Macro-Window-Cuvette-1mm-2-Windows-OCB03-768x877.jpg 768w, https:\/\/hookelab.com\/wp-content\/uploads\/2025\/03\/Quartz-Macro-Window-Cuvette-1mm-2-Windows-OCB03-430x491.jpg 430w, https:\/\/hookelab.com\/wp-content\/uploads\/2025\/03\/Quartz-Macro-Window-Cuvette-1mm-2-Windows-OCB03-150x171.jpg 150w\" sizes=\"(max-width: 800px) 100vw, 800px\" \/>\t\t\t\t\t<\/div>\r\n\r\n\t\t\t\t\t\t<\/div>\n\t\t\t\t<\/div>\n\t\t\t\t<div class=\"elementor-element elementor-element-cbad90b elementor-widget elementor-widget-wd_image_or_svg\" data-id=\"cbad90b\" data-element_type=\"widget\" data-e-type=\"widget\" data-widget_type=\"wd_image_or_svg.default\">\n\t\t\t\t<div class=\"elementor-widget-container\">\n\t\t\t\t\t\r\n\t\t<div class=\"wd-image text-left\">\r\n\t\t\t\t\t\t\t\t<img decoding=\"async\" width=\"558\" height=\"638\" src=\"https:\/\/hookelab.com\/wp-content\/uploads\/2025\/03\/Quartz-Macro-Window-Cuvette-1mm-2-Windows-OCB05.jpg\" class=\"attachment-full size-full\" alt=\"Quartz-Macro-Window-Cuvette,-1mm-2-Windows,-OCB05\" srcset=\"https:\/\/hookelab.com\/wp-content\/uploads\/2025\/03\/Quartz-Macro-Window-Cuvette-1mm-2-Windows-OCB05.jpg 558w, https:\/\/hookelab.com\/wp-content\/uploads\/2025\/03\/Quartz-Macro-Window-Cuvette-1mm-2-Windows-OCB05-262x300.jpg 262w, https:\/\/hookelab.com\/wp-content\/uploads\/2025\/03\/Quartz-Macro-Window-Cuvette-1mm-2-Windows-OCB05-430x492.jpg 430w, https:\/\/hookelab.com\/wp-content\/uploads\/2025\/03\/Quartz-Macro-Window-Cuvette-1mm-2-Windows-OCB05-150x172.jpg 150w\" sizes=\"(max-width: 558px) 100vw, 558px\" \/>\t\t\t\t\t<\/div>\r\n\r\n\t\t\t\t\t\t<\/div>\n\t\t\t\t<\/div>\n\t\t\t\t\t<\/div>\n\t\t\t\t<\/div>\n\t\t\t\t<\/div>\n\t\t\n","protected":false},"excerpt":{"rendered":"","protected":false},"featured_media":30626,"comment_status":"open","ping_status":"closed","template":"","meta":[],"product_brand":[],"product_cat":[1402,1399,1400,1351,1396],"product_tag":[],"class_list":{"0":"post-40879","1":"product","2":"type-product","3":"status-publish","4":"has-post-thumbnail","6":"product_cat-cuvettes-a-fenetre-macro","7":"product_cat-cuvettes-de-spectrophotometre","8":"product_cat-cuvettes-en-quartz-uv-vis-200-2500nm","9":"product_cat-cuvettes-et-cellules","10":"product_cat-micro-cuvettes","12":"first","13":"instock","14":"shipping-taxable","15":"purchasable","16":"product-type-simple"},"_links":{"self":[{"href":"https:\/\/hookelab.com\/fr\/wp-json\/wp\/v2\/product\/40879","targetHints":{"allow":["GET"]}}],"collection":[{"href":"https:\/\/hookelab.com\/fr\/wp-json\/wp\/v2\/product"}],"about":[{"href":"https:\/\/hookelab.com\/fr\/wp-json\/wp\/v2\/types\/product"}],"replies":[{"embeddable":true,"href":"https:\/\/hookelab.com\/fr\/wp-json\/wp\/v2\/comments?post=40879"}],"version-history":[{"count":0,"href":"https:\/\/hookelab.com\/fr\/wp-json\/wp\/v2\/product\/40879\/revisions"}],"wp:featuredmedia":[{"embeddable":true,"href":"https:\/\/hookelab.com\/fr\/wp-json\/wp\/v2\/media\/30626"}],"wp:attachment":[{"href":"https:\/\/hookelab.com\/fr\/wp-json\/wp\/v2\/media?parent=40879"}],"wp:term":[{"taxonomy":"product_brand","embeddable":true,"href":"https:\/\/hookelab.com\/fr\/wp-json\/wp\/v2\/product_brand?post=40879"},{"taxonomy":"product_cat","embeddable":true,"href":"https:\/\/hookelab.com\/fr\/wp-json\/wp\/v2\/product_cat?post=40879"},{"taxonomy":"product_tag","embeddable":true,"href":"https:\/\/hookelab.com\/fr\/wp-json\/wp\/v2\/product_tag?post=40879"}],"curies":[{"name":"wp","href":"https:\/\/api.w.org\/{rel}","templated":true}]}}