{"id":40789,"date":"2025-03-06T13:24:37","date_gmt":"2025-03-06T13:24:37","guid":{"rendered":"https:\/\/hookelab.com\/product\/filet-cuvette-a-circulation-quartz-uv-ocb\/"},"modified":"2025-03-06T13:24:37","modified_gmt":"2025-03-06T13:24:37","slug":"filet-cuvette-a-circulation-quartz-uv-ocb","status":"publish","type":"product","link":"https:\/\/hookelab.com\/fr\/produit\/filet-cuvette-a-circulation-quartz-uv-ocb\/","title":{"rendered":"Filet Cuvette \u00e0 circulation, quartz UV, OCB"},"content":{"rendered":"\t\t\t<link rel=\"stylesheet\" id=\"elementor-post-47564-css\" href=\"https:\/\/hookelab.com\/wp-content\/uploads\/elementor\/css\/post-47564.css?ver=1776446089\" type=\"text\/css\" media=\"all\">\r\n\t\t\t\t\t<div data-elementor-type=\"wp-post\" data-elementor-id=\"47564\" class=\"elementor elementor-47564 elementor-30551\">\n\t\t\t\t<div class=\"wd-negative-gap elementor-element elementor-element-212cd0f e-grid e-con-boxed e-con e-parent\" data-id=\"212cd0f\" data-element_type=\"container\" data-e-type=\"container\">\n\t\t\t\t\t<div class=\"e-con-inner\">\n\t\t\t\t<div class=\"elementor-element elementor-element-14dd597 elementor-widget elementor-widget-wd_text_block\" data-id=\"14dd597\" data-element_type=\"widget\" data-e-type=\"widget\" data-widget_type=\"wd_text_block.default\">\n\t\t\t\t<div class=\"elementor-widget-container\">\n\t\t\t\t\t\t\t<div class=\"wd-text-block reset-last-child text-left\">\r\n\t\t\t\r\n\t\t\t<h2>D\u00e9tails<\/h2><ul><li>Mat\u00e9riau : JGS-1 Quartz UV<\/li><li>Volume: 350ul\/160ul\/1200ul\/800ul\/3.5ml<\/li><li>D\u00e9gag\u00e9 Fen\u00eatres : 2\/4 Fen\u00eatres<\/li><li>Longueur du trajet de la lumi\u00e8re : 1mm\/5mm\/10mm<\/li><li>Type d'assemblage : Collage par contact optique (OCB)<\/li><li>Gamme de transmission : 200-2500 nm<\/li><li>Erreur de performance optique de la surface de transmission : \u22640,3%.<\/li><li>Le paquet comprend : 1 pi\u00e8ce\/paquet<\/li><\/ul><p>La cuvette OCB r\u00e9siste aux temp\u00e9ratures \u00e9lev\u00e9es, aux acides et aux alcalis, ainsi qu'aux solvants organiques.<\/p><p>En g\u00e9n\u00e9ral, nous utilisons par d\u00e9faut des joints en silicone, mais nous proposons \u00e9galement des joints en PTFE. Ces derniers ont une meilleure r\u00e9sistance \u00e0 la corrosion, mais l'\u00e9tanch\u00e9it\u00e9 est l\u00e9g\u00e8rement moins bonne que les premiers.<\/p>\r\n\t\t\t\t\t<\/div>\r\n\t\t\t\t\t\t<\/div>\n\t\t\t\t<\/div>\n\t\t\t\t<div class=\"elementor-element elementor-element-67cc5cc elementor-widget elementor-widget-wd_image_or_svg\" data-id=\"67cc5cc\" data-element_type=\"widget\" data-e-type=\"widget\" data-widget_type=\"wd_image_or_svg.default\">\n\t\t\t\t<div class=\"elementor-widget-container\">\n\t\t\t\t\t\r\n\t\t<div class=\"wd-image text-left\">\r\n\t\t\t\t\t\t\t\t<img fetchpriority=\"high\" decoding=\"async\" width=\"800\" height=\"914\" src=\"https:\/\/hookelab.com\/wp-content\/uploads\/2025\/03\/Thread-Flow-through-Cuvette-UV-Quartz-OCB07.jpg\" class=\"attachment-full size-full\" alt=\"\" srcset=\"https:\/\/hookelab.com\/wp-content\/uploads\/2025\/03\/Thread-Flow-through-Cuvette-UV-Quartz-OCB07.jpg 800w, https:\/\/hookelab.com\/wp-content\/uploads\/2025\/03\/Thread-Flow-through-Cuvette-UV-Quartz-OCB07-263x300.jpg 263w, https:\/\/hookelab.com\/wp-content\/uploads\/2025\/03\/Thread-Flow-through-Cuvette-UV-Quartz-OCB07-700x800.jpg 700w, https:\/\/hookelab.com\/wp-content\/uploads\/2025\/03\/Thread-Flow-through-Cuvette-UV-Quartz-OCB07-768x877.jpg 768w, https:\/\/hookelab.com\/wp-content\/uploads\/2025\/03\/Thread-Flow-through-Cuvette-UV-Quartz-OCB07-430x491.jpg 430w, https:\/\/hookelab.com\/wp-content\/uploads\/2025\/03\/Thread-Flow-through-Cuvette-UV-Quartz-OCB07-150x171.jpg 150w\" sizes=\"(max-width: 800px) 100vw, 800px\" \/>\t\t\t\t\t<\/div>\r\n\r\n\t\t\t\t\t\t<\/div>\n\t\t\t\t<\/div>\n\t\t\t\t<div class=\"elementor-element elementor-element-cbad90b elementor-widget elementor-widget-wd_image_or_svg\" data-id=\"cbad90b\" data-element_type=\"widget\" data-e-type=\"widget\" data-widget_type=\"wd_image_or_svg.default\">\n\t\t\t\t<div class=\"elementor-widget-container\">\n\t\t\t\t\t\r\n\t\t<div class=\"wd-image text-left\">\r\n\t\t\t\t\t\t\t\t<img decoding=\"async\" width=\"679\" height=\"776\" src=\"https:\/\/hookelab.com\/wp-content\/uploads\/2025\/03\/Thread-Flow-through-Cuvette-UV-Quartz-OCB06.jpg\" class=\"attachment-full size-full\" alt=\"\" srcset=\"https:\/\/hookelab.com\/wp-content\/uploads\/2025\/03\/Thread-Flow-through-Cuvette-UV-Quartz-OCB06.jpg 679w, https:\/\/hookelab.com\/wp-content\/uploads\/2025\/03\/Thread-Flow-through-Cuvette-UV-Quartz-OCB06-263x300.jpg 263w, https:\/\/hookelab.com\/wp-content\/uploads\/2025\/03\/Thread-Flow-through-Cuvette-UV-Quartz-OCB06-430x491.jpg 430w, https:\/\/hookelab.com\/wp-content\/uploads\/2025\/03\/Thread-Flow-through-Cuvette-UV-Quartz-OCB06-150x171.jpg 150w\" sizes=\"(max-width: 679px) 100vw, 679px\" \/>\t\t\t\t\t<\/div>\r\n\r\n\t\t\t\t\t\t<\/div>\n\t\t\t\t<\/div>\n\t\t\t\t\t<\/div>\n\t\t\t\t<\/div>\n\t\t\t\t<\/div>\n\t\t\n","protected":false},"excerpt":{"rendered":"<p>La cuvette OCB avec bouchon \u00e0 vis en PTFE est enti\u00e8rement scell\u00e9e et convient aux exp\u00e9riences en ana\u00e9robiose.<\/p>\n","protected":false},"featured_media":30564,"comment_status":"open","ping_status":"closed","template":"","meta":[],"product_brand":[],"product_cat":[1411,1401,1432,1422,1410,1399,1412,1400,1351,1431,1423],"product_tag":[],"class_list":{"0":"post-40789","1":"product","2":"type-product","3":"status-publish","4":"has-post-thumbnail","6":"product_cat-cuvettes-a-circulation-2","7":"product_cat-cuvettes-a-circulation","8":"product_cat-cuvettes-avec-bouchon-a-vis-2","9":"product_cat-cuvettes-avec-bouchon-a-vis","10":"product_cat-cuvettes-de-fluorimetre","11":"product_cat-cuvettes-de-spectrophotometre","12":"product_cat-cuvettes-en-quartz-uv-vis-200-2500nm-2","13":"product_cat-cuvettes-en-quartz-uv-vis-200-2500nm","14":"product_cat-cuvettes-et-cellules","15":"product_cat-cuvettes-etanches-2","16":"product_cat-cuvettes-etanches","18":"first","19":"instock","20":"shipping-taxable","21":"purchasable","22":"product-type-variable"},"_links":{"self":[{"href":"https:\/\/hookelab.com\/fr\/wp-json\/wp\/v2\/product\/40789","targetHints":{"allow":["GET"]}}],"collection":[{"href":"https:\/\/hookelab.com\/fr\/wp-json\/wp\/v2\/product"}],"about":[{"href":"https:\/\/hookelab.com\/fr\/wp-json\/wp\/v2\/types\/product"}],"replies":[{"embeddable":true,"href":"https:\/\/hookelab.com\/fr\/wp-json\/wp\/v2\/comments?post=40789"}],"version-history":[{"count":0,"href":"https:\/\/hookelab.com\/fr\/wp-json\/wp\/v2\/product\/40789\/revisions"}],"wp:featuredmedia":[{"embeddable":true,"href":"https:\/\/hookelab.com\/fr\/wp-json\/wp\/v2\/media\/30564"}],"wp:attachment":[{"href":"https:\/\/hookelab.com\/fr\/wp-json\/wp\/v2\/media?parent=40789"}],"wp:term":[{"taxonomy":"product_brand","embeddable":true,"href":"https:\/\/hookelab.com\/fr\/wp-json\/wp\/v2\/product_brand?post=40789"},{"taxonomy":"product_cat","embeddable":true,"href":"https:\/\/hookelab.com\/fr\/wp-json\/wp\/v2\/product_cat?post=40789"},{"taxonomy":"product_tag","embeddable":true,"href":"https:\/\/hookelab.com\/fr\/wp-json\/wp\/v2\/product_tag?post=40789"}],"curies":[{"name":"wp","href":"https:\/\/api.w.org\/{rel}","templated":true}]}}